{"id":989,"date":"2016-04-25T11:06:32","date_gmt":"2016-04-25T11:06:32","guid":{"rendered":"http:\/\/lignoplan.com\/wordpress_d\/?page_id=989"},"modified":"2024-01-23T21:34:44","modified_gmt":"2024-01-23T21:34:44","slug":"impressum-2","status":"publish","type":"page","link":"https:\/\/lignoplan.com\/wordpress_9\/impressum-2\/","title":{"rendered":"Impressum"},"content":{"rendered":"<div id=\"pl-989\"  class=\"panel-layout\" ><div id=\"pg-989-0\"  class=\"panel-grid panel-no-style\" ><div id=\"pgc-989-0-0\"  class=\"panel-grid-cell\" ><div id=\"panel-989-0-0-0\" class=\"so-panel widget widget_bvg-block panel-first-child panel-last-child\" data-index=\"0\" ><div\n\t\t\t\n\t\t\tclass=\"so-widget-bvg-block so-widget-bvg-block-base\"\n\t\t\t\n\t\t>\n\n<div class=\"siteorigin-widget-tinymce textwidget\">\n\t<div class=\"bvg_block \" id=\"\">\n\n\t\t<h1><\/h1>\n\n\t\t<h3><\/h3>\n\n\t\t<p>Badmintonverein Gro\u00dfauheim-Goldbach\/Laufach e.V.<br \/>\nHauptstra\u00dfe 5<br \/>\nD-63768 H\u00f6sbach<\/p>\n<p>Inhaltlich Verantwortlicher gem\u00e4\u00df \u00a7 10 Absatz 3 MDStV: Hans-Peter Schmitt<\/p>\n<p>Wir weisen darauf hin, dass der Badmintonverein Grossauheim-Goldbach\/Laufach e.V.  f\u00fcr Gestaltung und Inhalt von Internet-Seiten anderer Anbieter nicht verantwortlich ist. Wir distanzieren uns ausdr\u00fccklich von den Inhalten aller gelinkten Seiten auf dieser gesamten Website inkl. aller Unterseiten. Diese Erkl\u00e4rung gilt auch f\u00fcr ausgebrachte gestaltete Banner, sowie aller Inhalte der Seiten, zu denen diese Banner f\u00fchren.<\/p>\n<p><strong>Geltungsbereich<\/strong><\/p>\n<p>Diese Datenschutzerkl\u00e4rung kl\u00e4rt Nutzer \u00fcber die Art, den Umfang und Zwecke der Erhebung und Verwendung personenbezogener Daten durch den verantwortlichen Anbieter Hans-Peter Schmitt auf dieser Website (im folgenden \u201cAngebot\u201d) auf.<\/p>\n<p>Die rechtlichen Grundlagen des Datenschutzes finden sich im Bundesdatenschutzgesetz (BDSG) und dem Telemediengesetz (TMG).<\/p>\n<p><strong>Kommentare und Beitr\u00e4ge<\/strong><\/p>\n<p>    <span class=\"sd-muster-content\">Wenn Nutzer Kommentare im Blog oder sonstige Beitr\u00e4ge hinterlassen, werden ihre IP-Adressen gespeichert. Das erfolgt zur Sicherheit des Anbieters, falls jemand in Kommentaren und Beitr\u00e4gen widerrechtliche Inhalte schreibt (Beleidigungen, verbotene politische Propaganda, etc.). In diesem Fall kann der Anbieter selbst f\u00fcr den Kommentar oder Beitrag belangt werden und ist daher an der Identit\u00e4t des Verfassers interessiert.<br \/>\n    <\/span><\/p>\n<p><strong>Einbindung von Diensten und Inhalten Dritter<\/strong><\/p>\n<p>    <span class=\"sd-muster-content\">Es kann vorkommen, dass innerhalb dieses Onlineangebotes Inhalte Dritter, wie zum Beispiel Videos von YouTube, Kartenmaterial von Google-Maps, RSS-Feeds oder Grafiken von anderen Webseiten eingebunden werden. Dies setzt immer voraus, dass die Anbieter dieser Inhalte (nachfolgend bezeichnet als \"Dritt-Anbieter\") die IP-Adresse der Nutzer wahr nehmen. Denn ohne die IP-Adresse, k\u00f6nnten sie die Inhalte nicht an den Browser des jeweiligen Nutzers senden. Die IP-Adresse ist damit f\u00fcr die Darstellung dieser Inhalte erforderlich. Wir bem\u00fchen uns nur solche Inhalte zu verwenden, deren jeweilige Anbieter die IP-Adresse lediglich zur Auslieferung der Inhalte verwenden. Jedoch  haben wir keinen Einfluss darauf, falls die Dritt-Anbieter die IP-Adresse z.B. f\u00fcr statistische Zwecke speichern. Soweit dies uns bekannt ist, kl\u00e4ren wir die Nutzer dar\u00fcber auf.<\/p>\n<p>    <\/span><\/p>\n<p><strong>Widerruf, \u00c4nderungen, Berichtigungen und Aktualisierungen<\/strong><\/p>\n<p>Der Nutzer hat das Recht, auf Antrag unentgeltlich Auskunft zu erhalten \u00fcber die personenbezogenen Daten, die \u00fcber ihn gespeichert wurden. Zus\u00e4tzlich hat der Nutzer das Recht auf Berichtigung unrichtiger Daten, Sperrung und L\u00f6schung seiner personenbezogenen Daten, soweit dem keine gesetzliche Aufbewahrungspflicht entgegensteht.<\/p>\n\t<\/div>\n<\/div>\n<\/div><\/div><\/div><\/div><\/div>","protected":false},"excerpt":{"rendered":"<p>Badmintonverein Gro\u00dfauheim-Goldbach\/Laufach e.V. Hauptstra\u00dfe 5 D-63768 H\u00f6sbach Inhaltlich Verantwortlicher gem\u00e4\u00df \u00a7 10 Absatz 3 MDStV: Hans-Peter Schmitt Wir weisen darauf hin, dass der Badmintonverein Grossauheim-Goldbach\/Laufach e.V. f\u00fcr Gestaltung und Inhalt von Internet-Seiten anderer Anbieter nicht verantwortlich ist. Wir distanzieren uns ausdr\u00fccklich von den Inhalten aller gelinkten Seiten auf dieser gesamten Website inkl. aller Unterseiten. Diese [&hellip;]<\/p>\n","protected":false},"author":13,"featured_media":0,"parent":0,"menu_order":0,"comment_status":"closed","ping_status":"closed","template":"","meta":{"_acf_changed":false,"_monsterinsights_skip_tracking":false,"_monsterinsights_sitenote_active":false,"_monsterinsights_sitenote_note":"","_monsterinsights_sitenote_category":0,"ngg_post_thumbnail":0,"footnotes":""},"class_list":["post-989","page","type-page","status-publish","hentry","post"],"acf":[],"_links":{"self":[{"href":"https:\/\/lignoplan.com\/wordpress_9\/wp-json\/wp\/v2\/pages\/989","targetHints":{"allow":["GET"]}}],"collection":[{"href":"https:\/\/lignoplan.com\/wordpress_9\/wp-json\/wp\/v2\/pages"}],"about":[{"href":"https:\/\/lignoplan.com\/wordpress_9\/wp-json\/wp\/v2\/types\/page"}],"author":[{"embeddable":true,"href":"https:\/\/lignoplan.com\/wordpress_9\/wp-json\/wp\/v2\/users\/13"}],"replies":[{"embeddable":true,"href":"https:\/\/lignoplan.com\/wordpress_9\/wp-json\/wp\/v2\/comments?post=989"}],"version-history":[{"count":4,"href":"https:\/\/lignoplan.com\/wordpress_9\/wp-json\/wp\/v2\/pages\/989\/revisions"}],"predecessor-version":[{"id":8201,"href":"https:\/\/lignoplan.com\/wordpress_9\/wp-json\/wp\/v2\/pages\/989\/revisions\/8201"}],"wp:attachment":[{"href":"https:\/\/lignoplan.com\/wordpress_9\/wp-json\/wp\/v2\/media?parent=989"}],"curies":[{"name":"wp","href":"https:\/\/api.w.org\/{rel}","templated":true}]}}