{"id":967,"date":"2016-04-25T10:58:28","date_gmt":"2016-04-25T10:58:28","guid":{"rendered":"http:\/\/lignoplan.com\/wordpress_d\/?page_id=967"},"modified":"2016-04-25T11:13:27","modified_gmt":"2016-04-25T11:13:27","slug":"turniere-2","status":"publish","type":"page","link":"https:\/\/lignoplan.com\/wordpress_9\/turniere-2\/","title":{"rendered":"Turniere"},"content":{"rendered":"<div id=\"pl-967\"  class=\"panel-layout\" ><div id=\"pg-967-0\"  class=\"panel-grid panel-no-style\" ><div id=\"pgc-967-0-0\"  class=\"panel-grid-cell\" ><div id=\"panel-967-0-0-0\" class=\"so-panel widget widget_text panel-first-child\" data-index=\"0\" >\t\t\t<div class=\"textwidget\"><div class=\"bvg_block\">\n    <br \/>\n    <a href=\"http:\/\/lignoplan.com\/wordpress_d\/bvg-medien\/\">Bilder und Videos auf unserer Medien Seite zu sehen<\/a>\n    <br \/><br \/>\n<\/div><\/div>\n\t\t<\/div><div id=\"panel-967-0-0-1\" class=\"so-panel widget widget_category-posts cat-post-widget panel-last-child\" data-index=\"1\" ><div id=\"mannschaft_berichte\"><ul>\n\n\t\t\t\t<li class='cat-post-item' >\n\t\t\t\t\t\n\t\t\t\t\t\t\t\t\t\t\t<a class=\"post-title  cat-post-title\" \n\t\t\t\t\t\t\thref=\"https:\/\/lignoplan.com\/wordpress_9\/2-podestplaetze-auf-der-bezirks-e-rangliste-in-neu-isenburg\/\" rel=\"bookmark\">2 Podestpl\u00e4tze auf der Bezirks E-Rangliste in Neu-Isenburg\t\t\t\t\t\t<\/a>\n\t\t\t\t\t\t\t\t\t\t\t\t\t\t\t\t\t<p class=\"post-date cat-post-date\">\t\t\t\t\t\t\n\t\t\t\t\t\tPubliziert den\n                         <a href=\"https:\/\/lignoplan.com\/wordpress_9\/2-podestplaetze-auf-der-bezirks-e-rangliste-in-neu-isenburg\/\">\t\t\t\t\t\t\t12 Mai 2026\t\t\t\t\t\t<\/a>\t\t\t\t\t\t<\/p>\n\t\t\t\t\t\t\t\t\t\t\t<p class=\"post-author cat-post-author\">\n\t\t\t\t\t\t\tvon\n                            <a href=\"https:\/\/lignoplan.com\/wordpress_9\/author\/mk\/\" title=\"Beitr\u00e4ge von Martin K\u00f6hler\" rel=\"author\">Martin K\u00f6hler<\/a>\t\t\t\t\t\t<\/p>\n\t\t\t\t\t<p>Parallel zur C-RLT in Hofheim waren noch einige BVG-Spieler auf der E-Rangliste in Neu-Isenburg am Start und holten einige gute Platzierungen in fast allen Altersklassen. Den Auftakt machte unser j\u00fcngster Spieler Linus Zang in der Altersklasse U11, der sich bis ins Halbfinale spielte. Dort unterlag er dem Seriensieger Mossbeck in zwei S\u00e4tzen. Im Duell um [&hellip;]<\/p>\n\t\t\t\t<\/li>\n\t\t\t\t\n\t\t\t\t<li class='cat-post-item' >\n\t\t\t\t\t\n\t\t\t\t\t\t\t\t\t\t\t<a class=\"post-title  cat-post-title\" \n\t\t\t\t\t\t\thref=\"https:\/\/lignoplan.com\/wordpress_9\/turniersieg-fuer-nora-lihl-auf-der-d-rangliste-in-hanau\/\" rel=\"bookmark\">Turniersieg f\u00fcr Nora Lihl auf der D-Rangliste in Hanau\t\t\t\t\t\t<\/a>\n\t\t\t\t\t\t\t\t\t\t\t\t\t\t\t\t\t<p class=\"post-date cat-post-date\">\t\t\t\t\t\t\n\t\t\t\t\t\tPubliziert den\n                         <a href=\"https:\/\/lignoplan.com\/wordpress_9\/turniersieg-fuer-nora-lihl-auf-der-d-rangliste-in-hanau\/\">\t\t\t\t\t\t\t5 Mai 2026\t\t\t\t\t\t<\/a>\t\t\t\t\t\t<\/p>\n\t\t\t\t\t\t\t\t\t\t\t<p class=\"post-author cat-post-author\">\n\t\t\t\t\t\t\tvon\n                            <a href=\"https:\/\/lignoplan.com\/wordpress_9\/author\/mk\/\" title=\"Beitr\u00e4ge von Martin K\u00f6hler\" rel=\"author\">Martin K\u00f6hler<\/a>\t\t\t\t\t\t<\/p>\n\t\t\t\t\t<p>Auf der parallel stattfindenden D-Rangliste des Bezirkes Frankfurt in Hanau gingen eher die \u00e4lteren Altersklassen der BVG in Hanau an den Start. Altersklasse U15: Einzige Vertreterin im M\u00e4dcheneinzel U15 war dabei Mathilda Pfarr. In einer 4er Gruppe musste sie zum Auftakt eine knappe 21:15 \/ 17:21 \/ 19:21-Niederlage gegen die Offenbacherin Sch\u00fctzhofer hinnehmen. Leider verlor [&hellip;]<\/p>\n\t\t\t\t<\/li>\n\t\t\t\t\n\t\t\t\t<li class='cat-post-item' >\n\t\t\t\t\t\n\t\t\t\t\t\t\t\t\t\t\t<a class=\"post-title  cat-post-title\" \n\t\t\t\t\t\t\thref=\"https:\/\/lignoplan.com\/wordpress_9\/zwei-treppchenplaetze-auf-der-e-rangliste-in-michelbach\/\" rel=\"bookmark\">Zwei Treppchenpl\u00e4tze auf der E-Rangliste in Michelbach\t\t\t\t\t\t<\/a>\n\t\t\t\t\t\t\t\t\t\t\t\t\t\t\t\t\t<p class=\"post-date cat-post-date\">\t\t\t\t\t\t\n\t\t\t\t\t\tPubliziert den\n                         <a href=\"https:\/\/lignoplan.com\/wordpress_9\/zwei-treppchenplaetze-auf-der-e-rangliste-in-michelbach\/\">\t\t\t\t\t\t\t5 Mai 2026\t\t\t\t\t\t<\/a>\t\t\t\t\t\t<\/p>\n\t\t\t\t\t\t\t\t\t\t\t<p class=\"post-author cat-post-author\">\n\t\t\t\t\t\t\tvon\n                            <a href=\"https:\/\/lignoplan.com\/wordpress_9\/author\/mk\/\" title=\"Beitr\u00e4ge von Martin K\u00f6hler\" rel=\"author\">Martin K\u00f6hler<\/a>\t\t\t\t\t\t<\/p>\n\t\t\t\t\t<p>Auf der Bayerischen-E-Rangliste in Michelbach war die BVG ausschlie\u00dflich in den Sch\u00fclerklassen vertreten und holte dabei drei Pl\u00e4tze auf dem Siegerpodest. Leider konnte bei den M\u00e4dchen U11 Lina Cai nicht an den Start gehen, denn sie war das einzige gemeldete M\u00e4dchen, so dass dieser Wettbewerb abgesagt wurde. Altersklasse U11: Im Jungeneinzel erreichte Linus Zang mit [&hellip;]<\/p>\n\t\t\t\t<\/li>\n\t\t\t\t\n\t\t\t\t<li class='cat-post-item' >\n\t\t\t\t\t\n\t\t\t\t\t\t\t\t\t\t\t<a class=\"post-title  cat-post-title\" \n\t\t\t\t\t\t\thref=\"https:\/\/lignoplan.com\/wordpress_9\/bvg-jugend-mit-guten-plaetzen-auf-der-d-rangliste-in-messel\/\" rel=\"bookmark\">BVG-Jugend mit guten Pl\u00e4tzen auf der D-Rangliste in Messel\t\t\t\t\t\t<\/a>\n\t\t\t\t\t\t\t\t\t\t\t\t\t\t\t\t\t<p class=\"post-date cat-post-date\">\t\t\t\t\t\t\n\t\t\t\t\t\tPubliziert den\n                         <a href=\"https:\/\/lignoplan.com\/wordpress_9\/bvg-jugend-mit-guten-plaetzen-auf-der-d-rangliste-in-messel\/\">\t\t\t\t\t\t\t22 Apr. 2026\t\t\t\t\t\t<\/a>\t\t\t\t\t\t<\/p>\n\t\t\t\t\t\t\t\t\t\t\t<p class=\"post-author cat-post-author\">\n\t\t\t\t\t\t\tvon\n                            <a href=\"https:\/\/lignoplan.com\/wordpress_9\/author\/mk\/\" title=\"Beitr\u00e4ge von Martin K\u00f6hler\" rel=\"author\">Martin K\u00f6hler<\/a>\t\t\t\t\t\t<\/p>\n\t\t\t\t\t<p>Auf der 2. Bezirks-D-Rangliste des Bezirkes Darmstadt waren f\u00fcnf Teilnehmer der BVG dabei. Bis auf Mathilda Pfarr meldeten alle BVG\u2018ler eine Altersklasse h\u00f6her. Altersklasse U15: M\u00e4dcheneinzel Platz 5: \u00a0\u00a0\u00a0\u00a0\u00a0\u00a0\u00a0\u00a0\u00a0\u00a0\u00a0\u00a0\u00a0\u00a0\u00a0 Mathilda Pfarr Leider gingen im M\u00e4dcheneinzel U15 nur 6 Spielerinnen an den Start. Mathilda musste in den Gruppenspielen zwei Niederlagen hinnehmen. Im Duell um Platz f\u00fcnf [&hellip;]<\/p>\n\t\t\t\t<\/li>\n\t\t\t\t\n\t\t\t\t<li class='cat-post-item' >\n\t\t\t\t\t\n\t\t\t\t\t\t\t\t\t\t\t<a class=\"post-title  cat-post-title\" \n\t\t\t\t\t\t\thref=\"https:\/\/lignoplan.com\/wordpress_9\/platz-5-fuer-nora-lihl-auf-der-rheinhessen-pfalz-rangliste\/\" rel=\"bookmark\">Platz 5 f\u00fcr Nora Lihl auf der Rheinhessen-Pfalz-Rangliste\t\t\t\t\t\t<\/a>\n\t\t\t\t\t\t\t\t\t\t\t\t\t\t\t\t\t<p class=\"post-date cat-post-date\">\t\t\t\t\t\t\n\t\t\t\t\t\tPubliziert den\n                         <a href=\"https:\/\/lignoplan.com\/wordpress_9\/platz-5-fuer-nora-lihl-auf-der-rheinhessen-pfalz-rangliste\/\">\t\t\t\t\t\t\t27 M\u00e4rz 2026\t\t\t\t\t\t<\/a>\t\t\t\t\t\t<\/p>\n\t\t\t\t\t\t\t\t\t\t\t<p class=\"post-author cat-post-author\">\n\t\t\t\t\t\t\tvon\n                            <a href=\"https:\/\/lignoplan.com\/wordpress_9\/author\/mk\/\" title=\"Beitr\u00e4ge von Martin K\u00f6hler\" rel=\"author\">Martin K\u00f6hler<\/a>\t\t\t\t\t\t<\/p>\n\t\t\t\t\t<p>Altersklasse U17: Zum ersten Mal startete Nora Lihl (BVG Goldbach\/Laufach) auf einer Landesrangliste im \u201eNachbar\u201c-Landesverband Rheinhessen-Pfalz. Als U15-Spielerin bekam sie sogar einen Startplatz in der Altersklasse U17, die allerdings gespickt war mit Top-Spielrinnen der S\u00fcdwestdeutschen-U15-Rangliste. Nora konnte ihre Auftaktbegegnung locker mit 21:9 \/ 21:7 gewinnen, unterlag aber im Viertelfinale der Kaderspielerin Anna H\u00f6h mit 9:15 [&hellip;]<\/p>\n\t\t\t\t<\/li>\n\t\t\t\t\n\t\t\t\t<li class='cat-post-item' >\n\t\t\t\t\t\n\t\t\t\t\t\t\t\t\t\t\t<a class=\"post-title  cat-post-title\" \n\t\t\t\t\t\t\thref=\"https:\/\/lignoplan.com\/wordpress_9\/zwei-finalteilnahmen-auf-bezirks-d-rangliste-in-hohenahr-erda\/\" rel=\"bookmark\">Zwei Finalteilnahmen auf Bezirks-D-Rangliste in Hohenahr-Erda\t\t\t\t\t\t<\/a>\n\t\t\t\t\t\t\t\t\t\t\t\t\t\t\t\t\t<p class=\"post-date cat-post-date\">\t\t\t\t\t\t\n\t\t\t\t\t\tPubliziert den\n                         <a href=\"https:\/\/lignoplan.com\/wordpress_9\/zwei-finalteilnahmen-auf-bezirks-d-rangliste-in-hohenahr-erda\/\">\t\t\t\t\t\t\t8 M\u00e4rz 2026\t\t\t\t\t\t<\/a>\t\t\t\t\t\t<\/p>\n\t\t\t\t\t\t\t\t\t\t\t<p class=\"post-author cat-post-author\">\n\t\t\t\t\t\t\tvon\n                            <a href=\"https:\/\/lignoplan.com\/wordpress_9\/author\/mk\/\" title=\"Beitr\u00e4ge von Martin K\u00f6hler\" rel=\"author\">Martin K\u00f6hler<\/a>\t\t\t\t\t\t<\/p>\n\t\t\t\t\t<p>Einige BVG-Spieler:innen starteten noch neben ihren Mannschaftsspielen auf der D-Rangliste des Bezirkes Wetzlar. In Hohenahr-Erda war am Samstag Jamiro Winter der einzige Vertreter in den Sch\u00fclerklassen. Nach der Niederlage in der Startrunde konnte er in der Platzierungsrunde sein erstes Spiel lange offen gestalten. Er unterlag aber am Ende mit 11:21 \/ 21:15 \/ 12:21. In [&hellip;]<\/p>\n\t\t\t\t<\/li>\n\t\t\t\t\n\t\t\t\t<li class='cat-post-item' >\n\t\t\t\t\t\n\t\t\t\t\t\t\t\t\t\t\t<a class=\"post-title  cat-post-title\" \n\t\t\t\t\t\t\thref=\"https:\/\/lignoplan.com\/wordpress_9\/1-d-rangliste-in-laufach\/\" rel=\"bookmark\">1. D-Rangliste in Laufach\t\t\t\t\t\t<\/a>\n\t\t\t\t\t\t\t\t\t\t\t\t\t\t\t\t\t<p class=\"post-date cat-post-date\">\t\t\t\t\t\t\n\t\t\t\t\t\tPubliziert den\n                         <a href=\"https:\/\/lignoplan.com\/wordpress_9\/1-d-rangliste-in-laufach\/\">\t\t\t\t\t\t\t25 Feb. 2026\t\t\t\t\t\t<\/a>\t\t\t\t\t\t<\/p>\n\t\t\t\t\t\t\t\t\t\t\t<p class=\"post-author cat-post-author\">\n\t\t\t\t\t\t\tvon\n                            <a href=\"https:\/\/lignoplan.com\/wordpress_9\/author\/mk\/\" title=\"Beitr\u00e4ge von Martin K\u00f6hler\" rel=\"author\">Martin K\u00f6hler<\/a>\t\t\t\t\t\t<\/p>\n\t\t\t\t\t<p>Drei Wochen nach der ersten E-Rangliste der Saison, richtete die BVG Goldbach\/Laufach auch kurzfristig die erste D-Rangliste des Bezirkes Frankfurt in heimischer Halle des TV Laufach aus. Insgesamt 171 Kinder ermittelten in 236 Spielen an zwei Tagen ihre aktuell Jahrgangsbesten in den 12 Wettkampfgruppen zum Jahresauftakt. Die BVG meldete 11 Spieler\/innen, doch leider reichte f\u00fcr [&hellip;]<\/p>\n\t\t\t\t<\/li>\n\t\t\t\t\n\t\t\t\t<li class='cat-post-item' >\n\t\t\t\t\t\n\t\t\t\t\t\t\t\t\t\t\t<a class=\"post-title  cat-post-title\" \n\t\t\t\t\t\t\thref=\"https:\/\/lignoplan.com\/wordpress_9\/etliche-podestplaetze-beim-start-in-die-e-ranglistenserie\/\" rel=\"bookmark\">Etliche Podestpl\u00e4tze beim Start in die E-Ranglistenserie\t\t\t\t\t\t<\/a>\n\t\t\t\t\t\t\t\t\t\t\t\t\t\t\t\t\t<p class=\"post-date cat-post-date\">\t\t\t\t\t\t\n\t\t\t\t\t\tPubliziert den\n                         <a href=\"https:\/\/lignoplan.com\/wordpress_9\/etliche-podestplaetze-beim-start-in-die-e-ranglistenserie\/\">\t\t\t\t\t\t\t4 Feb. 2026\t\t\t\t\t\t<\/a>\t\t\t\t\t\t<\/p>\n\t\t\t\t\t\t\t\t\t\t\t<p class=\"post-author cat-post-author\">\n\t\t\t\t\t\t\tvon\n                            <a href=\"https:\/\/lignoplan.com\/wordpress_9\/author\/mk\/\" title=\"Beitr\u00e4ge von Martin K\u00f6hler\" rel=\"author\">Martin K\u00f6hler<\/a>\t\t\t\t\t\t<\/p>\n\t\t\t\t\t<p>Volles Haus hatte die BVG auf der heimischen E-Rangliste. Zum Turnierauftakt in die Ranglistensaison 2026 meldeten 123 Kinder f\u00fcr den Punktekampf in der Halle des TV Laufach. Wir haben uns vor allem \u00fcber die Teilnahme von 24 BVG-Kindern gefreut, aber auch \u00fcber die zahlreichen Starter von unterfr\u00e4nkischen Spieler\/innen im \u201eNachbarbezirk\u201c Frankfurt. F\u00fcr die BVG-Starter gab [&hellip;]<\/p>\n\t\t\t\t<\/li>\n\t\t\t\t\n\t\t\t\t<li class='cat-post-item' >\n\t\t\t\t\t\n\t\t\t\t\t\t\t\t\t\t\t<a class=\"post-title  cat-post-title\" \n\t\t\t\t\t\t\thref=\"https:\/\/lignoplan.com\/wordpress_9\/zwei-kranke-auf-der-hessischen-rangliste\/\" rel=\"bookmark\">Zwei Angeschlagene auf der Hessischen Rangliste\t\t\t\t\t\t<\/a>\n\t\t\t\t\t\t\t\t\t\t\t\t\t\t\t\t\t<p class=\"post-date cat-post-date\">\t\t\t\t\t\t\n\t\t\t\t\t\tPubliziert den\n                         <a href=\"https:\/\/lignoplan.com\/wordpress_9\/zwei-kranke-auf-der-hessischen-rangliste\/\">\t\t\t\t\t\t\t4 Feb. 2026\t\t\t\t\t\t<\/a>\t\t\t\t\t\t<\/p>\n\t\t\t\t\t\t\t\t\t\t\t<p class=\"post-author cat-post-author\">\n\t\t\t\t\t\t\tvon\n                            <a href=\"https:\/\/lignoplan.com\/wordpress_9\/author\/mk\/\" title=\"Beitr\u00e4ge von Martin K\u00f6hler\" rel=\"author\">Martin K\u00f6hler<\/a>\t\t\t\t\t\t<\/p>\n\t\t\t\t\t<p>Auf der Hessischen Rangliste in Schwanheim hatte die BVG zwei gesundheitlich etwas angeschlagene Spieler am Start. So startete Maximilian Pfarr bei seiner Premiere auf einer C-Rangliste gut in das Turnier, auch wenn er mit 16:21 \/ 13:21 dem Unterliederbacher Kalkar unterlag. In der Platzierungsrunde traf Max auf den Anay Siram. Der Bensheimer gewann mit 21:11 [&hellip;]<\/p>\n\t\t\t\t<\/li>\n\t\t\t\t\n\t\t\t\t<li class='cat-post-item' >\n\t\t\t\t\t\n\t\t\t\t\t\t\t\t\t\t\t<a class=\"post-title  cat-post-title\" \n\t\t\t\t\t\t\thref=\"https:\/\/lignoplan.com\/wordpress_9\/nora-lihl-auf-der-suedwestdeutschen-rangliste-am-start\/\" rel=\"bookmark\">Nora Lihl auf der S\u00fcdwestdeutschen Rangliste am Start\t\t\t\t\t\t<\/a>\n\t\t\t\t\t\t\t\t\t\t\t\t\t\t\t\t\t<p class=\"post-date cat-post-date\">\t\t\t\t\t\t\n\t\t\t\t\t\tPubliziert den\n                         <a href=\"https:\/\/lignoplan.com\/wordpress_9\/nora-lihl-auf-der-suedwestdeutschen-rangliste-am-start\/\">\t\t\t\t\t\t\t3 Feb. 2026\t\t\t\t\t\t<\/a>\t\t\t\t\t\t<\/p>\n\t\t\t\t\t\t\t\t\t\t\t<p class=\"post-author cat-post-author\">\n\t\t\t\t\t\t\tvon\n                            <a href=\"https:\/\/lignoplan.com\/wordpress_9\/author\/mk\/\" title=\"Beitr\u00e4ge von Martin K\u00f6hler\" rel=\"author\">Martin K\u00f6hler<\/a>\t\t\t\t\t\t<\/p>\n\t\t\t\t\t<p>Durch die guten Turnierergebnisse auf hessischer Ebene im vergangenen Jahr, erspielte sich Nora Lihleinen sicheren Startplatz auf der ersten S\u00fcdwestdeutschen-Rangliste in der Altersklasse U15. Die Auslosung meinte es auch gut f\u00fcr Nora. In der ersten Runde traf sie auf Karolina Roch, die sie in der U13-Klasse schon einmal bezwang. Das Spiel mit der Tochter des [&hellip;]<\/p>\n\t\t\t\t<\/li>\n\t\t\t\t<\/ul>\n<\/div><\/div><\/div><\/div><\/div>","protected":false},"excerpt":{"rendered":"<p>Bilder und Videos auf unserer Medien Seite zu sehen<\/p>\n","protected":false},"author":13,"featured_media":0,"parent":0,"menu_order":0,"comment_status":"closed","ping_status":"closed","template":"","meta":{"_acf_changed":false,"_monsterinsights_skip_tracking":false,"_monsterinsights_sitenote_active":false,"_monsterinsights_sitenote_note":"","_monsterinsights_sitenote_category":0,"ngg_post_thumbnail":0,"footnotes":""},"class_list":["post-967","page","type-page","status-publish","hentry","post"],"acf":[],"_links":{"self":[{"href":"https:\/\/lignoplan.com\/wordpress_9\/wp-json\/wp\/v2\/pages\/967","targetHints":{"allow":["GET"]}}],"collection":[{"href":"https:\/\/lignoplan.com\/wordpress_9\/wp-json\/wp\/v2\/pages"}],"about":[{"href":"https:\/\/lignoplan.com\/wordpress_9\/wp-json\/wp\/v2\/types\/page"}],"author":[{"embeddable":true,"href":"https:\/\/lignoplan.com\/wordpress_9\/wp-json\/wp\/v2\/users\/13"}],"replies":[{"embeddable":true,"href":"https:\/\/lignoplan.com\/wordpress_9\/wp-json\/wp\/v2\/comments?post=967"}],"version-history":[{"count":18,"href":"https:\/\/lignoplan.com\/wordpress_9\/wp-json\/wp\/v2\/pages\/967\/revisions"}],"predecessor-version":[{"id":1210,"href":"https:\/\/lignoplan.com\/wordpress_9\/wp-json\/wp\/v2\/pages\/967\/revisions\/1210"}],"wp:attachment":[{"href":"https:\/\/lignoplan.com\/wordpress_9\/wp-json\/wp\/v2\/media?parent=967"}],"curies":[{"name":"wp","href":"https:\/\/api.w.org\/{rel}","templated":true}]}}