{"id":959,"date":"2016-04-25T10:55:53","date_gmt":"2016-04-25T10:55:53","guid":{"rendered":"http:\/\/lignoplan.com\/wordpress_d\/?page_id=959"},"modified":"2026-02-11T14:53:53","modified_gmt":"2026-02-11T14:53:53","slug":"downloads","status":"publish","type":"page","link":"https:\/\/lignoplan.com\/wordpress_9\/downloads\/","title":{"rendered":"Mitgliedschaft"},"content":{"rendered":"<div id=\"pl-959\"  class=\"panel-layout\" ><div id=\"pg-959-0\"  class=\"panel-grid panel-no-style\" ><div id=\"pgc-959-0-0\"  class=\"panel-grid-cell\" ><div id=\"panel-959-0-0-0\" class=\"so-panel widget widget_bvg-block panel-first-child\" data-index=\"0\" ><div\n\t\t\t\n\t\t\tclass=\"so-widget-bvg-block so-widget-bvg-block-base\"\n\t\t\t\n\t\t>\n\n<div class=\"siteorigin-widget-tinymce textwidget\">\n\t<div class=\"bvg_block \" id=\"bvg-block-95910000\">\n\n\t\t<h1>Formulare<\/h1>\n\n\t\t<h3><\/h3>\n\n\t\t<ul class=\"no_bullet\">\n<li style=\"list-style-type: none;\">&nbsp;<\/li>\n<p> \t<!--\n\n<li><a class=\"dl_pdf\" href=\"https:\/\/lignoplan.com\/wordpress_9\/wp-content\/uploads\/2024\/10\/Beitrittserklaerung-2025-1.pdf\" target=\"_blank\" rel=\"noopener\">Beitrittserkl\u00e4rung<\/a><\/li>\n\n\n \t\n\n<li><a class=\"dl_pdf\" href=\"https:\/\/lignoplan.com\/wordpress_9\/wp-content\/uploads\/2025\/02\/250224-Familinenbeitrag.pdf\" target=\"_blank\" rel=\"noopener\">Familienbeitrag<\/a><\/li>\n\n--><\/p>\n<li><a class=\"dl_pdf\" href=\"https:\/\/lignoplan.com\/wordpress_9\/wp-content\/uploads\/2026\/02\/Beitrittserklaerung2026.pdf\" target=\"_blank\" rel=\"noopener\">Beitrittserkl\u00e4rung<\/a><\/li>\n<li><a class=\"dl_pdf\" href=\"https:\/\/lignoplan.com\/wordpress_9\/wp-content\/uploads\/2026\/02\/Familienbeitrag2026.pdf\" target=\"_blank\" rel=\"noopener\">Familienbeitrag<\/a><\/li>\n<li><a class=\"dl_pdf\" href=\"https:\/\/lignoplan.com\/wordpress_9\/wp-content\/uploads\/2025\/09\/35114_Beitrittserklaerung_2026.pdf\" target=\"_blank\" rel=\"noopener\">Beitrittserkl\u00e4rung TV Goldbach<\/a><\/li>\n<li><a class=\"dl_pdf\" href=\"https:\/\/lignoplan.com\/wordpress_9\/wp-content\/uploads\/2023\/09\/TVL_Aufnahmeantrag.pdf\" target=\"_blank\" rel=\"noopener\">Beitrittserkl\u00e4rung TV Laufach<\/a><\/li>\n<\/ul>\n\t<\/div>\n<\/div>\n<\/div><\/div><div id=\"panel-959-0-0-1\" class=\"so-panel widget widget_bvg-block panel-last-child\" data-index=\"1\" ><div\n\t\t\t\n\t\t\tclass=\"so-widget-bvg-block so-widget-bvg-block-base\"\n\t\t\t\n\t\t>\n\n<div class=\"siteorigin-widget-tinymce textwidget\">\n\t<div class=\"bvg_block \" id=\"\">\n\n\t\t<h1>\u00c4nderung\/ K\u00fcndigung der Mitgliedschaft<\/h1>\n\n\t\t<h3><\/h3>\n\n\t\t<h2 style=\"font-weight: 400;\"><strong>\u00c4nderung der Mitgliedschaft beim Badmintonverein Gro\u00dfauheim Goldbach\/Laufach e.V.<\/strong><\/h2>\n<p><a class=\"dl_pdf\" href=\"https:\/\/lignoplan.com\/wordpress_9\/wp-content\/uploads\/2024\/03\/240321-Aenderungsmitteilung.pdf\" target=\"_blank\" rel=\"noopener\">\u00c4nderungsmitteilung (21.03.2024)<\/a><\/p>\n<hr \/>\n<h2 style=\"font-weight: 400;\"><strong> Hinweise zur K\u00fcndigung der Mitgliedschaft beim Badmintonverein Gro\u00dfauheim Goldbach\/Laufach e.V.<\/strong><\/h2>\n<p style=\"font-weight: 400;\">Gem\u00e4\u00df unserer Vereinssatzung ist eine K\u00fcndigung der Mitgliedschaft mit einer Frist von drei Monaten zum Ende eines Gesch\u00e4ftsjahres, also zum 31.12., m\u00f6glich.<\/p>\n<p style=\"font-weight: 400;\">Die K\u00fcndigung ist gegen\u00fcber dem Vorstand&nbsp;<strong>schriftlich<\/strong>&nbsp;zu erkl\u00e4ren. Eine telekommunikative K\u00fcndigung per E-Mail erf\u00fcllt die satzungsgem\u00e4\u00dfe Vorgabe nicht.<\/p>\n<p style=\"font-weight: 400;\">&nbsp;<\/p>\n<p style=\"font-weight: 400;\">Ihr k\u00f6nnt aber ein unterzeichnetes K\u00fcndigungsschreiben einscannen oder fotografieren und uns per E-Mail (<a href=\"mailto:info@bvg-gl.de\">info@bvg-gl.de<\/a>) zukommen lassen oder dieses Schriftst\u00fcck uns auf dem Postweg - an die Adresse unseres Vorsitzenden,&nbsp;<strong>Herrn Hans-Peter Schmitt, Hauptstr. 5, 63768 H\u00f6sbach<\/strong>&nbsp;- \u00fcbermitteln.<\/p>\n<p style=\"font-weight: 400;\">&nbsp;<\/p>\n<p style=\"font-weight: 400;\">Bedenkt auch,&nbsp; dass neben Ihrer BVG-Vereinszugeh\u00f6rigkeit auch eine Zweitmitgliedschaft beim&nbsp; Hauptverein TV Goldbach bzw. TV Laufach besteht,&nbsp; welche gegebenenfalls gleichzeitig schriftlich zu k\u00fcndigen w\u00e4re.<\/p>\n<p><a href=\"http:\/\/www.tv-goldbach.de\/tvgoldbach\/index.php?category=verein&amp;subcategory=&amp;topic=15162\" target=\"_blank\" rel=\"noopener\">TV Goldbach Infos<\/a><\/p>\n<p><a href=\"https:\/\/tv-laufach.de\/Mitglied#Vereinsaustritt\" target=\"_blank\" rel=\"noopener\">TV Laufach Infos<\/a><\/p>\n\t<\/div>\n<\/div>\n<\/div><\/div><\/div><\/div><\/div>","protected":false},"excerpt":{"rendered":"<p>Formulare &nbsp; Beitrittserkl\u00e4rung Familienbeitrag Beitrittserkl\u00e4rung TV Goldbach Beitrittserkl\u00e4rung TV Laufach \u00c4nderung\/ K\u00fcndigung der Mitgliedschaft \u00c4nderung der Mitgliedschaft beim Badmintonverein Gro\u00dfauheim Goldbach\/Laufach e.V. \u00c4nderungsmitteilung (21.03.2024) Hinweise zur K\u00fcndigung der Mitgliedschaft beim Badmintonverein Gro\u00dfauheim Goldbach\/Laufach e.V. Gem\u00e4\u00df unserer Vereinssatzung ist eine K\u00fcndigung der Mitgliedschaft mit einer Frist von drei Monaten zum Ende eines Gesch\u00e4ftsjahres, also zum 31.12., [&hellip;]<\/p>\n","protected":false},"author":13,"featured_media":0,"parent":0,"menu_order":0,"comment_status":"closed","ping_status":"closed","template":"","meta":{"_acf_changed":false,"_monsterinsights_skip_tracking":false,"_monsterinsights_sitenote_active":false,"_monsterinsights_sitenote_note":"","_monsterinsights_sitenote_category":0,"ngg_post_thumbnail":0,"footnotes":""},"class_list":["post-959","page","type-page","status-publish","hentry","post"],"acf":[],"_links":{"self":[{"href":"https:\/\/lignoplan.com\/wordpress_9\/wp-json\/wp\/v2\/pages\/959","targetHints":{"allow":["GET"]}}],"collection":[{"href":"https:\/\/lignoplan.com\/wordpress_9\/wp-json\/wp\/v2\/pages"}],"about":[{"href":"https:\/\/lignoplan.com\/wordpress_9\/wp-json\/wp\/v2\/types\/page"}],"author":[{"embeddable":true,"href":"https:\/\/lignoplan.com\/wordpress_9\/wp-json\/wp\/v2\/users\/13"}],"replies":[{"embeddable":true,"href":"https:\/\/lignoplan.com\/wordpress_9\/wp-json\/wp\/v2\/comments?post=959"}],"version-history":[{"count":96,"href":"https:\/\/lignoplan.com\/wordpress_9\/wp-json\/wp\/v2\/pages\/959\/revisions"}],"predecessor-version":[{"id":10227,"href":"https:\/\/lignoplan.com\/wordpress_9\/wp-json\/wp\/v2\/pages\/959\/revisions\/10227"}],"wp:attachment":[{"href":"https:\/\/lignoplan.com\/wordpress_9\/wp-json\/wp\/v2\/media?parent=959"}],"curies":[{"name":"wp","href":"https:\/\/api.w.org\/{rel}","templated":true}]}}