{"id":9579,"date":"2025-06-22T13:14:21","date_gmt":"2025-06-22T13:14:21","guid":{"rendered":"https:\/\/lignoplan.com\/wordpress_9\/?page_id=9579"},"modified":"2025-06-22T13:14:21","modified_gmt":"2025-06-22T13:14:21","slug":"hobbyliga-mannschaft-20252026","status":"publish","type":"page","link":"https:\/\/lignoplan.com\/wordpress_9\/hobbyliga-mannschaft-20252026\/","title":{"rendered":"Hobbyliga Mannschaft 2025\/2026"},"content":{"rendered":"<div id=\"pl-9579\"  class=\"panel-layout\" ><div id=\"pg-9579-0\"  class=\"panel-grid panel-no-style\" ><div id=\"pgc-9579-0-0\"  class=\"panel-grid-cell\" ><div id=\"panel-9579-0-0-0\" class=\"so-panel widget widget_category-posts cat-post-widget panel-first-child\" data-index=\"0\" ><div class=\"not_editable bvg_categoryposts panel-widget-style panel-widget-style-for-9579-0-0-0\" ><div id=\"mannschaft_berichte\"><ul>\n\n\t\t\t\t<li class='cat-post-item' >\n\t\t\t\t\t\n\t\t\t\t\t\t\t\t\t\t\t<a class=\"post-title  cat-post-title\" \n\t\t\t\t\t\t\thref=\"https:\/\/lignoplan.com\/wordpress_9\/abschlussturnier-hobbyliga-am-main\/\" rel=\"bookmark\">Abschlu\u00dfturnier Hobbyliga am Main\t\t\t\t\t\t<\/a>\n\t\t\t\t\t\t\t\t\t\t\t<p class=\"post-author cat-post-author\">\n\t\t\t\t\t\t\tvon\n                            <a href=\"https:\/\/lignoplan.com\/wordpress_9\/author\/ld\/\" title=\"Beitr\u00e4ge von Laurent Dorier\" rel=\"author\">Laurent Dorier<\/a>\t\t\t\t\t\t<\/p>\n\t\t\t\t\t\t\t\t\t<\/li>\n\t\t\t\t\n\t\t\t\t<li class='cat-post-item' >\n\t\t\t\t\t\n\t\t\t\t\t\t\t\t\t\t\t<a class=\"post-title  cat-post-title\" \n\t\t\t\t\t\t\thref=\"https:\/\/lignoplan.com\/wordpress_9\/hobbyliga-auftaktturnier\/\" rel=\"bookmark\">Hobbyliga Auftaktturnier\t\t\t\t\t\t<\/a>\n\t\t\t\t\t\t\t\t\t\t\t<p class=\"post-author cat-post-author\">\n\t\t\t\t\t\t\tvon\n                            <a href=\"https:\/\/lignoplan.com\/wordpress_9\/author\/ld\/\" title=\"Beitr\u00e4ge von Laurent Dorier\" rel=\"author\">Laurent Dorier<\/a>\t\t\t\t\t\t<\/p>\n\t\t\t\t\t\t\t\t\t<\/li>\n\t\t\t\t<\/ul>\n<\/div><\/div><\/div><div id=\"panel-9579-0-0-1\" class=\"so-panel widget widget_bvg-block\" data-index=\"1\" ><div\n\t\t\t\n\t\t\tclass=\"so-widget-bvg-block so-widget-bvg-block-base\"\n\t\t\t\n\t\t>\n\n<div class=\"siteorigin-widget-tinymce textwidget\">\n\t<div class=\"bvg_block \" id=\"\">\n\n\t\t<h1><\/h1>\n\n\t\t<h3><\/h3>\n\n\t\t<p><a href=\"https:\/\/badminton-am-main.de\/am-main-hobby-liga-2025-26\/\" target=\"_blank\" rel=\"noopener\">Alle Informationen \u00fcber die Hobbyliga f\u00fcr diese Saison liegt hier !<\/a><\/p>\n<p><strong>BVG Goldbach\/Laufach, der den Titel h\u00e4lt, wird versuchen, ihn in dieser Saison zu verteidigen, mit neuen Teams, die in dieser Saison angemeldet werden.<\/strong><\/p>\n<p><a href=\"https:\/\/lignoplan.com\/wordpress_9\/wp-content\/uploads\/2025\/05\/bvg.jpg\"><img loading=\"lazy\" decoding=\"async\" class=\"size-medium wp-image-9410\" src=\"https:\/\/lignoplan.com\/wordpress_9\/wp-content\/uploads\/2025\/05\/bvg-300x236.jpg\" alt=\"\" width=\"300\" height=\"236\" srcset=\"https:\/\/lignoplan.com\/wordpress_9\/wp-content\/uploads\/2025\/05\/bvg-300x236.jpg 300w, https:\/\/lignoplan.com\/wordpress_9\/wp-content\/uploads\/2025\/05\/bvg-1024x806.jpg 1024w, https:\/\/lignoplan.com\/wordpress_9\/wp-content\/uploads\/2025\/05\/bvg-150x118.jpg 150w, https:\/\/lignoplan.com\/wordpress_9\/wp-content\/uploads\/2025\/05\/bvg-768x605.jpg 768w, https:\/\/lignoplan.com\/wordpress_9\/wp-content\/uploads\/2025\/05\/bvg-1536x1209.jpg 1536w, https:\/\/lignoplan.com\/wordpress_9\/wp-content\/uploads\/2025\/05\/bvg.jpg 1980w\" sizes=\"auto, (max-width: 300px) 100vw, 300px\" \/><\/a><\/p>\n<p>&nbsp;<\/p>\n\t<\/div>\n<\/div>\n<\/div><\/div><div id=\"panel-9579-0-0-2\" class=\"so-panel widget widget_bvg-block panel-last-child\" data-index=\"2\" ><div class=\"not_editable bvg_block_foto panel-widget-style panel-widget-style-for-9579-0-0-2\" ><div\n\t\t\t\n\t\t\tclass=\"so-widget-bvg-block so-widget-bvg-block-base\"\n\t\t\t\n\t\t>\n\n<div class=\"siteorigin-widget-tinymce textwidget\">\n\t<div class=\"bvg_block mannschaft_foto\" id=\"mannschaft_foto\">\n\n\t\t<h1>Foto<\/h1>\n\n\t\t<h3><\/h3>\n\n\t\t<p><a href=\"https:\/\/lignoplan.com\/wordpress_9\/wp-content\/uploads\/2025\/03\/Hobyliga_Team_BVG.jpg\"><img loading=\"lazy\" decoding=\"async\" class=\"alignleft wp-image-9335 size-medium\" style=\"background-color: rgba(255, 255, 255, 0.3);\" src=\"https:\/\/lignoplan.com\/wordpress_9\/wp-content\/uploads\/2025\/03\/Hobyliga_Team_BVG-300x200.jpg\" alt=\"\" width=\"300\" height=\"200\" srcset=\"https:\/\/lignoplan.com\/wordpress_9\/wp-content\/uploads\/2025\/03\/Hobyliga_Team_BVG-300x200.jpg 300w, https:\/\/lignoplan.com\/wordpress_9\/wp-content\/uploads\/2025\/03\/Hobyliga_Team_BVG-1024x681.jpg 1024w, https:\/\/lignoplan.com\/wordpress_9\/wp-content\/uploads\/2025\/03\/Hobyliga_Team_BVG-150x100.jpg 150w, https:\/\/lignoplan.com\/wordpress_9\/wp-content\/uploads\/2025\/03\/Hobyliga_Team_BVG-768x511.jpg 768w, https:\/\/lignoplan.com\/wordpress_9\/wp-content\/uploads\/2025\/03\/Hobyliga_Team_BVG-1536x1021.jpg 1536w, https:\/\/lignoplan.com\/wordpress_9\/wp-content\/uploads\/2025\/03\/Hobyliga_Team_BVG-720x480.jpg 720w, https:\/\/lignoplan.com\/wordpress_9\/wp-content\/uploads\/2025\/03\/Hobyliga_Team_BVG-272x182.jpg 272w, https:\/\/lignoplan.com\/wordpress_9\/wp-content\/uploads\/2025\/03\/Hobyliga_Team_BVG.jpg 1800w\" sizes=\"auto, (max-width: 300px) 100vw, 300px\" \/><\/a><\/p>\n<p>&nbsp;<\/p>\n<p>&nbsp;<\/p>\n<p>&nbsp;<\/p>\n<p>&nbsp;<\/p>\n<p>&nbsp;<\/p>\n<p>&nbsp;<\/p>\n<ul>\n<li style=\"font-weight: bold;\">Stammspieler<\/li>\n<li>Laurent Dorier<\/li>\n<li>Ronny Kadler<\/li>\n<li>Markus Bayer<\/li>\n<li>Gerd Junghans<\/li>\n<li>Peter F\u00fcrste<\/li>\n<li>Thomas Belle<\/li>\n<li>Johannes Werner<\/li>\n<li>Hans-Peter Schmitt<\/li>\n<li>Hannes Heidle<\/li>\n<li>Werner Nebel<\/li>\n<li>Sebastian Reu\u00df<\/li>\n<li>Tim Chudaska<\/li>\n<li>Agnes Allig<\/li>\n<li>Andrea Heilig<\/li>\n<li>Christiane Berger<\/li>\n<\/ul>\n\t<\/div>\n<\/div>\n<\/div><\/div><\/div><\/div><\/div><\/div>","protected":false},"excerpt":{"rendered":"<p>Abschlu\u00dfturnier Hobbyliga am Main von Laurent Dorier Hobbyliga Auftaktturnier von Laurent Dorier Alle Informationen \u00fcber die Hobbyliga f\u00fcr diese Saison liegt hier ! BVG Goldbach\/Laufach, der den Titel h\u00e4lt, wird versuchen, ihn in dieser Saison zu verteidigen, mit neuen Teams, die in dieser Saison angemeldet werden. &nbsp; Foto &nbsp; &nbsp; &nbsp; &nbsp; &nbsp; &nbsp; Stammspieler [&hellip;]<\/p>\n","protected":false},"author":13,"featured_media":0,"parent":0,"menu_order":0,"comment_status":"closed","ping_status":"closed","template":"","meta":{"_acf_changed":false,"_monsterinsights_skip_tracking":false,"_monsterinsights_sitenote_active":false,"_monsterinsights_sitenote_note":"","_monsterinsights_sitenote_category":0,"ngg_post_thumbnail":0,"footnotes":""},"class_list":["post-9579","page","type-page","status-publish","hentry","post"],"acf":[],"_links":{"self":[{"href":"https:\/\/lignoplan.com\/wordpress_9\/wp-json\/wp\/v2\/pages\/9579","targetHints":{"allow":["GET"]}}],"collection":[{"href":"https:\/\/lignoplan.com\/wordpress_9\/wp-json\/wp\/v2\/pages"}],"about":[{"href":"https:\/\/lignoplan.com\/wordpress_9\/wp-json\/wp\/v2\/types\/page"}],"author":[{"embeddable":true,"href":"https:\/\/lignoplan.com\/wordpress_9\/wp-json\/wp\/v2\/users\/13"}],"replies":[{"embeddable":true,"href":"https:\/\/lignoplan.com\/wordpress_9\/wp-json\/wp\/v2\/comments?post=9579"}],"version-history":[{"count":1,"href":"https:\/\/lignoplan.com\/wordpress_9\/wp-json\/wp\/v2\/pages\/9579\/revisions"}],"predecessor-version":[{"id":9580,"href":"https:\/\/lignoplan.com\/wordpress_9\/wp-json\/wp\/v2\/pages\/9579\/revisions\/9580"}],"wp:attachment":[{"href":"https:\/\/lignoplan.com\/wordpress_9\/wp-json\/wp\/v2\/media?parent=9579"}],"curies":[{"name":"wp","href":"https:\/\/api.w.org\/{rel}","templated":true}]}}