{"id":955,"date":"2016-04-25T10:57:44","date_gmt":"2016-04-25T10:57:44","guid":{"rendered":"http:\/\/lignoplan.com\/wordpress_d\/?page_id=955"},"modified":"2026-01-28T10:38:48","modified_gmt":"2026-01-28T10:38:48","slug":"training-2","status":"publish","type":"page","link":"https:\/\/lignoplan.com\/wordpress_9\/training-2\/","title":{"rendered":"Training"},"content":{"rendered":"<div class=\"bvg_block widget_bvg-block\" style=\"overflow-x: auto;\">\n<h1>Trainingszeiten<\/h1>\n<p><b>SPORTHALLE:<\/b> <b>GOLDBACH, M\u00fchlstra\u00dfe 18<\/b><\/p>\n<table style=\"min-width: 700px;\">\n<tbody>\n<tr>\n<td><span style=\"font-weight: 400;\">Tag<\/span><\/td>\n<td><span style=\"font-weight: 400;\">Uhrzeit<\/span><\/td>\n<td><span style=\"font-weight: 400;\">Altersgruppe<\/span><\/td>\n<td><span style=\"font-weight: 400;\">Bemerkung<\/span><\/td>\n<td><span style=\"font-weight: 400;\">Trainer<\/span><\/td>\n<\/tr>\n<tr>\n<td><span style=\"font-weight: 400;\">Montag<\/span><\/td>\n<td><span style=\"font-weight: 400;\">16:00 &#8211; 17:15<\/span><\/td>\n<td><span style=\"font-weight: 400;\">Minis<\/span><\/td>\n<td><span style=\"font-weight: 400;\">Grundschule 2. \u2013 4. Klasse<\/span><\/td>\n<td><span style=\"font-weight: 400;\">Hans-Peter Schmitt<\/span><\/td>\n<\/tr>\n<tr>\n<td><span style=\"font-weight: 400;\">Montag<\/span><\/td>\n<td><span style=\"font-weight: 400;\">17:00 &#8211; 18:30<\/span><\/td>\n<td><span style=\"font-weight: 400;\">Sch\u00fcler<\/span><\/td>\n<td><span style=\"font-weight: 400;\">M\u00e4dchengruppe<\/span><\/td>\n<td><span style=\"font-weight: 400;\">Martin K\u00f6hler<\/span><\/td>\n<\/tr>\n<tr>\n<td><span style=\"font-weight: 400;\">Montag<\/span><\/td>\n<td><span style=\"font-weight: 400;\">19:15 &#8211; 20:45<\/span><\/td>\n<td><span style=\"font-weight: 400;\">Jugend<\/span><\/td>\n<td><span style=\"font-weight: 400;\">Mannschaftsspieler<\/span><\/td>\n<td><span style=\"font-weight: 400;\">Matthias Schnabel, Hannes Heindle<\/span><\/td>\n<\/tr>\n<tr>\n<td><span style=\"font-weight: 400;\">Montag<\/span><\/td>\n<td><span style=\"font-weight: 400;\">19:30 &#8211; 22:00<\/span><\/td>\n<td><span style=\"font-weight: 400;\">Aktive + Hobby<\/span><\/td>\n<td><span style=\"font-weight: 400;\">&#8211; &#8211; &#8211; &#8211; &#8211;<\/span><\/td>\n<td><span style=\"font-weight: 400;\">Thomas Spielmann, Klaus Berger<\/span><\/td>\n<\/tr>\n<\/tbody>\n<\/table>\n<p><strong><br \/>\n<\/strong><b>SPORTHALLE:<\/b> <b>LAUFACH, Am M\u00fchlfeld 2<\/b><\/p>\n<table style=\"min-width: 700px;\">\n<tbody>\n<tr>\n<td><span style=\"font-weight: 400;\">Dienstag<\/span><\/td>\n<td><span style=\"font-weight: 400;\">16:00 &#8211; 17:15<\/span><\/td>\n<td><span style=\"font-weight: 400;\">Minis<\/span><\/td>\n<td><span style=\"font-weight: 400;\">Grundschule 2-4. Klasse<\/span><\/td>\n<td><span style=\"font-weight: 400;\">Ann Roither, Noah Seitz<\/span><\/td>\n<\/tr>\n<tr>\n<td><span style=\"font-weight: 400;\">Dienstag<\/span><\/td>\n<td><span style=\"font-weight: 400;\">17:00 &#8211; 18:30<\/span><\/td>\n<td><span style=\"font-weight: 400;\">Sch\u00fcler<\/span><\/td>\n<td><span style=\"font-weight: 400;\">Klasse 5-8.<\/span><\/td>\n<td><span style=\"font-weight: 400;\"> Martin K\u00f6hler<\/span><\/td>\n<\/tr>\n<\/tbody>\n<\/table>\n<p><strong><br \/>\n<\/strong><b>SPORTHALLE:<\/b> <b>GOLDBACH, M\u00fchlstra\u00dfe 18<\/b><\/p>\n<table style=\"min-width: 700px;\">\n<tbody>\n<tr>\n<td><span style=\"font-weight: 400;\">Mittwoch<\/span><\/td>\n<td><span style=\"font-weight: 400;\">16:00 &#8211; 17:00<\/span><\/td>\n<td><span style=\"font-weight: 400;\">Minis<\/span><\/td>\n<td><span style=\"font-weight: 400;\">Grundsch\u00fcler 2. Klasse<\/span><\/td>\n<td><span style=\"font-weight: 400;\">Lisa Zentgraf, Werner Nebel<\/span><\/td>\n<\/tr>\n<tr>\n<td><span style=\"font-weight: 400;\">Mittwoch<\/span><\/td>\n<td><span style=\"font-weight: 400;\">16:45 &#8211; 18:00<\/span><\/td>\n<td>Minis<\/td>\n<td><span style=\"font-weight: 400;\">Grundschule 3. + 4. Klasse<\/span><\/td>\n<td><span style=\"font-weight: 400;\">Lisa Zentgraf, Werner Nebel<\/span><\/td>\n<\/tr>\n<tr>\n<td><span style=\"font-weight: 400;\">Mittwoch<\/span><\/td>\n<td><span style=\"font-weight: 400;\">18:00 &#8211; 19:30<\/span><\/td>\n<td>Sch\u00fcler U13 + U15 (Jugend U17)<\/td>\n<td>&nbsp;<\/td>\n<td>Sarah Spielmann \/ Luca Neidhardt<\/td>\n<\/tr>\n<tr>\n<td><span style=\"font-weight: 400;\">Mittwoch<\/span><\/td>\n<td><span style=\"font-weight: 400;\">19:30 &#8211; 21:00<\/span><\/td>\n<td>Jugend U17 + U19 &#8211; Wettkampf<\/td>\n<td><span style=\"font-weight: 400;\">&#8211; &#8211; &#8211; &#8211; &#8211;<\/span><\/td>\n<td>Thomas Spielmann<\/td>\n<\/tr>\n<tr>\n<td><span style=\"font-weight: 400;\">Mittwoch<\/span><\/td>\n<td><span style=\"font-weight: 400;\">20:00 &#8211; 22:00<\/span><\/td>\n<td>Hobby<\/td>\n<td><span style=\"font-weight: 400;\">&#8211; &#8211; &#8211; &#8211; &#8211;<\/span><\/td>\n<td>Klaus Berger<\/td>\n<\/tr>\n<\/tbody>\n<\/table>\n<p><strong><br \/>\n<\/strong><b>SPORTHALLE:<\/b> <b>LAUFACH, Am M\u00fchlfeld 2<\/b><\/p>\n<table style=\"min-width: 700px;\">\n<tbody>\n<tr>\n<td><span style=\"font-weight: 400;\">Donnerstag<\/span><\/td>\n<td><span style=\"font-weight: 400;\">16:00 &#8211; 17:00<\/span><\/td>\n<td><span style=\"font-weight: 400;\">Minis<\/span><\/td>\n<td><span style=\"font-weight: 400;\">Grundschule 2. Klasse<\/span><\/td>\n<td>Ann Roither, Annika Bayer<\/td>\n<\/tr>\n<tr>\n<td><span style=\"font-weight: 400;\">Donnerstag<\/span><\/td>\n<td><span style=\"font-weight: 400;\">17:00 &#8211; 18:30<\/span><\/td>\n<td><span style=\"font-weight: 400;\">Minis<\/span><\/td>\n<td><span style=\"font-weight: 400;\">Grundschule 3-4. Klasse<\/span><\/td>\n<td>Ann Roither, Annika Bayer<\/td>\n<\/tr>\n<tr>\n<td><span style=\"font-weight: 400;\">Donnerstag<\/span><\/td>\n<td><span style=\"font-weight: 400;\">18:30 &#8211; 20:00<\/span><\/td>\n<td><span style=\"font-weight: 400;\">Sch\u00fcler<\/span><\/td>\n<td><span style=\"font-weight: 400;\">U15 + U17 &#8211; Wettkampf<\/span><\/td>\n<td>Aktivenspieler<\/td>\n<\/tr>\n<tr>\n<td><span style=\"font-weight: 400;\">Donnerstag<\/span><\/td>\n<td><span style=\"font-weight: 400;\">20:00 &#8211; 22:00<\/span><\/td>\n<td><span style=\"font-weight: 400;\">Aktiv, Hobby<\/span><\/td>\n<td><span style=\"font-weight: 400;\">U17 + U19 &#8211; Wettkampf<\/span><\/td>\n<td><span style=\"font-weight: 400;\">Thomas Belle, Laurent Dorier<\/span><\/td>\n<\/tr>\n<\/tbody>\n<\/table>\n<p>&nbsp;<\/p>\n<p><b>SPORTHALLE:<\/b> <b>GOLDBACH, M\u00fchlstra\u00dfe 18<\/b><\/p>\n<table style=\"min-width: 700px; height: 43px;\" width=\"696\">\n<tbody>\n<tr>\n<td><span style=\"font-weight: 400;\">Donnerstag<\/span><\/td>\n<td><span style=\"font-weight: 400;\">16:00 &#8211; 17:00<\/span><\/td>\n<td>Minis<\/td>\n<td>Grundsch\u00fcler 2. Klasse<\/td>\n<td><span style=\"font-weight: 400;\">Martin K\u00f6hler, Claudia Illmer<\/span><\/td>\n<\/tr>\n<tr>\n<td><span style=\"font-weight: 400;\">Donnerstag<\/span><\/td>\n<td><span style=\"font-weight: 400;\">17:00 &#8211; 18:15<\/span><\/td>\n<td><span style=\"font-weight: 400;\">Minis<\/span><\/td>\n<td><span style=\"font-weight: 400;\">Grundschule 3-4. Klasse<\/span><\/td>\n<td><span style=\"font-weight: 400;\">Martin K\u00f6hler<\/span><\/td>\n<\/tr>\n<tr>\n<td><span style=\"font-weight: 400;\">Donnerstag<\/span><\/td>\n<td><span style=\"font-weight: 400;\">18:15 &#8211; 19:45<\/span><\/td>\n<td><span style=\"font-weight: 400;\">Sch\u00fcler<\/span><\/td>\n<td>U13 + U15<\/td>\n<td><span style=\"font-weight: 400;\">Martin K\u00f6hler<\/span><\/td>\n<\/tr>\n<\/tbody>\n<\/table>\n<p>&nbsp;<br \/>\n<b>SPORTHALLE:<\/b> <b>LAUFACH, Am M\u00fchlfeld 2<\/b><\/p>\n<table style=\"min-width: 700px;\">\n<tbody>\n<tr>\n<td><span style=\"font-weight: 400;\">Freitag<\/span><\/td>\n<td><span style=\"font-weight: 400;\">16:45 &#8211; 18:00<\/span><\/td>\n<td><span style=\"font-weight: 400;\">Minis<\/span><\/td>\n<td>Grundschule 3. + 4. Klasse<\/td>\n<td><span style=\"font-weight: 400;\">Martin K\u00f6hler<\/span><\/td>\n<\/tr>\n<\/tbody>\n<\/table>\n<p>&nbsp;<\/p>\n<p><strong>SAMSTAGSTRAINING in der Sporthalle des TV-Laufach (Am M\u00fchlfeld)<\/strong><\/p>\n<p><a href=\"https:\/\/lignoplan.com\/wordpress_9\/#samstagsspielen\">Termine auf der Startseite zu finden !<\/a><\/p>\n<\/div>\n<p><b>SCHULSPORT AGs:<\/b><\/p>\n<div class=\"bvg_block widget_bvg-block\" style=\"overflow-x: auto;\">\n<table style=\"min-width: 700px;\">\n<tbody>\n<tr>\n<td><span style=\"font-weight: 400;\">Montag<\/span><\/td>\n<td><span style=\"font-weight: 400;\">14:00-15:30<\/span><\/td>\n<td><span style=\"font-weight: 400;\">5.-6. Klasse<\/span><\/td>\n<td><span style=\"font-weight: 400;\">LK-Halle H\u00f6sbach<\/span><\/td>\n<td><span style=\"font-weight: 400;\">Martin K\u00f6hler<\/span><\/td>\n<\/tr>\n<tr>\n<td><span style=\"font-weight: 400;\">Mittwoch<\/span><\/td>\n<td><span style=\"font-weight: 400;\">13:15 &#8211; 14:45<\/span><\/td>\n<td><span style=\"font-weight: 400;\">5. + 8. Sportklasse<\/span><\/td>\n<td><span style=\"font-weight: 400;\">LK-Halle H\u00f6sbach<\/span><\/td>\n<td><span style=\"font-weight: 400;\">Martin K\u00f6hler<\/span><\/td>\n<\/tr>\n<tr>\n<td><span style=\"font-weight: 400;\">Freitag<\/span><\/td>\n<td><span style=\"font-weight: 400;\">13:15-14:45<\/span><\/td>\n<td><span style=\"font-weight: 400;\">5.-10. Klasse<\/span><\/td>\n<td><span style=\"font-weight: 400;\">LK-Halle H\u00f6sbach<\/span><\/td>\n<td><span style=\"font-weight: 400;\">Martin K\u00f6hler<\/span><\/td>\n<\/tr>\n<\/tbody>\n<\/table>\n<p>&nbsp;<\/p>\n<\/div>\n<div class=\"bvg_block widget_bvg-block\" style=\"display: none;\">\n<h1>Goldbach<\/h1>\n<p><iframe loading=\"lazy\" style=\"border-width: 0;\" src=\"https:\/\/calendar.google.com\/calendar\/embed?mode=WEEK&amp;height=600&amp;wkst=1&amp;bgcolor=%23FFFFFF&amp;src=t54clsrqlrjth96t8p11suosmk%40group.calendar.google.com&amp;color=%23125A12&amp;ctz=Europe%2FBerlin\" width=\"800\" height=\"600\" frameborder=\"0\" scrolling=\"no\"><\/iframe><\/p>\n<h1>Laufach<\/h1>\n<p><iframe loading=\"lazy\" style=\"border-width: 0;\" src=\"https:\/\/calendar.google.com\/calendar\/embed?mode=WEEK&amp;height=600&amp;wkst=1&amp;bgcolor=%23FFFFFF&amp;src=ktcrr05s54vskipl6119338aog%40group.calendar.google.com&amp;color=%23182C57&amp;ctz=Europe%2FBerlin\" width=\"800\" height=\"600\" frameborder=\"0\" scrolling=\"no\"><\/iframe><\/p>\n<\/div>\n<div class=\"bvg_block widget_bvg-block\" style=\"display: none;\">\n<h1><a href=\"http:\/\/lignoplan.com\/wordpress_d\/wp-content\/uploads\/2018\/07\/BVG-Trainingszeiten.doc\" target=\"_blank\" rel=\"noopener noreferrer\">BVG Trainingszeiten herunterladen<\/a><\/h1>\n<p><img loading=\"lazy\" decoding=\"async\" width=\"637\" height=\"909\" class=\"alignnone wp-image-954\" src=\"http:\/\/lignoplan.com\/wordpress_d\/wp-content\/uploads\/2018\/07\/training.png\" alt=\"training\"><\/p>\n<\/div>\n","protected":false},"excerpt":{"rendered":"<p>Trainingszeiten SPORTHALLE: GOLDBACH, M\u00fchlstra\u00dfe 18 Tag Uhrzeit Altersgruppe Bemerkung Trainer Montag 16:00 &#8211; 17:15 Minis Grundschule 2. \u2013 4. Klasse Hans-Peter Schmitt Montag 17:00 &#8211; 18:30 Sch\u00fcler M\u00e4dchengruppe Martin K\u00f6hler Montag 19:15 &#8211; 20:45 Jugend Mannschaftsspieler Matthias Schnabel, Hannes Heindle Montag 19:30 &#8211; 22:00 Aktive + Hobby &#8211; &#8211; &#8211; &#8211; &#8211; Thomas Spielmann, Klaus [&hellip;]<\/p>\n","protected":false},"author":13,"featured_media":0,"parent":0,"menu_order":0,"comment_status":"closed","ping_status":"closed","template":"","meta":{"_acf_changed":false,"_monsterinsights_skip_tracking":false,"_monsterinsights_sitenote_active":false,"_monsterinsights_sitenote_note":"","_monsterinsights_sitenote_category":0,"ngg_post_thumbnail":0,"footnotes":""},"class_list":["post-955","page","type-page","status-publish","hentry","post"],"acf":[],"_links":{"self":[{"href":"https:\/\/lignoplan.com\/wordpress_9\/wp-json\/wp\/v2\/pages\/955","targetHints":{"allow":["GET"]}}],"collection":[{"href":"https:\/\/lignoplan.com\/wordpress_9\/wp-json\/wp\/v2\/pages"}],"about":[{"href":"https:\/\/lignoplan.com\/wordpress_9\/wp-json\/wp\/v2\/types\/page"}],"author":[{"embeddable":true,"href":"https:\/\/lignoplan.com\/wordpress_9\/wp-json\/wp\/v2\/users\/13"}],"replies":[{"embeddable":true,"href":"https:\/\/lignoplan.com\/wordpress_9\/wp-json\/wp\/v2\/comments?post=955"}],"version-history":[{"count":60,"href":"https:\/\/lignoplan.com\/wordpress_9\/wp-json\/wp\/v2\/pages\/955\/revisions"}],"predecessor-version":[{"id":10103,"href":"https:\/\/lignoplan.com\/wordpress_9\/wp-json\/wp\/v2\/pages\/955\/revisions\/10103"}],"wp:attachment":[{"href":"https:\/\/lignoplan.com\/wordpress_9\/wp-json\/wp\/v2\/media?parent=955"}],"curies":[{"name":"wp","href":"https:\/\/api.w.org\/{rel}","templated":true}]}}