{"id":9515,"date":"2025-06-20T20:13:39","date_gmt":"2025-06-20T20:13:39","guid":{"rendered":"https:\/\/lignoplan.com\/wordpress_9\/?page_id=9515"},"modified":"2026-02-23T07:48:37","modified_gmt":"2026-02-23T07:48:37","slug":"1-mannschaft-20252026","status":"publish","type":"page","link":"https:\/\/lignoplan.com\/wordpress_9\/1-mannschaft-20252026\/","title":{"rendered":"1.Mannschaft 2025\/2026"},"content":{"rendered":"<div id=\"pl-9515\"  class=\"panel-layout\" ><div id=\"pg-9515-0\"  class=\"panel-grid panel-no-style\" ><div id=\"pgc-9515-0-0\"  class=\"panel-grid-cell\" ><div id=\"panel-9515-0-0-0\" class=\"so-panel widget widget_category-posts cat-post-widget panel-first-child\" data-index=\"0\" ><div class=\"not_editable bvg_categoryposts panel-widget-style panel-widget-style-for-9515-0-0-0\" ><div id=\"mannschaft_berichte\"><ul>\n\n\t\t\t\t<li class='cat-post-item' >\n\t\t\t\t\t\n\t\t\t\t\t\t\t\t\t\t\t<a class=\"post-title  cat-post-title\" \n\t\t\t\t\t\t\thref=\"https:\/\/lignoplan.com\/wordpress_9\/bvg-1-holt-souveraen-die-vizemeisterschaft-in-der-bol\/\" rel=\"bookmark\">BVG 1 holt souver\u00e4n die Vizemeisterschaft in der BOL\t\t\t\t\t\t<\/a>\n\t\t\t\t\t\t\t\t\t\t\t<p class=\"post-author cat-post-author\">\n\t\t\t\t\t\t\tvon\n                            <a href=\"https:\/\/lignoplan.com\/wordpress_9\/author\/mk\/\" title=\"Beitr\u00e4ge von Martin K\u00f6hler\" rel=\"author\">Martin K\u00f6hler<\/a>\t\t\t\t\t\t<\/p>\n\t\t\t\t\t\t\t\t\t<\/li>\n\t\t\t\t\n\t\t\t\t<li class='cat-post-item' >\n\t\t\t\t\t\n\t\t\t\t\t\t\t\t\t\t\t<a class=\"post-title  cat-post-title\" \n\t\t\t\t\t\t\thref=\"https:\/\/lignoplan.com\/wordpress_9\/1-mannschaft-greift-nochmals-ueberraschend-ins-titelgeschehen-ein\/\" rel=\"bookmark\">1. Mannschaft greift nochmals \u00fcberraschend ins Titelgeschehen ein\t\t\t\t\t\t<\/a>\n\t\t\t\t\t\t\t\t\t\t\t<p class=\"post-author cat-post-author\">\n\t\t\t\t\t\t\tvon\n                            <a href=\"https:\/\/lignoplan.com\/wordpress_9\/author\/mk\/\" title=\"Beitr\u00e4ge von Martin K\u00f6hler\" rel=\"author\">Martin K\u00f6hler<\/a>\t\t\t\t\t\t<\/p>\n\t\t\t\t\t\t\t\t\t<\/li>\n\t\t\t\t<\/ul>\n<\/div><\/div><\/div><div id=\"panel-9515-0-0-1\" class=\"so-panel widget widget_bvg-block\" data-index=\"1\" ><div class=\"not_editable bvg_block_foto panel-widget-style panel-widget-style-for-9515-0-0-1\" ><div\n\t\t\t\n\t\t\tclass=\"so-widget-bvg-block so-widget-bvg-block-base\"\n\t\t\t\n\t\t>\n\n<div class=\"siteorigin-widget-tinymce textwidget\">\n\t<div class=\"bvg_block mannschaft_foto\" id=\"mannschaft_foto\">\n\n\t\t<h1>Foto<\/h1>\n\n\t\t<h3><\/h3>\n\n\t\t<p><a href=\"https:\/\/lignoplan.com\/wordpress_9\/wp-content\/uploads\/2026\/02\/Team1_202526.jpeg\" target=\"_blank\" rel=\"noopener\"><img loading=\"lazy\" decoding=\"async\" class=\"alignleft wp-image-10245 size-medium\" src=\"https:\/\/lignoplan.com\/wordpress_9\/wp-content\/uploads\/2026\/02\/Team1_202526-300x225.jpeg\" alt=\"\" width=\"300\" height=\"225\" srcset=\"https:\/\/lignoplan.com\/wordpress_9\/wp-content\/uploads\/2026\/02\/Team1_202526-300x225.jpeg 300w, https:\/\/lignoplan.com\/wordpress_9\/wp-content\/uploads\/2026\/02\/Team1_202526-1024x768.jpeg 1024w, https:\/\/lignoplan.com\/wordpress_9\/wp-content\/uploads\/2026\/02\/Team1_202526-150x113.jpeg 150w, https:\/\/lignoplan.com\/wordpress_9\/wp-content\/uploads\/2026\/02\/Team1_202526-768x576.jpeg 768w, https:\/\/lignoplan.com\/wordpress_9\/wp-content\/uploads\/2026\/02\/Team1_202526-1536x1152.jpeg 1536w, https:\/\/lignoplan.com\/wordpress_9\/wp-content\/uploads\/2026\/02\/Team1_202526.jpeg 2000w\" sizes=\"auto, (max-width: 300px) 100vw, 300px\" \/><\/a><\/p>\n<p>&nbsp;<\/p>\n<p>&nbsp;<\/p>\n<p>&nbsp;<\/p>\n<p>&nbsp;<\/p>\n<p>&nbsp;<\/p>\n<ul>\n<li style=\"font-weight: bold;\">Stammspieler<\/li>\n<li>Neidhardt, Luca<\/li>\n<li>Domr\u00f6se, Christoph<\/li>\n<li>Billington, Timo<\/li>\n<li>Tomaschek, Felix<\/li>\n<li>Krohn, Felix<\/li>\n<li>Jacob Noah Fuchs<\/li>\n<li>Schenkel, Victoria<\/li>\n<li>Spielmann, Sarah<\/li>\n<li>Spielmann, Anna<\/li>\n<li style=\"font-weight: bold;\">Trainer<\/li>\n<li>Spielmann, Thomas<\/li>\n<\/ul>\n\t<\/div>\n<\/div>\n<\/div><\/div><\/div><div id=\"panel-9515-0-0-2\" class=\"so-panel widget widget_bvg-nuligateamtable\" data-index=\"2\" ><div\n\t\t\t\n\t\t\tclass=\"so-widget-bvg-nuligateamtable so-widget-bvg-nuligateamtable-base\"\n\t\t\t\n\t\t>\n\n<div class=\"siteorigin-widget-tinymce textwidget\">\n\t<div class=\"bvg_block\" id=\"\" >\n\n\t\t<h1>Aktuelle Tabelle<\/h1>\n\n\t\t<h2>\n    Bezirksoberliga FR 2\n    <\/h2>\n                \n                \n                \t\n\n  <table class=\"result-set\" cellspacing=\"0\" cellpadding=\"0\" border=\"0\">\n    <tr>\n      <th>&nbsp;<\/th>\n      <th class=\"center\">Rang<\/th>\n      <th>Mannschaft<\/th>\n      <th class=\"center\">Begegnungen<\/th>\n      <th class=\"center\">S<\/th>\n      <th class=\"center\">U<\/th>\n      <th class=\"center\">N<\/th>\n      <th class=\"center\">Punkte<\/th>\n      \n        <th class=\"center\">Spiele<\/th>\n      \n      <th class=\"center\">S\u00e4tze<\/th>\n    <\/tr>\n    \n      \n        <tr>\n          <td>\n            <img loading=\"lazy\" decoding=\"async\" alt=\"Aufsteiger\" border=\"0\" title=\"Aufsteiger\" src=\"http:\/\/hbv-badminton.liga.nu\/WebObjects\/nuLiga.woa\/Frameworks\/nuLigaFramework.framework\/WebServerResources\/img\/icons\/up_11x11.gif?nlv=2b8f3092\" width=\"11\" height=\"11\" \/>\n            \n            \n            &nbsp;<\/td>\n          <td align=\"center\">1<\/td>\n          <td nowrap=\"nowrap\">\n            <a alt=\"Mannschaftsportrait\" title=\"Mannschaftsportrait\" target=\"_blank\" href=\"http:\/\/hbv-badminton.liga.nu\/cgi-bin\/WebObjects\/nuLigaBADDE.woa\/wa\/teamPortrait?teamtable=224055&amp;pageState=rueckrunde&amp;championship=Frankfurt+25%2F26&amp;group=36135\">TGS Vorw\u00e4rts Frankfurt<\/a>\n          <\/td>\n          <td align=\"center\">12<\/td>\n          <td align=\"center\">11<\/td>\n          <td align=\"center\">0<\/td>\n          <td align=\"center\">1<\/td>\n          <td align=\"center\">22:2<\/td>\n          \n            <td align=\"center\">\n              69:27\n            <\/td>\n          \n          <td align=\"center\">\n            151:70\n          <\/td>\n        <\/tr>\n      \n\n      \n\n    \n      \n        <tr>\n          <td>\n            \n            \n            \n            &nbsp;<\/td>\n          <td align=\"center\">2<\/td>\n          <td nowrap=\"nowrap\">\n            <a alt=\"Mannschaftsportrait\" title=\"Mannschaftsportrait\" target=\"_blank\" href=\"http:\/\/hbv-badminton.liga.nu\/cgi-bin\/WebObjects\/nuLigaBADDE.woa\/wa\/teamPortrait?teamtable=224052&amp;pageState=rueckrunde&amp;championship=Frankfurt+25%2F26&amp;group=36135\">BV Gro\u00dfauheim-Goldbach\/Laufach<\/a>\n          <\/td>\n          <td align=\"center\">12<\/td>\n          <td align=\"center\">8<\/td>\n          <td align=\"center\">1<\/td>\n          <td align=\"center\">3<\/td>\n          <td align=\"center\">17:7<\/td>\n          \n            <td align=\"center\">\n              60:36\n            <\/td>\n          \n          <td align=\"center\">\n            128:88\n          <\/td>\n        <\/tr>\n      \n\n      \n\n    \n      \n        <tr>\n          <td>\n            \n            \n            \n            &nbsp;<\/td>\n          <td align=\"center\">3<\/td>\n          <td nowrap=\"nowrap\">\n            <a alt=\"Mannschaftsportrait\" title=\"Mannschaftsportrait\" target=\"_blank\" href=\"http:\/\/hbv-badminton.liga.nu\/cgi-bin\/WebObjects\/nuLigaBADDE.woa\/wa\/teamPortrait?teamtable=223993&amp;pageState=rueckrunde&amp;championship=Frankfurt+25%2F26&amp;group=36135\">1. BV Maintal III<\/a>\n          <\/td>\n          <td align=\"center\">12<\/td>\n          <td align=\"center\">5<\/td>\n          <td align=\"center\">2<\/td>\n          <td align=\"center\">5<\/td>\n          <td align=\"center\">12:12<\/td>\n          \n            <td align=\"center\">\n              48:48\n            <\/td>\n          \n          <td align=\"center\">\n            117:111\n          <\/td>\n        <\/tr>\n      \n\n      \n\n    \n      \n        <tr>\n          <td>\n            \n            \n            \n            &nbsp;<\/td>\n          <td align=\"center\">4<\/td>\n          <td nowrap=\"nowrap\">\n            <a alt=\"Mannschaftsportrait\" title=\"Mannschaftsportrait\" target=\"_blank\" href=\"http:\/\/hbv-badminton.liga.nu\/cgi-bin\/WebObjects\/nuLigaBADDE.woa\/wa\/teamPortrait?teamtable=225060&amp;pageState=rueckrunde&amp;championship=Frankfurt+25%2F26&amp;group=36135\">Rot-Weiss Walldorf II<\/a>\n          <\/td>\n          <td align=\"center\">12<\/td>\n          <td align=\"center\">5<\/td>\n          <td align=\"center\">1<\/td>\n          <td align=\"center\">6<\/td>\n          <td align=\"center\">11:13<\/td>\n          \n            <td align=\"center\">\n              47:49\n            <\/td>\n          \n          <td align=\"center\">\n            112:113\n          <\/td>\n        <\/tr>\n      \n\n      \n\n    \n      \n        <tr>\n          <td>\n            \n            \n            \n            &nbsp;<\/td>\n          <td align=\"center\">5<\/td>\n          <td nowrap=\"nowrap\">\n            <a alt=\"Mannschaftsportrait\" title=\"Mannschaftsportrait\" target=\"_blank\" href=\"http:\/\/hbv-badminton.liga.nu\/cgi-bin\/WebObjects\/nuLigaBADDE.woa\/wa\/teamPortrait?teamtable=224010&amp;pageState=rueckrunde&amp;championship=Frankfurt+25%2F26&amp;group=36135\">TG Bornheim<\/a>\n          <\/td>\n          <td align=\"center\">12<\/td>\n          <td align=\"center\">4<\/td>\n          <td align=\"center\">2<\/td>\n          <td align=\"center\">6<\/td>\n          <td align=\"center\">10:14<\/td>\n          \n            <td align=\"center\">\n              42:54\n            <\/td>\n          \n          <td align=\"center\">\n            101:121\n          <\/td>\n        <\/tr>\n      \n\n      \n\n    \n      \n        <tr>\n          <td>\n            \n            \n            \n            &nbsp;<\/td>\n          <td align=\"center\">6<\/td>\n          <td nowrap=\"nowrap\">\n            <a alt=\"Mannschaftsportrait\" title=\"Mannschaftsportrait\" target=\"_blank\" href=\"http:\/\/hbv-badminton.liga.nu\/cgi-bin\/WebObjects\/nuLigaBADDE.woa\/wa\/teamPortrait?teamtable=225058&amp;pageState=rueckrunde&amp;championship=Frankfurt+25%2F26&amp;group=36135\">ABC Frankfurt III<\/a>\n          <\/td>\n          <td align=\"center\">12<\/td>\n          <td align=\"center\">4<\/td>\n          <td align=\"center\">2<\/td>\n          <td align=\"center\">6<\/td>\n          <td align=\"center\">10:14<\/td>\n          \n            <td align=\"center\">\n              41:55\n            <\/td>\n          \n          <td align=\"center\">\n            102:134\n          <\/td>\n        <\/tr>\n      \n\n      \n\n    \n      \n        <tr>\n          <td>\n            \n            \n            \n            &nbsp;<\/td>\n          <td align=\"center\">7<\/td>\n          <td nowrap=\"nowrap\">\n            <a alt=\"Mannschaftsportrait\" title=\"Mannschaftsportrait\" target=\"_blank\" href=\"http:\/\/hbv-badminton.liga.nu\/cgi-bin\/WebObjects\/nuLigaBADDE.woa\/wa\/teamPortrait?teamtable=224016&amp;pageState=rueckrunde&amp;championship=Frankfurt+25%2F26&amp;group=36135\">TGS Offenbach-Bieber<\/a>\n          <\/td>\n          <td align=\"center\">12<\/td>\n          <td align=\"center\">1<\/td>\n          <td align=\"center\">0<\/td>\n          <td align=\"center\">11<\/td>\n          <td align=\"center\">2:22<\/td>\n          \n            <td align=\"center\">\n              29:67\n            <\/td>\n          \n          <td align=\"center\">\n            75:149\n          <\/td>\n        <\/tr>\n      \n\n      \n\n    \n      \n\n      \n        <tr>\n          <td>\n            \n            \n            \n            <img loading=\"lazy\" decoding=\"async\" alt=\"Absteiger\" border=\"0\" title=\"Absteiger\" src=\"http:\/\/hbv-badminton.liga.nu\/WebObjects\/nuLiga.woa\/Frameworks\/nuLigaFramework.framework\/WebServerResources\/img\/icons\/down_11x11.gif?nlv=2b8f3092\" width=\"11\" height=\"11\" \/>&nbsp;<\/td>\n          <td align=\"center\">8<\/td>\n          <td nowrap=\"nowrap\">\n            <a alt=\"Mannschaftsportrait\" title=\"Mannschaftsportrait\" target=\"_blank\" href=\"http:\/\/hbv-badminton.liga.nu\/cgi-bin\/WebObjects\/nuLigaBADDE.woa\/wa\/teamPortrait?teamtable=224005&amp;pageState=rueckrunde&amp;championship=Frankfurt+25%2F26&amp;group=36135\">1. Frankfurter BC<\/a>\n          <\/td>\n          <td>&nbsp;<\/td>\n          <td align=\"center\" colspan=\"6\">\n            \n              zur\u00fcckgezogen am 09.01.2026\n\n              \n\n            \n\n            \n\n          <\/td>\n        <\/tr>\n      \n\n    \n  <\/table>\n\n\n                \n            \n          \n          \n          \n          \n          \n          \n            \n            \n            \n              \n                Aktualisiert am 09.04.2026 05:01<br \/>Informationen von <a href=\"http:\/\/hbv-badminton.liga.nu\/cgi-bin\/WebObjects\/nuLigaBADDE.woa\/wa\/groupPage?championship=Frankfurt+25%2F26&group=36135\" target=\"_blank\">Liga.nu<\/a><span style=\"display:none;\"> from CACHE...<\/span>\n\t<\/div>\n<\/div>\n<\/div><\/div><div id=\"panel-9515-0-0-3\" class=\"so-panel widget widget_bvg-nuligateamcalendar panel-last-child\" data-index=\"3\" ><div\n\t\t\t\n\t\t\tclass=\"so-widget-bvg-nuligateamcalendar so-widget-bvg-nuligateamcalendar-base\"\n\t\t\t\n\t\t>\n\n<div class=\"siteorigin-widget-tinymce textwidget\">\n\t<div class=\"bvg_block\" id=\"\" >\n\n\t\t<h1>1.Mannschaft Termine<\/h1>\n\n\t\t<h2><\/h2>Aktualisiert am 09.04.2026 05:01<br \/>Informationen von <a href=\"http:\/\/hbv-badminton.liga.nu\/cgi-bin\/WebObjects\/nuLigaBADDE.woa\/wa\/teamPortrait?teamtable=224052&championship=HBV+25%2F26&group=36135\" target=\"_blank\">Liga.nu<\/a><span style=\"display:none;\"> from CACHE...<\/span>\n\t<\/div>\n<\/div>\n<\/div><\/div><\/div><\/div><\/div>","protected":false},"excerpt":{"rendered":"<p>BVG 1 holt souver\u00e4n die Vizemeisterschaft in der BOL von Martin K\u00f6hler 1. Mannschaft greift nochmals \u00fcberraschend ins Titelgeschehen ein von Martin K\u00f6hler Foto &nbsp; &nbsp; &nbsp; &nbsp; &nbsp; Stammspieler Neidhardt, Luca Domr\u00f6se, Christoph Billington, Timo Tomaschek, Felix Krohn, Felix Jacob Noah Fuchs Schenkel, Victoria Spielmann, Sarah Spielmann, Anna Trainer Spielmann, Thomas Aktuelle Tabelle Bezirksoberliga [&hellip;]<\/p>\n","protected":false},"author":13,"featured_media":0,"parent":0,"menu_order":0,"comment_status":"closed","ping_status":"closed","template":"","meta":{"_acf_changed":false,"_monsterinsights_skip_tracking":false,"_monsterinsights_sitenote_active":false,"_monsterinsights_sitenote_note":"","_monsterinsights_sitenote_category":0,"ngg_post_thumbnail":0,"footnotes":""},"class_list":["post-9515","page","type-page","status-publish","hentry","post"],"acf":[],"_links":{"self":[{"href":"https:\/\/lignoplan.com\/wordpress_9\/wp-json\/wp\/v2\/pages\/9515","targetHints":{"allow":["GET"]}}],"collection":[{"href":"https:\/\/lignoplan.com\/wordpress_9\/wp-json\/wp\/v2\/pages"}],"about":[{"href":"https:\/\/lignoplan.com\/wordpress_9\/wp-json\/wp\/v2\/types\/page"}],"author":[{"embeddable":true,"href":"https:\/\/lignoplan.com\/wordpress_9\/wp-json\/wp\/v2\/users\/13"}],"replies":[{"embeddable":true,"href":"https:\/\/lignoplan.com\/wordpress_9\/wp-json\/wp\/v2\/comments?post=9515"}],"version-history":[{"count":4,"href":"https:\/\/lignoplan.com\/wordpress_9\/wp-json\/wp\/v2\/pages\/9515\/revisions"}],"predecessor-version":[{"id":10246,"href":"https:\/\/lignoplan.com\/wordpress_9\/wp-json\/wp\/v2\/pages\/9515\/revisions\/10246"}],"wp:attachment":[{"href":"https:\/\/lignoplan.com\/wordpress_9\/wp-json\/wp\/v2\/media?parent=9515"}],"curies":[{"name":"wp","href":"https:\/\/api.w.org\/{rel}","templated":true}]}}