{"id":916,"date":"2016-04-25T09:12:52","date_gmt":"2016-04-25T09:12:52","guid":{"rendered":"http:\/\/lignoplan.com\/wordpress_d\/?page_id=916"},"modified":"2016-06-22T07:35:17","modified_gmt":"2016-06-22T07:35:17","slug":"5-mannschaft-20152016","status":"publish","type":"page","link":"https:\/\/lignoplan.com\/wordpress_9\/5-mannschaft-20152016\/","title":{"rendered":"5.Mannschaft 2015\/2016"},"content":{"rendered":"<div id=\"mannschaft_allgemein\" class=\"bvg_block\">\n<h1>Saison 2015\/2016<\/h1>\n<div class=\"team_photo\"><a href=\"http:\/\/lignoplan.com\/wordpress_d\/wp-content\/uploads\/2016\/04\/2016-01-Gruppenfoto-BVG5_010.jpg\" rel=\"attachment wp-att-918\"><img loading=\"lazy\" decoding=\"async\" class=\"alignnone size-medium wp-image-918\" src=\"http:\/\/lignoplan.com\/wordpress_d\/wp-content\/uploads\/2016\/04\/2016-01-Gruppenfoto-BVG5_010-300x200.jpg\" alt=\"5. Mannschaft 2015\" width=\"300\" height=\"200\" srcset=\"https:\/\/lignoplan.com\/wordpress_9\/wp-content\/uploads\/2016\/04\/2016-01-Gruppenfoto-BVG5_010-300x200.jpg 300w, https:\/\/lignoplan.com\/wordpress_9\/wp-content\/uploads\/2016\/04\/2016-01-Gruppenfoto-BVG5_010-768x512.jpg 768w, https:\/\/lignoplan.com\/wordpress_9\/wp-content\/uploads\/2016\/04\/2016-01-Gruppenfoto-BVG5_010.jpg 1024w, https:\/\/lignoplan.com\/wordpress_9\/wp-content\/uploads\/2016\/04\/2016-01-Gruppenfoto-BVG5_010-272x182.jpg 272w\" sizes=\"auto, (max-width: 300px) 100vw, 300px\" \/><\/a><\/div>\n<div id=\"team_photo_members\">Laurent, Anette, Nick, Gerhard, Katrin, Peter (v. links nach rechts)<\/div>\n<h2>Mannschaftsspieler<\/h2>\n<h3>Herren<\/h3>\n<ul>\n<li class=\"bvg_stamm\"><a href=\"http:\/\/www.turnier.de\/sport\/player.aspx?id=202E29D6-0A3A-4769-9CCC-3F540EB6D56F&amp;player=6191\" target=\"_blank\">F\u00fcrste, Peter<\/a><\/li>\n<li class=\"bvg_stamm\"><a href=\"http:\/\/www.turnier.de\/sport\/player.aspx?id=202E29D6-0A3A-4769-9CCC-3F540EB6D56F&amp;player=6188\" target=\"_blank\">H\u00e4user, Nick<\/a><\/li>\n<li class=\"bvg_stamm\"><a href=\"http:\/\/www.turnier.de\/sport\/player.aspx?id=202E29D6-0A3A-4769-9CCC-3F540EB6D56F&amp;player=6189\" target=\"_blank\">Junghans, Gerhard<\/a> (Mannschaftsf\u00fchrer)<\/li>\n<li class=\"bvg_stamm\"><a href=\"http:\/\/www.turnier.de\/sport\/player.aspx?id=202E29D6-0A3A-4769-9CCC-3F540EB6D56F&amp;player=6286\" target=\"_blank\">Dorier, Laurent<\/a><\/li>\n<li class=\"bvg_ersatz\"><a href=\"http:\/\/www.turnier.de\/sport\/player.aspx?id=202E29D6-0A3A-4769-9CCC-3F540EB6D56F&amp;player=6192\" target=\"_blank\">Bayer, Markus<\/a><\/li>\n<li class=\"bvg_ersatz\"><a href=\"http:\/\/www.turnier.de\/sport\/player.aspx?id=202E29D6-0A3A-4769-9CCC-3F540EB6D56F&amp;player=6190\" target=\"_blank\">F\u00fcrste, Thomas<\/a><\/li>\n<li class=\"bvg_ersatz\"><a href=\"http:\/\/www.turnier.de\/sport\/player.aspx?id=202E29D6-0A3A-4769-9CCC-3F540EB6D56F&amp;player=6200\" target=\"_blank\">Roither, Nils Werner<\/a><\/li>\n<li class=\"bvg_ersatz\"><a href=\"http:\/\/www.turnier.de\/sport\/player.aspx?id=202E29D6-0A3A-4769-9CCC-3F540EB6D56F&amp;player=6229\" target=\"_blank\">Wolf, Martin<\/a><\/li>\n<\/ul>\n<h3>Damen<\/h3>\n<ul>\n<li class=\"bvg_stamm\"><a href=\"http:\/\/www.turnier.de\/sport\/player.aspx?id=202E29D6-0A3A-4769-9CCC-3F540EB6D56F&amp;player=6205\" target=\"_blank\">Zentgraf, Katrin<\/a><\/li>\n<li class=\"bvg_stamm\"><a href=\"http:\/\/www.turnier.de\/sport\/player.aspx?id=202E29D6-0A3A-4769-9CCC-3F540EB6D56F&amp;player=6211\" target=\"_blank\">Meecham, Julia<\/a><\/li>\n<li class=\"bvg_ersatz\"><a href=\"http:\/\/www.turnier.de\/sport\/player.aspx?id=202E29D6-0A3A-4769-9CCC-3F540EB6D56F&amp;player=6214\" target=\"_blank\">H\u00e4user, Anette<\/a><\/li>\n<li class=\"bvg_ersatz\"><a href=\"http:\/\/www.turnier.de\/sport\/player.aspx?id=202E29D6-0A3A-4769-9CCC-3F540EB6D56F&amp;player=6231\" target=\"_blank\">Zentgraf, Hanna<\/a><\/li>\n<\/ul>\n<\/div>\n<div id=\"mannschaft_tabelle\" class=\"bvg_block\">\n<h1>Tabelle<\/h1>\n<h1><a href=\"http:\/\/turnier.de\/sport\/draw.aspx?id=202E29D6-0A3A-4769-9CCC-3F540EB6D56F&amp;draw=26\" target=\"_blank\">Bezirk Frankfurt Bezirksliga FR C &#8211; Bezirksliga FR C4<\/a><\/h1>\n<table class=\"ruler\">\n<thead>\n<tr class=\"poulestandings\">\n<td><\/td>\n<td><\/td>\n<td>gespielt<\/td>\n<td colspan=\"3\">Punkte<\/td>\n<td>GEW<\/td>\n<td>REM<\/td>\n<td>VER<\/td>\n<td colspan=\"3\">Spiele<\/td>\n<td colspan=\"3\">S\u00e4tze<\/td>\n<td colspan=\"3\">Spielpunkte<\/td>\n<\/tr>\n<\/thead>\n<tbody>\n<tr class=\"totalbg promote bottomline\">\n<td class=\"standingsrank\">1<\/td>\n<td><a href=\"http:\/\/turnier.de\/sport\/team.aspx?id=202E29D6-0A3A-4769-9CCC-3F540EB6D56F&amp;team=165\" target=\"_blank\">ABC Frankfurt 2<\/a><\/td>\n<td align=\"center\">12<\/td>\n<td class=\"score\" align=\"right\">20<\/td>\n<td class=\"separator\" align=\"center\">:<\/td>\n<td class=\"score\" align=\"left\">4<\/td>\n<td align=\"center\">10<\/td>\n<td align=\"center\">0<\/td>\n<td align=\"center\">2<\/td>\n<td class=\"score\" align=\"right\">67<\/td>\n<td class=\"separator\" align=\"center\">:<\/td>\n<td class=\"score\" align=\"left\">29<\/td>\n<td class=\"score\" align=\"right\">145<\/td>\n<td class=\"separator\" align=\"center\">:<\/td>\n<td class=\"score\" align=\"left\">69<\/td>\n<td class=\"score\" align=\"right\">4078<\/td>\n<td class=\"separator\" align=\"center\">:<\/td>\n<td class=\"score\" align=\"left\">3020<\/td>\n<\/tr>\n<tr>\n<td class=\"standingsrank\">2<\/td>\n<td><a href=\"http:\/\/turnier.de\/sport\/team.aspx?id=202E29D6-0A3A-4769-9CCC-3F540EB6D56F&amp;team=168\" target=\"_blank\">SKV B\u00fcdesheim 3<\/a><\/td>\n<td align=\"center\">12<\/td>\n<td class=\"score\" align=\"right\">18<\/td>\n<td class=\"separator\" align=\"center\">:<\/td>\n<td class=\"score\" align=\"left\">6<\/td>\n<td align=\"center\">9<\/td>\n<td align=\"center\">0<\/td>\n<td align=\"center\">3<\/td>\n<td class=\"score\" align=\"right\">63<\/td>\n<td class=\"separator\" align=\"center\">:<\/td>\n<td class=\"score\" align=\"left\">33<\/td>\n<td class=\"score\" align=\"right\">135<\/td>\n<td class=\"separator\" align=\"center\">:<\/td>\n<td class=\"score\" align=\"left\">77<\/td>\n<td class=\"score\" align=\"right\">3846<\/td>\n<td class=\"separator\" align=\"center\">:<\/td>\n<td class=\"score\" align=\"left\">3054<\/td>\n<\/tr>\n<tr>\n<td class=\"standingsrank\">3<\/td>\n<td><a href=\"http:\/\/turnier.de\/sport\/team.aspx?id=202E29D6-0A3A-4769-9CCC-3F540EB6D56F&amp;team=164\" target=\"_blank\">TSG Erlensee 1<\/a><\/td>\n<td align=\"center\">12<\/td>\n<td class=\"score\" align=\"right\">18<\/td>\n<td class=\"separator\" align=\"center\">:<\/td>\n<td class=\"score\" align=\"left\">6<\/td>\n<td align=\"center\">9<\/td>\n<td align=\"center\">0<\/td>\n<td align=\"center\">3<\/td>\n<td class=\"score\" align=\"right\">61<\/td>\n<td class=\"separator\" align=\"center\">:<\/td>\n<td class=\"score\" align=\"left\">35<\/td>\n<td class=\"score\" align=\"right\">129<\/td>\n<td class=\"separator\" align=\"center\">:<\/td>\n<td class=\"score\" align=\"left\">82<\/td>\n<td class=\"score\" align=\"right\">3682<\/td>\n<td class=\"separator\" align=\"center\">:<\/td>\n<td class=\"score\" align=\"left\">3273<\/td>\n<\/tr>\n<tr>\n<td class=\"standingsrank\">4<\/td>\n<td><a href=\"http:\/\/turnier.de\/sport\/team.aspx?id=202E29D6-0A3A-4769-9CCC-3F540EB6D56F&amp;team=170\" target=\"_blank\">SV Fun-Ball Dortelweil 7<\/a><\/td>\n<td align=\"center\">12<\/td>\n<td class=\"score\" align=\"right\">12<\/td>\n<td class=\"separator\" align=\"center\">:<\/td>\n<td class=\"score\" align=\"left\">12<\/td>\n<td align=\"center\">6<\/td>\n<td align=\"center\">0<\/td>\n<td align=\"center\">6<\/td>\n<td class=\"score\" align=\"right\">55<\/td>\n<td class=\"separator\" align=\"center\">:<\/td>\n<td class=\"score\" align=\"left\">41<\/td>\n<td class=\"score\" align=\"right\">125<\/td>\n<td class=\"separator\" align=\"center\">:<\/td>\n<td class=\"score\" align=\"left\">91<\/td>\n<td class=\"score\" align=\"right\">3933<\/td>\n<td class=\"separator\" align=\"center\">:<\/td>\n<td class=\"score\" align=\"left\">3438<\/td>\n<\/tr>\n<tr>\n<td class=\"standingsrank\">5<\/td>\n<td><a href=\"http:\/\/turnier.de\/sport\/team.aspx?id=202E29D6-0A3A-4769-9CCC-3F540EB6D56F&amp;team=167\" target=\"_blank\">TG Hanau 4<\/a><\/td>\n<td align=\"center\">12<\/td>\n<td class=\"score\" align=\"right\">8<\/td>\n<td class=\"separator\" align=\"center\">:<\/td>\n<td class=\"score\" align=\"left\">16<\/td>\n<td align=\"center\">4<\/td>\n<td align=\"center\">0<\/td>\n<td align=\"center\">8<\/td>\n<td class=\"score\" align=\"right\">44<\/td>\n<td class=\"separator\" align=\"center\">:<\/td>\n<td class=\"score\" align=\"left\">52<\/td>\n<td class=\"score\" align=\"right\">97<\/td>\n<td class=\"separator\" align=\"center\">:<\/td>\n<td class=\"score\" align=\"left\">115<\/td>\n<td class=\"score\" align=\"right\">3236<\/td>\n<td class=\"separator\" align=\"center\">:<\/td>\n<td class=\"score\" align=\"left\">3508<\/td>\n<\/tr>\n<tr class=\"selected bvg\">\n<td class=\"standingsrank\"><strong>6<\/strong><\/td>\n<td><strong><a href=\"http:\/\/turnier.de\/sport\/team.aspx?id=202E29D6-0A3A-4769-9CCC-3F540EB6D56F&amp;team=169\" target=\"_blank\">BV G.-Goldbach\/Laufach 5<\/a><\/strong><\/td>\n<td align=\"center\"><strong>12<\/strong><\/td>\n<td class=\"score\" align=\"right\"><strong>8<\/strong><\/td>\n<td class=\"separator\" align=\"center\"><strong>:<\/strong><\/td>\n<td class=\"score\" align=\"left\"><strong>16<\/strong><\/td>\n<td align=\"center\"><strong>4<\/strong><\/td>\n<td align=\"center\"><strong>0<\/strong><\/td>\n<td align=\"center\"><strong>8<\/strong><\/td>\n<td class=\"score\" align=\"right\"><strong>42<\/strong><\/td>\n<td class=\"separator\" align=\"center\"><strong>:<\/strong><\/td>\n<td class=\"score\" align=\"left\"><strong>52<\/strong><\/td>\n<td class=\"score\" align=\"right\"><strong>95<\/strong><\/td>\n<td class=\"separator\" align=\"center\"><strong>:<\/strong><\/td>\n<td class=\"score\" align=\"left\"><strong>118<\/strong><\/td>\n<td class=\"score\" align=\"right\"><strong>3255<\/strong><\/td>\n<td class=\"separator\" align=\"center\"><strong>:<\/strong><\/td>\n<td class=\"score\" align=\"left\"><strong>3749<\/strong><\/td>\n<\/tr>\n<tr>\n<td class=\"standingsrank\">7<\/td>\n<td><a href=\"http:\/\/turnier.de\/sport\/team.aspx?id=202E29D6-0A3A-4769-9CCC-3F540EB6D56F&amp;team=166\" target=\"_blank\">SC Ronneburg 1997 1<\/a><\/td>\n<td align=\"center\">12<\/td>\n<td class=\"score\" align=\"right\">0<\/td>\n<td class=\"separator\" align=\"center\">:<\/td>\n<td class=\"score\" align=\"left\">24<\/td>\n<td align=\"center\">0<\/td>\n<td align=\"center\">0<\/td>\n<td align=\"center\">12<\/td>\n<td class=\"score\" align=\"right\">2<\/td>\n<td class=\"separator\" align=\"center\">:<\/td>\n<td class=\"score\" align=\"left\">92<\/td>\n<td class=\"score\" align=\"right\">10<\/td>\n<td class=\"separator\" align=\"center\">:<\/td>\n<td class=\"score\" align=\"left\">184<\/td>\n<td class=\"score\" align=\"right\">1987<\/td>\n<td class=\"separator\" align=\"center\">:<\/td>\n<td class=\"score\" align=\"left\">3975<\/td>\n<\/tr>\n<\/tbody>\n<\/table>\n<\/div>\n<div id=\"mannschaft_spiele\" class=\"bvg_block\">\n<h1>Spiele<\/h1>\n<table class=\"ruler matches\">\n<thead>\n<tr>\n<td><\/td>\n<td>Spieltermin<\/td>\n<td>Spieltag<\/td>\n<td>Runde<\/td>\n<td>Nr<\/td>\n<td align=\"right\">Heim<\/td>\n<td>&#8211;<\/td>\n<td>Gast<\/td>\n<td>Ergebnis<\/td>\n<\/tr>\n<\/thead>\n<tbody>\n<tr>\n<td><\/td>\n<td class=\"plannedtime\" align=\"right\">So 20.09.2015 <span class=\"time\">09:30<\/span><\/td>\n<td align=\"right\">1<\/td>\n<td align=\"right\">H<\/td>\n<td>3<\/td>\n<td class=\"nowrap\" align=\"right\"><strong><a class=\"teamname\" href=\"teammatch.aspx?id=202E29D6-0A3A-4769-9CCC-3F540EB6D56F&amp;match=1389\">SKV B\u00fcdesheim 3<\/a><\/strong><\/td>\n<td align=\"center\">&#8211;<\/td>\n<td class=\"nowrap\"><a class=\"teamname highlighted\" href=\"teammatch.aspx?id=202E29D6-0A3A-4769-9CCC-3F540EB6D56F&amp;match=1389\">BV G.-Goldbach\/Laufach 5<\/a><\/td>\n<td><span class=\"score\">5-3<\/span><\/td>\n<td><\/td>\n<td><\/td>\n<td><\/td>\n<td><\/td>\n<\/tr>\n<tr>\n<td><\/td>\n<td class=\"plannedtime\" align=\"right\">Do 08.10.2015 <span class=\"time\">20:00<\/span><\/td>\n<td align=\"right\">3<\/td>\n<td align=\"right\">H<\/td>\n<td>12<\/td>\n<td class=\"nowrap\" align=\"right\"><strong><a class=\"teamname\" href=\"teammatch.aspx?id=202E29D6-0A3A-4769-9CCC-3F540EB6D56F&amp;match=1391\">SV Fun-Ball Dortelweil 7<\/a><\/strong><\/td>\n<td align=\"center\">&#8211;<\/td>\n<td class=\"nowrap\"><a class=\"teamname highlighted\" href=\"teammatch.aspx?id=202E29D6-0A3A-4769-9CCC-3F540EB6D56F&amp;match=1391\">BV G.-Goldbach\/Laufach 5<\/a><\/td>\n<td><span class=\"score\">6-2<\/span><\/td>\n<td><\/td>\n<td><\/td>\n<td><\/td>\n<td><\/td>\n<\/tr>\n<tr>\n<td><\/td>\n<td class=\"plannedtime\" align=\"right\">So 08.11.2015 <span class=\"time\">12:30<\/span><\/td>\n<td align=\"right\">4<\/td>\n<td align=\"right\">H<\/td>\n<td>15<\/td>\n<td class=\"nowrap\" align=\"right\"><strong><a class=\"teamname highlighted\" href=\"teammatch.aspx?id=202E29D6-0A3A-4769-9CCC-3F540EB6D56F&amp;match=1368\">BV G.-Goldbach\/Laufach 5<\/a><\/strong><\/td>\n<td align=\"center\">&#8211;<\/td>\n<td class=\"nowrap\"><a class=\"teamname\" href=\"teammatch.aspx?id=202E29D6-0A3A-4769-9CCC-3F540EB6D56F&amp;match=1368\">SC Ronneburg 1997 1<\/a><\/td>\n<td><span class=\"score\">8-0<\/span><\/td>\n<td><\/td>\n<td><\/td>\n<td><\/td>\n<td><\/td>\n<\/tr>\n<tr>\n<td><\/td>\n<td class=\"plannedtime\" align=\"right\">Sa 21.11.2015 <span class=\"time\">15:00<\/span><\/td>\n<td align=\"right\">5<\/td>\n<td align=\"right\">H<\/td>\n<td>19<\/td>\n<td class=\"nowrap\" align=\"right\"><a class=\"teamname highlighted\" href=\"teammatch.aspx?id=202E29D6-0A3A-4769-9CCC-3F540EB6D56F&amp;match=1375\">BV G.-Goldbach\/Laufach 5<\/a><\/td>\n<td align=\"center\">&#8211;<\/td>\n<td class=\"nowrap\"><strong><a class=\"teamname\" href=\"teammatch.aspx?id=202E29D6-0A3A-4769-9CCC-3F540EB6D56F&amp;match=1375\">TG Hanau 4<\/a><\/strong><\/td>\n<td><span class=\"score\">2-6<\/span><\/td>\n<td><\/td>\n<td><\/td>\n<td><\/td>\n<td><\/td>\n<\/tr>\n<tr>\n<td><\/td>\n<td class=\"plannedtime\" align=\"right\">Sa 28.11.2015 <span class=\"time\">16:30<\/span><\/td>\n<td align=\"right\">6<\/td>\n<td align=\"right\">H<\/td>\n<td>23<\/td>\n<td class=\"nowrap\" align=\"right\"><strong><a class=\"teamname\" href=\"teammatch.aspx?id=202E29D6-0A3A-4769-9CCC-3F540EB6D56F&amp;match=1385\">TSG Erlensee 1<\/a><\/strong><\/td>\n<td align=\"center\">&#8211;<\/td>\n<td class=\"nowrap\"><a class=\"teamname highlighted\" href=\"teammatch.aspx?id=202E29D6-0A3A-4769-9CCC-3F540EB6D56F&amp;match=1385\">BV G.-Goldbach\/Laufach 5<\/a><\/td>\n<td><span class=\"score\">5-3<\/span><\/td>\n<td><\/td>\n<td><\/td>\n<td><\/td>\n<td><\/td>\n<\/tr>\n<tr>\n<td><\/td>\n<td class=\"plannedtime\" align=\"right\">So 29.11.2015 <span class=\"time\">12:30<\/span><\/td>\n<td align=\"right\">7<\/td>\n<td align=\"right\">H<\/td>\n<td>27<\/td>\n<td class=\"nowrap\" align=\"right\"><a class=\"teamname highlighted\" href=\"teammatch.aspx?id=202E29D6-0A3A-4769-9CCC-3F540EB6D56F&amp;match=1361\">BV G.-Goldbach\/Laufach 5<\/a><\/td>\n<td align=\"center\">&#8211;<\/td>\n<td class=\"nowrap\"><strong><a class=\"teamname\" href=\"teammatch.aspx?id=202E29D6-0A3A-4769-9CCC-3F540EB6D56F&amp;match=1361\">ABC Frankfurt 2<\/a><\/strong><\/td>\n<td><span class=\"score\">3-5<\/span><\/td>\n<td><\/td>\n<td><\/td>\n<td><\/td>\n<td><\/td>\n<\/tr>\n<tr>\n<td><\/td>\n<td class=\"plannedtime\" align=\"right\">So 24.01.2016 <span class=\"time\">12:30<\/span><\/td>\n<td align=\"right\">8<\/td>\n<td align=\"right\">R<\/td>\n<td>31<\/td>\n<td class=\"nowrap\" align=\"right\"><strong><a class=\"teamname highlighted\" href=\"teammatch.aspx?id=202E29D6-0A3A-4769-9CCC-3F540EB6D56F&amp;match=1382\">BV G.-Goldbach\/Laufach 5<\/a><\/strong><\/td>\n<td align=\"center\">&#8211;<\/td>\n<td class=\"nowrap\"><a class=\"teamname\" href=\"teammatch.aspx?id=202E29D6-0A3A-4769-9CCC-3F540EB6D56F&amp;match=1382\">SKV B\u00fcdesheim 3<\/a><\/td>\n<td><span class=\"score\">5-3<\/span><\/td>\n<td><\/td>\n<td><\/td>\n<td><\/td>\n<td><\/td>\n<\/tr>\n<tr>\n<td><\/td>\n<td class=\"plannedtime\" align=\"right\">So 31.01.2016 <span class=\"time\">12:00<\/span><\/td>\n<td align=\"right\">10<\/td>\n<td align=\"right\">R<\/td>\n<td>40<\/td>\n<td class=\"nowrap\" align=\"right\"><strong><a class=\"teamname highlighted\" href=\"teammatch.aspx?id=202E29D6-0A3A-4769-9CCC-3F540EB6D56F&amp;match=1404\">BV G.-Goldbach\/Laufach 5<\/a><\/strong><\/td>\n<td align=\"center\">&#8211;<\/td>\n<td class=\"nowrap\"><a class=\"teamname\" href=\"teammatch.aspx?id=202E29D6-0A3A-4769-9CCC-3F540EB6D56F&amp;match=1404\">SV Fun-Ball Dortelweil 7<\/a><\/td>\n<td><span class=\"score\">5-3<\/span><\/td>\n<td><\/td>\n<td><\/td>\n<td><\/td>\n<td><\/td>\n<\/tr>\n<tr>\n<td><\/td>\n<td class=\"plannedtime\" align=\"right\">So 28.02.2016 <span class=\"time\">10:00<\/span><\/td>\n<td align=\"right\">11<\/td>\n<td align=\"right\">R<\/td>\n<td>43<\/td>\n<td class=\"nowrap\" align=\"right\"><a class=\"teamname\" href=\"teammatch.aspx?id=202E29D6-0A3A-4769-9CCC-3F540EB6D56F&amp;match=1387\">SC Ronneburg 1997 1<\/a><\/td>\n<td align=\"center\">&#8211;<\/td>\n<td class=\"nowrap\"><strong><a class=\"teamname highlighted\" href=\"teammatch.aspx?id=202E29D6-0A3A-4769-9CCC-3F540EB6D56F&amp;match=1387\">BV G.-Goldbach\/Laufach 5<\/a><\/strong><\/td>\n<td><span class=\"score\">0-6<\/span><\/td>\n<td><\/td>\n<td><\/td>\n<td><\/td>\n<td><\/td>\n<\/tr>\n<tr>\n<td><\/td>\n<td class=\"plannedtime\" align=\"right\">Sa 05.03.2016 <span class=\"time\">17:00<\/span><\/td>\n<td align=\"right\">12<\/td>\n<td align=\"right\">R<\/td>\n<td>47<\/td>\n<td class=\"nowrap\" align=\"right\"><strong><a class=\"teamname\" href=\"teammatch.aspx?id=202E29D6-0A3A-4769-9CCC-3F540EB6D56F&amp;match=1388\">TG Hanau 4<\/a><\/strong><\/td>\n<td align=\"center\">&#8211;<\/td>\n<td class=\"nowrap\"><a class=\"teamname highlighted\" href=\"teammatch.aspx?id=202E29D6-0A3A-4769-9CCC-3F540EB6D56F&amp;match=1388\">BV G.-Goldbach\/Laufach 5<\/a><\/td>\n<td>[<span class=\"score\">8-0 o.K.<\/span>]<\/td>\n<td><\/td>\n<td><\/td>\n<td><\/td>\n<td><\/td>\n<\/tr>\n<tr>\n<td><\/td>\n<td class=\"plannedtime\" align=\"right\">So 06.03.2016 <span class=\"time\">12:30<\/span><\/td>\n<td align=\"right\">13<\/td>\n<td align=\"right\">R<\/td>\n<td>51<\/td>\n<td class=\"nowrap\" align=\"right\"><a class=\"teamname highlighted\" href=\"teammatch.aspx?id=202E29D6-0A3A-4769-9CCC-3F540EB6D56F&amp;match=1354\">BV G.-Goldbach\/Laufach 5<\/a><\/td>\n<td align=\"center\">&#8211;<\/td>\n<td class=\"nowrap\"><strong><a class=\"teamname\" href=\"teammatch.aspx?id=202E29D6-0A3A-4769-9CCC-3F540EB6D56F&amp;match=1354\">TSG Erlensee 1<\/a><\/strong><\/td>\n<td><span class=\"score\">3-5<\/span><\/td>\n<td><\/td>\n<td><\/td>\n<td><\/td>\n<td><\/td>\n<\/tr>\n<tr>\n<td><\/td>\n<td class=\"plannedtime\" align=\"right\">So 20.03.2016 <span class=\"time\">12:00<\/span><\/td>\n<td align=\"right\">14<\/td>\n<td align=\"right\">R<\/td>\n<td>55<\/td>\n<td class=\"nowrap\" align=\"right\"><strong><a class=\"teamname\" href=\"teammatch.aspx?id=202E29D6-0A3A-4769-9CCC-3F540EB6D56F&amp;match=1386\">ABC Frankfurt 2<\/a><\/strong><\/td>\n<td align=\"center\">&#8211;<\/td>\n<td class=\"nowrap\"><a class=\"teamname highlighted\" href=\"teammatch.aspx?id=202E29D6-0A3A-4769-9CCC-3F540EB6D56F&amp;match=1386\">BV G.-Goldbach\/Laufach 5<\/a><\/td>\n<td><span class=\"score\">6-2<\/span><\/td>\n<td><\/td>\n<td><\/td>\n<td><\/td>\n<td><\/td>\n<\/tr>\n<\/tbody>\n<\/table>\n<\/div>\n<div id=\"mannschaft_slideshow\" class=\"bvg_block\">\n<p>\n<div class=\"ngg-galleryoverview ngg-slideshow\"\n\tid=\"ngg-slideshow-259117d8a4535245a854af9458c5773f-17671913950\"\n\tdata-gallery-id=\"259117d8a4535245a854af9458c5773f\"\n\tstyle=\"max-width: 600px;\n\t\t\tmax-height: 400px;\n\t\t\tdisplay: none;\">\n\n\t\n\t\t<a href=\"https:\/\/lignoplan.com\/wordpress_9\/wp-content\/gallery\/5-mannschaft\/2016-04-12_13h11_25.png\"\n\t\t\ttitle=\"\"\n\t\t\tdata-src=\"https:\/\/lignoplan.com\/wordpress_9\/wp-content\/gallery\/5-mannschaft\/2016-04-12_13h11_25.png\"\n\t\t\tdata-thumbnail=\"https:\/\/lignoplan.com\/wordpress_9\/wp-content\/gallery\/5-mannschaft\/thumbs\/thumbs_2016-04-12_13h11_25.png\"\n\t\t\tdata-image-id=\"61\"\n\t\t\tdata-title=\"2016-04-12_13h11_25\"\n\t\t\tdata-description=\"\"\n\t\t\t\t\t\t\t\t\t\t\t\t\t\t\tclass=\"ngg-fancybox\" rel=\"259117d8a4535245a854af9458c5773f\">\n\t\t\t\n\t\t\t<img data-image-id='61'\n\t\t\t\ttitle=\"\"\n\t\t\t\talt=\"2016-04-12_13h11_25\"\n\t\t\t\tsrc=\"https:\/\/lignoplan.com\/wordpress_9\/wp-content\/gallery\/5-mannschaft\/2016-04-12_13h11_25.png\"\n\t\t\t\tstyle=\"max-height: 380px;\"\/>\n\t\t<\/a>\n\n\t\t\n\t\t<a href=\"https:\/\/lignoplan.com\/wordpress_9\/wp-content\/gallery\/5-mannschaft\/2016-04-12_13h08_07.png\"\n\t\t\ttitle=\"\"\n\t\t\tdata-src=\"https:\/\/lignoplan.com\/wordpress_9\/wp-content\/gallery\/5-mannschaft\/2016-04-12_13h08_07.png\"\n\t\t\tdata-thumbnail=\"https:\/\/lignoplan.com\/wordpress_9\/wp-content\/gallery\/5-mannschaft\/thumbs\/thumbs_2016-04-12_13h08_07.png\"\n\t\t\tdata-image-id=\"62\"\n\t\t\tdata-title=\"2016-04-12_13h08_07\"\n\t\t\tdata-description=\"\"\n\t\t\t\t\t\t\t\t\t\t\t\t\t\t\tclass=\"ngg-fancybox\" rel=\"259117d8a4535245a854af9458c5773f\">\n\t\t\t\n\t\t\t<img data-image-id='62'\n\t\t\t\ttitle=\"\"\n\t\t\t\talt=\"2016-04-12_13h08_07\"\n\t\t\t\tsrc=\"https:\/\/lignoplan.com\/wordpress_9\/wp-content\/gallery\/5-mannschaft\/2016-04-12_13h08_07.png\"\n\t\t\t\tstyle=\"max-height: 380px;\"\/>\n\t\t<\/a>\n\n\t\t\n\t\t<a href=\"https:\/\/lignoplan.com\/wordpress_9\/wp-content\/gallery\/5-mannschaft\/2016-04-12_13h09_14.png\"\n\t\t\ttitle=\"\"\n\t\t\tdata-src=\"https:\/\/lignoplan.com\/wordpress_9\/wp-content\/gallery\/5-mannschaft\/2016-04-12_13h09_14.png\"\n\t\t\tdata-thumbnail=\"https:\/\/lignoplan.com\/wordpress_9\/wp-content\/gallery\/5-mannschaft\/thumbs\/thumbs_2016-04-12_13h09_14.png\"\n\t\t\tdata-image-id=\"63\"\n\t\t\tdata-title=\"2016-04-12_13h09_14\"\n\t\t\tdata-description=\"\"\n\t\t\t\t\t\t\t\t\t\t\t\t\t\t\tclass=\"ngg-fancybox\" rel=\"259117d8a4535245a854af9458c5773f\">\n\t\t\t\n\t\t\t<img data-image-id='63'\n\t\t\t\ttitle=\"\"\n\t\t\t\talt=\"2016-04-12_13h09_14\"\n\t\t\t\tsrc=\"https:\/\/lignoplan.com\/wordpress_9\/wp-content\/gallery\/5-mannschaft\/2016-04-12_13h09_14.png\"\n\t\t\t\tstyle=\"max-height: 380px;\"\/>\n\t\t<\/a>\n\n\t\t\n\t\t<a href=\"https:\/\/lignoplan.com\/wordpress_9\/wp-content\/gallery\/5-mannschaft\/2016-04-12_13h09_41.png\"\n\t\t\ttitle=\"\"\n\t\t\tdata-src=\"https:\/\/lignoplan.com\/wordpress_9\/wp-content\/gallery\/5-mannschaft\/2016-04-12_13h09_41.png\"\n\t\t\tdata-thumbnail=\"https:\/\/lignoplan.com\/wordpress_9\/wp-content\/gallery\/5-mannschaft\/thumbs\/thumbs_2016-04-12_13h09_41.png\"\n\t\t\tdata-image-id=\"64\"\n\t\t\tdata-title=\"2016-04-12_13h09_41\"\n\t\t\tdata-description=\"\"\n\t\t\t\t\t\t\t\t\t\t\t\t\t\t\tclass=\"ngg-fancybox\" rel=\"259117d8a4535245a854af9458c5773f\">\n\t\t\t\n\t\t\t<img data-image-id='64'\n\t\t\t\ttitle=\"\"\n\t\t\t\talt=\"2016-04-12_13h09_41\"\n\t\t\t\tsrc=\"https:\/\/lignoplan.com\/wordpress_9\/wp-content\/gallery\/5-mannschaft\/2016-04-12_13h09_41.png\"\n\t\t\t\tstyle=\"max-height: 380px;\"\/>\n\t\t<\/a>\n\n\t\t\n\t\t<a href=\"https:\/\/lignoplan.com\/wordpress_9\/wp-content\/gallery\/5-mannschaft\/2016-04-12_13h10_43.png\"\n\t\t\ttitle=\"\"\n\t\t\tdata-src=\"https:\/\/lignoplan.com\/wordpress_9\/wp-content\/gallery\/5-mannschaft\/2016-04-12_13h10_43.png\"\n\t\t\tdata-thumbnail=\"https:\/\/lignoplan.com\/wordpress_9\/wp-content\/gallery\/5-mannschaft\/thumbs\/thumbs_2016-04-12_13h10_43.png\"\n\t\t\tdata-image-id=\"65\"\n\t\t\tdata-title=\"2016-04-12_13h10_43\"\n\t\t\tdata-description=\"\"\n\t\t\t\t\t\t\t\t\t\t\t\t\t\t\tclass=\"ngg-fancybox\" rel=\"259117d8a4535245a854af9458c5773f\">\n\t\t\t\n\t\t\t<img data-image-id='65'\n\t\t\t\ttitle=\"\"\n\t\t\t\talt=\"2016-04-12_13h10_43\"\n\t\t\t\tsrc=\"https:\/\/lignoplan.com\/wordpress_9\/wp-content\/gallery\/5-mannschaft\/2016-04-12_13h10_43.png\"\n\t\t\t\tstyle=\"max-height: 380px;\"\/>\n\t\t<\/a>\n\n\t\t<\/div>\n\n\t\t<!-- Thumbnails Link -->\n\t<div class=\"slideshowlink\" style=\"max-width: 600px;\">\n\t\t<a href='https:\/\/lignoplan.com\/wordpress_9\/5-mannschaft-20152016\/nggallery\/thumbnails'>[Zeige Vorschaubilder]<\/a>\n\t<\/div>\n\n<\/p>\n<\/div>\n","protected":false},"excerpt":{"rendered":"<p>Saison 2015\/2016 Laurent, Anette, Nick, Gerhard, Katrin, Peter (v. links nach rechts) Mannschaftsspieler Herren F\u00fcrste, Peter H\u00e4user, Nick Junghans, Gerhard (Mannschaftsf\u00fchrer) Dorier, Laurent Bayer, Markus F\u00fcrste, Thomas Roither, Nils Werner Wolf, Martin Damen Zentgraf, Katrin Meecham, Julia H\u00e4user, Anette Zentgraf, Hanna Tabelle Bezirk Frankfurt Bezirksliga FR C &#8211; Bezirksliga FR C4 gespielt Punkte GEW REM [&hellip;]<\/p>\n","protected":false},"author":13,"featured_media":0,"parent":0,"menu_order":0,"comment_status":"closed","ping_status":"closed","template":"","meta":{"_acf_changed":false,"_monsterinsights_skip_tracking":false,"_monsterinsights_sitenote_active":false,"_monsterinsights_sitenote_note":"","_monsterinsights_sitenote_category":0,"ngg_post_thumbnail":0,"footnotes":""},"class_list":["post-916","page","type-page","status-publish","hentry","post"],"acf":[],"_links":{"self":[{"href":"https:\/\/lignoplan.com\/wordpress_9\/wp-json\/wp\/v2\/pages\/916","targetHints":{"allow":["GET"]}}],"collection":[{"href":"https:\/\/lignoplan.com\/wordpress_9\/wp-json\/wp\/v2\/pages"}],"about":[{"href":"https:\/\/lignoplan.com\/wordpress_9\/wp-json\/wp\/v2\/types\/page"}],"author":[{"embeddable":true,"href":"https:\/\/lignoplan.com\/wordpress_9\/wp-json\/wp\/v2\/users\/13"}],"replies":[{"embeddable":true,"href":"https:\/\/lignoplan.com\/wordpress_9\/wp-json\/wp\/v2\/comments?post=916"}],"version-history":[{"count":22,"href":"https:\/\/lignoplan.com\/wordpress_9\/wp-json\/wp\/v2\/pages\/916\/revisions"}],"predecessor-version":[{"id":1337,"href":"https:\/\/lignoplan.com\/wordpress_9\/wp-json\/wp\/v2\/pages\/916\/revisions\/1337"}],"wp:attachment":[{"href":"https:\/\/lignoplan.com\/wordpress_9\/wp-json\/wp\/v2\/media?parent=916"}],"curies":[{"name":"wp","href":"https:\/\/api.w.org\/{rel}","templated":true}]}}