{"id":9128,"date":"2025-01-08T09:09:31","date_gmt":"2025-01-08T09:09:31","guid":{"rendered":"https:\/\/lignoplan.com\/wordpress_9\/?page_id=9128"},"modified":"2025-01-08T09:14:35","modified_gmt":"2025-01-08T09:14:35","slug":"neujahrsturnier-2025","status":"publish","type":"page","link":"https:\/\/lignoplan.com\/wordpress_9\/neujahrsturnier-2025\/","title":{"rendered":"Neujahrsturnier 2025"},"content":{"rendered":"<div id=\"pl-9128\"  class=\"panel-layout\" ><div id=\"pg-9128-0\"  class=\"panel-grid panel-no-style\" ><div id=\"pgc-9128-0-0\"  class=\"panel-grid-cell\" ><div id=\"panel-9128-0-0-0\" class=\"so-panel widget widget_bvg-block panel-first-child\" data-index=\"0\" ><div\n\t\t\t\n\t\t\tclass=\"so-widget-bvg-block so-widget-bvg-block-base\"\n\t\t\t\n\t\t>\n\n<div class=\"siteorigin-widget-tinymce textwidget\">\n\t<div class=\"bvg_block \" id=\"\">\n\n\t\t<h1><\/h1>\n\n\t\t<h3><\/h3>\n\n\t\t<p><a href=\"https:\/\/lignoplan.com\/wordpress_9\/wp-content\/uploads\/2025\/01\/BVG-Schleifchenturnier-2025-Gruppe.jpg\"><img loading=\"lazy\" decoding=\"async\" class=\"size-full wp-image-8968\" src=\"https:\/\/lignoplan.com\/wordpress_9\/wp-content\/uploads\/2025\/01\/BVG-Schleifchenturnier-2025-Gruppe.jpg\" alt=\"\" width=\"27458\" height=\"4890\"\/><\/a><\/p>\n\t<\/div>\n<\/div>\n<\/div><\/div><div id=\"panel-9128-0-0-1\" class=\"so-panel widget widget_bvg-block\" data-index=\"1\" ><div\n\t\t\t\n\t\t\tclass=\"so-widget-bvg-block so-widget-bvg-block-base\"\n\t\t\t\n\t\t>\n\n<div class=\"siteorigin-widget-tinymce textwidget\">\n\t<div class=\"bvg_block \" id=\"bvg-block-457610000\">\n\n\t\t<h1>Neujahrsturnier<\/h1>\n\n\t\t<h3><\/h3>\n\n\t\t<p>Zwar wurde der Teilnehmerrekord in diesem Jahr nicht (knapp) \u00fcbertroffen, aber die Stimmung war wieder toll.<\/p>\n<p>Nach dem traditionellen Wei\u00dfwurstfr\u00fchst\u00fcck begr\u00fc\u00dfte <strong>Hans-Peter Schmitt alle Anwesenden und stellte die verschiedenen aktuellen Projekte des Clubs vor.<\/strong><\/p>\n<p>Anschlie\u00dfend bedankte er sich bei den Mitgliedern des Vorstandes und einigen wichtigen Akteuren des Clubs in dieser Saison.<\/p>\n<p><strong>Thomas \u00fcbernahm dann wie jedes Jahr die Leitung des Turniers<\/strong>, bei dem Gro\u00df und Klein mit guter Laune ein sch\u00f6nes Sportereignis teilen konnten.<\/p>\n<p>Nach zahlreichen umk\u00e4mpften Partien konnten sich alle bei einem Lakefleisch zu einem gem\u00fctlichen Beisammensein zusammenfinden.<\/p>\n<p><strong>Ein gro\u00dfes Dankesch\u00f6n an Werner<\/strong>, der \u00fcber das Ereignis berichtet hat und uns wundersch\u00f6ne Erinnerungsfotos schenkt.<\/p>\n<p><strong>Das Jahr 2025 beginnt perfekt f\u00fcr den BVG Goldbach\/Laufach !!!<\/strong><\/p>\n\t<\/div>\n<\/div>\n<\/div><\/div><div id=\"panel-9128-0-0-2\" class=\"so-panel widget widget_bvg-block panel-last-child\" data-index=\"2\" ><div\n\t\t\t\n\t\t\tclass=\"so-widget-bvg-block so-widget-bvg-block-base\"\n\t\t\t\n\t\t>\n\n<div class=\"siteorigin-widget-tinymce textwidget\">\n\t<div class=\"bvg_block \" id=\"bvg-block-457610001\">\n\n\t\t<h1>Diashow<\/h1>\n\n\t\t<h3><\/h3>\n\n\t\t<p>Bilder von Werner Nebel<\/p>\nngg_shortcode_0_placeholder\n\t<\/div>\n<\/div>\n<\/div><\/div><\/div><\/div><\/div>","protected":false},"excerpt":{"rendered":"<p>Neujahrsturnier Zwar wurde der Teilnehmerrekord in diesem Jahr nicht (knapp) \u00fcbertroffen, aber die Stimmung war wieder toll. Nach dem traditionellen Wei\u00dfwurstfr\u00fchst\u00fcck begr\u00fc\u00dfte Hans-Peter Schmitt alle Anwesenden und stellte die verschiedenen aktuellen Projekte des Clubs vor. Anschlie\u00dfend bedankte er sich bei den Mitgliedern des Vorstandes und einigen wichtigen Akteuren des Clubs in dieser Saison. Thomas \u00fcbernahm [&hellip;]<\/p>\n","protected":false},"author":13,"featured_media":0,"parent":0,"menu_order":0,"comment_status":"closed","ping_status":"closed","template":"","meta":{"_acf_changed":false,"_monsterinsights_skip_tracking":false,"_monsterinsights_sitenote_active":false,"_monsterinsights_sitenote_note":"","_monsterinsights_sitenote_category":0,"ngg_post_thumbnail":0,"footnotes":""},"class_list":["post-9128","page","type-page","status-publish","hentry","post"],"acf":[],"_links":{"self":[{"href":"https:\/\/lignoplan.com\/wordpress_9\/wp-json\/wp\/v2\/pages\/9128","targetHints":{"allow":["GET"]}}],"collection":[{"href":"https:\/\/lignoplan.com\/wordpress_9\/wp-json\/wp\/v2\/pages"}],"about":[{"href":"https:\/\/lignoplan.com\/wordpress_9\/wp-json\/wp\/v2\/types\/page"}],"author":[{"embeddable":true,"href":"https:\/\/lignoplan.com\/wordpress_9\/wp-json\/wp\/v2\/users\/13"}],"replies":[{"embeddable":true,"href":"https:\/\/lignoplan.com\/wordpress_9\/wp-json\/wp\/v2\/comments?post=9128"}],"version-history":[{"count":5,"href":"https:\/\/lignoplan.com\/wordpress_9\/wp-json\/wp\/v2\/pages\/9128\/revisions"}],"predecessor-version":[{"id":9133,"href":"https:\/\/lignoplan.com\/wordpress_9\/wp-json\/wp\/v2\/pages\/9128\/revisions\/9133"}],"wp:attachment":[{"href":"https:\/\/lignoplan.com\/wordpress_9\/wp-json\/wp\/v2\/media?parent=9128"}],"curies":[{"name":"wp","href":"https:\/\/api.w.org\/{rel}","templated":true}]}}