{"id":8500,"date":"2024-05-26T15:36:42","date_gmt":"2024-05-26T15:36:42","guid":{"rendered":"https:\/\/lignoplan.com\/wordpress_9\/?page_id=8500"},"modified":"2025-05-05T09:37:21","modified_gmt":"2025-05-05T09:37:21","slug":"hobbyliga-mannschaft-20242025","status":"publish","type":"page","link":"https:\/\/lignoplan.com\/wordpress_9\/hobbyliga-mannschaft-20242025\/","title":{"rendered":"Hobbyliga Mannschaft 2024\/2025"},"content":{"rendered":"<div id=\"pl-8500\"  class=\"panel-layout\" ><div id=\"pg-8500-0\"  class=\"panel-grid panel-no-style\" ><div id=\"pgc-8500-0-0\"  class=\"panel-grid-cell\" ><div id=\"panel-8500-0-0-0\" class=\"so-panel widget widget_category-posts cat-post-widget panel-first-child\" data-index=\"0\" ><div class=\"not_editable bvg_categoryposts panel-widget-style panel-widget-style-for-8500-0-0-0\" ><div id=\"mannschaft_berichte\"><ul>\n\n\t\t\t\t<li class='cat-post-item' >\n\t\t\t\t\t\n\t\t\t\t\t\t\t\t\t\t\t<a class=\"post-title  cat-post-title\" \n\t\t\t\t\t\t\thref=\"https:\/\/lignoplan.com\/wordpress_9\/abschlussturnier-hobbyliga-am-main\/\" rel=\"bookmark\">Abschlu\u00dfturnier Hobbyliga am Main\t\t\t\t\t\t<\/a>\n\t\t\t\t\t\t\t\t\t\t\t<p class=\"post-author cat-post-author\">\n\t\t\t\t\t\t\tvon\n                            <a href=\"https:\/\/lignoplan.com\/wordpress_9\/author\/ld\/\" title=\"Beitr\u00e4ge von Laurent Dorier\" rel=\"author\">Laurent Dorier<\/a>\t\t\t\t\t\t<\/p>\n\t\t\t\t\t\t\t\t\t<\/li>\n\t\t\t\t\n\t\t\t\t<li class='cat-post-item' >\n\t\t\t\t\t\n\t\t\t\t\t\t\t\t\t\t\t<a class=\"post-title  cat-post-title\" \n\t\t\t\t\t\t\thref=\"https:\/\/lignoplan.com\/wordpress_9\/hobbyliga-auftaktturnier\/\" rel=\"bookmark\">Hobbyliga Auftaktturnier\t\t\t\t\t\t<\/a>\n\t\t\t\t\t\t\t\t\t\t\t<p class=\"post-author cat-post-author\">\n\t\t\t\t\t\t\tvon\n                            <a href=\"https:\/\/lignoplan.com\/wordpress_9\/author\/ld\/\" title=\"Beitr\u00e4ge von Laurent Dorier\" rel=\"author\">Laurent Dorier<\/a>\t\t\t\t\t\t<\/p>\n\t\t\t\t\t\t\t\t\t<\/li>\n\t\t\t\t<\/ul>\n<\/div><\/div><\/div><div id=\"panel-8500-0-0-1\" class=\"so-panel widget widget_bvg-block\" data-index=\"1\" ><div\n\t\t\t\n\t\t\tclass=\"so-widget-bvg-block so-widget-bvg-block-base\"\n\t\t\t\n\t\t>\n\n<div class=\"siteorigin-widget-tinymce textwidget\">\n\t<div class=\"bvg_block \" id=\"\">\n\n\t\t<h1><\/h1>\n\n\t\t<h3><\/h3>\n\n\t\t<p><a href=\"https:\/\/badminton-am-main.de\/am-main-hobby-liga-2024-25\/\" target=\"_blank\" rel=\"noopener\">Alle Informationen \u00fcber die Hobbyliga f\u00fcr diese Saison liegt hier !<\/a><\/p>\n<p><strong>BVG Goldbach\/Laufach Meister 2024\/2025<\/strong><\/p>\n<p>Der zweite Meisterschaftsschuss nach dem Sieg Saison 2022\/2023<\/p>\n<p><a href=\"https:\/\/lignoplan.com\/wordpress_9\/wp-content\/uploads\/2025\/05\/bvg.jpg\"><img loading=\"lazy\" decoding=\"async\" class=\"size-medium wp-image-9410\" src=\"https:\/\/lignoplan.com\/wordpress_9\/wp-content\/uploads\/2025\/05\/bvg-300x236.jpg\" alt=\"\" width=\"300\" height=\"236\" srcset=\"https:\/\/lignoplan.com\/wordpress_9\/wp-content\/uploads\/2025\/05\/bvg-300x236.jpg 300w, https:\/\/lignoplan.com\/wordpress_9\/wp-content\/uploads\/2025\/05\/bvg-1024x806.jpg 1024w, https:\/\/lignoplan.com\/wordpress_9\/wp-content\/uploads\/2025\/05\/bvg-150x118.jpg 150w, https:\/\/lignoplan.com\/wordpress_9\/wp-content\/uploads\/2025\/05\/bvg-768x605.jpg 768w, https:\/\/lignoplan.com\/wordpress_9\/wp-content\/uploads\/2025\/05\/bvg-1536x1209.jpg 1536w, https:\/\/lignoplan.com\/wordpress_9\/wp-content\/uploads\/2025\/05\/bvg.jpg 1980w\" sizes=\"auto, (max-width: 300px) 100vw, 300px\" \/><\/a><\/p>\n<p>&nbsp;<\/p>\n\t<\/div>\n<\/div>\n<\/div><\/div><div id=\"panel-8500-0-0-2\" class=\"so-panel widget widget_bvg-block\" data-index=\"2\" ><div class=\"not_editable bvg_block_foto panel-widget-style panel-widget-style-for-8500-0-0-2\" ><div\n\t\t\t\n\t\t\tclass=\"so-widget-bvg-block so-widget-bvg-block-base\"\n\t\t\t\n\t\t>\n\n<div class=\"siteorigin-widget-tinymce textwidget\">\n\t<div class=\"bvg_block mannschaft_foto\" id=\"mannschaft_foto\">\n\n\t\t<h1>Foto<\/h1>\n\n\t\t<h3><\/h3>\n\n\t\t<p><a href=\"https:\/\/lignoplan.com\/wordpress_9\/wp-content\/uploads\/2025\/03\/Hobyliga_Team_BVG.jpg\"><img loading=\"lazy\" decoding=\"async\" class=\"alignleft wp-image-9335 size-medium\" style=\"background-color: rgba(255, 255, 255, 0.3);\" src=\"https:\/\/lignoplan.com\/wordpress_9\/wp-content\/uploads\/2025\/03\/Hobyliga_Team_BVG-300x200.jpg\" alt=\"\" width=\"300\" height=\"200\" srcset=\"https:\/\/lignoplan.com\/wordpress_9\/wp-content\/uploads\/2025\/03\/Hobyliga_Team_BVG-300x200.jpg 300w, https:\/\/lignoplan.com\/wordpress_9\/wp-content\/uploads\/2025\/03\/Hobyliga_Team_BVG-1024x681.jpg 1024w, https:\/\/lignoplan.com\/wordpress_9\/wp-content\/uploads\/2025\/03\/Hobyliga_Team_BVG-150x100.jpg 150w, https:\/\/lignoplan.com\/wordpress_9\/wp-content\/uploads\/2025\/03\/Hobyliga_Team_BVG-768x511.jpg 768w, https:\/\/lignoplan.com\/wordpress_9\/wp-content\/uploads\/2025\/03\/Hobyliga_Team_BVG-1536x1021.jpg 1536w, https:\/\/lignoplan.com\/wordpress_9\/wp-content\/uploads\/2025\/03\/Hobyliga_Team_BVG-720x480.jpg 720w, https:\/\/lignoplan.com\/wordpress_9\/wp-content\/uploads\/2025\/03\/Hobyliga_Team_BVG-272x182.jpg 272w, https:\/\/lignoplan.com\/wordpress_9\/wp-content\/uploads\/2025\/03\/Hobyliga_Team_BVG.jpg 1800w\" sizes=\"auto, (max-width: 300px) 100vw, 300px\" \/><\/a><\/p>\n<p>&nbsp;<\/p>\n<p>&nbsp;<\/p>\n<p>&nbsp;<\/p>\n<p>&nbsp;<\/p>\n<p>&nbsp;<\/p>\n<p>&nbsp;<\/p>\n<ul>\n<li style=\"font-weight: bold;\">Stammspieler<\/li>\n<li>Laurent Dorier<\/li>\n<li>Ronny Kadler<\/li>\n<li>Markus Bayer<\/li>\n<li>Gerd Junghans<\/li>\n<li>Peter F\u00fcrste<\/li>\n<li>Thomas Belle<\/li>\n<li>Johannes Werner<\/li>\n<li>Hans-Peter Schmitt<\/li>\n<li>Hannes Heidle<\/li>\n<li>Werner Nebel<\/li>\n<li>Sebastian Reu\u00df<\/li>\n<li>Tim Chudaska<\/li>\n<li>Agnes Allig<\/li>\n<li>Andrea Heilig<\/li>\n<li>Christiane Berger<\/li>\n<\/ul>\n\t<\/div>\n<\/div>\n<\/div><\/div><\/div><div id=\"panel-8500-0-0-3\" class=\"so-panel widget widget_bvg-block panel-last-child\" data-index=\"3\" ><div\n\t\t\t\n\t\t\tclass=\"so-widget-bvg-block so-widget-bvg-block-base\"\n\t\t\t\n\t\t>\n\n<div class=\"siteorigin-widget-tinymce textwidget\">\n\t<div class=\"bvg_block \" id=\"\">\n\n\t\t<h1>Tabelle<\/h1>\n\n\t\t<h3><\/h3>\n\n\t\t<div id=\"block_table\" class=\"admin_block nav_table\">\nTabelle<\/p>\n<\/div>\n<table id=\"aml_league_table\" class=\"aml_league_table\">\n<tbody>\n<tr class=\"table_headlines\">\n<td class=\"table_headline\">Pos.<\/td>\n<td class=\"table_headline table_club\">Verein<\/td>\n<td class=\"table_headline table_points\">Punkte<\/td>\n<td class=\"table_headline table_games\">Spiele<\/td>\n<td class=\"table_headline table_sets\">S\u00e4tze<\/td>\n<td class=\"table_headline table_gamepoints\">Spielpunkte<\/td>\n<\/tr>\n<tr class=\"table_values\">\n<td class=\"table_value\">1 \ud83c\udfc6<\/td>\n<td class=\"table_value\"><a href=\"https:\/\/badminton-am-main.de\/?post_type=aml_clubs&amp;p=27\" target=\"_blank\" rel=\"noopener\">BVG Goldbach\/Laufach<\/a><\/td>\n<td class=\"table_value\">14 : 2<\/td>\n<td class=\"table_value\">37 : 11<\/td>\n<td class=\"table_value\">77 : 31<\/td>\n<td class=\"table_value\">2111 : 1647<\/td>\n<\/tr>\n<tr class=\"table_values\">\n<td class=\"table_value\">2<\/td>\n<td class=\"table_value\"><a href=\"https:\/\/badminton-am-main.de\/?post_type=aml_clubs&amp;p=26\" target=\"_blank\" rel=\"noopener\">Freizeitclub Miltenberg<\/a><\/td>\n<td class=\"table_value\">12 : 4<\/td>\n<td class=\"table_value\">35 : 13<\/td>\n<td class=\"table_value\">73 : 30<\/td>\n<td class=\"table_value\">1913 : 1440<\/td>\n<\/tr>\n<tr class=\"table_values\">\n<td class=\"table_value\">3<\/td>\n<td class=\"table_value\"><a href=\"https:\/\/badminton-am-main.de\/?post_type=aml_clubs&amp;p=22\" target=\"_blank\" rel=\"noopener\">Kleinostheimer BV<\/a><\/td>\n<td class=\"table_value\">9 : 7<\/td>\n<td class=\"table_value\">29 : 19<\/td>\n<td class=\"table_value\">66 : 41<\/td>\n<td class=\"table_value\">1996 : 1680<\/td>\n<\/tr>\n<tr class=\"table_values\">\n<td class=\"table_value\">4<\/td>\n<td class=\"table_value\"><a href=\"https:\/\/badminton-am-main.de\/?post_type=aml_clubs&amp;p=23\" target=\"_blank\" rel=\"noopener\">TV W\u00f6rth<\/a><\/td>\n<td class=\"table_value\">5 : 11<\/td>\n<td class=\"table_value\">17 : 30<\/td>\n<td class=\"table_value\">39 : 62<\/td>\n<td class=\"table_value\">1679 : 1668<\/td>\n<\/tr>\n<tr class=\"table_values\">\n<td class=\"table_value\">5<\/td>\n<td class=\"table_value\"><a href=\"https:\/\/badminton-am-main.de\/?post_type=aml_clubs&amp;p=478\" target=\"_blank\" rel=\"noopener\">FC Oberafferbach<\/a><\/td>\n<td class=\"table_value\">0 : 16<\/td>\n<td class=\"table_value\">1 : 46<\/td>\n<td class=\"table_value\">2 : 93<\/td>\n<td class=\"table_value\">737 : 2001<\/td>\n<\/tr>\n<\/tbody>\n<\/table>\n\t<\/div>\n<\/div>\n<\/div><\/div><\/div><\/div><\/div>","protected":false},"excerpt":{"rendered":"<p>Abschlu\u00dfturnier Hobbyliga am Main von Laurent Dorier Hobbyliga Auftaktturnier von Laurent Dorier Alle Informationen \u00fcber die Hobbyliga f\u00fcr diese Saison liegt hier ! BVG Goldbach\/Laufach Meister 2024\/2025 Der zweite Meisterschaftsschuss nach dem Sieg Saison 2022\/2023 &nbsp; Foto &nbsp; &nbsp; &nbsp; &nbsp; &nbsp; &nbsp; Stammspieler Laurent Dorier Ronny Kadler Markus Bayer Gerd Junghans Peter F\u00fcrste Thomas [&hellip;]<\/p>\n","protected":false},"author":13,"featured_media":0,"parent":0,"menu_order":0,"comment_status":"closed","ping_status":"closed","template":"","meta":{"_acf_changed":false,"_monsterinsights_skip_tracking":false,"_monsterinsights_sitenote_active":false,"_monsterinsights_sitenote_note":"","_monsterinsights_sitenote_category":0,"ngg_post_thumbnail":0,"footnotes":""},"class_list":["post-8500","page","type-page","status-publish","hentry","post"],"acf":[],"_links":{"self":[{"href":"https:\/\/lignoplan.com\/wordpress_9\/wp-json\/wp\/v2\/pages\/8500","targetHints":{"allow":["GET"]}}],"collection":[{"href":"https:\/\/lignoplan.com\/wordpress_9\/wp-json\/wp\/v2\/pages"}],"about":[{"href":"https:\/\/lignoplan.com\/wordpress_9\/wp-json\/wp\/v2\/types\/page"}],"author":[{"embeddable":true,"href":"https:\/\/lignoplan.com\/wordpress_9\/wp-json\/wp\/v2\/users\/13"}],"replies":[{"embeddable":true,"href":"https:\/\/lignoplan.com\/wordpress_9\/wp-json\/wp\/v2\/comments?post=8500"}],"version-history":[{"count":9,"href":"https:\/\/lignoplan.com\/wordpress_9\/wp-json\/wp\/v2\/pages\/8500\/revisions"}],"predecessor-version":[{"id":9412,"href":"https:\/\/lignoplan.com\/wordpress_9\/wp-json\/wp\/v2\/pages\/8500\/revisions\/9412"}],"wp:attachment":[{"href":"https:\/\/lignoplan.com\/wordpress_9\/wp-json\/wp\/v2\/media?parent=8500"}],"curies":[{"name":"wp","href":"https:\/\/api.w.org\/{rel}","templated":true}]}}