{"id":7969,"date":"2024-01-14T14:55:58","date_gmt":"2024-01-14T14:55:58","guid":{"rendered":"https:\/\/lignoplan.com\/wordpress_9\/?page_id=7969"},"modified":"2024-01-23T10:38:56","modified_gmt":"2024-01-23T10:38:56","slug":"hobbyliga-mannschaft-20232024","status":"publish","type":"page","link":"https:\/\/lignoplan.com\/wordpress_9\/hobbyliga-mannschaft-20232024\/","title":{"rendered":"Hobbyliga Mannschaft 2023\/2024"},"content":{"rendered":"<div id=\"pl-7969\"  class=\"panel-layout\" ><div id=\"pg-7969-0\"  class=\"panel-grid panel-no-style\" ><div id=\"pgc-7969-0-0\"  class=\"panel-grid-cell\" ><div id=\"panel-7969-0-0-0\" class=\"so-panel widget widget_category-posts cat-post-widget panel-first-child\" data-index=\"0\" ><div class=\"not_editable bvg_categoryposts panel-widget-style panel-widget-style-for-7969-0-0-0\" ><div id=\"mannschaft_berichte\"><ul>\n<\/ul>\n<\/div><\/div><\/div><div id=\"panel-7969-0-0-1\" class=\"so-panel widget widget_bvg-block\" data-index=\"1\" ><div class=\"not_editable bvg_block_foto panel-widget-style panel-widget-style-for-7969-0-0-1\" ><div\n\t\t\t\n\t\t\tclass=\"so-widget-bvg-block so-widget-bvg-block-base\"\n\t\t\t\n\t\t>\n\n<div class=\"siteorigin-widget-tinymce textwidget\">\n\t<div class=\"bvg_block mannschaft_foto\" id=\"mannschaft_foto\">\n\n\t\t<h1>Foto<\/h1>\n\n\t\t<h3><\/h3>\n\n\t\t<p><a href=\"https:\/\/lignoplan.com\/wordpress_9\/wp-content\/uploads\/2024\/01\/Manschaftsbild_BVG-Goldbach-Laufach_2022-23.jpg\"><img loading=\"lazy\" decoding=\"async\" class=\"size-medium wp-image-7971 alignleft\" src=\"https:\/\/lignoplan.com\/wordpress_9\/wp-content\/uploads\/2024\/01\/Manschaftsbild_BVG-Goldbach-Laufach_2022-23-300x250.jpg\" alt=\"\" width=\"300\" height=\"250\" srcset=\"https:\/\/lignoplan.com\/wordpress_9\/wp-content\/uploads\/2024\/01\/Manschaftsbild_BVG-Goldbach-Laufach_2022-23-300x250.jpg 300w, https:\/\/lignoplan.com\/wordpress_9\/wp-content\/uploads\/2024\/01\/Manschaftsbild_BVG-Goldbach-Laufach_2022-23-1024x852.jpg 1024w, https:\/\/lignoplan.com\/wordpress_9\/wp-content\/uploads\/2024\/01\/Manschaftsbild_BVG-Goldbach-Laufach_2022-23-768x639.jpg 768w, https:\/\/lignoplan.com\/wordpress_9\/wp-content\/uploads\/2024\/01\/Manschaftsbild_BVG-Goldbach-Laufach_2022-23-457x380.jpg 457w, https:\/\/lignoplan.com\/wordpress_9\/wp-content\/uploads\/2024\/01\/Manschaftsbild_BVG-Goldbach-Laufach_2022-23-216x180.jpg 216w, https:\/\/lignoplan.com\/wordpress_9\/wp-content\/uploads\/2024\/01\/Manschaftsbild_BVG-Goldbach-Laufach_2022-23.jpg 1200w\" sizes=\"auto, (max-width: 300px) 100vw, 300px\" \/><\/a><\/p>\n<p>&nbsp;<\/p>\n<p>&nbsp;<\/p>\n<p>&nbsp;<\/p>\n<p>&nbsp;<\/p>\n<p>&nbsp;<\/p>\n<p>&nbsp;<\/p>\n<p>&nbsp;<\/p>\n<ul>\n<li style=\"font-weight: bold;\">Stammspieler<\/li>\n<li>Laurent Dorier<\/li>\n<li>Ronny Kadler<\/li>\n<li>Markus Bayer<\/li>\n<li>Gerd Junghans<\/li>\n<li>Klaus Berger<\/li>\n<li>Peter F\u00fcrste<\/li>\n<li>Thomas Belle<\/li>\n<li>Johannes Werner<\/li>\n<li>Hans-Peter Schmitt<\/li>\n<li>Hannes Heidle<\/li>\n<li>Werner Nebel<\/li>\n<li>Sebastian Reu\u00df<\/li>\n<li>Agnes Allig<\/li>\n<li>Andrea Heilig<\/li>\n<li>Christiane Berger<\/li>\n<li>Lisa Zentgraf<\/li>\n<\/ul>\n\t<\/div>\n<\/div>\n<\/div><\/div><\/div><div id=\"panel-7969-0-0-2\" class=\"so-panel widget widget_bvg-block panel-last-child\" data-index=\"2\" ><div\n\t\t\t\n\t\t\tclass=\"so-widget-bvg-block so-widget-bvg-block-base\"\n\t\t\t\n\t\t>\n\n<div class=\"siteorigin-widget-tinymce textwidget\">\n\t<div class=\"bvg_block \" id=\"\">\n\n\t\t<h1>Tabelle<\/h1>\n\n\t\t<h3><\/h3>\n\n\t\t<div class=\"admin_block nav_table\" id=\"block_table\">\n<table class=\"aml_league_table\" id=\"aml_league_table\">\n<tbody>\n<tr class=\"table_headlines\">\n<td class=\"table_headline\">Pos.<\/td>\n<td class=\"table_headline table_club\">Verein<\/td>\n<td class=\"table_headline table_points\">Punkte<\/td>\n<td class=\"table_headline table_games\">Spiele<\/td>\n<td class=\"table_headline table_sets\">S\u00e4tze<\/td>\n<td class=\"table_headline table_gamepoints\">Spielpunkte<\/td>\n<\/tr>\n<tr class=\"table_values\">\n<td class=\"table_value\">1 <img decoding=\"async\" draggable=\"false\" role=\"img\" class=\"emoji\" alt=\"\ud83c\udfc6\" src=\"https:\/\/s.w.org\/images\/core\/emoji\/14.0.0\/svg\/1f3c6.svg\"\/><\/td>\n<td class=\"table_value\"><a href=\"https:\/\/badminton-am-main.de\/?post_type=aml_clubs&amp;p=22\" target=\"_blank\">Kleinostheimer BV<\/a><\/td>\n<td class=\"table_value\">7 : 1<\/td>\n<td class=\"table_value\">19 : 5<\/td>\n<td class=\"table_value\">40 : 12<\/td>\n<td class=\"table_value\">1014 : 733<\/td>\n<\/tr>\n<tr class=\"table_values\">\n<td class=\"table_value\">2<\/td>\n<td class=\"table_value\"><a href=\"https:\/\/badminton-am-main.de\/?post_type=aml_clubs&amp;p=26\" target=\"_blank\">Freizeitclub Miltenberg<\/a><\/td>\n<td class=\"table_value\">5 : 1<\/td>\n<td class=\"table_value\">12 : 6<\/td>\n<td class=\"table_value\">25 : 17<\/td>\n<td class=\"table_value\">781 : 639<\/td>\n<\/tr>\n<tr class=\"table_values\">\n<td class=\"table_value\">3<\/td>\n<td class=\"table_value\"><a href=\"https:\/\/badminton-am-main.de\/?post_type=aml_clubs&amp;p=27\" target=\"_blank\">BVG Goldbach\/Laufach<\/a><\/td>\n<td class=\"table_value\">4 : 4<\/td>\n<td class=\"table_value\">14 : 10<\/td>\n<td class=\"table_value\">32 : 21<\/td>\n<td class=\"table_value\">964 : 835<\/td>\n<\/tr>\n<tr class=\"table_values\">\n<td class=\"table_value\">4<\/td>\n<td class=\"table_value\"><a href=\"https:\/\/badminton-am-main.de\/?post_type=aml_clubs&amp;p=24\" target=\"_blank\">TV Gro\u00dfostheim<\/a><\/td>\n<td class=\"table_value\">2 : 6<\/td>\n<td class=\"table_value\">8 : 16<\/td>\n<td class=\"table_value\">18 : 33<\/td>\n<td class=\"table_value\">772 : 928<\/td>\n<\/tr>\n<tr class=\"table_values\">\n<td class=\"table_value\">5<\/td>\n<td class=\"table_value\"><a href=\"https:\/\/badminton-am-main.de\/?post_type=aml_clubs&amp;p=478\" target=\"_blank\">FC Oberafferbach<\/a><\/td>\n<td class=\"table_value\">0 : 6<\/td>\n<td class=\"table_value\">1 : 17<\/td>\n<td class=\"table_value\">2 : 34<\/td>\n<td class=\"table_value\">355 : 751<\/td>\n<\/tr>\n<\/tbody>\n<\/table>\n<\/div>\n\t<\/div>\n<\/div>\n<\/div><\/div><\/div><\/div><\/div>","protected":false},"excerpt":{"rendered":"<p>Foto &nbsp; &nbsp; &nbsp; &nbsp; &nbsp; &nbsp; &nbsp; Stammspieler Laurent Dorier Ronny Kadler Markus Bayer Gerd Junghans Klaus Berger Peter F\u00fcrste Thomas Belle Johannes Werner Hans-Peter Schmitt Hannes Heidle Werner Nebel Sebastian Reu\u00df Agnes Allig Andrea Heilig Christiane Berger Lisa Zentgraf Tabelle Pos. Verein Punkte Spiele S\u00e4tze Spielpunkte 1 Kleinostheimer BV 7 : 1 19 [&hellip;]<\/p>\n","protected":false},"author":13,"featured_media":0,"parent":0,"menu_order":0,"comment_status":"closed","ping_status":"closed","template":"","meta":{"_acf_changed":false,"_monsterinsights_skip_tracking":false,"_monsterinsights_sitenote_active":false,"_monsterinsights_sitenote_note":"","_monsterinsights_sitenote_category":0,"ngg_post_thumbnail":0,"footnotes":""},"class_list":["post-7969","page","type-page","status-publish","hentry","post"],"acf":[],"_links":{"self":[{"href":"https:\/\/lignoplan.com\/wordpress_9\/wp-json\/wp\/v2\/pages\/7969","targetHints":{"allow":["GET"]}}],"collection":[{"href":"https:\/\/lignoplan.com\/wordpress_9\/wp-json\/wp\/v2\/pages"}],"about":[{"href":"https:\/\/lignoplan.com\/wordpress_9\/wp-json\/wp\/v2\/types\/page"}],"author":[{"embeddable":true,"href":"https:\/\/lignoplan.com\/wordpress_9\/wp-json\/wp\/v2\/users\/13"}],"replies":[{"embeddable":true,"href":"https:\/\/lignoplan.com\/wordpress_9\/wp-json\/wp\/v2\/comments?post=7969"}],"version-history":[{"count":6,"href":"https:\/\/lignoplan.com\/wordpress_9\/wp-json\/wp\/v2\/pages\/7969\/revisions"}],"predecessor-version":[{"id":8193,"href":"https:\/\/lignoplan.com\/wordpress_9\/wp-json\/wp\/v2\/pages\/7969\/revisions\/8193"}],"wp:attachment":[{"href":"https:\/\/lignoplan.com\/wordpress_9\/wp-json\/wp\/v2\/media?parent=7969"}],"curies":[{"name":"wp","href":"https:\/\/api.w.org\/{rel}","templated":true}]}}