{"id":7240,"date":"2023-06-11T19:40:50","date_gmt":"2023-06-11T19:40:50","guid":{"rendered":"https:\/\/lignoplan.com\/wordpress_9\/?page_id=7240"},"modified":"2023-06-12T09:34:00","modified_gmt":"2023-06-12T09:34:00","slug":"badminton-marathon-2023-rueckblick","status":"publish","type":"page","link":"https:\/\/lignoplan.com\/wordpress_9\/badminton-marathon-2023-rueckblick\/","title":{"rendered":"Badminton Marathon 2023 R\u00fcckblick"},"content":{"rendered":"<div id=\"pl-7240\"  class=\"panel-layout\" ><div id=\"pg-7240-0\"  class=\"panel-grid panel-no-style\" ><div id=\"pgc-7240-0-0\"  class=\"panel-grid-cell\" ><div id=\"panel-7240-0-0-0\" class=\"so-panel widget widget_bvg-block panel-first-child\" data-index=\"0\" ><div\n\t\t\t\n\t\t\tclass=\"so-widget-bvg-block so-widget-bvg-block-base\"\n\t\t\t\n\t\t>\n\n<div class=\"siteorigin-widget-tinymce textwidget\">\n\t<div class=\"bvg_block \" id=\"\">\n\n\t\t<h1><\/h1>\n\n\t\t<h3><\/h3>\n\n\t\t<p><a href=\"https:\/\/lignoplan.com\/wordpress_9\/wp-content\/uploads\/2023\/02\/Banner.png\"><img loading=\"lazy\" decoding=\"async\" width=\"800\" height=\"417\" class=\"size-medium wp-image-6995 aligncenter\" src=\"https:\/\/lignoplan.com\/wordpress_9\/wp-content\/uploads\/2023\/02\/Banner.png\" alt=\"\" srcset=\"https:\/\/lignoplan.com\/wordpress_9\/wp-content\/uploads\/2023\/02\/Banner.png 800w, https:\/\/lignoplan.com\/wordpress_9\/wp-content\/uploads\/2023\/02\/Banner-300x156.png 300w, https:\/\/lignoplan.com\/wordpress_9\/wp-content\/uploads\/2023\/02\/Banner-768x400.png 768w\" sizes=\"auto, (max-width: 800px) 100vw, 800px\" \/><\/a><\/p>\n\t<\/div>\n<\/div>\n<\/div><\/div><div id=\"panel-7240-0-0-1\" class=\"so-panel widget widget_bvg-block\" data-index=\"1\" ><div\n\t\t\t\n\t\t\tclass=\"so-widget-bvg-block so-widget-bvg-block-base\"\n\t\t\t\n\t\t>\n\n<div class=\"siteorigin-widget-tinymce textwidget\">\n\t<div class=\"bvg_block \" id=\"\">\n\n\t\t<h1>R\u00fcckblick<\/h1>\n\n\t\t<h3><\/h3>\n\n\t\t<p>Ich habe fast eine Woche gebraucht, um wieder fit zu werden und endlich diese Seite zu ver\u00f6ffentlichen...<\/p>\n<p>Ich wei\u00df nicht, was schwerer war: fast f\u00fcnf Stunden auf dem Platz zu stehen, um zu spielen (Niklas kann behaupten, dass es gar nicht so schwer war... er hat 5 Stunden und 10 Minuten gespielt), oder fast 36 Stunden lang wach zu sein. Vielleicht auch beides zusammen.<\/p>\n<p><strong>Auf jeden Fall war es ein wunderbares Ereignis.<\/strong><\/p>\n<p>Es war m\u00f6glich dank all derer, die sich wochenlang f\u00fcr die Organisation eingesetzt haben, aber auch dank all derer, die w\u00e4hrend der Veranstaltung auch nur kurzzeitig geholfen haben, und nat\u00fcrlich dank der 63 Spieler und Spielerinnen, die 24 Stunden lang auf dem Platz standen.<\/p>\n<p>&nbsp;<\/p>\n<p>Zur Er\u00f6ffnung f\u00fchrte die <strong>Tanzgruppe TV Goldbach<\/strong> unter der Leitung von Nicole Schillinger eine tolle Choreografie auf.<\/p>\n<p>Wir haben uns nat\u00fcrlich sehr gefreut, dass Frank Meidhof (2. B\u00fcrgermeister des Marktes Goldbach), und Dr. Alexander Legler (Landrat), die Veranstaltung mit dem ersten Spiel er\u00f6ffneten und nette Begr\u00fc\u00dfungsworte an uns richteten.<\/p>\n<p>Vielen Dank auch an den stellvertretenden Vorsitzenden des&nbsp; TV Goldbach und Gr\u00fcndungsmitglied der Badmintonabteilung, G\u00fcnther Wenzel f\u00fcr seine Gru\u00dfworte.<\/p>\n<p>&nbsp;<\/p>\n<p>Danke auch an <a href=\"https:\/\/yonex.de\" target=\"_blank\" rel=\"noopener\">Yonex<\/a> f\u00fcr die Unterst\u00fctzung mit B\u00e4llen, und <a href=\"https:\/\/primavera24.de\" target=\"_blank\" rel=\"noopener\">Primavera<\/a> f\u00fcr die tolle Werbung und verschiedene Beitr\u00e4ge:<\/p>\n<p><strong><a href=\"https:\/\/www.primavera24.de\/aktuelles\/news\/der-tv-goldbach-hat-es-geschafft-24stunden-badminton\" target=\"_blank\" rel=\"noopener\">Primavera Beitrag mit Video, hier zu sehen<\/a><\/strong><\/p>\n<p>&nbsp;<\/p>\n<p>Es war absolut unwahrscheinlich, aber wundersch\u00f6n, dass es gar keine Verletzungen gab.<\/p>\n<p>&nbsp;<\/p>\n<p><strong>Jeder und jede hat sein\/ihr Bestes gegeben, manchmal bis an die Grenze des M\u00f6glichen (besondere Gedanken an Anna, David, Lisa, Helmut und Niklas, die trotz der M\u00fcdigkeit bis zum Ende durchgehalten haben).<\/strong><\/p>\n<p>Auf dieser Seite finden Sie einige wundersch\u00f6ne Fotos von Werner sowie die Abschlusstabelle mit allen Ergebnissen und Teilnehmern.<\/p>\n<p>&nbsp;<\/p>\n<p>Lolo, f\u00fcr den Vorstand.<\/p>\n\t<\/div>\n<\/div>\n<\/div><\/div><div id=\"panel-7240-0-0-2\" class=\"so-panel widget widget_bvg-block\" data-index=\"2\" ><div\n\t\t\t\n\t\t\tclass=\"so-widget-bvg-block so-widget-bvg-block-base\"\n\t\t\t\n\t\t>\n\n<div class=\"siteorigin-widget-tinymce textwidget\">\n\t<div class=\"bvg_block \" id=\"\">\n\n\t\t<h1>Slideshow<\/h1>\n\n\t\t<h3><\/h3>\n\n\t\t<p>ngg_shortcode_0_placeholderAlle Bilder von Werner Nebel !<\/p>\n\t<\/div>\n<\/div>\n<\/div><\/div><div id=\"panel-7240-0-0-3\" class=\"so-panel widget widget_bvg-block panel-last-child\" data-index=\"3\" ><div\n\t\t\t\n\t\t\tclass=\"so-widget-bvg-block so-widget-bvg-block-base\"\n\t\t\t\n\t\t>\n\n<div class=\"siteorigin-widget-tinymce textwidget\">\n\t<div class=\"bvg_block \" id=\"\">\n\n\t\t<h1>Ergebnisse<\/h1>\n\n\t\t<h3><\/h3>\n\n\t\t<p style=\"text-align: center;\"><a href=\"https:\/\/lignoplan.com\/wordpress_9\/wp-content\/uploads\/2023\/06\/2023-06-11_20h22_52.png\" target=\"_blank\"><img loading=\"lazy\" decoding=\"async\" class=\"size-medium wp-image-7365 aligncenter\" src=\"https:\/\/lignoplan.com\/wordpress_9\/wp-content\/uploads\/2023\/06\/2023-06-11_20h22_52.png\" alt=\"\" width=\"268\" height=\"300\" srcset=\"https:\/\/lignoplan.com\/wordpress_9\/wp-content\/uploads\/2023\/06\/2023-06-11_20h22_52.png 1411w, https:\/\/lignoplan.com\/wordpress_9\/wp-content\/uploads\/2023\/06\/2023-06-11_20h22_52-268x300.png 268w, https:\/\/lignoplan.com\/wordpress_9\/wp-content\/uploads\/2023\/06\/2023-06-11_20h22_52-914x1024.png 914w, https:\/\/lignoplan.com\/wordpress_9\/wp-content\/uploads\/2023\/06\/2023-06-11_20h22_52-768x860.png 768w, https:\/\/lignoplan.com\/wordpress_9\/wp-content\/uploads\/2023\/06\/2023-06-11_20h22_52-1372x1536.png 1372w\" sizes=\"auto, (max-width: 268px) 100vw, 268px\" \/><\/a><\/p>\n\t<\/div>\n<\/div>\n<\/div><\/div><\/div><\/div><\/div>","protected":false},"excerpt":{"rendered":"<p>R\u00fcckblick Ich habe fast eine Woche gebraucht, um wieder fit zu werden und endlich diese Seite zu ver\u00f6ffentlichen&#8230; Ich wei\u00df nicht, was schwerer war: fast f\u00fcnf Stunden auf dem Platz zu stehen, um zu spielen (Niklas kann behaupten, dass es gar nicht so schwer war&#8230; er hat 5 Stunden und 10 Minuten gespielt), oder fast [&hellip;]<\/p>\n","protected":false},"author":13,"featured_media":0,"parent":0,"menu_order":0,"comment_status":"closed","ping_status":"closed","template":"","meta":{"_acf_changed":false,"_monsterinsights_skip_tracking":false,"_monsterinsights_sitenote_active":false,"_monsterinsights_sitenote_note":"","_monsterinsights_sitenote_category":0,"ngg_post_thumbnail":0,"footnotes":""},"class_list":["post-7240","page","type-page","status-publish","hentry","post"],"acf":[],"_links":{"self":[{"href":"https:\/\/lignoplan.com\/wordpress_9\/wp-json\/wp\/v2\/pages\/7240","targetHints":{"allow":["GET"]}}],"collection":[{"href":"https:\/\/lignoplan.com\/wordpress_9\/wp-json\/wp\/v2\/pages"}],"about":[{"href":"https:\/\/lignoplan.com\/wordpress_9\/wp-json\/wp\/v2\/types\/page"}],"author":[{"embeddable":true,"href":"https:\/\/lignoplan.com\/wordpress_9\/wp-json\/wp\/v2\/users\/13"}],"replies":[{"embeddable":true,"href":"https:\/\/lignoplan.com\/wordpress_9\/wp-json\/wp\/v2\/comments?post=7240"}],"version-history":[{"count":12,"href":"https:\/\/lignoplan.com\/wordpress_9\/wp-json\/wp\/v2\/pages\/7240\/revisions"}],"predecessor-version":[{"id":7378,"href":"https:\/\/lignoplan.com\/wordpress_9\/wp-json\/wp\/v2\/pages\/7240\/revisions\/7378"}],"wp:attachment":[{"href":"https:\/\/lignoplan.com\/wordpress_9\/wp-json\/wp\/v2\/media?parent=7240"}],"curies":[{"name":"wp","href":"https:\/\/api.w.org\/{rel}","templated":true}]}}