{"id":6402,"date":"2022-06-26T19:29:34","date_gmt":"2022-06-26T19:29:34","guid":{"rendered":"https:\/\/lignoplan.com\/wordpress_9\/?page_id=6402"},"modified":"2022-06-30T21:38:12","modified_gmt":"2022-06-30T21:38:12","slug":"sommerturnier-2022","status":"publish","type":"page","link":"https:\/\/lignoplan.com\/wordpress_9\/sommerturnier-2022\/","title":{"rendered":"Sommerturnier 2022"},"content":{"rendered":"<div id=\"pl-6402\"  class=\"panel-layout\" ><div id=\"pg-6402-0\"  class=\"panel-grid panel-no-style\" ><div id=\"pgc-6402-0-0\"  class=\"panel-grid-cell\" ><div id=\"panel-6402-0-0-0\" class=\"so-panel widget widget_bvg-block panel-first-child\" data-index=\"0\" ><div\n\t\t\t\n\t\t\tclass=\"so-widget-bvg-block so-widget-bvg-block-base\"\n\t\t\t\n\t\t>\n\n<div class=\"siteorigin-widget-tinymce textwidget\">\n\t<div class=\"bvg_block \" id=\"bvg-block-457610000\">\n\n\t\t<h1>Sommerturnier 2022<\/h1>\n\n\t\t<h3><\/h3>\n\n\t\t<p>Nach einer zweij\u00e4hrigen Pause aufgrund von Covid war es uns eine Freude, unser gro\u00dfes Familienturnier wieder anzubieten.<\/p>\n<p>Trotz des ung\u00fcnstigeren Datums und der Sommerhitze konnten wir auch dieses Jahr wieder auf eine gute Teilnehmerzahl z\u00e4hlen, bei der von der ersten bis zur letzten Minute das L\u00e4cheln dominierte.<\/p>\n<p>Dank der Bem\u00fchungen von Heike und Helmut konnten wir leckere Burger zur St\u00e4rkung f\u00fcr alle anbieten.<\/p>\n<p><strong>Wir freuen uns schon auf das n\u00e4chste Jahr.<\/strong><\/p>\n\t<\/div>\n<\/div>\n<\/div><\/div><div id=\"panel-6402-0-0-1\" class=\"so-panel widget widget_bvg-block panel-last-child\" data-index=\"1\" ><div\n\t\t\t\n\t\t\tclass=\"so-widget-bvg-block so-widget-bvg-block-base\"\n\t\t\t\n\t\t>\n\n<div class=\"siteorigin-widget-tinymce textwidget\">\n\t<div class=\"bvg_block \" id=\"bvg-block-457610001\">\n\n\t\t<h1>Diashow<\/h1>\n\n\t\t<h3><\/h3>\n\n\t\t<p>ngg_shortcode_0_placeholder<span style=\"color: #ccffcc;\"><strong>Die sch\u00f6nere Bilder von Werner sind nun auch zu sehen !..<\/strong><\/span><\/p>\n\t<\/div>\n<\/div>\n<\/div><\/div><\/div><\/div><\/div>","protected":false},"excerpt":{"rendered":"<p>Sommerturnier 2022 Nach einer zweij\u00e4hrigen Pause aufgrund von Covid war es uns eine Freude, unser gro\u00dfes Familienturnier wieder anzubieten. Trotz des ung\u00fcnstigeren Datums und der Sommerhitze konnten wir auch dieses Jahr wieder auf eine gute Teilnehmerzahl z\u00e4hlen, bei der von der ersten bis zur letzten Minute das L\u00e4cheln dominierte. Dank der Bem\u00fchungen von Heike und [&hellip;]<\/p>\n","protected":false},"author":13,"featured_media":0,"parent":0,"menu_order":0,"comment_status":"closed","ping_status":"closed","template":"templates\/template-full.php","meta":{"_acf_changed":false,"_monsterinsights_skip_tracking":false,"_monsterinsights_sitenote_active":false,"_monsterinsights_sitenote_note":"","_monsterinsights_sitenote_category":0,"ngg_post_thumbnail":0,"footnotes":""},"class_list":["post-6402","page","type-page","status-publish","hentry","post"],"acf":[],"_links":{"self":[{"href":"https:\/\/lignoplan.com\/wordpress_9\/wp-json\/wp\/v2\/pages\/6402","targetHints":{"allow":["GET"]}}],"collection":[{"href":"https:\/\/lignoplan.com\/wordpress_9\/wp-json\/wp\/v2\/pages"}],"about":[{"href":"https:\/\/lignoplan.com\/wordpress_9\/wp-json\/wp\/v2\/types\/page"}],"author":[{"embeddable":true,"href":"https:\/\/lignoplan.com\/wordpress_9\/wp-json\/wp\/v2\/users\/13"}],"replies":[{"embeddable":true,"href":"https:\/\/lignoplan.com\/wordpress_9\/wp-json\/wp\/v2\/comments?post=6402"}],"version-history":[{"count":3,"href":"https:\/\/lignoplan.com\/wordpress_9\/wp-json\/wp\/v2\/pages\/6402\/revisions"}],"predecessor-version":[{"id":6491,"href":"https:\/\/lignoplan.com\/wordpress_9\/wp-json\/wp\/v2\/pages\/6402\/revisions\/6491"}],"wp:attachment":[{"href":"https:\/\/lignoplan.com\/wordpress_9\/wp-json\/wp\/v2\/media?parent=6402"}],"curies":[{"name":"wp","href":"https:\/\/api.w.org\/{rel}","templated":true}]}}