{"id":5407,"date":"2020-05-23T16:50:38","date_gmt":"2020-05-23T16:50:38","guid":{"rendered":"http:\/\/lignoplan.com\/wordpress_9\/?page_id=5407"},"modified":"2020-05-26T18:30:13","modified_gmt":"2020-05-26T18:30:13","slug":"pfingstferien","status":"publish","type":"page","link":"https:\/\/lignoplan.com\/wordpress_9\/pfingstferien\/","title":{"rendered":"Pfingstferien"},"content":{"rendered":"<div class=\"widget_bvg-block\">\n<p><strong>\u00dcber die Pfingstferien machen wir f\u00fcr alle motivierte Mitglieder eine Angebot, im Freien Badminton spielen zu k\u00f6nnen.<br \/>\nDabei geht es uns nicht wirklich ums Training, sondern sich einfach mal wieder zu sehen und zu spielen.<br \/>\n<\/strong><\/p>\n<p><a href=\"https:\/\/drive.google.com\/open?id=1pro19oRLIpB8_Kd44FwKpPq1KDY6tnyYgKiVeLTqNv8\" target=\"_blank\" rel=\"noopener noreferrer\">Mit dem Formular hier<\/a> kann man sich allein oder mit einem Partner f\u00fcr eine oder zwei Stunden pro Tag anmelden.<br \/>\nWir verf\u00fcgen \u00fcber 2 Freifeldpl\u00e4tze (<a href=\"https:\/\/goo.gl\/maps\/ukCijM8h4ssykSts6\" target=\"_blank\" rel=\"noopener noreferrer\">Fu\u00dfballfeld am Eisenhammer in Laufach<\/a>) mit mindestens einer Begleitperson, die Sie bei der Einhaltung der obligatorischen Hygienevorschriften unterst\u00fctzt.<\/p>\n<p><strong>WICHTIG<\/strong>: <a href=\"https:\/\/cutt.ly\/UyOnGKO\" target=\"_blank\" rel=\"noopener noreferrer\">Zuerst bitte hier \u00fcberpr\u00fcfen<\/a>, ob noch ein Platz frei ist.<br \/>\n#NV Oder Leer = Noch nicht besetzt !<\/p>\n<p>Wir w\u00fcnschen euch viel Spa\u00df&#8230; und nun <a href=\"https:\/\/drive.google.com\/open?id=1pro19oRLIpB8_Kd44FwKpPq1KDY6tnyYgKiVeLTqNv8\" target=\"_blank\" rel=\"noopener noreferrer\"><strong>geht&#8217;s hier los<\/strong><\/a> !!!<\/p>\n<\/div>\n","protected":false},"excerpt":{"rendered":"<p>\u00dcber die Pfingstferien machen wir f\u00fcr alle motivierte Mitglieder eine Angebot, im Freien Badminton spielen zu k\u00f6nnen. Dabei geht es uns nicht wirklich ums Training, sondern sich einfach mal wieder zu sehen und zu spielen. Mit dem Formular hier kann man sich allein oder mit einem Partner f\u00fcr eine oder zwei Stunden pro Tag anmelden. [&hellip;]<\/p>\n","protected":false},"author":13,"featured_media":0,"parent":0,"menu_order":0,"comment_status":"closed","ping_status":"closed","template":"","meta":{"_acf_changed":false,"_monsterinsights_skip_tracking":false,"_monsterinsights_sitenote_active":false,"_monsterinsights_sitenote_note":"","_monsterinsights_sitenote_category":0,"ngg_post_thumbnail":0,"footnotes":""},"class_list":["post-5407","page","type-page","status-publish","hentry","post"],"acf":[],"_links":{"self":[{"href":"https:\/\/lignoplan.com\/wordpress_9\/wp-json\/wp\/v2\/pages\/5407","targetHints":{"allow":["GET"]}}],"collection":[{"href":"https:\/\/lignoplan.com\/wordpress_9\/wp-json\/wp\/v2\/pages"}],"about":[{"href":"https:\/\/lignoplan.com\/wordpress_9\/wp-json\/wp\/v2\/types\/page"}],"author":[{"embeddable":true,"href":"https:\/\/lignoplan.com\/wordpress_9\/wp-json\/wp\/v2\/users\/13"}],"replies":[{"embeddable":true,"href":"https:\/\/lignoplan.com\/wordpress_9\/wp-json\/wp\/v2\/comments?post=5407"}],"version-history":[{"count":10,"href":"https:\/\/lignoplan.com\/wordpress_9\/wp-json\/wp\/v2\/pages\/5407\/revisions"}],"predecessor-version":[{"id":5418,"href":"https:\/\/lignoplan.com\/wordpress_9\/wp-json\/wp\/v2\/pages\/5407\/revisions\/5418"}],"wp:attachment":[{"href":"https:\/\/lignoplan.com\/wordpress_9\/wp-json\/wp\/v2\/media?parent=5407"}],"curies":[{"name":"wp","href":"https:\/\/api.w.org\/{rel}","templated":true}]}}