{"id":4898,"date":"2019-09-08T13:19:43","date_gmt":"2019-09-08T13:19:43","guid":{"rendered":"http:\/\/lignoplan.com\/wordpress_d\/?page_id=4898"},"modified":"2022-10-17T07:59:37","modified_gmt":"2022-10-17T07:59:37","slug":"schueler-3-20192020","status":"publish","type":"page","link":"https:\/\/lignoplan.com\/wordpress_9\/schueler-3-20192020\/","title":{"rendered":"Sch\u00fcler 3 2019\/2020"},"content":{"rendered":"<div id=\"pl-4898\"  class=\"panel-layout\" ><div id=\"pg-4898-0\"  class=\"panel-grid panel-no-style\" ><div id=\"pgc-4898-0-0\"  class=\"panel-grid-cell\" ><div id=\"panel-4898-0-0-0\" class=\"so-panel widget widget_category-posts cat-post-widget panel-first-child\" data-index=\"0\" ><div class=\"not_editable bvg_categoryposts panel-widget-style panel-widget-style-for-4898-0-0-0\" ><div id=\"mannschaft_berichte\"><ul>\n\n\t\t\t\t<li class='cat-post-item' >\n\t\t\t\t\t\n\t\t\t\t\t\t\t\t\t\t\t<a class=\"post-title  cat-post-title\" \n\t\t\t\t\t\t\thref=\"https:\/\/lignoplan.com\/wordpress_9\/3-schuelermannschaft-rueckt-auf-platz-2-vor\/\" rel=\"bookmark\">3. Sch\u00fclermannschaft r\u00fcckt auf Platz 2 vor\t\t\t\t\t\t<\/a>\n\t\t\t\t\t\t\t\t\t\t\t<p class=\"post-author cat-post-author\">\n\t\t\t\t\t\t\tvon\n                            <a href=\"https:\/\/lignoplan.com\/wordpress_9\/author\/mk\/\" title=\"Beitr\u00e4ge von Martin K\u00f6hler\" rel=\"author\">Martin K\u00f6hler<\/a>\t\t\t\t\t\t<\/p>\n\t\t\t\t\t\t\t\t\t<\/li>\n\t\t\t\t\n\t\t\t\t<li class='cat-post-item' >\n\t\t\t\t\t\n\t\t\t\t\t\t\t\t\t\t\t<a class=\"post-title  cat-post-title\" \n\t\t\t\t\t\t\thref=\"https:\/\/lignoplan.com\/wordpress_9\/schueler-3-siegen-auswaerts-mit-60\/\" rel=\"bookmark\">Sch\u00fcler 3 siegen ausw\u00e4rts mit 6:0\t\t\t\t\t\t<\/a>\n\t\t\t\t\t\t\t\t\t\t\t<p class=\"post-author cat-post-author\">\n\t\t\t\t\t\t\tvon\n                            <a href=\"https:\/\/lignoplan.com\/wordpress_9\/author\/mk\/\" title=\"Beitr\u00e4ge von Martin K\u00f6hler\" rel=\"author\">Martin K\u00f6hler<\/a>\t\t\t\t\t\t<\/p>\n\t\t\t\t\t\t\t\t\t<\/li>\n\t\t\t\t\n\t\t\t\t<li class='cat-post-item' >\n\t\t\t\t\t\n\t\t\t\t\t\t\t\t\t\t\t<a class=\"post-title  cat-post-title\" \n\t\t\t\t\t\t\thref=\"https:\/\/lignoplan.com\/wordpress_9\/maedchenteam-fuer-das-spitzenspiel-geruestet\/\" rel=\"bookmark\">M\u00e4dchenteam f\u00fcr das Spitzenspiel ger\u00fcstet\t\t\t\t\t\t<\/a>\n\t\t\t\t\t\t\t\t\t\t\t<p class=\"post-author cat-post-author\">\n\t\t\t\t\t\t\tvon\n                            <a href=\"https:\/\/lignoplan.com\/wordpress_9\/author\/mk\/\" title=\"Beitr\u00e4ge von Martin K\u00f6hler\" rel=\"author\">Martin K\u00f6hler<\/a>\t\t\t\t\t\t<\/p>\n\t\t\t\t\t\t\t\t\t<\/li>\n\t\t\t\t\n\t\t\t\t<li class='cat-post-item' >\n\t\t\t\t\t\n\t\t\t\t\t\t\t\t\t\t\t<a class=\"post-title  cat-post-title\" \n\t\t\t\t\t\t\thref=\"https:\/\/lignoplan.com\/wordpress_9\/schueler-3-knoepfen-tabellnfuehrer-einen-punkt-ab\/\" rel=\"bookmark\">Sch\u00fcler 3 kn\u00f6pfen Tabellenf\u00fchrer einen Punkt ab\t\t\t\t\t\t<\/a>\n\t\t\t\t\t\t\t\t\t\t\t<p class=\"post-author cat-post-author\">\n\t\t\t\t\t\t\tvon\n                            <a href=\"https:\/\/lignoplan.com\/wordpress_9\/author\/mk\/\" title=\"Beitr\u00e4ge von Martin K\u00f6hler\" rel=\"author\">Martin K\u00f6hler<\/a>\t\t\t\t\t\t<\/p>\n\t\t\t\t\t\t\t\t\t<\/li>\n\t\t\t\t\n\t\t\t\t<li class='cat-post-item' >\n\t\t\t\t\t\n\t\t\t\t\t\t\t\t\t\t\t<a class=\"post-title  cat-post-title\" \n\t\t\t\t\t\t\thref=\"https:\/\/lignoplan.com\/wordpress_9\/3-schuelermannschaft-kassiert-die-erste-niederlage\/\" rel=\"bookmark\">3. Sch\u00fclermannschaft kassiert die erste Niederlage\t\t\t\t\t\t<\/a>\n\t\t\t\t\t\t\t\t\t\t\t<p class=\"post-author cat-post-author\">\n\t\t\t\t\t\t\tvon\n                            <a href=\"https:\/\/lignoplan.com\/wordpress_9\/author\/mk\/\" title=\"Beitr\u00e4ge von Martin K\u00f6hler\" rel=\"author\">Martin K\u00f6hler<\/a>\t\t\t\t\t\t<\/p>\n\t\t\t\t\t\t\t\t\t<\/li>\n\t\t\t\t\n\t\t\t\t<li class='cat-post-item' >\n\t\t\t\t\t\n\t\t\t\t\t\t\t\t\t\t\t<a class=\"post-title  cat-post-title\" \n\t\t\t\t\t\t\thref=\"https:\/\/lignoplan.com\/wordpress_9\/schueler-3-gewinnen-auch-ihr-zweites-heimspiel\/\" rel=\"bookmark\">Sch\u00fcler 3 gewinnen auch ihr zweites Heimspiel\t\t\t\t\t\t<\/a>\n\t\t\t\t\t\t\t\t\t\t\t<p class=\"post-author cat-post-author\">\n\t\t\t\t\t\t\tvon\n                            <a href=\"https:\/\/lignoplan.com\/wordpress_9\/author\/mk\/\" title=\"Beitr\u00e4ge von Martin K\u00f6hler\" rel=\"author\">Martin K\u00f6hler<\/a>\t\t\t\t\t\t<\/p>\n\t\t\t\t\t\t\t\t\t<\/li>\n\t\t\t\t\n\t\t\t\t<li class='cat-post-item' >\n\t\t\t\t\t\n\t\t\t\t\t\t\t\t\t\t\t<a class=\"post-title  cat-post-title\" \n\t\t\t\t\t\t\thref=\"https:\/\/lignoplan.com\/wordpress_9\/ueberzeugender-51-sieg-der-schueler-3\/\" rel=\"bookmark\">\u00dcberzeugender 5:1-Sieg der Sch\u00fcler 3\t\t\t\t\t\t<\/a>\n\t\t\t\t\t\t\t\t\t\t\t<p class=\"post-author cat-post-author\">\n\t\t\t\t\t\t\tvon\n                            <a href=\"https:\/\/lignoplan.com\/wordpress_9\/author\/mk\/\" title=\"Beitr\u00e4ge von Martin K\u00f6hler\" rel=\"author\">Martin K\u00f6hler<\/a>\t\t\t\t\t\t<\/p>\n\t\t\t\t\t\t\t\t\t<\/li>\n\t\t\t\t<\/ul>\n<\/div><\/div><\/div><div id=\"panel-4898-0-0-1\" class=\"so-panel widget widget_bvg-block\" data-index=\"1\" ><div class=\"not_editable bvg_block bvg_block_foto panel-widget-style panel-widget-style-for-4898-0-0-1\" ><div\n\t\t\t\n\t\t\tclass=\"so-widget-bvg-block so-widget-bvg-block-base\"\n\t\t\t\n\t\t>\n\n<div class=\"siteorigin-widget-tinymce textwidget\">\n\t<div class=\"bvg_block mannschaft_foto\" id=\"mannschaft_foto\">\n\n\t\t<h1>Foto<\/h1>\n\n\t\t<h3><\/h3>\n\n\t\t<p><a href=\"http:\/\/lignoplan.com\/wordpress_d\/wp-content\/uploads\/2019\/09\/1920-Sch\u00fcler-3.jpg\"><img loading=\"lazy\" decoding=\"async\" src=\"http:\/\/lignoplan.com\/wordpress_d\/wp-content\/uploads\/2019\/09\/1920-Sch\u00fcler-3-300x194.jpg\" alt=\"1920 Sch\u00fcler 3\" width=\"300\" height=\"194\" class=\"alignleft size-medium wp-image-5001\" srcset=\"https:\/\/lignoplan.com\/wordpress_9\/wp-content\/uploads\/2019\/09\/1920-Sch\u00fcler-3-300x194.jpg 300w, https:\/\/lignoplan.com\/wordpress_9\/wp-content\/uploads\/2019\/09\/1920-Sch\u00fcler-3-768x496.jpg 768w, https:\/\/lignoplan.com\/wordpress_9\/wp-content\/uploads\/2019\/09\/1920-Sch\u00fcler-3-1024x662.jpg 1024w, https:\/\/lignoplan.com\/wordpress_9\/wp-content\/uploads\/2019\/09\/1920-Sch\u00fcler-3.jpg 1082w\" sizes=\"auto, (max-width: 300px) 100vw, 300px\" \/><\/a><\/p>\n<p>&nbsp;<\/p>\n<p>&nbsp;<\/p>\n<p>&nbsp;<\/p>\n<p>&nbsp;<\/p>\n<p>&nbsp;<\/p>\n<p><span style=\"font-size: small;\">Betreuerin Anna Steiner, Anna Schleinitz, Lisa Anton, Helen Becker, Amelie Trautner, Martha Schwab (von links nach rechts)<\/span><\/p>\n<ul>\n<li class=\"li_head\" style=\"font-weight: bold;\">Stammspieler<\/li>\n<li>Schleinitz, Anna<\/li>\n<li>Becker, Helen<\/li>\n<li>Anton, Lisa<\/li>\n<li>Schwab, Martha <\/li>\n<li>Trautner, Amelie <\/li>\n<\/ul>\n\t<\/div>\n<\/div>\n<\/div><\/div><\/div><div id=\"panel-4898-0-0-2\" class=\"so-panel widget widget_bvg-block panel-last-child\" data-index=\"2\" ><div\n\t\t\t\n\t\t\tclass=\"so-widget-bvg-block so-widget-bvg-block-base\"\n\t\t\t\n\t\t>\n\n<div class=\"siteorigin-widget-tinymce textwidget\">\n\t<div class=\"bvg_block mannschaft_slideshow\" id=\"mannschaft_slideshow\">\n\n\t\t<h1>Slideshow<\/h1>\n\n\t\t<h3><\/h3>\n\n\t\t\t<\/div>\n<\/div>\n<\/div><\/div><\/div><\/div><\/div>","protected":false},"excerpt":{"rendered":"<p>3. Sch\u00fclermannschaft r\u00fcckt auf Platz 2 vor von Martin K\u00f6hler Sch\u00fcler 3 siegen ausw\u00e4rts mit 6:0 von Martin K\u00f6hler M\u00e4dchenteam f\u00fcr das Spitzenspiel ger\u00fcstet von Martin K\u00f6hler Sch\u00fcler 3 kn\u00f6pfen Tabellenf\u00fchrer einen Punkt ab von Martin K\u00f6hler 3. Sch\u00fclermannschaft kassiert die erste Niederlage von Martin K\u00f6hler Sch\u00fcler 3 gewinnen auch ihr zweites Heimspiel von Martin [&hellip;]<\/p>\n","protected":false},"author":13,"featured_media":0,"parent":0,"menu_order":0,"comment_status":"closed","ping_status":"closed","template":"","meta":{"_acf_changed":false,"_monsterinsights_skip_tracking":false,"_monsterinsights_sitenote_active":false,"_monsterinsights_sitenote_note":"","_monsterinsights_sitenote_category":0,"ngg_post_thumbnail":0,"footnotes":""},"class_list":["post-4898","page","type-page","status-publish","hentry","post"],"acf":[],"_links":{"self":[{"href":"https:\/\/lignoplan.com\/wordpress_9\/wp-json\/wp\/v2\/pages\/4898","targetHints":{"allow":["GET"]}}],"collection":[{"href":"https:\/\/lignoplan.com\/wordpress_9\/wp-json\/wp\/v2\/pages"}],"about":[{"href":"https:\/\/lignoplan.com\/wordpress_9\/wp-json\/wp\/v2\/types\/page"}],"author":[{"embeddable":true,"href":"https:\/\/lignoplan.com\/wordpress_9\/wp-json\/wp\/v2\/users\/13"}],"replies":[{"embeddable":true,"href":"https:\/\/lignoplan.com\/wordpress_9\/wp-json\/wp\/v2\/comments?post=4898"}],"version-history":[{"count":15,"href":"https:\/\/lignoplan.com\/wordpress_9\/wp-json\/wp\/v2\/pages\/4898\/revisions"}],"predecessor-version":[{"id":6617,"href":"https:\/\/lignoplan.com\/wordpress_9\/wp-json\/wp\/v2\/pages\/4898\/revisions\/6617"}],"wp:attachment":[{"href":"https:\/\/lignoplan.com\/wordpress_9\/wp-json\/wp\/v2\/media?parent=4898"}],"curies":[{"name":"wp","href":"https:\/\/api.w.org\/{rel}","templated":true}]}}