{"id":4181,"date":"2018-05-21T11:55:25","date_gmt":"2018-05-21T11:55:25","guid":{"rendered":"http:\/\/lignoplan.com\/wordpress_d\/?page_id=4181"},"modified":"2024-01-23T21:33:54","modified_gmt":"2024-01-23T21:33:54","slug":"datenschutzerklaerung","status":"publish","type":"page","link":"https:\/\/lignoplan.com\/wordpress_9\/datenschutzerklaerung\/","title":{"rendered":"Datenschutzerkl\u00e4rung"},"content":{"rendered":"<div id=\"pl-4181\"  class=\"panel-layout\" ><div id=\"pg-4181-0\"  class=\"panel-grid panel-no-style\" ><div id=\"pgc-4181-0-0\"  class=\"panel-grid-cell\" ><div id=\"panel-4181-0-0-0\" class=\"so-panel widget widget_bvg-block panel-first-child panel-last-child\" data-index=\"0\" ><div\n\t\t\t\n\t\t\tclass=\"so-widget-bvg-block so-widget-bvg-block-base\"\n\t\t\t\n\t\t>\n\n<div class=\"siteorigin-widget-tinymce textwidget\">\n\t<div class=\"bvg_block \" id=\"\">\n\n\t\t<h1><\/h1>\n\n\t\t<h3><\/h3>\n\n\t\t<p>Der TV 1897 Goldbach e.V. (bzw. Abteilung Badminton und BVG Goldbach\/Laufach) erreichbar unter M\u00fchlstra\u00dfe 20, 63773 Goldbach ( Vorsitzender: Johannes Zenglein ), erhebt Ihre Daten zum Zweck der Vertragsdurchf\u00fchrung, also zur Durchf\u00fchrung der Mitgliederverwaltung des Vereins.<\/p>\n<p>Die Datenerhebung und Datenverarbeitung ist f\u00fcr die Durchf\u00fchrung des Vertrags erforderlich und beruht auf Artikel 6 Abs. 1 b Datenschutzgrundverordnung.<br \/>\nEine Nichtbereitstellung der personenbezogenen Daten h\u00e4tte zur Folge, dass Sie nicht Mitglied des Vereins werden oder wir nicht mit Ihnen in Kontakt treten k\u00f6nnen.<br \/>\nEine Daten\u00fcbermittlung an Dritte findet nicht statt. Eine Datennutzung f\u00fcr Werbezwecke findet ebenfalls nicht statt.<br \/>\nDie Daten werden gel\u00f6scht, sobald sie f\u00fcr den Zweck ihrer Verarbeitung nicht mehr erforderlich sind und soweit sie nicht wegen steuerrechtlicher Vorgaben aufbewahrt werden m\u00fcssen.<br \/>\nJedes Mitglied hat das Recht auf Auskunft \u00fcber die personenbezogenen Daten, die zu seiner Person beim TV 1897 Goldbach e.V. gespeichert sind.<br \/>\nAu\u00dferdem besteht im Falle von fehlerhaften Daten ein Korrekturrecht sowie das Recht, bei Unrichtigkeit der Daten die Berichtigung oder bei unzul\u00e4ssiger Datenspeicherung die L\u00f6schung der Daten zu fordern.<\/p>\n<p>Ihnen steht des Weiteren ein Beschwerderecht bei der Aufsichtsbeh\u00f6rde zu.<\/p>\n\t<\/div>\n<\/div>\n<\/div><\/div><\/div><\/div><\/div>","protected":false},"excerpt":{"rendered":"<p>Der TV 1897 Goldbach e.V. (bzw. Abteilung Badminton und BVG Goldbach\/Laufach) erreichbar unter M\u00fchlstra\u00dfe 20, 63773 Goldbach ( Vorsitzender: Johannes Zenglein ), erhebt Ihre Daten zum Zweck der Vertragsdurchf\u00fchrung, also zur Durchf\u00fchrung der Mitgliederverwaltung des Vereins. Die Datenerhebung und Datenverarbeitung ist f\u00fcr die Durchf\u00fchrung des Vertrags erforderlich und beruht auf Artikel 6 Abs. 1 b [&hellip;]<\/p>\n","protected":false},"author":3,"featured_media":0,"parent":0,"menu_order":0,"comment_status":"closed","ping_status":"closed","template":"","meta":{"_acf_changed":false,"_monsterinsights_skip_tracking":false,"_monsterinsights_sitenote_active":false,"_monsterinsights_sitenote_note":"","_monsterinsights_sitenote_category":0,"ngg_post_thumbnail":0,"footnotes":""},"class_list":["post-4181","page","type-page","status-publish","hentry","post"],"acf":[],"_links":{"self":[{"href":"https:\/\/lignoplan.com\/wordpress_9\/wp-json\/wp\/v2\/pages\/4181","targetHints":{"allow":["GET"]}}],"collection":[{"href":"https:\/\/lignoplan.com\/wordpress_9\/wp-json\/wp\/v2\/pages"}],"about":[{"href":"https:\/\/lignoplan.com\/wordpress_9\/wp-json\/wp\/v2\/types\/page"}],"author":[{"embeddable":true,"href":"https:\/\/lignoplan.com\/wordpress_9\/wp-json\/wp\/v2\/users\/3"}],"replies":[{"embeddable":true,"href":"https:\/\/lignoplan.com\/wordpress_9\/wp-json\/wp\/v2\/comments?post=4181"}],"version-history":[{"count":6,"href":"https:\/\/lignoplan.com\/wordpress_9\/wp-json\/wp\/v2\/pages\/4181\/revisions"}],"predecessor-version":[{"id":8200,"href":"https:\/\/lignoplan.com\/wordpress_9\/wp-json\/wp\/v2\/pages\/4181\/revisions\/8200"}],"wp:attachment":[{"href":"https:\/\/lignoplan.com\/wordpress_9\/wp-json\/wp\/v2\/media?parent=4181"}],"curies":[{"name":"wp","href":"https:\/\/api.w.org\/{rel}","templated":true}]}}