{"id":3853,"date":"2018-03-14T22:10:48","date_gmt":"2018-03-14T22:10:48","guid":{"rendered":"http:\/\/lignoplan.com\/wordpress_d\/?page_id=3853"},"modified":"2018-04-18T07:40:59","modified_gmt":"2018-04-18T07:40:59","slug":"aufstiegsrunde-bundesliga-2018-2","status":"publish","type":"page","link":"https:\/\/lignoplan.com\/wordpress_9\/aufstiegsrunde-bundesliga-2018-2\/","title":{"rendered":"Aufstiegsrunde Bundesliga 2018"},"content":{"rendered":"<div id=\"pl-3853\"  class=\"panel-layout\" ><div id=\"pg-3853-0\"  class=\"panel-grid panel-no-style\" ><div id=\"pgc-3853-0-0\"  class=\"panel-grid-cell\" ><div id=\"panel-3853-0-0-0\" class=\"so-panel widget widget_bvg-block panel-first-child\" data-index=\"0\" ><div\n\t\t\t\n\t\t\tclass=\"so-widget-bvg-block so-widget-bvg-block-base\"\n\t\t\t\n\t\t>\n\n<div class=\"siteorigin-widget-tinymce textwidget\">\n\t<div class=\"bvg_block \" id=\"\">\n\n\t\t<h1><\/h1>\n\n\t\t<h3><\/h3>\n\n\t\t<p><a href=\"http:\/\/lignoplan.com\/wordpress_d\/wp-content\/uploads\/2018\/04\/ar_table1.png\"><img loading=\"lazy\" decoding=\"async\" width=\"765\" height=\"167\" class=\"size-full wp-image-4068 aligncenter\" src=\"http:\/\/lignoplan.com\/wordpress_d\/wp-content\/uploads\/2018\/04\/ar_table1.png\" alt=\"\" srcset=\"https:\/\/lignoplan.com\/wordpress_9\/wp-content\/uploads\/2018\/04\/ar_table1.png 765w, https:\/\/lignoplan.com\/wordpress_9\/wp-content\/uploads\/2018\/04\/ar_table1-300x65.png 300w\" sizes=\"auto, (max-width: 765px) 100vw, 765px\" \/><\/a><\/p>\n<p><a href=\"http:\/\/lignoplan.com\/wordpress_d\/wp-content\/uploads\/2018\/04\/ar_table2.png\"><img loading=\"lazy\" decoding=\"async\" width=\"766\" height=\"366\" class=\"size-full wp-image-4069 aligncenter\" src=\"http:\/\/lignoplan.com\/wordpress_d\/wp-content\/uploads\/2018\/04\/ar_table2.png\" alt=\"\" srcset=\"https:\/\/lignoplan.com\/wordpress_9\/wp-content\/uploads\/2018\/04\/ar_table2.png 766w, https:\/\/lignoplan.com\/wordpress_9\/wp-content\/uploads\/2018\/04\/ar_table2-300x143.png 300w\" sizes=\"auto, (max-width: 766px) 100vw, 766px\" \/><\/a><\/p>\n<p><a href=\"http:\/\/lignoplan.com\/wordpress_d\/wp-content\/uploads\/2018\/04\/ar_table3.png\"><img loading=\"lazy\" decoding=\"async\" width=\"767\" height=\"368\" class=\"size-full wp-image-4070 aligncenter\" src=\"http:\/\/lignoplan.com\/wordpress_d\/wp-content\/uploads\/2018\/04\/ar_table3.png\" alt=\"\" srcset=\"https:\/\/lignoplan.com\/wordpress_9\/wp-content\/uploads\/2018\/04\/ar_table3.png 767w, https:\/\/lignoplan.com\/wordpress_9\/wp-content\/uploads\/2018\/04\/ar_table3-300x144.png 300w\" sizes=\"auto, (max-width: 767px) 100vw, 767px\" \/><\/a><\/p>\n<p><a href=\"http:\/\/lignoplan.com\/wordpress_d\/wp-content\/uploads\/2018\/04\/ar_table4.png\"><img loading=\"lazy\" decoding=\"async\" width=\"764\" height=\"366\" class=\"size-full wp-image-4071 aligncenter\" src=\"http:\/\/lignoplan.com\/wordpress_d\/wp-content\/uploads\/2018\/04\/ar_table4.png\" alt=\"\" srcset=\"https:\/\/lignoplan.com\/wordpress_9\/wp-content\/uploads\/2018\/04\/ar_table4.png 764w, https:\/\/lignoplan.com\/wordpress_9\/wp-content\/uploads\/2018\/04\/ar_table4-300x144.png 300w\" sizes=\"auto, (max-width: 764px) 100vw, 764px\" \/><\/a><\/p>\n<p style=\"text-align: center;\">Tabelle von <a href=\"https:\/\/www.courtspot.de\" target=\"_blank\" rel=\"noopener\">https:\/\/www.courtspot.de<\/a><\/p>\n\t<\/div>\n<\/div>\n<\/div><\/div><div id=\"panel-3853-0-0-1\" class=\"so-panel widget widget_bvg-block\" data-index=\"1\" ><div\n\t\t\t\n\t\t\tclass=\"so-widget-bvg-block so-widget-bvg-block-base\"\n\t\t\t\n\t\t>\n\n<div class=\"siteorigin-widget-tinymce textwidget\">\n\t<div class=\"bvg_block \" id=\"\">\n\n\t\t<h1><\/h1>\n\n\t\t<h3><\/h3>\n\n\t\t<h3><\/h3>\n<h3 style=\"text-align: center;\"><a href=\"#panel-3853-0-0-5\">Aufstiegsrunde Regeln<\/a>\u00a0- <a href=\"https:\/\/drive.google.com\/file\/d\/10DA-oDAIrRycaUk-S-PlFdAAzyhCjEG7\/view?usp=sharing\" target=\"_blank\" rel=\"noopener\">Programmheft<\/a><\/h3>\n<h3><a href=\"http:\/\/lignoplan.com\/wordpress_d\/wp-content\/uploads\/2018\/03\/Aufstiegsrunde_plakat_A4_Vorschlag_2018.png\"><img loading=\"lazy\" decoding=\"async\" class=\"size-medium wp-image-3933 aligncenter\" src=\"http:\/\/lignoplan.com\/wordpress_d\/wp-content\/uploads\/2018\/03\/Aufstiegsrunde_plakat_A4_Vorschlag_2018-212x300.png\" alt=\"\" width=\"212\" height=\"300\" \/><\/a><\/h3>\n<p style=\"text-align: center;\"><a href=\"https:\/\/www.turnier.de\/sport\/draw.aspx?id=107D0FC0-C153-4EAF-A39D-EBAECB424B16&amp;draw=5\" target=\"_blank\" rel=\"noopener\">Aufstiegsrunde Seite auf Turnier.de<\/a><\/p>\n\t<\/div>\n<\/div>\n<\/div><\/div><div id=\"panel-3853-0-0-2\" class=\"so-panel widget widget_bvg-block\" data-index=\"2\" ><div\n\t\t\t\n\t\t\tclass=\"so-widget-bvg-block so-widget-bvg-block-base\"\n\t\t\t\n\t\t>\n\n<div class=\"siteorigin-widget-tinymce textwidget\">\n\t<div class=\"bvg_block \" id=\"\">\n\n\t\t<h1>Bilder und videos: Aufstiegsrunde 2018...<\/h1>\n\n\t\t<h3><\/h3>\n\n\t\t<h2>Videos<\/h2>\n<h4 class=\"watch-title-container\"><a href=\"https:\/\/www.youtube.com\/watch?v=q7CQWllTUzk\" target=\"_blank\" rel=\"noopener\"><span id=\"eow-title\" class=\"watch-title\" dir=\"ltr\" title=\"Aufzeichnung: AR 1. BL TSV Freystadt \u2013 TV Marktheidenfeld\">Aufzeichnung: AR 1. BL TSV Freystadt \u2013 TV Marktheidenfeld<\/span><\/a><\/h4>\n<h4 class=\"watch-title-container\"><a href=\"https:\/\/www.youtube.com\/watch?v=ks4xNQB_gAU\" target=\"_blank\" rel=\"noopener\"><span id=\"eow-title\" class=\"watch-title\" dir=\"ltr\" title=\"Aufzeichnung: AR 1. BL TSV Freystadt \u2013 BW Wittorf\">Aufzeichnung: AR 1. BL TSV Freystadt \u2013 BW Wittorf<\/span><\/a><\/h4>\n<h4 class=\"watch-title-container\"><a href=\"https:\/\/www.youtube.com\/watch?v=ceJXG2YMq18\" target=\"_blank\" rel=\"noopener\"><span id=\"eow-title\" class=\"watch-title\" dir=\"ltr\" title=\"Aufzeichnung: AR 1. BL TV Marktheidenfeld \u2013 BW Wittorf\">Aufzeichnung: AR 1. BL TV Marktheidenfeld \u2013 BW Wittorf<\/span><\/a><\/h4>\n<h2>Bilder<\/h2>\n<p style=\"text-align: center;\"><a href=\"https:\/\/photos.app.goo.gl\/n9S6SEvgJm5s0dro2\" target=\"_blank\" rel=\"noopener\"><img loading=\"lazy\" decoding=\"async\" class=\"size-medium wp-image-4082 aligncenter\" src=\"http:\/\/lignoplan.com\/wordpress_d\/wp-content\/uploads\/2018\/04\/start_pic-300x190.jpg\" alt=\"\" width=\"300\" height=\"190\" srcset=\"https:\/\/lignoplan.com\/wordpress_9\/wp-content\/uploads\/2018\/04\/start_pic-300x190.jpg 300w, https:\/\/lignoplan.com\/wordpress_9\/wp-content\/uploads\/2018\/04\/start_pic-768x486.jpg 768w, https:\/\/lignoplan.com\/wordpress_9\/wp-content\/uploads\/2018\/04\/start_pic.jpg 800w\" sizes=\"auto, (max-width: 300px) 100vw, 300px\" \/><br \/>\nFotoalbum Aufstiegsrunde 2018<\/a><\/p>\n\t<\/div>\n<\/div>\n<\/div><\/div><div id=\"panel-3853-0-0-3\" class=\"so-panel widget widget_bvg-block\" data-index=\"3\" ><div\n\t\t\t\n\t\t\tclass=\"so-widget-bvg-block so-widget-bvg-block-base\"\n\t\t\t\n\t\t>\n\n<div class=\"siteorigin-widget-tinymce textwidget\">\n\t<div class=\"bvg_block \" id=\"\">\n\n\t\t<h1>Unsere Partner<\/h1>\n\n\t\t<h3><\/h3>\n\n\t\t<a href=\"http:\/\/lignoplan.com\/wordpress_d\/wp-content\/uploads\/2017\/03\/logo1_yonex.png\"><img loading=\"lazy\" decoding=\"async\" class=\"size-medium wp-image-2372 alignleft\" src=\"http:\/\/lignoplan.com\/wordpress_d\/wp-content\/uploads\/2017\/03\/logo1_yonex-300x121.png\" alt=\"\" width=\"300\" height=\"121\" srcset=\"https:\/\/lignoplan.com\/wordpress_9\/wp-content\/uploads\/2017\/03\/logo1_yonex-300x121.png 300w, https:\/\/lignoplan.com\/wordpress_9\/wp-content\/uploads\/2017\/03\/logo1_yonex.png 350w\" sizes=\"auto, (max-width: 300px) 100vw, 300px\" \/><\/a> <img loading=\"lazy\" decoding=\"async\" class=\"size-medium wp-image-2373 alignleft\" src=\"http:\/\/lignoplan.com\/wordpress_d\/wp-content\/uploads\/2017\/03\/logo2_db-300x51.png\" alt=\"\" width=\"300\" height=\"51\" srcset=\"https:\/\/lignoplan.com\/wordpress_9\/wp-content\/uploads\/2017\/03\/logo2_db-300x51.png 300w, https:\/\/lignoplan.com\/wordpress_9\/wp-content\/uploads\/2017\/03\/logo2_db.png 350w\" sizes=\"auto, (max-width: 300px) 100vw, 300px\" \/><a href=\"http:\/\/lignoplan.com\/wordpress_d\/wp-content\/uploads\/2018\/03\/EWG-Logo-klein.jpg\"><img loading=\"lazy\" decoding=\"async\" src=\"http:\/\/lignoplan.com\/wordpress_d\/wp-content\/uploads\/2018\/03\/EWG-Logo-klein.jpg\" alt=\"\" width=\"200\" height=\"154\" class=\"alignright size-full wp-image-4007\" \/><\/a><a href=\"http:\/\/lignoplan.com\/wordpress_d\/wp-content\/uploads\/2017\/03\/logo3_sparkasse.png\"><img loading=\"lazy\" decoding=\"async\" class=\"size-medium wp-image-2368 alignleft\" src=\"http:\/\/lignoplan.com\/wordpress_d\/wp-content\/uploads\/2017\/03\/logo3_sparkasse-300x75.png\" alt=\"\" width=\"300\" height=\"75\" srcset=\"https:\/\/lignoplan.com\/wordpress_9\/wp-content\/uploads\/2017\/03\/logo3_sparkasse-300x75.png 300w, https:\/\/lignoplan.com\/wordpress_9\/wp-content\/uploads\/2017\/03\/logo3_sparkasse.png 350w\" sizes=\"auto, (max-width: 300px) 100vw, 300px\" \/><\/a>\n\n\n\t<\/div>\n<\/div>\n<\/div><\/div><div id=\"panel-3853-0-0-4\" class=\"so-panel widget widget_bvg-block\" data-index=\"4\" ><div\n\t\t\t\n\t\t\tclass=\"so-widget-bvg-block so-widget-bvg-block-base\"\n\t\t\t\n\t\t>\n\n<div class=\"siteorigin-widget-tinymce textwidget\">\n\t<div class=\"bvg_block \" id=\"\">\n\n\t\t<h1>Suchen Sie ein Hotel ?<\/h1>\n\n\t\t<h3>Unsere Partner:<\/h3>\n\n\t\t<h1>Unsere Hotel Partner<\/h1>\n<p>&nbsp;<\/p>\n<p><strong>Hotel Russmann<\/strong><\/p>\n<p>Aschaffenburger Str. 96<\/p>\n<p>63773 Goldbach<\/p>\n<p>Tel.: 0 60 21 - 53040<\/p>\n<p><a href=\"http:\/\/www.russmann-gastro.de\" target=\"_blank\" rel=\"noopener\">www.russmann-gastro.de<\/a><\/p>\n<p>&nbsp;<\/p>\n<p style=\"text-align: center;\"><iframe loading=\"lazy\" style=\"border: 0;\" src=\"https:\/\/www.google.com\/maps\/embed?pb=!1m18!1m12!1m3!1d2564.7326078936753!2d9.183605315825154!3d49.997622427769926!2m3!1f0!2f0!3f0!3m2!1i1024!2i768!4f13.1!3m3!1m2!1s0x47bd37e9047a96f9%3A0xe0f3614294211b3a!2sHotel+-+Restaurant+Ru%C3%9Fmann!5e0!3m2!1sde!2sde!4v1490277980970\" width=\"400\" height=\"300\" frameborder=\"0\" allowfullscreen=\"allowfullscreen\"><\/iframe><\/p>\n<p><strong>Hotel Pfaffenm\u00fchle<\/strong><\/p>\n<p>Glattbacher Str. 44<\/p>\n<p>63741 Aschaffenburg<\/p>\n<p>Tel.: +49 (0)6021 \/ 34 66-0<\/p>\n<p><a href=\"http:\/\/www.hotel-pfaffenmuehle.de\/\" target=\"_blank\" rel=\"noopener\">www.hotel-pfaffenmuehle.de<\/a><\/p>\n<p>&nbsp;<\/p>\n<p><iframe loading=\"lazy\" src=\"https:\/\/www.google.com\/maps\/embed?pb=!1m18!1m12!1m3!1d2565.323002634356!2d9.147171315848265!3d49.98655342856234!2m3!1f0!2f0!3f0!3m2!1i1024!2i768!4f13.1!3m3!1m2!1s0x47bd47f8883aa781%3A0x7f3bc841284e680b!2sHotel+%26+Wirtshaus+Pfaffenm%C3%BChle!5e0!3m2!1sde!2sde!4v1523014502368\" width=\"400\" height=\"300\" frameborder=\"0\" style=\"border:0\" allowfullscreen><\/iframe><\/p>\n\t<\/div>\n<\/div>\n<\/div><\/div><div id=\"panel-3853-0-0-5\" class=\"so-panel widget widget_bvg-block\" data-index=\"5\" ><div\n\t\t\t\n\t\t\tclass=\"so-widget-bvg-block so-widget-bvg-block-base\"\n\t\t\t\n\t\t>\n\n<div class=\"siteorigin-widget-tinymce textwidget\">\n\t<div class=\"bvg_block \" id=\"\">\n\n\t\t<h1><\/h1>\n\n\t\t<h3><\/h3>\n\n\t\t<p><strong>Mannschaften<\/strong>:<\/p>\n<ul>\n<li><a href=\"https:\/\/www.turnier.de\/sport\/team.aspx?id=107D0FC0-C153-4EAF-A39D-EBAECB424B16&amp;team=9\">TSV 1906 Freystadt<\/a> (<a href=\"http:\/\/www.turnier.de\/sport\/events.aspx?id=2E6B5BAC-8F64-46E8-94FC-804611281DF1&amp;tlt=1\" target=\"_blank\" rel=\"noopener\">Bundesliga 1<\/a>)<\/li>\n<li><a href=\"https:\/\/www.turnier.de\/sport\/team.aspx?id=107D0FC0-C153-4EAF-A39D-EBAECB424B16&amp;team=11\">Blau-Weiss Wittorf-NMS<\/a> (<a href=\"http:\/\/www.turnier.de\/sport\/draw.aspx?id=2E6B5BAC-8F64-46E8-94FC-804611281DF1&amp;draw=2\" target=\"_blank\" rel=\"noopener\">Bundesliga 2 Nord<\/a>)<\/li>\n<li><a href=\"https:\/\/www.turnier.de\/sport\/team.aspx?id=107D0FC0-C153-4EAF-A39D-EBAE0CB424B16&amp;team=28\">TV 1884 Marktheidenfeld [N]<\/a> (<a href=\"http:\/\/www.turnier.de\/sport\/draw.aspx?id=2E6B5BAC-8F64-46E8-94FC-804611281DF1&amp;draw=3\" target=\"_blank\" rel=\"noopener\">Bundesliga 2 S\u00fcd<\/a>)<\/li>\n<\/ul>\n<p><strong>Datum: 14 und 15 April 2018<\/strong><\/p>\n<p style=\"text-align: left;\"><strong>Ort<\/strong>: Weberborn 28, 63773 Goldbach18<\/p>\n<p style=\"text-align: center;\"><iframe src=\"https:\/\/www.google.com\/maps\/embed?pb=!1m18!1m12!1m3!1d5129.422809848695!2d9.167812627974163!3d49.99801991766195!2m3!1f0!2f0!3f0!3m2!1i1024!2i768!4f13.1!3m3!1m2!1s0x47bd37f1241c481b%3A0x1b23e9c2c169148e!2sGoldbach+Sporthalle+Weberborn!5e0!3m2!1sde!2sde!4v1521068674098\" width=600 height=\"450\" frameborder=\"0\" style=\"border:0\" allowfullscreen><\/iframe><\/p>\n<p><strong>Preise<\/strong>:<\/p>\n<p>Samstag 14.04.2018 (2 Spiele): Erwachsene 10 \u20ac \/ Jugendliche 6 \u20ac<\/p>\n<p>Sonntag 15.04.2018 (1 Spiel): Erwachsene 5 \u20ac \/ Jugendliche 3 \u20ac<\/p>\n<p>Wochenende komplett (3 Spiele): Erwachsene 14 \u20ac \/ Jugendliche 8 \u20ac<\/p>\n<p>Kinder unter 12 Jahren haben freien Eintritt<\/p>\n\t<\/div>\n<\/div>\n<\/div><\/div><div id=\"panel-3853-0-0-6\" class=\"so-panel widget widget_bvg-block panel-last-child\" data-index=\"6\" ><div\n\t\t\t\n\t\t\tclass=\"so-widget-bvg-block so-widget-bvg-block-base\"\n\t\t\t\n\t\t>\n\n<div class=\"siteorigin-widget-tinymce textwidget\">\n\t<div class=\"bvg_block \" id=\"\">\n\n\t\t<h1><\/h1>\n\n\t\t<h3><\/h3>\n\n\t\t<h3>Aufstiegsrunde Regeln<\/h3>\n<p>Mit Wirkung zur Spielsaison 2017\/18, das hei\u00dft erstmals nach Abschluss der Punktspielrunde 2016\/17 der 1. und 2. BL, werden die beiden Aufsteiger in die 1. BL in einer Aufstiegsrunde ermittelt.<\/p>\n<p>Teilnahmeberechtigt an der Aufstiegsrunde sind die Meister der 2. BL Nord beziehungsweise S\u00fcd sowie die Mannschaft auf Platz 9 der Abschlusstabelle der Punktspielrunde der 1. BL.<\/p>\n<p>Ist ein Meister (oder Vizemeister) nicht teilnahmeberechtigt, oder verzichtet er auf die Teilnahme, so geht das Teilnahmerecht auf den Vizemeister (beziehungsweise den Drittplatzierten) der entsprechenden 2. BL \u00fcber (sofern dieser gem\u00e4\u00df \u00a7 3 Abs. 1 teilnahmeberechtigt ist).<\/p>\n<p>Will oder darf aus einer Staffel der 2. BL keine Mannschaft an der Aufstiegsrunde teilnehmen, so geht das Teilnahmerecht auf den Vizemeister oder den Drittplatzierten der anderen Staffel der 2. BL \u00fcber. Die Aufstiegsrunde wird im Modus \u201ejeder gegen jeden\u201c ausgetragen und findet an einem Wochenende an einem Austragungsort (<span class=\"section-info-text\"><span class=\"widget-pane-link\">Weberborn 28, 63773 Goldbach<\/span><\/span>) statt. Die Mannschaft auf Platz 9 der Abschlusstabelle der Punktspielrunde der 1. BL muss dabei die beiden ersten Begegnungen austragen. Der Gegner f\u00fcr Spiel 1 beziehungsweise Spiel 2 wird vor Turnierbeginn ausgelost.<\/p>\n<p>Die Reihenfolge der Abschlusstabelle der Aufstiegsrunde wird gem\u00e4\u00df \u00a7 12 Abs. 3 ermittelt.<\/p>\n<p>Die Einsatzberechtigung von Spielern in den Aufstiegsspielen regelt \u00a7 9 Abs. 7.<\/p>\n<p><a href=\"http:\/\/www.badminton.de\/der-dbv\/spielregeln\/\" target=\"_blank\" rel=\"noopener\">Alles \u00fcber die Bundesliga und die Regeln hier zu finden !<\/a><\/p>\n\t<\/div>\n<\/div>\n<\/div><\/div><\/div><\/div><\/div>","protected":false},"excerpt":{"rendered":"<p>Tabelle von https:\/\/www.courtspot.de Aufstiegsrunde Regeln\u00a0&#8211; Programmheft Aufstiegsrunde Seite auf Turnier.de Bilder und videos: Aufstiegsrunde 2018&#8230; Videos Aufzeichnung: AR 1. BL TSV Freystadt \u2013 TV Marktheidenfeld Aufzeichnung: AR 1. BL TSV Freystadt \u2013 BW Wittorf Aufzeichnung: AR 1. BL TV Marktheidenfeld \u2013 BW Wittorf Bilder Fotoalbum Aufstiegsrunde 2018 Unsere Partner Suchen Sie ein Hotel ? Unsere [&hellip;]<\/p>\n","protected":false},"author":13,"featured_media":0,"parent":0,"menu_order":0,"comment_status":"closed","ping_status":"closed","template":"templates\/template-full.php","meta":{"_acf_changed":false,"_monsterinsights_skip_tracking":false,"_monsterinsights_sitenote_active":false,"_monsterinsights_sitenote_note":"","_monsterinsights_sitenote_category":0,"ngg_post_thumbnail":0,"footnotes":""},"class_list":["post-3853","page","type-page","status-publish","hentry","post"],"acf":[],"_links":{"self":[{"href":"https:\/\/lignoplan.com\/wordpress_9\/wp-json\/wp\/v2\/pages\/3853","targetHints":{"allow":["GET"]}}],"collection":[{"href":"https:\/\/lignoplan.com\/wordpress_9\/wp-json\/wp\/v2\/pages"}],"about":[{"href":"https:\/\/lignoplan.com\/wordpress_9\/wp-json\/wp\/v2\/types\/page"}],"author":[{"embeddable":true,"href":"https:\/\/lignoplan.com\/wordpress_9\/wp-json\/wp\/v2\/users\/13"}],"replies":[{"embeddable":true,"href":"https:\/\/lignoplan.com\/wordpress_9\/wp-json\/wp\/v2\/comments?post=3853"}],"version-history":[{"count":83,"href":"https:\/\/lignoplan.com\/wordpress_9\/wp-json\/wp\/v2\/pages\/3853\/revisions"}],"predecessor-version":[{"id":4086,"href":"https:\/\/lignoplan.com\/wordpress_9\/wp-json\/wp\/v2\/pages\/3853\/revisions\/4086"}],"wp:attachment":[{"href":"https:\/\/lignoplan.com\/wordpress_9\/wp-json\/wp\/v2\/media?parent=3853"}],"curies":[{"name":"wp","href":"https:\/\/api.w.org\/{rel}","templated":true}]}}