{"id":38,"date":"2015-06-05T07:49:55","date_gmt":"2015-06-05T07:49:55","guid":{"rendered":"http:\/\/lignoplan.com\/wordpress_d\/?page_id=38"},"modified":"2025-06-22T13:23:29","modified_gmt":"2025-06-22T13:23:29","slug":"mannschaften","status":"publish","type":"page","link":"https:\/\/lignoplan.com\/wordpress_9\/mannschaften\/","title":{"rendered":"Spielbetrieb"},"content":{"rendered":"<div id=\"pl-38\"  class=\"panel-layout\" ><div id=\"pg-38-0\"  class=\"panel-grid panel-no-style\" ><div id=\"pgc-38-0-0\"  class=\"panel-grid-cell\" ><div id=\"panel-38-0-0-0\" class=\"so-panel widget widget_bvg-block panel-first-child\" data-index=\"0\" ><div\n\t\t\t\n\t\t\tclass=\"so-widget-bvg-block so-widget-bvg-block-base\"\n\t\t\t\n\t\t>\n\n<div class=\"siteorigin-widget-tinymce textwidget\">\n\t<div class=\"bvg_block \" id=\"\">\n\n\t\t<h1>Seniorenmannschaften<\/h1>\n\n\t\t<h3><\/h3>\n\n\t\t            <div id=\"spielbetrieb_current\">                             <h1>\n                    <a href=\"http:\/\/lignoplan.com\/wordpress_9\/spielplan\/\">Aktuelle Spielpl&auml;ne<\/a><\/h1>              \n                <ul>\n                    <li>\n                    <a href=\"http:\/\/lignoplan.com\/wordpress_9\/1-mannschaft-20252026\/\">1. Mannschaft<\/a>\n                    <\/li>             \n                    <li>\n                    <a href=\"http:\/\/lignoplan.com\/wordpress_9\/2-mannschaft-20252026\/\">2. Mannschaft<\/a>\n                    <\/li>\n                    <li>\n                    <a href=\"http:\/\/lignoplan.com\/wordpress_9\/3-mannschaft-20252026\/\">3. Mannschaft<\/a>\n                    <\/li>\n                    <li>\n                    <a href=\"http:\/\/lignoplan.com\/wordpress_9\/hobbyliga-mannschaft-20252026\/\">Hobbyliga Mannschaft<\/a>\n                    <\/li>\n                <\/ul><h1>Sch&uuml;ler- und Jugendmannschaften<\/h1>        \n                <ul>\n                    <li>\n                    <a href=\"http:\/\/lignoplan.com\/wordpress_9\/jugend-1-mannschaft-20252026\/\">Jugend 1 U19<\/a>\n                    <\/li>\n                    \n                    <li>\n                    <a href=\"http:\/\/lignoplan.com\/wordpress_9\/schueler-1-mannschaft-20252026\/\">Sch\u00fcler 1 U15<\/a>\n                    <\/li>             \n                    <li>\n                    <a href=\"http:\/\/lignoplan.com\/wordpress_9\/schueler-2-mannschaft-20252026\/\">Sch\u00fcler 2 U15<\/a>\n                    <\/li>\n                    <li>\n                    <a href=\"http:\/\/lignoplan.com\/wordpress_9\/schueler-3-mannschaft-20252026\/\">Sch\u00fcler 3 U13<\/a>\n                    <\/li>             \n                    <li>\n                    <a href=\"http:\/\/lignoplan.com\/wordpress_9\/schueler-4-mannschaft-20252026\/\">Sch\u00fcler 4 U13<\/a>\n                    <\/li>\n                    \n                                \n                    <li>\n                    <a href=\"http:\/\/lignoplan.com\/wordpress_9\/mini-1-mannschaft-20252026\/\">Mini 1 U11<\/a>\n                    <\/li>\n                <\/ul>\n            <\/div>\t<\/div>\n<\/div>\n<\/div><\/div><div id=\"panel-38-0-0-1\" class=\"so-panel widget widget_bvg-block panel-last-child\" data-index=\"1\" ><div\n\t\t\t\n\t\t\tclass=\"so-widget-bvg-block so-widget-bvg-block-base\"\n\t\t\t\n\t\t>\n\n<div class=\"siteorigin-widget-tinymce textwidget\">\n\t<div class=\"bvg_block \" id=\"\">\n\n\t\t<h1><\/h1>\n\n\t\t<h3><\/h3>\n\n\t\t<div id=\"spielbetrieb_archiv\">        <h1>Archiv<\/h1>                       \n                \n\n<h3 class=\"season\">2024 \/ 2025<\/h3>  \n                <div class=\"archiv_block\">\n<ul>\n                    <li>\n                    <a href=\"http:\/\/lignoplan.com\/wordpress_9\/1-mannschaft-20242025\/\">1. Mannschaft<\/a>\n                    <\/li>             \n                    <li>\n                    <a href=\"http:\/\/lignoplan.com\/wordpress_9\/2-mannschaft-20242025\/\">2. Mannschaft<\/a>\n                    <\/li>\n                    <li>\n                    <a href=\"http:\/\/lignoplan.com\/wordpress_9\/3-mannschaft-20242025\/\">3. Mannschaft<\/a>\n                    <\/li>\n                    <li>\n                    <a href=\"http:\/\/lignoplan.com\/wordpress_9\/hobbyliga-mannschaft-20242025\/\">Hobbyliga Mannschaft<\/a>\n                    <\/li>\n                    <li>\n                    <a href=\"http:\/\/lignoplan.com\/wordpress_9\/jugend-1-mannschaft-20242025\/\">Jugend 1<\/a>\n                    <\/li> \n                    \n                    <li>\n                    <a href=\"http:\/\/lignoplan.com\/wordpress_9\/schueler-1-mannschaft-20242025\/\">Sch\u00fcler 1<\/a>\n                    <\/li>             \n                    <li>\n                    <a href=\"http:\/\/lignoplan.com\/wordpress_9\/schueler-2-mannschaft-20242025\/\">Sch\u00fcler 2<\/a>\n                    <\/li>\n                    <li>\n                    <a href=\"http:\/\/lignoplan.com\/wordpress_9\/schueler-3-mannschaft-20242025\/\">Sch\u00fcler 3<\/a>\n                    <\/li>             \n                    <li>\n                    <a href=\"http:\/\/lignoplan.com\/wordpress_9\/schueler-4-mannschaft-20242025\/\">Sch\u00fcler 4<\/a>\n                    <\/li>\n                <\/ul>\n<\/div>\n\n<h3 class=\"season\">2023 \/ 2024<\/h3>  \n                <div class=\"archiv_block\">\n<ul>\n                    <li>\n                    <a href=\"http:\/\/lignoplan.com\/wordpress_9\/1-mannschaft-20232024\/\">1. Mannschaft<\/a>\n                    <\/li>             \n                    <li>\n                    <a href=\"http:\/\/lignoplan.com\/wordpress_9\/2-mannschaft-20232024\/\">2. Mannschaft<\/a>\n                    <\/li>\n                    <li>\n                    <a href=\"http:\/\/lignoplan.com\/wordpress_9\/3-mannschaft-20232024\/\">3. Mannschaft<\/a>\n                    <\/li>\n                    <li>\n                    <a href=\"http:\/\/lignoplan.com\/wordpress_9\/hobbyliga-mannschaft-20232024\/\">Hobbyliga Mannschaft<\/a>\n                    <\/li>\n                    <li>\n                    <a href=\"http:\/\/lignoplan.com\/wordpress_9\/jugend-1-mannschaft-20232024\/\">Jugend 1<\/a>\n                    <\/li>             \n                    <li>\n                    <a href=\"http:\/\/lignoplan.com\/wordpress_9\/jugend-2-mannschaft-20232024\/\">Jugend 2<\/a>\n                    <\/li>\n                    \n                    <li>\n                    <a href=\"http:\/\/lignoplan.com\/wordpress_9\/schueler-1-mannschaft-20232024\/\">Sch\u00fcler 1<\/a>\n                    <\/li>             \n                    <li>\n                    <a href=\"http:\/\/lignoplan.com\/wordpress_9\/schueler-2-mannschaft-20232024\/\">Sch\u00fcler 2<\/a>\n                    <\/li>\n                    <li>\n                    <a href=\"http:\/\/lignoplan.com\/wordpress_9\/schueler-3-mannschaft-20232024\/\">Sch\u00fcler 3<\/a>\n                    <\/li>             \n                    <li>\n                    <a href=\"http:\/\/lignoplan.com\/wordpress_9\/schueler-4-mannschaft-20232024\/\">Sch\u00fcler 4<\/a>\n                    <\/li>\n                <\/ul>\n<\/div>\n\n<h3 class=\"season\">2022 \/ 2023<\/h3>  \n                <div class=\"archiv_block\">\n                  <ul>\n                      <li>\n                      <a href=\"http:\/\/lignoplan.com\/wordpress_9\/1-mannschaft-20222023\/\">1. Mannschaft<\/a>\n                      <\/li>             \n                      <li>\n                      <a href=\"http:\/\/lignoplan.com\/wordpress_9\/2-mannschaft-20222023\/\">2. Mannschaft<\/a>\n                      <\/li>\n                      <li>\n                      <a href=\"http:\/\/lignoplan.com\/wordpress_9\/jugend-1-20222023\/\">Jugend 1<\/a>\n                      <\/li>             \n                      <li>\n                      <a href=\"http:\/\/lignoplan.com\/wordpress_9\/jugend-2-20222023\/\">Jugend 2<\/a>\n                      <\/li>\n                      \n                      <li>\n                      <a href=\"http:\/\/lignoplan.com\/wordpress_9\/schueler-1-20222023\/\">Sch\u00fcler 1<\/a>\n                      <\/li>             \n                      <li>\n                      <a href=\"http:\/\/lignoplan.com\/wordpress_9\/schueler-2-20222023\/\">Sch\u00fcler 2<\/a>\n                      <\/li>\n                  <\/ul>\n                <\/div>\n            <\/div>    \n            <div id=\"spielbetrieb_archiv\" style=\"\"> \n                <h3 class=\"season\">2021 \/ 2022<\/h3>\n                <div class=\"archiv_block\">\n                    <ul>\n                      <li>\n                      <a href=\"http:\/\/lignoplan.com\/wordpress_9\/1-mannschaft-20212022\/\">1. Mannschaft<\/a>\n                      <\/li>             \n                      <li>\n                      <a href=\"http:\/\/lignoplan.com\/wordpress_9\/2-mannschaft-20212022\/\">2. Mannschaft<\/a>\n                      <\/li>             \n                      <li>\n                      <a href=\"http:\/\/lignoplan.com\/wordpress_9\/3-mannschaft-20212022\/\">3. Mannschaft<\/a>\n                      <\/li>\n                      <li>\n                      <a href=\"http:\/\/lignoplan.com\/wordpress_9\/jugend-1-20212022\/\">Jugend 1<\/a>\n                      <\/li>             \n                      <li>\n                      <a href=\"http:\/\/lignoplan.com\/wordpress_9\/jugend-2-20212022\/\">Jugend 2<\/a>\n                      <\/li>        \n                  <\/ul>\n                <\/div>  \n                <h3 class=\"season\">2019 \/ 2020<\/h3>\n                <div class=\"archiv_block\">\n                    <ul>\n                        <li>\n                        <a href=\"http:\/\/lignoplan.com\/wordpress_9\/1-mannschaft-20192020\/\">1. Mannschaft<\/a>\n                        <\/li>             \n                        <li>\n                        <a href=\"http:\/\/lignoplan.com\/wordpress_9\/2-mannschaft-20192020\/\">2. Mannschaft<\/a>\n                        <\/li>             \n                        <li>\n                        <a href=\"http:\/\/lignoplan.com\/wordpress_9\/3-mannschaft-20192020\/\">3. Mannschaft<\/a>\n                        <\/li>             \n                        <li>\n                        <a href=\"http:\/\/lignoplan.com\/wordpress_9\/4-mannschaft-20192020\/\">4. Mannschaft<\/a>\n                        <\/li>\n                        <li>\n                        <a href=\"http:\/\/lignoplan.com\/wordpress_9\/jugend-1-20192020\/\">Jugend 1<\/a>\n                        <\/li>             \n                        <li>\n                        <a href=\"http:\/\/lignoplan.com\/wordpress_9\/jugend-2-20192020\/\">Jugend 2<\/a>\n                        <\/li>             \n                        <li>\n                        <a href=\"http:\/\/lignoplan.com\/wordpress_9\/jugend-3-20192020\/\">Jugend 3<\/a>\n                        <\/li>             \n                        <li>\n                        <a href=\"http:\/\/lignoplan.com\/wordpress_9\/schueler-1-20192020\/\">Sch&uuml;ler 1 U13<\/a>\n                        <\/li>             \n                        <li>\n                        <a href=\"http:\/\/lignoplan.com\/wordpress_9\/schueler-2-20192020\/\">Sch&uuml;ler 2 U13<\/a>\n                        <\/li>             \n                        <li>\n                        <a href=\"http:\/\/lignoplan.com\/wordpress_9\/schueler-3-20192020\/\">Sch&uuml;ler 3 U13<\/a>\n                        <\/li>        \n                    <\/ul>\n                <\/div>        \n                <h3 class=\"season\">2018 \/ 2019<\/h3>\n                <div>\n                    <ul>\n                        <li>\n                        <a href=\"http:\/\/lignoplan.com\/wordpress_9\/1-mannschaft-20182019\/\">1. Mannschaft<\/a>\n                        <\/li>\n                        <li>\n                        <a href=\"http:\/\/lignoplan.com\/wordpress_9\/2-mannschaft-20182019\/\">2. Mannschaft<\/a>\n                        <\/li>\n                        <li>\n                        <a href=\"http:\/\/lignoplan.com\/wordpress_9\/3-mannschaft-20182019\/\">3. Mannschaft<\/a>\n                        <\/li>\n                        <li>\n                        <a href=\"http:\/\/lignoplan.com\/wordpress_9\/4-mannschaft-20182019\/\">4. Mannschaft<\/a>\n                        <\/li>\n                        <li>\n                        <a href=\"http:\/\/lignoplan.com\/wordpress_9\/jugend-1-20182019\/\">Jugend 1<\/a>\n                        <\/li>\n                        <li>\n                        <a href=\"http:\/\/lignoplan.com\/wordpress_9\/jugend-2-20182019\/\">Jugend 2<\/a>\n                        <\/li>\n                        <li>\n                        <a href=\"http:\/\/lignoplan.com\/wordpress_9\/jugend-3-20182019\/\">Jugend 3<\/a>\n                        <\/li>\n                        <li>\n                        <a href=\"http:\/\/lignoplan.com\/wordpress_9\/schueler-1-20182019\/\">Sch&uuml;ler 1 U13<\/a>\n                        <\/li>\n                        <li>\n                        <a href=\"http:\/\/lignoplan.com\/wordpress_9\/schueler-2-20182019\/\">Sch&uuml;ler 2 U13<\/a>\n                        <\/li>\n                    <\/ul>\n                <\/div>\n                <h3 class=\"season\">2017 \/ 2018<\/h3>        \n                <div class=\"archiv_block\" id=\"spielbetrieb_archiv_block\">            \n                    <ul>\n                        <li>\n                        <a href=\"http:\/\/lignoplan.com\/wordpress_9\/1-mannschaft-20172018\/\">1. Mannschaft<\/a>\n                        <\/li>                 \n                        <li>\n                        <a href=\"http:\/\/lignoplan.com\/wordpress_9\/2-mannschaft-20172018\/\">2. Mannschaft<\/a>\n                        <\/li>                 \n                        <li>\n                        <a href=\"http:\/\/lignoplan.com\/wordpress_9\/3-mannschaft-20172018\/\">3. Mannschaft<\/a>\n                        <\/li>                 \n                        <li>\n                        <a href=\"http:\/\/lignoplan.com\/wordpress_9\/4-mannschaft-20172018\/\">4. Mannschaft<\/a>\n                        <\/li>                 \n                        <li>\n                        <a href=\"http:\/\/lignoplan.com\/wordpress_9\/5-mannschaft-20172018\/\">5. Mannschaft<\/a>\n                        <\/li>                 \n                        <li>\n                        <a href=\"http:\/\/lignoplan.com\/wordpress_9\/jugend-1-20172018\/\">Jugend 1<\/a>\n                        <\/li>                 \n                        <li>\n                        <a href=\"http:\/\/lignoplan.com\/wordpress_9\/jugend-2-20172018\/\">Jugend 2<\/a>\n                        <\/li>                 \n                        <li>\n                        <a href=\"http:\/\/lignoplan.com\/wordpress_9\/jugend-3-20172018\/\">Jugend 3<\/a>\n                        <\/li>                 \n                        <li>\n                        <a href=\"http:\/\/lignoplan.com\/wordpress_9\/schueler-1-20172018\/\">Sch&uuml;ler 1 U13<\/a>\n                        <\/li>            \n                    <\/ul>\n                <\/div>        <h3>2016 \/ 2017<\/h3>             \n                <div class=\"archiv_block\">            \n                    <ul>\n                        <li>\n                        <a href=\"http:\/\/lignoplan.com\/wordpress_9\/1-mannschaft-20162017\/\">1. Mannschaft<\/a>\n                        <\/li>                 \n                        <li>\n                        <a href=\"http:\/\/lignoplan.com\/wordpress_9\/2-mannschaft-20162017\/\">2. Mannschaft<\/a>\n                        <\/li>                 \n                        <li>\n                        <a href=\"http:\/\/lignoplan.com\/wordpress_9\/3-mannschaft-20162017\/\">3. Mannschaft<\/a>\n                        <\/li>                 \n                        <li>\n                        <a href=\"http:\/\/lignoplan.com\/wordpress_9\/4-mannschaft-20162017\/\">4. Mannschaft<\/a>\n                        <\/li>                 \n                        <li>\n                        <a href=\"http:\/\/lignoplan.com\/wordpress_9\/5-mannschaft-20162017\/\">5. Mannschaft<\/a>\n                        <\/li>                 \n                        <li>\n                        <a href=\"http:\/\/lignoplan.com\/wordpress_9\/schueler-1-20162017\/\">Sch&uuml;ler 1<\/a>\n                        <\/li>                 \n                        <li>\n                        <a href=\"http:\/\/lignoplan.com\/wordpress_9\/schueler-2-20162017\/\">Sch&uuml;ler 2<\/a>\n                        <\/li>                \n                        <li>\n                        <a href=\"http:\/\/lignoplan.com\/wordpress_9\/jugend-1-20162017\/\">Jugend 1<\/a>\n                        <\/li>                 \n                        <li>\n                        <a href=\"http:\/\/lignoplan.com\/wordpress_9\/mini-u13-20162017\/\">Mini 1 U13<\/a>\n                        <\/li>            \n                    <\/ul>\n                <\/div>             <h3>2015 \/ 2016<\/h3>             \n                <div class=\"archiv_block\">            \n                    <ul>\n                        <li>\n                        <a href=\"http:\/\/lignoplan.com\/wordpress_9\/1-mannschaft-20152016\/\">1. Mannschaft<\/a>\n                        <\/li>                \n                        <li>\n                        <a href=\"http:\/\/lignoplan.com\/wordpress_9\/2-mannschaft-20152016\/\">2. Mannschaft<\/a>\n                        <\/li>                \n                        <li>\n                        <a href=\"http:\/\/lignoplan.com\/wordpress_9\/3-mannschaft-20152016\/\">3. Mannschaft<\/a>\n                        <\/li>                \n                        <li>\n                        <a href=\"http:\/\/lignoplan.com\/wordpress_9\/4-mannschaft-20152016\/\">4. Mannschaft<\/a>\n                        <\/li>                \n                        <li>\n                        <a href=\"http:\/\/lignoplan.com\/wordpress_9\/5-mannschaft-20152016\/\">5. Mannschaft<\/a>\n                        <\/li>                \n                        <li>\n                        <a href=\"http:\/\/lignoplan.com\/wordpress_9\/schueler-1-20152016\/\">Sch&uuml;ler 1<\/a>\n                        <\/li>                \n                        <li>\n                        <a href=\"http:\/\/lignoplan.com\/wordpress_9\/schueler-2-20152016\/\">Sch&uuml;ler 2<\/a>\n                        <\/li>                \n                        <li>\n                        <a href=\"http:\/\/lignoplan.com\/wordpress_9\/jugend-1-20152016\/\">Jugend 1<\/a>\n                        <\/li>                \n                        <li>\n                        <a href=\"http:\/\/lignoplan.com\/wordpress_9\/jugend-2-20152016\/\">Jugend 2<\/a>\n                        <\/li>                \n                        <li>\n                        <a href=\"http:\/\/lignoplan.com\/wordpress_9\/mini-1-u13-20152016\/\">Mini 1 U13<\/a>\n                        <\/li>                \n                        <li>\n                        <a href=\"http:\/\/lignoplan.com\/wordpress_9\/mini-2-u13-20152016\/\">Mini 2 U13<\/a>\n                        <\/li>                \n                        <li>\n                        <a href=\"http:\/\/lignoplan.com\/wordpress_9\/mini-3-u11-20152016\/\">Mini 3 U11<\/a>\n                        <\/li>                \n                        <li>\n                        <a href=\"http:\/\/lignoplan.com\/wordpress_9\/mini-4-u11-20152016\/\">Mini 4 U11<\/a>\n                        <span class=\"link_beschreibung\">\n                        <\/span>\n                        <\/li>            \n                    <\/ul>\n                <\/div>    \n            <\/div>\t<\/div>\n<\/div>\n<\/div><\/div><\/div><\/div><\/div>","protected":false},"excerpt":{"rendered":"<p>Seniorenmannschaften Aktuelle Spielpl&auml;ne 1. Mannschaft 2. Mannschaft 3. Mannschaft Hobbyliga Mannschaft Sch&uuml;ler- und Jugendmannschaften Jugend 1 U19 Sch\u00fcler 1 U15 Sch\u00fcler 2 U15 Sch\u00fcler 3 U13 Sch\u00fcler 4 U13 Mini 1 U11 Archiv 2024 \/ 2025 1. Mannschaft 2. Mannschaft 3. Mannschaft Hobbyliga Mannschaft Jugend 1 Sch\u00fcler 1 Sch\u00fcler 2 Sch\u00fcler 3 Sch\u00fcler 4 2023 [&hellip;]<\/p>\n","protected":false},"author":3,"featured_media":0,"parent":0,"menu_order":0,"comment_status":"open","ping_status":"closed","template":"","meta":{"_acf_changed":false,"_monsterinsights_skip_tracking":false,"_monsterinsights_sitenote_active":false,"_monsterinsights_sitenote_note":"","_monsterinsights_sitenote_category":0,"ngg_post_thumbnail":0,"footnotes":""},"class_list":["post-38","page","type-page","status-publish","hentry","post"],"acf":[],"_links":{"self":[{"href":"https:\/\/lignoplan.com\/wordpress_9\/wp-json\/wp\/v2\/pages\/38","targetHints":{"allow":["GET"]}}],"collection":[{"href":"https:\/\/lignoplan.com\/wordpress_9\/wp-json\/wp\/v2\/pages"}],"about":[{"href":"https:\/\/lignoplan.com\/wordpress_9\/wp-json\/wp\/v2\/types\/page"}],"author":[{"embeddable":true,"href":"https:\/\/lignoplan.com\/wordpress_9\/wp-json\/wp\/v2\/users\/3"}],"replies":[{"embeddable":true,"href":"https:\/\/lignoplan.com\/wordpress_9\/wp-json\/wp\/v2\/comments?post=38"}],"version-history":[{"count":47,"href":"https:\/\/lignoplan.com\/wordpress_9\/wp-json\/wp\/v2\/pages\/38\/revisions"}],"predecessor-version":[{"id":9583,"href":"https:\/\/lignoplan.com\/wordpress_9\/wp-json\/wp\/v2\/pages\/38\/revisions\/9583"}],"wp:attachment":[{"href":"https:\/\/lignoplan.com\/wordpress_9\/wp-json\/wp\/v2\/media?parent=38"}],"curies":[{"name":"wp","href":"https:\/\/api.w.org\/{rel}","templated":true}]}}