{"id":3510,"date":"2018-01-08T21:13:06","date_gmt":"2018-01-08T21:13:06","guid":{"rendered":"http:\/\/lignoplan.com\/wordpress_d\/?page_id=3510"},"modified":"2018-01-11T13:30:53","modified_gmt":"2018-01-11T13:30:53","slug":"neujahrsturnier-neujahrsfeier-2018","status":"publish","type":"page","link":"https:\/\/lignoplan.com\/wordpress_9\/neujahrsturnier-neujahrsfeier-2018\/","title":{"rendered":"Neujahrsturnier &#038; Neujahrsfeier 2018"},"content":{"rendered":"<div id=\"pl-3510\"  class=\"panel-layout\" ><div id=\"pg-3510-0\"  class=\"panel-grid panel-no-style\" ><div id=\"pgc-3510-0-0\"  class=\"panel-grid-cell\" ><div id=\"panel-3510-0-0-0\" class=\"so-panel widget widget_bvg-block panel-first-child panel-last-child\" data-index=\"0\" ><div\n\t\t\t\n\t\t\tclass=\"so-widget-bvg-block so-widget-bvg-block-base\"\n\t\t\t\n\t\t>\n\n<div class=\"siteorigin-widget-tinymce textwidget\">\n\t<div class=\"bvg_block \" id=\"\">\n\n\t\t<h1>Neujahrsturnier &amp; Neujahrsfeier 2018<\/h1>\n\n\t\t<h3><\/h3>\n\n\t\t<h3><strong>Was f\u00fcr eine tolle Veranstaltung dieses Jahr !!!<\/strong><br \/>\nVielen Dank an alle Beteiligten.<\/h3>\n<p>Rekord\u00a0 !!! Ca. 80 Mitglieder waren in diesem Jahr anwesend.<br \/>\n40 Teilnehmer aller Altersgruppen und Niveaus k\u00e4mpften bei diesem ersten Turnier mit guter (sogar super) Laune.<\/p>\n<p>Hier sind <strong>nur ein paar<\/strong> Bilder (in kleiner Aufl\u00f6sung) von Peter F\u00fcrste und Nicola Warncke. Vielen Dank an beiden\u00a0<br \/>\nngg_shortcode_0_placeholder<\/p>\n<p><strong>Vielen Dank an unsere beiden Fotografen.<\/strong><\/p>\n<p>Um Zugang zu allen Fotos zu erhalten, wenden Sie sich bitte an ein Mitglied des Vorstandes, oder Peter \/ Nicola direkt kontaktieren.<\/p>\n\t<\/div>\n<\/div>\n<\/div><\/div><\/div><\/div><\/div>","protected":false},"excerpt":{"rendered":"<p>Neujahrsturnier &amp; Neujahrsfeier 2018 Was f\u00fcr eine tolle Veranstaltung dieses Jahr !!! Vielen Dank an alle Beteiligten. Rekord\u00a0 !!! Ca. 80 Mitglieder waren in diesem Jahr anwesend. 40 Teilnehmer aller Altersgruppen und Niveaus k\u00e4mpften bei diesem ersten Turnier mit guter (sogar super) Laune. Hier sind nur ein paar Bilder (in kleiner Aufl\u00f6sung) von Peter F\u00fcrste [&hellip;]<\/p>\n","protected":false},"author":13,"featured_media":0,"parent":0,"menu_order":0,"comment_status":"closed","ping_status":"closed","template":"","meta":{"_acf_changed":false,"_monsterinsights_skip_tracking":false,"_monsterinsights_sitenote_active":false,"_monsterinsights_sitenote_note":"","_monsterinsights_sitenote_category":0,"ngg_post_thumbnail":0,"footnotes":""},"class_list":["post-3510","page","type-page","status-publish","hentry","post"],"acf":[],"_links":{"self":[{"href":"https:\/\/lignoplan.com\/wordpress_9\/wp-json\/wp\/v2\/pages\/3510","targetHints":{"allow":["GET"]}}],"collection":[{"href":"https:\/\/lignoplan.com\/wordpress_9\/wp-json\/wp\/v2\/pages"}],"about":[{"href":"https:\/\/lignoplan.com\/wordpress_9\/wp-json\/wp\/v2\/types\/page"}],"author":[{"embeddable":true,"href":"https:\/\/lignoplan.com\/wordpress_9\/wp-json\/wp\/v2\/users\/13"}],"replies":[{"embeddable":true,"href":"https:\/\/lignoplan.com\/wordpress_9\/wp-json\/wp\/v2\/comments?post=3510"}],"version-history":[{"count":13,"href":"https:\/\/lignoplan.com\/wordpress_9\/wp-json\/wp\/v2\/pages\/3510\/revisions"}],"predecessor-version":[{"id":3626,"href":"https:\/\/lignoplan.com\/wordpress_9\/wp-json\/wp\/v2\/pages\/3510\/revisions\/3626"}],"wp:attachment":[{"href":"https:\/\/lignoplan.com\/wordpress_9\/wp-json\/wp\/v2\/media?parent=3510"}],"curies":[{"name":"wp","href":"https:\/\/api.w.org\/{rel}","templated":true}]}}