{"id":1177,"date":"2016-04-25T09:55:13","date_gmt":"2016-04-25T09:55:13","guid":{"rendered":"http:\/\/lignoplan.com\/wordpress_d\/?page_id=1177"},"modified":"2025-06-22T13:06:18","modified_gmt":"2025-06-22T13:06:18","slug":"jugend-mannschaften","status":"publish","type":"page","link":"https:\/\/lignoplan.com\/wordpress_9\/jugend-mannschaften\/","title":{"rendered":"Jugend Mannschaften"},"content":{"rendered":"<div id=\"pl-1177\"  class=\"panel-layout\" ><div id=\"pg-1177-0\"  class=\"panel-grid panel-no-style\" ><div id=\"pgc-1177-0-0\"  class=\"panel-grid-cell\" ><div id=\"panel-1177-0-0-0\" class=\"so-panel widget widget_bvg-block panel-first-child panel-last-child\" data-index=\"0\" ><div\n\t\t\t\n\t\t\tclass=\"so-widget-bvg-block so-widget-bvg-block-base\"\n\t\t\t\n\t\t>\n\n<div class=\"siteorigin-widget-tinymce textwidget\">\n\t<div class=\"bvg_block \" id=\"\">\n\n\t\t<h1><\/h1>\n\n\t\t<h3><\/h3>\n\n\t\t        \n<h1>Sch\u00fclermannschaften<\/h1>\n    \n    <h1>Minimannschaften<\/h1>\n    \n    <ul>\n        <li><a href=\"http:\/\/lignoplan.com\/wordpress_9\/mini-1-mannschaft-20252026\/\">Mini 1 - U11<\/a><span class=\"link_beschreibung\"><\/span><\/li>\n    <\/ul>\n    \n    <ul>\n        <li><a href=\"http:\/\/lignoplan.com\/wordpress_9\/schueler-1-mannschaft-20252026\/\">Sch\u00fcler 1 - U15<\/a><span class=\"link_beschreibung\"><\/span><\/li>\n        <li><a href=\"http:\/\/lignoplan.com\/wordpress_9\/schueler-2-mannschaft-20252026\/\">Sch\u00fcler 2 - U15<\/a><span class=\"link_beschreibung\"><\/span><\/li>\n        <li><a href=\"http:\/\/lignoplan.com\/wordpress_9\/schueler-3-mannschaft-20252026\/\">Sch\u00fcler 3 - U13<\/a><span class=\"link_beschreibung\"><\/span><\/li>\n        <li><a href=\"http:\/\/lignoplan.com\/wordpress_9\/schueler-4-mannschaft-20252026\/\">Sch\u00fcler 4 - U13<\/a><span class=\"link_beschreibung\"><\/span><\/li>\n    <\/ul>\n  \n    \n    \n    <h1>Jugendmannschaften<\/h1>\n    \n    <ul>\n        <li><a href=\"http:\/\/lignoplan.com\/wordpress_9\/jugend-1-mannschaft-20252026\/\">Jugend 1 - U19<\/a><span class=\"link_beschreibung\"><\/span><\/li>\n    <\/ul>\t<\/div>\n<\/div>\n<\/div><\/div><\/div><\/div><\/div>","protected":false},"excerpt":{"rendered":"<p>Sch\u00fclermannschaften Minimannschaften Mini 1 &#8211; U11 Sch\u00fcler 1 &#8211; U15 Sch\u00fcler 2 &#8211; U15 Sch\u00fcler 3 &#8211; U13 Sch\u00fcler 4 &#8211; U13 Jugendmannschaften Jugend 1 &#8211; U19<\/p>\n","protected":false},"author":13,"featured_media":0,"parent":0,"menu_order":0,"comment_status":"closed","ping_status":"closed","template":"","meta":{"_acf_changed":false,"_monsterinsights_skip_tracking":false,"_monsterinsights_sitenote_active":false,"_monsterinsights_sitenote_note":"","_monsterinsights_sitenote_category":0,"ngg_post_thumbnail":0,"footnotes":""},"class_list":["post-1177","page","type-page","status-publish","hentry","post"],"acf":[],"_links":{"self":[{"href":"https:\/\/lignoplan.com\/wordpress_9\/wp-json\/wp\/v2\/pages\/1177","targetHints":{"allow":["GET"]}}],"collection":[{"href":"https:\/\/lignoplan.com\/wordpress_9\/wp-json\/wp\/v2\/pages"}],"about":[{"href":"https:\/\/lignoplan.com\/wordpress_9\/wp-json\/wp\/v2\/types\/page"}],"author":[{"embeddable":true,"href":"https:\/\/lignoplan.com\/wordpress_9\/wp-json\/wp\/v2\/users\/13"}],"replies":[{"embeddable":true,"href":"https:\/\/lignoplan.com\/wordpress_9\/wp-json\/wp\/v2\/comments?post=1177"}],"version-history":[{"count":34,"href":"https:\/\/lignoplan.com\/wordpress_9\/wp-json\/wp\/v2\/pages\/1177\/revisions"}],"predecessor-version":[{"id":9578,"href":"https:\/\/lignoplan.com\/wordpress_9\/wp-json\/wp\/v2\/pages\/1177\/revisions\/9578"}],"wp:attachment":[{"href":"https:\/\/lignoplan.com\/wordpress_9\/wp-json\/wp\/v2\/media?parent=1177"}],"curies":[{"name":"wp","href":"https:\/\/api.w.org\/{rel}","templated":true}]}}