{"id":1133,"date":"2016-04-25T09:14:43","date_gmt":"2016-04-25T09:14:43","guid":{"rendered":"http:\/\/lignoplan.com\/wordpress_d\/?page_id=1133"},"modified":"2025-11-11T13:18:44","modified_gmt":"2025-11-11T13:18:44","slug":"archiv","status":"publish","type":"page","link":"https:\/\/lignoplan.com\/wordpress_9\/archiv\/","title":{"rendered":"Archiv"},"content":{"rendered":"<div id=\"pl-1133\"  class=\"panel-layout\" ><div id=\"pg-1133-0\"  class=\"panel-grid panel-no-style\" ><div id=\"pgc-1133-0-0\"  class=\"panel-grid-cell\" ><div id=\"panel-1133-0-0-0\" class=\"so-panel widget widget_bvg-block panel-first-child\" data-index=\"0\" ><div\n\t\t\t\n\t\t\tclass=\"so-widget-bvg-block so-widget-bvg-block-base\"\n\t\t\t\n\t\t>\n\n<div class=\"siteorigin-widget-tinymce textwidget\">\n\t<div class=\"bvg_block \" id=\"\">\n\n\t\t<h1>2024 \/ 2025<\/h1>\n\n\t\t<h3><\/h3>\n\n\t\t<div class=\"archiv_block\">\n<ul>\n \t<li><a href=\"http:\/\/lignoplan.com\/wordpress_9\/1-mannschaft-20242025\/\">1. Mannschaft<\/a><\/li>\n \t<li><a href=\"http:\/\/lignoplan.com\/wordpress_9\/2-mannschaft-20242025\/\">2. Mannschaft<\/a><\/li>\n \t<li><a href=\"http:\/\/lignoplan.com\/wordpress_9\/3-mannschaft-20242025\/\">3. Mannschaft<\/a><\/li>\n \t<li><a href=\"http:\/\/lignoplan.com\/wordpress_9\/jugend-1-mannschaft-20242025\/\">Jugend 1<\/a><\/li>\n \t<li><a href=\"http:\/\/lignoplan.com\/wordpress_9\/schueler-1-mannschaft-20242025\/\">Sch\u00fcler 1<\/a><\/li>\n \t<li><a href=\"http:\/\/lignoplan.com\/wordpress_9\/schueler-2-mannschaft-20242025\/\">Sch\u00fcler 2<\/a><\/li>\n \t<li><a href=\"http:\/\/lignoplan.com\/wordpress_9\/schueler-3-mannschaft-20242025\/\">Sch\u00fcler 3<\/a><\/li>\n \t<li><a href=\"http:\/\/lignoplan.com\/wordpress_9\/schueler-4-mannschaft-20242025\/\">Sch\u00fcler 4<\/a><\/li>\n<\/ul>\n<\/div>\t<\/div>\n<\/div>\n<\/div><\/div><div id=\"panel-1133-0-0-1\" class=\"so-panel widget widget_bvg-block\" data-index=\"1\" ><div\n\t\t\t\n\t\t\tclass=\"so-widget-bvg-block so-widget-bvg-block-base\"\n\t\t\t\n\t\t>\n\n<div class=\"siteorigin-widget-tinymce textwidget\">\n\t<div class=\"bvg_block \" id=\"\">\n\n\t\t<h1>2023 \/ 2024<\/h1>\n\n\t\t<h3><\/h3>\n\n\t\t<div class=\"archiv_block\">\n<ul>\n \t<li><a href=\"http:\/\/lignoplan.com\/wordpress_9\/1-mannschaft-20232024\/\">1. Mannschaft<\/a><\/li>\n \t<li><a href=\"http:\/\/lignoplan.com\/wordpress_9\/2-mannschaft-20232024\/\">2. Mannschaft<\/a><\/li>\n \t<li><a href=\"http:\/\/lignoplan.com\/wordpress_9\/3-mannschaft-20232024\/\">3. Mannschaft<\/a><\/li>\n \t<li><a href=\"http:\/\/lignoplan.com\/wordpress_9\/jugend-1-mannschaft-20232024\/\">Jugend 1<\/a><\/li>\n \t<!--<li><a href=\"http:\/\/lignoplan.com\/wordpress_9\/jugend-2-mannschaft-20232024\/\">Jugend 2<\/a><\/li>-->\n \t<li><a href=\"http:\/\/lignoplan.com\/wordpress_9\/schueler-1-mannschaft-20232024\/\">Sch\u00fcler 1<\/a><\/li>\n \t<li><a href=\"http:\/\/lignoplan.com\/wordpress_9\/schueler-2-mannschaft-20232024\/\">Sch\u00fcler 2<\/a><\/li>\n \t<li><a href=\"http:\/\/lignoplan.com\/wordpress_9\/schueler-3-mannschaft-20232024\/\">Sch\u00fcler 3<\/a><\/li>\n \t<li><a href=\"http:\/\/lignoplan.com\/wordpress_9\/schueler-4-mannschaft-20232024\/\">Sch\u00fcler 4<\/a><\/li>\n<\/ul>\n<\/div>\t<\/div>\n<\/div>\n<\/div><\/div><div id=\"panel-1133-0-0-2\" class=\"so-panel widget widget_bvg-block\" data-index=\"2\" ><div\n\t\t\t\n\t\t\tclass=\"so-widget-bvg-block so-widget-bvg-block-base\"\n\t\t\t\n\t\t>\n\n<div class=\"siteorigin-widget-tinymce textwidget\">\n\t<div class=\"bvg_block \" id=\"\">\n\n\t\t<h1>2022 \/ 2023<\/h1>\n\n\t\t<h3><\/h3>\n\n\t\t<div class=\"archiv_block\">\n<ul>\n \t<li><a href=\"http:\/\/lignoplan.com\/wordpress_9\/1-mannschaft-20222023\/\">1. Mannschaft<\/a><\/li>\n \t<li><a href=\"http:\/\/lignoplan.com\/wordpress_9\/2-mannschaft-20222023\/\">2. Mannschaft<\/a><\/li>\n \t<li><a href=\"http:\/\/lignoplan.com\/wordpress_9\/3-mannschaft-20222023\/\">3. Mannschaft<\/a><\/li>\n \t<li><a href=\"http:\/\/lignoplan.com\/wordpress_9\/jugend-1-20222023\/\">Jugend 1<\/a><\/li>\n \t<li><a href=\"http:\/\/lignoplan.com\/wordpress_9\/jugend-2-20222023\/\">Jugend 2<\/a><\/li>\n \t<li><a href=\"http:\/\/lignoplan.com\/wordpress_9\/schueler-1-20222023\/\">Sch\u00fcler 1<\/a><\/li>\n \t<li><a href=\"http:\/\/lignoplan.com\/wordpress_9\/schueler-2-20222023\/\">Sch\u00fcler 2<\/a><\/li>\n<\/ul>\n<\/div>\t<\/div>\n<\/div>\n<\/div><\/div><div id=\"panel-1133-0-0-3\" class=\"so-panel widget widget_bvg-block\" data-index=\"3\" ><div\n\t\t\t\n\t\t\tclass=\"so-widget-bvg-block so-widget-bvg-block-base\"\n\t\t\t\n\t\t>\n\n<div class=\"siteorigin-widget-tinymce textwidget\">\n\t<div class=\"bvg_block \" id=\"\">\n\n\t\t<h1>2021 \/ 2022<\/h1>\n\n\t\t<h3><\/h3>\n\n\t\t<div class=\"archiv_block\">\n<ul>\n<li><a href=\"http:\/\/lignoplan.com\/wordpress_9\/1-mannschaft-20212022\/\">1. Mannschaft<\/a><\/li>\n<li><a href=\"http:\/\/lignoplan.com\/wordpress_9\/2-mannschaft-20212022\/\">2. Mannschaft<\/a><\/li>\n<li><a href=\"http:\/\/lignoplan.com\/wordpress_9\/3-mannschaft-20212022\/\">3. Mannschaft<\/a><\/li>\n<li><a href=\"http:\/\/lignoplan.com\/wordpress_9\/jugend-1-20212022\/\">Jugend 1<\/a><\/li>\n<li><a href=\"http:\/\/lignoplan.com\/wordpress_9\/jugend-2-20212022\/\">Jugend 2<\/a><\/li>\n<\/ul>\n<\/div>\t<\/div>\n<\/div>\n<\/div><\/div><div id=\"panel-1133-0-0-4\" class=\"so-panel widget widget_bvg-block\" data-index=\"4\" ><div\n\t\t\t\n\t\t\tclass=\"so-widget-bvg-block so-widget-bvg-block-base\"\n\t\t\t\n\t\t>\n\n<div class=\"siteorigin-widget-tinymce textwidget\">\n\t<div class=\"bvg_block \" id=\"\">\n\n\t\t<h1>2020 \/ 2021<\/h1>\n\n\t\t<h3><\/h3>\n\n\t\t<div class=\"archiv_block\">\n<ul>\n<li><a href=\"http:\/\/lignoplan.com\/wordpress_9\/1-mannschaft-20202021\/\">1. Mannschaft<\/a><\/li>\n<li><a href=\"http:\/\/lignoplan.com\/wordpress_9\/2-mannschaft-20202021\/\">2. Mannschaft<\/a><\/li>\n<li><a href=\"http:\/\/lignoplan.com\/wordpress_9\/3-mannschaft-20202021\/\">3. Mannschaft<\/a><\/li>\n<li><a href=\"http:\/\/lignoplan.com\/wordpress_9\/4-mannschaft-20202021\/\">4. Mannschaft<\/a><\/li>\n<li><a href=\"http:\/\/lignoplan.com\/wordpress_9\/jugend-1-20202021\/\">Jugend 1<\/a><\/li>\n<li><a href=\"http:\/\/lignoplan.com\/wordpress_9\/jugend-2-20202021\/\">Jugend 2<\/a><\/li>\n<li><a href=\"http:\/\/lignoplan.com\/wordpress_9\/schueler-1-20202021\/\">Sch\u00fcler 1<\/a><\/li>\n<\/ul>\n<\/div>\n\t<\/div>\n<\/div>\n<\/div><\/div><div id=\"panel-1133-0-0-5\" class=\"so-panel widget widget_bvg-block\" data-index=\"5\" ><div\n\t\t\t\n\t\t\tclass=\"so-widget-bvg-block so-widget-bvg-block-base\"\n\t\t\t\n\t\t>\n\n<div class=\"siteorigin-widget-tinymce textwidget\">\n\t<div class=\"bvg_block \" id=\"\">\n\n\t\t<h1>2019 \/ 2020<\/h1>\n\n\t\t<h3><\/h3>\n\n\t\t<div class=\"archiv_block\">\n<ul>\n<li><a href=\"http:\/\/lignoplan.com\/wordpress_9\/1-mannschaft-20192020\/\">1. Mannschaft<\/a><\/li>\n<li><a href=\"http:\/\/lignoplan.com\/wordpress_9\/2-mannschaft-20192020\/\">2. Mannschaft<\/a><\/li>\n<li><a href=\"http:\/\/lignoplan.com\/wordpress_9\/3-mannschaft-20192020\/\">3. Mannschaft<\/a><\/li>\n<li><a href=\"http:\/\/lignoplan.com\/wordpress_9\/4-mannschaft-20192020\/\">4. Mannschaft<\/a><\/li>\n<li><a href=\"http:\/\/lignoplan.com\/wordpress_9\/jugend-1-20192020\/\">Jugend 1<\/a><\/li>\n<li><a href=\"http:\/\/lignoplan.com\/wordpress_9\/jugend-2-20192020\/\">Jugend 2<\/a><\/li>\n<li><a href=\"http:\/\/lignoplan.com\/wordpress_9\/jugend-3-20192020\/\">Jugend 3<\/a><\/li>\n<li><a href=\"http:\/\/lignoplan.com\/wordpress_9\/schueler-1-20192020\/\">Sch\u00fcler 1<\/a><\/li>\n<li><a href=\"http:\/\/lignoplan.com\/wordpress_9\/schueler-2-20192020\/\">Sch\u00fcler 2<\/a><\/li>\n<\/ul>\n<\/div>\n\t<\/div>\n<\/div>\n<\/div><\/div><div id=\"panel-1133-0-0-6\" class=\"so-panel widget widget_bvg-block\" data-index=\"6\" ><div\n\t\t\t\n\t\t\tclass=\"so-widget-bvg-block so-widget-bvg-block-base\"\n\t\t\t\n\t\t>\n\n<div class=\"siteorigin-widget-tinymce textwidget\">\n\t<div class=\"bvg_block \" id=\"\">\n\n\t\t<h1>2018 \/ 2019<\/h1>\n\n\t\t<h3><\/h3>\n\n\t\t<div class=\"archiv_block\">\n<ul>\n<li><a href=\"http:\/\/lignoplan.com\/wordpress_9\/1-mannschaft-20182019\/\">1. Mannschaft<\/a><\/li>\n<li><a href=\"http:\/\/lignoplan.com\/wordpress_9\/2-mannschaft-20182019\/\">2. Mannschaft<\/a><\/li>\n<li><a href=\"http:\/\/lignoplan.com\/wordpress_9\/3-mannschaft-20182019\/\">3. Mannschaft<\/a><\/li>\n<li><a href=\"http:\/\/lignoplan.com\/wordpress_9\/4-mannschaft-20182019\/\">4. Mannschaft<\/a><\/li>\n<li><a href=\"http:\/\/lignoplan.com\/wordpress_9\/jugend-1-20182019\/\">Jugend 1<\/a><\/li>\n<li><a href=\"http:\/\/lignoplan.com\/wordpress_9\/jugend-2-20182019\/\">Jugend 2<\/a><\/li>\n<li><a href=\"http:\/\/lignoplan.com\/wordpress_9\/jugend-3-20182019\/\">Jugend 3<\/a><\/li>\n<li><a href=\"http:\/\/lignoplan.com\/wordpress_9\/schueler-1-20182019\/\">Sch\u00fcler 1<\/a><\/li>\n<li><a href=\"http:\/\/lignoplan.com\/wordpress_9\/schueler-2-20182019\/\">Sch\u00fcler 2<\/a><\/li>\n<\/ul>\n<\/div>\n\t<\/div>\n<\/div>\n<\/div><\/div><div id=\"panel-1133-0-0-7\" class=\"so-panel widget widget_bvg-block\" data-index=\"7\" ><div\n\t\t\t\n\t\t\tclass=\"so-widget-bvg-block so-widget-bvg-block-base\"\n\t\t\t\n\t\t>\n\n<div class=\"siteorigin-widget-tinymce textwidget\">\n\t<div class=\"bvg_block \" id=\"\">\n\n\t\t<h1>2017 \/ 2018<\/h1>\n\n\t\t<h3><\/h3>\n\n\t\t<div class=\"archiv_block\">\n<ul>\n<li><a href=\"http:\/\/lignoplan.com\/wordpress_9\/1-mannschaft-20172018\/\">1. Mannschaft<\/a><\/li>\n<li><a href=\"http:\/\/lignoplan.com\/wordpress_9\/2-mannschaft-20172018\/\">2. Mannschaft<\/a><\/li>\n<li><a href=\"http:\/\/lignoplan.com\/wordpress_9\/3-mannschaft-20172018\/\">3. Mannschaft<\/a><\/li>\n<li><a href=\"http:\/\/lignoplan.com\/wordpress_9\/4-mannschaft-20172018\/\">4. Mannschaft<\/a><\/li>\n<li><a href=\"http:\/\/lignoplan.com\/wordpress_9\/5-mannschaft-20172018\/\">5. Mannschaft<\/a><\/li>\n<li><a href=\"http:\/\/lignoplan.com\/wordpress_9\/jugend-1-20172018\/\">Jugend 1<\/a><\/li>\n<li><a href=\"http:\/\/lignoplan.com\/wordpress_9\/jugend-2-20172018\/\">Jugend 2<\/a><\/li>\n<li><a href=\"http:\/\/lignoplan.com\/wordpress_9\/jugend-3-20172018\/\">Jugend  3<\/a><\/li>\n<li><a href=\"http:\/\/lignoplan.com\/wordpress_9\/schueler-1-20172018\/\">Sch\u00fcler 1<\/a><\/li>\n<\/ul>\n<\/div>\n\t<\/div>\n<\/div>\n<\/div><\/div><div id=\"panel-1133-0-0-8\" class=\"so-panel widget widget_bvg-block\" data-index=\"8\" ><div\n\t\t\t\n\t\t\tclass=\"so-widget-bvg-block so-widget-bvg-block-base\"\n\t\t\t\n\t\t>\n\n<div class=\"siteorigin-widget-tinymce textwidget\">\n\t<div class=\"bvg_block \" id=\"\">\n\n\t\t<h1>2016 \/ 2017<\/h1>\n\n\t\t<h3><\/h3>\n\n\t\t<div class=\"archiv_block\">\n<ul>\n<li><a href=\"http:\/\/lignoplan.com\/wordpress_9\/1-mannschaft-20162017\/\">1. Mannschaft<\/a><\/li>\n<li><a href=\"http:\/\/lignoplan.com\/wordpress_9\/2-mannschaft-20162017\/\">2. Mannschaft<\/a><\/li>\n<li><a href=\"http:\/\/lignoplan.com\/wordpress_9\/3-mannschaft-20162017\/\">3. Mannschaft<\/a><\/li>\n<li><a href=\"http:\/\/lignoplan.com\/wordpress_9\/4-mannschaft-20162017\/\">4. Mannschaft<\/a><\/li>\n<li><a href=\"http:\/\/lignoplan.com\/wordpress_9\/5-mannschaft-20162017\/\">5. Mannschaft<\/a><\/li>\n<li><a href=\"http:\/\/lignoplan.com\/wordpress_9\/jugend-1-20162017\/\">Jugend 1<\/a><\/li>\n<li><a href=\"http:\/\/lignoplan.com\/wordpress_9\/schueler-1-20162017\/\">Sch\u00fcler 1<\/a><\/li>\n<li><a href=\"http:\/\/lignoplan.com\/wordpress_9\/schueler-2-20162017\/\">Sch\u00fcler 2<\/a><\/li>\n<li><a href=\"http:\/\/lignoplan.com\/wordpress_9\/mini-u13-20162017\/\">Mini 1 U13<\/a><\/li>\n<\/ul>\n<\/div>\n\t<\/div>\n<\/div>\n<\/div><\/div><div id=\"panel-1133-0-0-9\" class=\"so-panel widget widget_bvg-block panel-last-child\" data-index=\"9\" ><div\n\t\t\t\n\t\t\tclass=\"so-widget-bvg-block so-widget-bvg-block-base\"\n\t\t\t\n\t\t>\n\n<div class=\"siteorigin-widget-tinymce textwidget\">\n\t<div class=\"bvg_block \" id=\"\">\n\n\t\t<h1>2015 \/ 2016<\/h1>\n\n\t\t<h3><\/h3>\n\n\t\t<div class=\"archiv_block\">\n<ul>\n<li><a href=\"http:\/\/lignoplan.com\/wordpress_9\/1-mannschaft-20152016\/\">1. Mannschaft<\/a><\/li>\n<li><a href=\"http:\/\/lignoplan.com\/wordpress_9\/2-mannschaft-20152016\/\">2. Mannschaft<\/a><\/li>\n<li><a href=\"http:\/\/lignoplan.com\/wordpress_9\/3-mannschaft-20152016\/\">3. Mannschaft<\/a><\/li>\n<li><a href=\"http:\/\/lignoplan.com\/wordpress_9\/4-mannschaft-20152016\/\">4. Mannschaft<\/a><\/li>\n<li><a href=\"http:\/\/lignoplan.com\/wordpress_9\/5-mannschaft-20152016\/\">5. Mannschaft<\/a><\/li>\n<li><a href=\"http:\/\/lignoplan.com\/wordpress_9\/schueler-1-20152016\/\">Sch\u00fcler 1<\/a><\/li>\n<li><a href=\"http:\/\/lignoplan.com\/wordpress_9\/schueler-2-20152016\/\">Sch\u00fcler 2<\/a><\/li>\n<li><a href=\"http:\/\/lignoplan.com\/wordpress_9\/jugend-1-20152016\/\">Jugend 1<\/a><\/li>\n<li><a href=\"http:\/\/lignoplan.com\/wordpress_9\/jugend-2-20152016\/\">Jugend 2<\/a><\/li>\n<li><a href=\"http:\/\/lignoplan.com\/wordpress_9\/mini-1-u13-20152016\/\">Mini 1 U13<\/a><\/li>\n<li><a href=\"http:\/\/lignoplan.com\/wordpress_9\/mini-2-u13-20152016\/\">Mini 2 U13<\/a><\/li>\n<li><a href=\"http:\/\/lignoplan.com\/wordpress_9\/mini-3-u11-20152016\/\">Mini 3 U11<\/a><\/li>\n<li><a href=\"http:\/\/lignoplan.com\/wordpress_9\/mini-4-u11-20152016\/\">Mini 4 U11<\/a><\/li>\n<\/ul>\n<\/div>\n\t<\/div>\n<\/div>\n<\/div><\/div><\/div><\/div><\/div>","protected":false},"excerpt":{"rendered":"<p>2024 \/ 2025 1. Mannschaft 2. Mannschaft 3. Mannschaft Jugend 1 Sch\u00fcler 1 Sch\u00fcler 2 Sch\u00fcler 3 Sch\u00fcler 4 2023 \/ 2024 1. Mannschaft 2. Mannschaft 3. Mannschaft Jugend 1 Sch\u00fcler 1 Sch\u00fcler 2 Sch\u00fcler 3 Sch\u00fcler 4 2022 \/ 2023 1. Mannschaft 2. Mannschaft 3. Mannschaft Jugend 1 Jugend 2 Sch\u00fcler 1 Sch\u00fcler 2 [&hellip;]<\/p>\n","protected":false},"author":13,"featured_media":0,"parent":0,"menu_order":0,"comment_status":"closed","ping_status":"closed","template":"","meta":{"_acf_changed":false,"_monsterinsights_skip_tracking":false,"_monsterinsights_sitenote_active":false,"_monsterinsights_sitenote_note":"","_monsterinsights_sitenote_category":0,"ngg_post_thumbnail":0,"footnotes":""},"class_list":["post-1133","page","type-page","status-publish","hentry","post"],"acf":[],"_links":{"self":[{"href":"https:\/\/lignoplan.com\/wordpress_9\/wp-json\/wp\/v2\/pages\/1133","targetHints":{"allow":["GET"]}}],"collection":[{"href":"https:\/\/lignoplan.com\/wordpress_9\/wp-json\/wp\/v2\/pages"}],"about":[{"href":"https:\/\/lignoplan.com\/wordpress_9\/wp-json\/wp\/v2\/types\/page"}],"author":[{"embeddable":true,"href":"https:\/\/lignoplan.com\/wordpress_9\/wp-json\/wp\/v2\/users\/13"}],"replies":[{"embeddable":true,"href":"https:\/\/lignoplan.com\/wordpress_9\/wp-json\/wp\/v2\/comments?post=1133"}],"version-history":[{"count":23,"href":"https:\/\/lignoplan.com\/wordpress_9\/wp-json\/wp\/v2\/pages\/1133\/revisions"}],"predecessor-version":[{"id":9873,"href":"https:\/\/lignoplan.com\/wordpress_9\/wp-json\/wp\/v2\/pages\/1133\/revisions\/9873"}],"wp:attachment":[{"href":"https:\/\/lignoplan.com\/wordpress_9\/wp-json\/wp\/v2\/media?parent=1133"}],"curies":[{"name":"wp","href":"https:\/\/api.w.org\/{rel}","templated":true}]}}