{"id":1092,"date":"2016-04-25T10:52:27","date_gmt":"2016-04-25T10:52:27","guid":{"rendered":"http:\/\/lignoplan.com\/wordpress_d\/?page_id=1092"},"modified":"2021-08-13T06:23:23","modified_gmt":"2021-08-13T06:23:23","slug":"_verein-startseite","status":"publish","type":"page","link":"https:\/\/lignoplan.com\/wordpress_9\/_verein-startseite\/","title":{"rendered":"Verein"},"content":{"rendered":"<div id=\"pl-1092\"  class=\"panel-layout\" ><div id=\"pg-1092-0\"  class=\"panel-grid panel-no-style\" ><div id=\"pgc-1092-0-0\"  class=\"panel-grid-cell\" ><div id=\"panel-1092-0-0-0\" class=\"so-panel widget widget_bvg-block panel-first-child\" data-index=\"0\" ><div\n\t\t\t\n\t\t\tclass=\"so-widget-bvg-block so-widget-bvg-block-base\"\n\t\t\t\n\t\t>\n\n<div class=\"siteorigin-widget-tinymce textwidget\">\n\t<div class=\"bvg_block \" id=\"\">\n\n\t\t<h1>Alle wichtigste Infos \u00fcber des BVG Goldbach-Laufach e.V.<\/h1>\n\n\t\t<h3><\/h3>\n\n\t\t<ul>\n<li><a href=\"http:\/\/lignoplan.com\/wordpress_9\/vorstand-kontakt\/\">Vorstand<\/a><span class=\"link_beschreibung\">Unser Vorstand mit allen Kontaktinfos<\/span><\/li>\n<li><a href=\"http:\/\/lignoplan.com\/wordpress_9\/training-2\/\">Training<\/a><span class=\"link_beschreibung\">Trainingplan und alle n\u00f6tige Infos<\/span><\/li>\n<li><a href=\"http:\/\/lignoplan.com\/wordpress_9\/downloads\/\">Downloads<\/a><span class=\"link_beschreibung\">Formulare und andere n\u00f6tige Dateien<\/span><\/li>\n<li><a href=\"http:\/\/lignoplan.com\/wordpress_9\/turniere-2\/\">Turniere<\/a><span class=\"link_beschreibung\">Unsere eigene Turniere oder Turniere wo wir mitspielen<\/span><\/li>\n<li><a href=\"http:\/\/lignoplan.com\/wordpress_9\/veranstaltungen\/\">Veranstaltungen<\/a><span class=\"link_beschreibung\">Alle Veranstaltungen die bei uns stattfinden<\/span><\/li>\n<li><a href=\"http:\/\/lignoplan.com\/wordpress_9\/anfahrt\/\">Anfahrt<\/a><span class=\"link_beschreibung\">Kontaktinfos und Online Karten um unsere 2 Halle zu finden<\/span><\/li>\n<li><a href=\"http:\/\/lignoplan.com\/wordpress_9\/impressum-2\/\">Impressum<\/a><span class=\"link_beschreibung\">Impressum und Datenschutzerkl\u00e4rung<\/span><\/li>\n<\/ul>\n\t<\/div>\n<\/div>\n<\/div><\/div><div id=\"panel-1092-0-0-1\" class=\"so-panel widget widget_bvg-block panel-last-child\" data-index=\"1\" ><div\n\t\t\t\n\t\t\tclass=\"so-widget-bvg-block so-widget-bvg-block-base\"\n\t\t\t\n\t\t>\n\n<div class=\"siteorigin-widget-tinymce textwidget\">\n\t<div class=\"bvg_block \" id=\"\">\n\n\t\t<h1>Umfrage 2021<\/h1>\n\n\t\t<h3>BVG Mitglieder Meinungen \u00fcber den Verein<\/h3>\n\n\t\t<p><a href=\"http:\/\/lignoplan.com\/wordpress_9\/wp-content\/uploads\/2021\/08\/Allewinstellungsmerkmale_BVG.png\" target=\"_blank\" rel=\"noopener\"><img loading=\"lazy\" decoding=\"async\" class=\"size-medium wp-image-6029 aligncenter\" src=\"http:\/\/lignoplan.com\/wordpress_9\/wp-content\/uploads\/2021\/08\/Allewinstellungsmerkmale_BVG-300x204.png\" alt=\"\" width=\"300\" height=\"204\" srcset=\"https:\/\/lignoplan.com\/wordpress_9\/wp-content\/uploads\/2021\/08\/Allewinstellungsmerkmale_BVG-300x204.png 300w, https:\/\/lignoplan.com\/wordpress_9\/wp-content\/uploads\/2021\/08\/Allewinstellungsmerkmale_BVG-768x523.png 768w, https:\/\/lignoplan.com\/wordpress_9\/wp-content\/uploads\/2021\/08\/Allewinstellungsmerkmale_BVG.png 800w\" sizes=\"auto, (max-width: 300px) 100vw, 300px\" \/><\/a><\/p>\n<p>&nbsp;<\/p>\n<p><a href=\"http:\/\/lignoplan.com\/wordpress_9\/wp-content\/uploads\/2021\/08\/Leitbild_BVG.png\" target=\"_blank\" rel=\"noopener\"><img loading=\"lazy\" decoding=\"async\" class=\"size-medium wp-image-6028 aligncenter\" src=\"http:\/\/lignoplan.com\/wordpress_9\/wp-content\/uploads\/2021\/08\/Leitbild_BVG-300x205.png\" alt=\"\" width=\"300\" height=\"205\" srcset=\"https:\/\/lignoplan.com\/wordpress_9\/wp-content\/uploads\/2021\/08\/Leitbild_BVG-300x205.png 300w, https:\/\/lignoplan.com\/wordpress_9\/wp-content\/uploads\/2021\/08\/Leitbild_BVG-768x524.png 768w, https:\/\/lignoplan.com\/wordpress_9\/wp-content\/uploads\/2021\/08\/Leitbild_BVG.png 800w\" sizes=\"auto, (max-width: 300px) 100vw, 300px\" \/><\/a><\/p>\n\t<\/div>\n<\/div>\n<\/div><\/div><\/div><\/div><\/div>","protected":false},"excerpt":{"rendered":"<p>Alle wichtigste Infos \u00fcber des BVG Goldbach-Laufach e.V. VorstandUnser Vorstand mit allen Kontaktinfos TrainingTrainingplan und alle n\u00f6tige Infos DownloadsFormulare und andere n\u00f6tige Dateien TurniereUnsere eigene Turniere oder Turniere wo wir mitspielen VeranstaltungenAlle Veranstaltungen die bei uns stattfinden AnfahrtKontaktinfos und Online Karten um unsere 2 Halle zu finden ImpressumImpressum und Datenschutzerkl\u00e4rung Umfrage 2021 BVG Mitglieder Meinungen [&hellip;]<\/p>\n","protected":false},"author":13,"featured_media":0,"parent":0,"menu_order":0,"comment_status":"closed","ping_status":"closed","template":"","meta":{"_acf_changed":false,"_monsterinsights_skip_tracking":false,"_monsterinsights_sitenote_active":false,"_monsterinsights_sitenote_note":"","_monsterinsights_sitenote_category":0,"ngg_post_thumbnail":0,"footnotes":""},"class_list":["post-1092","page","type-page","status-publish","hentry","post"],"acf":[],"_links":{"self":[{"href":"https:\/\/lignoplan.com\/wordpress_9\/wp-json\/wp\/v2\/pages\/1092","targetHints":{"allow":["GET"]}}],"collection":[{"href":"https:\/\/lignoplan.com\/wordpress_9\/wp-json\/wp\/v2\/pages"}],"about":[{"href":"https:\/\/lignoplan.com\/wordpress_9\/wp-json\/wp\/v2\/types\/page"}],"author":[{"embeddable":true,"href":"https:\/\/lignoplan.com\/wordpress_9\/wp-json\/wp\/v2\/users\/13"}],"replies":[{"embeddable":true,"href":"https:\/\/lignoplan.com\/wordpress_9\/wp-json\/wp\/v2\/comments?post=1092"}],"version-history":[{"count":23,"href":"https:\/\/lignoplan.com\/wordpress_9\/wp-json\/wp\/v2\/pages\/1092\/revisions"}],"predecessor-version":[{"id":6030,"href":"https:\/\/lignoplan.com\/wordpress_9\/wp-json\/wp\/v2\/pages\/1092\/revisions\/6030"}],"wp:attachment":[{"href":"https:\/\/lignoplan.com\/wordpress_9\/wp-json\/wp\/v2\/media?parent=1092"}],"curies":[{"name":"wp","href":"https:\/\/api.w.org\/{rel}","templated":true}]}}