{"id":1081,"date":"2016-04-25T09:21:15","date_gmt":"2016-04-25T09:21:15","guid":{"rendered":"http:\/\/lignoplan.com\/wordpress_d\/?page_id=1081"},"modified":"2016-04-25T09:21:15","modified_gmt":"2016-04-25T09:21:15","slug":"schueler-2-20152016","status":"publish","type":"page","link":"https:\/\/lignoplan.com\/wordpress_9\/schueler-2-20152016\/","title":{"rendered":"Sch\u00fcler 2 2015\/2016"},"content":{"rendered":"<div id=\"mannschaft_allgemein\" class=\"bvg_block\">\n<h1>Saison 2015\/2016<\/h1>\n<div class=\"team_photo\"><a href=\"http:\/\/lignoplan.com\/wordpress_d\/wp-content\/uploads\/2016\/01\/15-Sch\u00fcler-2-Web.jpg\"><img loading=\"lazy\" decoding=\"async\" src=\"http:\/\/lignoplan.com\/wordpress_d\/wp-content\/uploads\/2016\/01\/15-Sch\u00fcler-2-Web.jpg\" alt=\"15 Sch\u00fcler 2 Web\" width=\"448\" height=\"260\" class=\"alignnone size-full wp-image-720\" srcset=\"https:\/\/lignoplan.com\/wordpress_9\/wp-content\/uploads\/2016\/01\/15-Sch\u00fcler-2-Web.jpg 448w, https:\/\/lignoplan.com\/wordpress_9\/wp-content\/uploads\/2016\/01\/15-Sch\u00fcler-2-Web-300x174.jpg 300w\" sizes=\"auto, (max-width: 448px) 100vw, 448px\" \/><\/a><\/div>\n<div id=\"team_photo_members\">Betreuer Thilo Schmidt, Lea Balling, Steffen Rauchalles, Pascal Schmidt, Anika Bayer, Tom Aulbach, Tim Platthaus, Betreuer Marc Platthaus (von Links nach rechts)<\/div>\n<h2>Mannschaftsspieler<\/h2>\n<h3>Herren<\/h3>\n<ul>\n<li class=\"bvg_stamm\"><a target=\"_blank\" href=\"http:\/\/turnier.de\/player.aspx?id=202E29D6-0A3A-4769-9CCC-3F540EB6D56F&amp;player=6238\">Schmidt, Pascal<\/a><\/li>\n<li class=\"bvg_stamm\"><a target=\"_blank\" href=\"http:\/\/turnier.de\/player.aspx?id=202E29D6-0A3A-4769-9CCC-3F540EB6D56F&amp;player=6242\">Rauchalles, Steffen<\/a><\/li>\n<li class=\"bvg_stamm\"><a target=\"_blank\" href=\"http:\/\/turnier.de\/player.aspx?id=202E29D6-0A3A-4769-9CCC-3F540EB6D56F&amp;player=6241\">Platthaus, Tim<\/a><\/li>\n<li class=\"bvg_stamm\"><a target=\"_blank\" href=\"http:\/\/turnier.de\/player.aspx?id=202E29D6-0A3A-4769-9CCC-3F540EB6D56F&amp;player=6277\">Aulbach, Tom<\/a><\/li>\n<li class=\"bvg_ersatz\"><a target=\"_blank\" href=\"http:\/\/turnier.de\/player.aspx?id=202E29D6-0A3A-4769-9CCC-3F540EB6D56F&amp;player=6251\">Steiner, Eric<\/a><\/li>\n<li class=\"bvg_ersatz\"><a target=\"_blank\" href=\"http:\/\/turnier.de\/player.aspx?id=202E29D6-0A3A-4769-9CCC-3F540EB6D56F&amp;player=6244\">Werner, Johannes<\/a><\/li>\n<\/ul>\n<h3>Damen<\/h3>\n<ul>\n<li class=\"bvg_stamm\"><a target=\"_blank\" href=\"http:\/\/turnier.de\/player.aspx?id=202E29D6-0A3A-4769-9CCC-3F540EB6D56F&amp;player=6260\">Balling, Lea<\/a><\/li>\n<li class=\"bvg_stamm\"><a target=\"_blank\" href=\"http:\/\/turnier.de\/player.aspx?id=202E29D6-0A3A-4769-9CCC-3F540EB6D56F&amp;player=6261\">Bayer, Annika<\/a><\/li>\n<li class=\"bvg_ersatz\"><a target=\"_blank\" href=\"http:\/\/turnier.de\/player.aspx?id=202E29D6-0A3A-4769-9CCC-3F540EB6D56F&amp;player=6264\">Gerlach, Amelie<\/a><\/li>\n<li class=\"bvg_ersatz\"><a target=\"_blank\" href=\"http:\/\/turnier.de\/player.aspx?id=202E29D6-0A3A-4769-9CCC-3F540EB6D56F&amp;player=6263\">Hornung, Amelie<\/a><\/li>\n<li class=\"bvg_ersatz\"><a target=\"_blank\" href=\"http:\/\/turnier.de\/player.aspx?id=202E29D6-0A3A-4769-9CCC-3F540EB6D56F&amp;player=6266\">John, Melissa<\/a><\/li>\n<\/ul>\n<\/div>\n<div id=\"mannschaft_berichte\" class=\"bvg_block\">HALBZEIT-BILANZ:<\/p>\n<p>Gleich drei Niederlagen setzte es f\u00fcr die Sch\u00fcler 2 zum Saisonbeginn. Die Mannschaft lie\u00df sich davon jedoch nicht beirren, und wurde mit zwei Siegen belohnt. In der Halbzeittabelle belegt man nun Platz 4. Das Ganze mit Tuchf\u00fchlung zum Drittplatzierten Hofheim 3.<\/p><\/div>\n<div id=\"mannschaft_tabelle\" class=\"bvg_block\">\n<h1>Tabelle<\/h1>\n<h1><a target=\"_blank\" href=\"http:\/\/turnier.de\/draw.aspx?id=202E29D6-0A3A-4769-9CCC-3F540EB6D56F&#038;draw=33\">Sch\u00fcler Grundklasse FR &#8211; Sch\u00fcler Grundklasse FR 2<\/a><\/h1>\n<table class=\"ruler\">\n<thead>\n<tr class=\"poulestandings\">\n<td><\/td>\n<td><\/td>\n<td>gespielt<\/td>\n<td colspan=\"3\">Punkte<\/td>\n<td>GEW<\/td>\n<td>REM<\/td>\n<td>VER<\/td>\n<td colspan=\"3\">Spiele<\/td>\n<td colspan=\"3\">S\u00e4tze<\/td>\n<td colspan=\"3\">Spielpunkte<\/td>\n<\/tr>\n<\/thead>\n<tbody>\n<tr>\n<td class=\"standingsrank\">1<\/td>\n<td><a target=\"_blank\" href=\"http:\/\/turnier.de\/sport\/team.aspx?id=202E29D6-0A3A-4769-9CCC-3F540EB6D56F&#038;team=209\">SG TGU\/TG H\u00f6chst S2<\/a><\/td>\n<td align=\"center\">10<\/td>\n<td class=\"score\" align=\"right\">20<\/td>\n<td class=\"separator\" align=\"center\">:<\/td>\n<td class=\"score\" align=\"left\">0<\/td>\n<td align=\"center\">10<\/td>\n<td align=\"center\">0<\/td>\n<td align=\"center\">0<\/td>\n<td class=\"score\" align=\"right\">75<\/td>\n<td class=\"separator\" align=\"center\">:<\/td>\n<td class=\"score\" align=\"left\">5<\/td>\n<td class=\"score\" align=\"right\">151<\/td>\n<td class=\"separator\" align=\"center\">:<\/td>\n<td class=\"score\" align=\"left\">19<\/td>\n<td class=\"score\" align=\"right\">3475<\/td>\n<td class=\"separator\" align=\"center\">:<\/td>\n<td class=\"score\" align=\"left\">1664<\/td>\n<\/tr>\n<tr>\n<td class=\"standingsrank\">2<\/td>\n<td><a target=\"_blank\" href=\"http:\/\/turnier.de\/sport\/team.aspx?id=202E29D6-0A3A-4769-9CCC-3F540EB6D56F&#038;team=211\">BV Frankfurt 06 S1<\/a><\/td>\n<td align=\"center\">10<\/td>\n<td class=\"score\" align=\"right\">14<\/td>\n<td class=\"separator\" align=\"center\">:<\/td>\n<td class=\"score\" align=\"left\">6<\/td>\n<td align=\"center\">7<\/td>\n<td align=\"center\">0<\/td>\n<td align=\"center\">3<\/td>\n<td class=\"score\" align=\"right\">56<\/td>\n<td class=\"separator\" align=\"center\">:<\/td>\n<td class=\"score\" align=\"left\">24<\/td>\n<td class=\"score\" align=\"right\">122<\/td>\n<td class=\"separator\" align=\"center\">:<\/td>\n<td class=\"score\" align=\"left\">55<\/td>\n<td class=\"score\" align=\"right\">3307<\/td>\n<td class=\"separator\" align=\"center\">:<\/td>\n<td class=\"score\" align=\"left\">2305<\/td>\n<\/tr>\n<tr>\n<td class=\"standingsrank\">3<\/td>\n<td><a target=\"_blank\" href=\"http:\/\/turnier.de\/sport\/team.aspx?id=202E29D6-0A3A-4769-9CCC-3F540EB6D56F&#038;team=207\">TV Hofheim S3<\/a><\/td>\n<td align=\"center\">10<\/td>\n<td class=\"score\" align=\"right\">11<\/td>\n<td class=\"separator\" align=\"center\">:<\/td>\n<td class=\"score\" align=\"left\">9<\/td>\n<td align=\"center\">5<\/td>\n<td align=\"center\">1<\/td>\n<td align=\"center\">4<\/td>\n<td class=\"score\" align=\"right\">41<\/td>\n<td class=\"separator\" align=\"center\">:<\/td>\n<td class=\"score\" align=\"left\">39<\/td>\n<td class=\"score\" align=\"right\">89<\/td>\n<td class=\"separator\" align=\"center\">:<\/td>\n<td class=\"score\" align=\"left\">86<\/td>\n<td class=\"score\" align=\"right\">2900<\/td>\n<td class=\"separator\" align=\"center\">:<\/td>\n<td class=\"score\" align=\"left\">2978<\/td>\n<\/tr>\n<tr class=\"selected\">\n<td class=\"standingsrank\">4<\/td>\n<td><a target=\"_blank\" href=\"http:\/\/turnier.de\/sport\/team.aspx?id=202E29D6-0A3A-4769-9CCC-3F540EB6D56F&#038;team=208\">BV G.-Goldbach\/Laufach S2<\/a><\/td>\n<td align=\"center\">10<\/td>\n<td class=\"score\" align=\"right\">10<\/td>\n<td class=\"separator\" align=\"center\">:<\/td>\n<td class=\"score\" align=\"left\">10<\/td>\n<td align=\"center\">5<\/td>\n<td align=\"center\">0<\/td>\n<td align=\"center\">5<\/td>\n<td class=\"score\" align=\"right\">35<\/td>\n<td class=\"separator\" align=\"center\">:<\/td>\n<td class=\"score\" align=\"left\">44<\/td>\n<td class=\"score\" align=\"right\">75<\/td>\n<td class=\"separator\" align=\"center\">:<\/td>\n<td class=\"score\" align=\"left\">94<\/td>\n<td class=\"score\" align=\"right\">2614<\/td>\n<td class=\"separator\" align=\"center\">:<\/td>\n<td class=\"score\" align=\"left\">2824<\/td>\n<\/tr>\n<tr>\n<td class=\"standingsrank\">5<\/td>\n<td><a target=\"_blank\" href=\"http:\/\/turnier.de\/sport\/team.aspx?id=202E29D6-0A3A-4769-9CCC-3F540EB6D56F&#038;team=210\">1. BV Maintal S1<\/a><\/td>\n<td align=\"center\">10<\/td>\n<td class=\"score\" align=\"right\">5<\/td>\n<td class=\"separator\" align=\"center\">:<\/td>\n<td class=\"score\" align=\"left\">15<\/td>\n<td align=\"center\">2<\/td>\n<td align=\"center\">1<\/td>\n<td align=\"center\">7<\/td>\n<td class=\"score\" align=\"right\">26<\/td>\n<td class=\"separator\" align=\"center\">:<\/td>\n<td class=\"score\" align=\"left\">53<\/td>\n<td class=\"score\" align=\"right\">56<\/td>\n<td class=\"separator\" align=\"center\">:<\/td>\n<td class=\"score\" align=\"left\">107<\/td>\n<td class=\"score\" align=\"right\">2090<\/td>\n<td class=\"separator\" align=\"center\">:<\/td>\n<td class=\"score\" align=\"left\">2889<\/td>\n<\/tr>\n<tr>\n<td class=\"standingsrank\">6<\/td>\n<td><a target=\"_blank\" href=\"http:\/\/turnier.de\/sport\/team.aspx?id=202E29D6-0A3A-4769-9CCC-3F540EB6D56F&#038;team=212\">TG Dietesheim S1<\/a><\/td>\n<td align=\"center\">10<\/td>\n<td class=\"score\" align=\"right\">0<\/td>\n<td class=\"separator\" align=\"center\">:<\/td>\n<td class=\"score\" align=\"left\">20<\/td>\n<td align=\"center\">0<\/td>\n<td align=\"center\">0<\/td>\n<td align=\"center\">10<\/td>\n<td class=\"score\" align=\"right\">6<\/td>\n<td class=\"separator\" align=\"center\">:<\/td>\n<td class=\"score\" align=\"left\">74<\/td>\n<td class=\"score\" align=\"right\">17<\/td>\n<td class=\"separator\" align=\"center\">:<\/td>\n<td class=\"score\" align=\"left\">149<\/td>\n<td class=\"score\" align=\"right\">1612<\/td>\n<td class=\"separator\" align=\"center\">:<\/td>\n<td class=\"score\" align=\"left\">3338<\/td>\n<\/tr>\n<\/tbody>\n<\/table>\n<\/div>\n<div id=\"mannschaft_spiele\" class=\"bvg_block\">\n<h1>Spiele<\/h1>\n<table class=\"ruler matches\">\n<thead>\n<tr>\n<td><\/td>\n<td>Spieltermin<\/td>\n<td>Spieltag<\/td>\n<td>Runde<\/td>\n<td>Nr<\/td>\n<td align=\"right\">Heim<\/td>\n<td>&#8211;<\/td>\n<td>Gast<\/td>\n<td>Ergebnis<\/td>\n<\/tr>\n<\/thead>\n<tbody>\n<tr>\n<td><\/td>\n<td class=\"plannedtime\" align=\"right\">So 13.09.2015 <span class=\"time\">11:30<\/span><\/td>\n<td align=\"right\">1<\/td>\n<td align=\"right\">H<\/td>\n<td>1<\/td>\n<td class=\"nowrap\" align=\"right\"><strong><a class=\"teamname\" target=\"_blank\" href=\"http:\/\/turnier.de\/teammatch.aspx?id=202E29D6-0A3A-4769-9CCC-3F540EB6D56F&amp;match=1671\">TV Hofheim S3<\/a><\/strong><\/td>\n<td align=\"center\">&#8211;<\/td>\n<td class=\"nowrap\"><a class=\"teamname highlighted\" target=\"_blank\" href=\"http:\/\/turnier.de\/teammatch.aspx?id=202E29D6-0A3A-4769-9CCC-3F540EB6D56F&amp;match=1671\">BV G.-Goldbach\/Laufach S2<\/a><\/td>\n<td><span class=\"score\"><span>6-2<\/span><\/span><\/td>\n<td><\/td>\n<td><\/td>\n<td><\/td>\n<\/tr>\n<tr>\n<td><\/td>\n<td class=\"plannedtime\" align=\"right\">So 20.09.2015 <span class=\"time\">10:30<\/span><\/td>\n<td align=\"right\">2<\/td>\n<td align=\"right\">H<\/td>\n<td>4<\/td>\n<td class=\"nowrap\" align=\"right\"><a class=\"teamname highlighted\" target=\"_blank\" href=\"http:\/\/turnier.de\/teammatch.aspx?id=202E29D6-0A3A-4769-9CCC-3F540EB6D56F&amp;match=1677\">BV G.-Goldbach\/Laufach S2<\/a><\/td>\n<td align=\"center\">&#8211;<\/td>\n<td class=\"nowrap\"><strong><a class=\"teamname\" target=\"_blank\" href=\"http:\/\/turnier.de\/teammatch.aspx?id=202E29D6-0A3A-4769-9CCC-3F540EB6D56F&amp;match=1677\">SG TGU\/TG H&ouml;chst S2<\/a><\/strong><\/td>\n<td><span class=\"score\"><span>1-7<\/span><\/span><\/td>\n<td><\/td>\n<td><\/td>\n<td><\/td>\n<\/tr>\n<tr>\n<td><\/td>\n<td class=\"plannedtime\" align=\"right\">Fr 09.10.2015 <span class=\"time\">19:00<\/span><\/td>\n<td align=\"right\">3<\/td>\n<td align=\"right\">H<\/td>\n<td>8<\/td>\n<td class=\"nowrap\" align=\"right\"><strong><a class=\"teamname\" target=\"_blank\" href=\"http:\/\/turnier.de\/teammatch.aspx?id=202E29D6-0A3A-4769-9CCC-3F540EB6D56F&amp;match=1674\">BV Frankfurt 06 S1<\/a><\/strong><\/td>\n<td align=\"center\">&#8211;<\/td>\n<td class=\"nowrap\"><a class=\"teamname highlighted\" target=\"_blank\" href=\"http:\/\/turnier.de\/teammatch.aspx?id=202E29D6-0A3A-4769-9CCC-3F540EB6D56F&amp;match=1674\">BV G.-Goldbach\/Laufach S2<\/a><\/td>\n<td><span class=\"score\"><span>8-0<\/span><\/span><\/td>\n<td><\/td>\n<td><\/td>\n<td><\/td>\n<\/tr>\n<tr>\n<td><\/td>\n<td class=\"plannedtime\" align=\"right\">So 08.11.2015 <span class=\"time\">10:00<\/span><\/td>\n<td align=\"right\">4<\/td>\n<td align=\"right\">H<\/td>\n<td>11<\/td>\n<td class=\"nowrap\" align=\"right\"><strong><a class=\"teamname highlighted\" target=\"_blank\" href=\"http:\/\/turnier.de\/teammatch.aspx?id=202E29D6-0A3A-4769-9CCC-3F540EB6D56F&amp;match=1692\">BV G.-Goldbach\/Laufach S2<\/a><\/strong><\/td>\n<td align=\"center\">&#8211;<\/td>\n<td class=\"nowrap\"><a class=\"teamname\" target=\"_blank\" href=\"http:\/\/turnier.de\/teammatch.aspx?id=202E29D6-0A3A-4769-9CCC-3F540EB6D56F&amp;match=1692\">TG Dietesheim S1<\/a><\/td>\n<td><span class=\"score\"><span>8-0<\/span><\/span><\/td>\n<td><\/td>\n<td><\/td>\n<td><\/td>\n<\/tr>\n<tr>\n<td><\/td>\n<td class=\"plannedtime\" align=\"right\">Sa 21.11.2015 <span class=\"time\">12:30<\/span><\/td>\n<td align=\"right\">5<\/td>\n<td align=\"right\">H<\/td>\n<td>14<\/td>\n<td class=\"nowrap\" align=\"right\"><strong><a class=\"teamname highlighted\" target=\"_blank\" href=\"http:\/\/turnier.de\/teammatch.aspx?id=202E29D6-0A3A-4769-9CCC-3F540EB6D56F&amp;match=1682\">BV G.-Goldbach\/Laufach S2<\/a><\/strong><\/td>\n<td align=\"center\">&#8211;<\/td>\n<td class=\"nowrap\"><a class=\"teamname\" target=\"_blank\" href=\"http:\/\/turnier.de\/teammatch.aspx?id=202E29D6-0A3A-4769-9CCC-3F540EB6D56F&amp;match=1682\">1. BV Maintal S1<\/a><\/td>\n<td><span class=\"score\"><span>5-3<\/span><\/span><\/td>\n<td><\/td>\n<td><\/td>\n<td><\/td>\n<\/tr>\n<tr>\n<td><\/td>\n<td class=\"plannedtime\" align=\"right\">So 17.01.2016 <span class=\"time\">12:00<\/span><\/td>\n<td align=\"right\">6<\/td>\n<td align=\"right\">R<\/td>\n<td>16<\/td>\n<td class=\"nowrap\" align=\"right\"><a class=\"teamname highlighted\" target=\"_blank\" href=\"http:\/\/turnier.de\/teammatch.aspx?id=202E29D6-0A3A-4769-9CCC-3F540EB6D56F&amp;match=1666\">BV G.-Goldbach\/Laufach S2<\/a><\/td>\n<td align=\"center\">&#8211;<\/td>\n<td class=\"nowrap\"><strong><a class=\"teamname\" target=\"_blank\" href=\"http:\/\/turnier.de\/teammatch.aspx?id=202E29D6-0A3A-4769-9CCC-3F540EB6D56F&amp;match=1666\">TV Hofheim S3<\/a><\/strong><\/td>\n<td><span class=\"score\"><span>2-6<\/span><\/span><\/td>\n<td><\/td>\n<td><\/td>\n<td><\/td>\n<\/tr>\n<tr>\n<td><\/td>\n<td class=\"plannedtime\" align=\"right\">So 24.01.2016 <span class=\"time\">13:00<\/span><\/td>\n<td align=\"right\">7<\/td>\n<td align=\"right\">R<\/td>\n<td>19<\/td>\n<td class=\"nowrap\" align=\"right\"><strong><a class=\"teamname\" target=\"_blank\" href=\"http:\/\/turnier.de\/teammatch.aspx?id=202E29D6-0A3A-4769-9CCC-3F540EB6D56F&amp;match=1672\">SG TGU\/TG H&ouml;chst S2<\/a><\/strong><\/td>\n<td align=\"center\">&#8211;<\/td>\n<td class=\"nowrap\"><a class=\"teamname highlighted\" target=\"_blank\" href=\"http:\/\/turnier.de\/teammatch.aspx?id=202E29D6-0A3A-4769-9CCC-3F540EB6D56F&amp;match=1672\">BV G.-Goldbach\/Laufach S2<\/a><\/td>\n<td><span class=\"score\"><span>8-0<\/span><\/span><\/td>\n<td><\/td>\n<td><\/td>\n<td><\/td>\n<\/tr>\n<tr>\n<td><\/td>\n<td class=\"plannedtime\" align=\"right\">Sa 30.01.2016 <span class=\"time\">13:00<\/span><\/td>\n<td align=\"right\">8<\/td>\n<td align=\"right\">R<\/td>\n<td>23<\/td>\n<td class=\"nowrap\" align=\"right\"><strong><a class=\"teamname highlighted\" target=\"_blank\" href=\"http:\/\/turnier.de\/teammatch.aspx?id=202E29D6-0A3A-4769-9CCC-3F540EB6D56F&amp;match=1687\">BV G.-Goldbach\/Laufach S2<\/a><\/strong><\/td>\n<td align=\"center\">&#8211;<\/td>\n<td class=\"nowrap\"><a class=\"teamname\" target=\"_blank\" href=\"http:\/\/turnier.de\/teammatch.aspx?id=202E29D6-0A3A-4769-9CCC-3F540EB6D56F&amp;match=1687\">BV Frankfurt 06 S1<\/a><\/td>\n<td><span class=\"score\"><span>6-2<\/span><\/span><\/td>\n<td><\/td>\n<td><\/td>\n<td><\/td>\n<\/tr>\n<tr>\n<td><\/td>\n<td class=\"plannedtime\" align=\"right\">So 06.03.2016 <span class=\"time\">10:00<\/span><\/td>\n<td align=\"right\">9<\/td>\n<td align=\"right\">R<\/td>\n<td>26<\/td>\n<td class=\"nowrap\" align=\"right\"><a class=\"teamname\" target=\"_blank\" href=\"http:\/\/turnier.de\/teammatch.aspx?id=202E29D6-0A3A-4769-9CCC-3F540EB6D56F&amp;match=1675\">TG Dietesheim S1<\/a><\/td>\n<td align=\"center\">&#8211;<\/td>\n<td class=\"nowrap\"><strong><a class=\"teamname highlighted\" target=\"_blank\" href=\"http:\/\/turnier.de\/teammatch.aspx?id=202E29D6-0A3A-4769-9CCC-3F540EB6D56F&amp;match=1675\">BV G.-Goldbach\/Laufach S2<\/a><\/strong><\/td>\n<td><span class=\"score\"><span>1-7<\/span><\/span><\/td>\n<td><\/td>\n<td><\/td>\n<td><\/td>\n<\/tr>\n<tr>\n<td><\/td>\n<td class=\"plannedtime\" align=\"right\">So 13.03.2016 <span class=\"time\">11:00<\/span><\/td>\n<td align=\"right\">10<\/td>\n<td align=\"right\">R<\/td>\n<td>29<\/td>\n<td class=\"nowrap\" align=\"right\"><a class=\"teamname\" target=\"_blank\" href=\"http:\/\/turnier.de\/teammatch.aspx?id=202E29D6-0A3A-4769-9CCC-3F540EB6D56F&amp;match=1673\">1. BV Maintal S1<\/a><\/td>\n<td align=\"center\">&#8211;<\/td>\n<td class=\"nowrap\"><strong><a class=\"teamname highlighted\" target=\"_blank\" href=\"http:\/\/turnier.de\/teammatch.aspx?id=202E29D6-0A3A-4769-9CCC-3F540EB6D56F&amp;match=1673\">BV G.-Goldbach\/Laufach S2<\/a><\/strong><\/td>\n<td><span class=\"score\"><span>3-4<\/span><\/span><\/td>\n<td><\/td>\n<td><\/td>\n<td><\/td>\n<\/tr>\n<\/tbody>\n<\/table>\n<\/div>\n<div id=\"mannschaft_slideshow\" class=\"bvg_block hide\"><\/div>\n","protected":false},"excerpt":{"rendered":"<p>Saison 2015\/2016 Betreuer Thilo Schmidt, Lea Balling, Steffen Rauchalles, Pascal Schmidt, Anika Bayer, Tom Aulbach, Tim Platthaus, Betreuer Marc Platthaus (von Links nach rechts) Mannschaftsspieler Herren Schmidt, Pascal Rauchalles, Steffen Platthaus, Tim Aulbach, Tom Steiner, Eric Werner, Johannes Damen Balling, Lea Bayer, Annika Gerlach, Amelie Hornung, Amelie John, Melissa HALBZEIT-BILANZ: Gleich drei Niederlagen setzte es [&hellip;]<\/p>\n","protected":false},"author":13,"featured_media":0,"parent":0,"menu_order":0,"comment_status":"closed","ping_status":"closed","template":"","meta":{"_acf_changed":false,"_monsterinsights_skip_tracking":false,"_monsterinsights_sitenote_active":false,"_monsterinsights_sitenote_note":"","_monsterinsights_sitenote_category":0,"ngg_post_thumbnail":0,"footnotes":""},"class_list":["post-1081","page","type-page","status-publish","hentry","post"],"acf":[],"_links":{"self":[{"href":"https:\/\/lignoplan.com\/wordpress_9\/wp-json\/wp\/v2\/pages\/1081","targetHints":{"allow":["GET"]}}],"collection":[{"href":"https:\/\/lignoplan.com\/wordpress_9\/wp-json\/wp\/v2\/pages"}],"about":[{"href":"https:\/\/lignoplan.com\/wordpress_9\/wp-json\/wp\/v2\/types\/page"}],"author":[{"embeddable":true,"href":"https:\/\/lignoplan.com\/wordpress_9\/wp-json\/wp\/v2\/users\/13"}],"replies":[{"embeddable":true,"href":"https:\/\/lignoplan.com\/wordpress_9\/wp-json\/wp\/v2\/comments?post=1081"}],"version-history":[{"count":3,"href":"https:\/\/lignoplan.com\/wordpress_9\/wp-json\/wp\/v2\/pages\/1081\/revisions"}],"predecessor-version":[{"id":1147,"href":"https:\/\/lignoplan.com\/wordpress_9\/wp-json\/wp\/v2\/pages\/1081\/revisions\/1147"}],"wp:attachment":[{"href":"https:\/\/lignoplan.com\/wordpress_9\/wp-json\/wp\/v2\/media?parent=1081"}],"curies":[{"name":"wp","href":"https:\/\/api.w.org\/{rel}","templated":true}]}}