{"id":1079,"date":"2016-04-25T09:20:19","date_gmt":"2016-04-25T09:20:19","guid":{"rendered":"http:\/\/lignoplan.com\/wordpress_d\/?page_id=1079"},"modified":"2016-04-25T09:20:19","modified_gmt":"2016-04-25T09:20:19","slug":"schueler-1-20152016","status":"publish","type":"page","link":"https:\/\/lignoplan.com\/wordpress_9\/schueler-1-20152016\/","title":{"rendered":"Sch\u00fcler 1 2015\/2016"},"content":{"rendered":"<div id=\"mannschaft_allgemein\" class=\"bvg_block\">\n<h1>Saison 2015\/2016<\/h1>\n<div class=\"team_photo\"><a href=\"http:\/\/lignoplan.com\/wordpress_d\/wp-content\/uploads\/2016\/01\/15-Sch\u00fcler-1-Web.jpg\"><img loading=\"lazy\" decoding=\"async\" src=\"http:\/\/lignoplan.com\/wordpress_d\/wp-content\/uploads\/2016\/01\/15-Sch\u00fcler-1-Web.jpg\" alt=\"15 Sch\u00fcler 1 Web\" width=\"448\" height=\"296\" class=\"alignnone size-full wp-image-719\" srcset=\"https:\/\/lignoplan.com\/wordpress_9\/wp-content\/uploads\/2016\/01\/15-Sch\u00fcler-1-Web.jpg 448w, https:\/\/lignoplan.com\/wordpress_9\/wp-content\/uploads\/2016\/01\/15-Sch\u00fcler-1-Web-300x198.jpg 300w\" sizes=\"auto, (max-width: 448px) 100vw, 448px\" \/><\/a><\/div>\n<div id=\"team_photo_members\">Theresa Ru\u00dfmann, Marie Burggraf, Moritz Bergmann, Jens Philipp, Luca Wilzbach, Kai Philipp (von Links nach Rechts)<\/div>\n<h2>Mannschaftsspieler<\/h2>\n<h3>Herren<\/h3>\n<ul>\n<li class=\"bvg_stamm\"><a target=\"_blank\" href=\"http:\/\/turnier.de\/player.aspx?id=202E29D6-0A3A-4769-9CCC-3F540EB6D56F&amp;player=6236\">Philipp, Jens<\/a><\/li>\n<li class=\"bvg_stamm\"><a target=\"_blank\" href=\"http:\/\/turnier.de\/player.aspx?id=202E29D6-0A3A-4769-9CCC-3F540EB6D56F&amp;player=6237\">Wilzbach, Luca<\/a><\/li>\n<li class=\"bvg_stamm\"><a target=\"_blank\" href=\"http:\/\/turnier.de\/player.aspx?id=202E29D6-0A3A-4769-9CCC-3F540EB6D56F&amp;player=6240\">Bergmann, Moritz<\/a><\/li>\n<li class=\"bvg_stamm\"><a target=\"_blank\" href=\"http:\/\/turnier.de\/player.aspx?id=202E29D6-0A3A-4769-9CCC-3F540EB6D56F&amp;player=6239\">Philipp, Kai<\/a><\/li>\n<li class=\"bvg_ersatz\"><a target=\"_blank\" href=\"http:\/\/turnier.de\/player.aspx?id=202E29D6-0A3A-4769-9CCC-3F540EB6D56F&amp;player=6277\">Aulbach, Tom<\/a><\/li>\n<li class=\"bvg_ersatz\"><a target=\"_blank\" href=\"http:\/\/turnier.de\/player.aspx?id=202E29D6-0A3A-4769-9CCC-3F540EB6D56F&amp;player=6243\">Kl\u00f6ppel, Nicolai<\/a><\/li>\n<li class=\"bvg_ersatz\"><a target=\"_blank\" href=\"http:\/\/turnier.de\/player.aspx?id=202E29D6-0A3A-4769-9CCC-3F540EB6D56F&amp;player=6241\">Platthaus, Tim<\/a><\/li>\n<li class=\"bvg_ersatz\"><a target=\"_blank\" href=\"http:\/\/turnier.de\/player.aspx?id=202E29D6-0A3A-4769-9CCC-3F540EB6D56F&amp;player=6242\">Rauchalles, Steffen<\/a><\/li>\n<li class=\"bvg_ersatz\"><a target=\"_blank\" href=\"http:\/\/turnier.de\/player.aspx?id=202E29D6-0A3A-4769-9CCC-3F540EB6D56F&amp;player=6238\">Schmidt, Pascal<\/a><\/li>\n<\/ul>\n<h3>Damen<\/h3>\n<ul>\n<li class=\"bvg_stamm\"><a target=\"_blank\" href=\"http:\/\/turnier.de\/player.aspx?id=202E29D6-0A3A-4769-9CCC-3F540EB6D56F&amp;player=6258\">Burggraf, Marie<\/a><\/li>\n<li class=\"bvg_stamm\"><a target=\"_blank\" href=\"http:\/\/turnier.de\/player.aspx?id=202E29D6-0A3A-4769-9CCC-3F540EB6D56F&amp;player=6259\">Ru\u00dfmann, Theresa<\/a><\/li>\n<li class=\"bvg_ersatz\"><a target=\"_blank\" href=\"http:\/\/turnier.de\/player.aspx?id=202E29D6-0A3A-4769-9CCC-3F540EB6D56F&amp;player=6266\">John, Melissa<\/a><\/li>\n<\/ul>\n<\/div>\n<div id=\"mannschaft_berichte\" class=\"bvg_block\">\nHALBZEIT-BILANZ:<\/p>\n<p>Die 1. Sch\u00fclermannschaft erwischte einen schlechten Saisonstart gegen den Herbstmeister Unterliederbach\/H\u00f6chst. Man musste gleich auf zwei Stammspieler verzichten und begann mit einer Niederlage. Im Anschlu\u00df gelangen drei Siege, die jedoch alle hart erk\u00e4mpft waren. So steht nun gleich zum R\u00fcckrundenauftakt das Spitzenspiel mit dem Tabellenf\u00fchrer auf dem Programm. Gelingt die Revanche, dann w\u00e4re die Meisterschaft noch m\u00f6glich.\n<\/p><\/div>\n<div id=\"mannschaft_tabelle\" class=\"bvg_block\">\n<h1>Tabelle<\/h1>\n<h1><a target=\"_blank\" href=\"http:\/\/turnier.de\/draw.aspx?id=202E29D6-0A3A-4769-9CCC-3F540EB6D56F&#038;draw=32\">Sch\u00fcler Grundklasse FR &#8211; Sch\u00fcler Grundklasse FR 1<\/a><\/h1>\n<table class=\"ruler\">\n<thead>\n<tr class=\"poulestandings\">\n<td><\/td>\n<td><\/td>\n<td>gespielt<\/td>\n<td colspan=\"3\">Punkte<\/td>\n<td>GEW<\/td>\n<td>REM<\/td>\n<td>VER<\/td>\n<td colspan=\"3\">Spiele<\/td>\n<td colspan=\"3\">S\u00e4tze<\/td>\n<td colspan=\"3\">Spielpunkte<\/td>\n<\/tr>\n<\/thead>\n<tbody>\n<tr>\n<td class=\"standingsrank\">1<\/td>\n<td><a target=\"_blank\" href=\"http:\/\/turnier.de\/sport\/team.aspx?id=202E29D6-0A3A-4769-9CCC-3F540EB6D56F&#038;team=202\">SG TGU\/TG H\u00f6chst S1<\/a><\/td>\n<td align=\"center\">8<\/td>\n<td class=\"score\" align=\"right\">14<\/td>\n<td class=\"separator\" align=\"center\">:<\/td>\n<td class=\"score\" align=\"left\">2<\/td>\n<td align=\"center\">7<\/td>\n<td align=\"center\">0<\/td>\n<td align=\"center\">1<\/td>\n<td class=\"score\" align=\"right\">52<\/td>\n<td class=\"separator\" align=\"center\">:<\/td>\n<td class=\"score\" align=\"left\">12<\/td>\n<td class=\"score\" align=\"right\">108<\/td>\n<td class=\"separator\" align=\"center\">:<\/td>\n<td class=\"score\" align=\"left\">27<\/td>\n<td class=\"score\" align=\"right\">2601<\/td>\n<td class=\"separator\" align=\"center\">:<\/td>\n<td class=\"score\" align=\"left\">1628<\/td>\n<\/tr>\n<tr>\n<td class=\"standingsrank\">2<\/td>\n<td><a target=\"_blank\" href=\"http:\/\/turnier.de\/sport\/team.aspx?id=202E29D6-0A3A-4769-9CCC-3F540EB6D56F&#038;team=206\">TV Hofheim S2<\/a><\/td>\n<td align=\"center\">8<\/td>\n<td class=\"score\" align=\"right\">11<\/td>\n<td class=\"separator\" align=\"center\">:<\/td>\n<td class=\"score\" align=\"left\">5<\/td>\n<td align=\"center\">5<\/td>\n<td align=\"center\">1<\/td>\n<td align=\"center\">2<\/td>\n<td class=\"score\" align=\"right\">37<\/td>\n<td class=\"separator\" align=\"center\">:<\/td>\n<td class=\"score\" align=\"left\">27<\/td>\n<td class=\"score\" align=\"right\">83<\/td>\n<td class=\"separator\" align=\"center\">:<\/td>\n<td class=\"score\" align=\"left\">64<\/td>\n<td class=\"score\" align=\"right\">2592<\/td>\n<td class=\"separator\" align=\"center\">:<\/td>\n<td class=\"score\" align=\"left\">2384<\/td>\n<\/tr>\n<tr class=\"selected\">\n<td class=\"standingsrank\">3<\/td>\n<td><a target=\"_blank\" href=\"http:\/\/turnier.de\/sport\/team.aspx?id=202E29D6-0A3A-4769-9CCC-3F540EB6D56F&#038;team=201\">BV G.-Goldbach\/Laufach S1<\/a><\/td>\n<td align=\"center\">8<\/td>\n<td class=\"score\" align=\"right\">10<\/td>\n<td class=\"separator\" align=\"center\">:<\/td>\n<td class=\"score\" align=\"left\">6<\/td>\n<td align=\"center\">5<\/td>\n<td align=\"center\">0<\/td>\n<td align=\"center\">3<\/td>\n<td class=\"score\" align=\"right\">37<\/td>\n<td class=\"separator\" align=\"center\">:<\/td>\n<td class=\"score\" align=\"left\">27<\/td>\n<td class=\"score\" align=\"right\">80<\/td>\n<td class=\"separator\" align=\"center\">:<\/td>\n<td class=\"score\" align=\"left\">61<\/td>\n<td class=\"score\" align=\"right\">2493<\/td>\n<td class=\"separator\" align=\"center\">:<\/td>\n<td class=\"score\" align=\"left\">2215<\/td>\n<\/tr>\n<tr>\n<td class=\"standingsrank\">4<\/td>\n<td><a target=\"_blank\" href=\"http:\/\/turnier.de\/sport\/team.aspx?id=202E29D6-0A3A-4769-9CCC-3F540EB6D56F&#038;team=204\">SG Anspach S1<\/a><\/td>\n<td align=\"center\">8<\/td>\n<td class=\"score\" align=\"right\">5<\/td>\n<td class=\"separator\" align=\"center\">:<\/td>\n<td class=\"score\" align=\"left\">11<\/td>\n<td align=\"center\">2<\/td>\n<td align=\"center\">1<\/td>\n<td align=\"center\">5<\/td>\n<td class=\"score\" align=\"right\">26<\/td>\n<td class=\"separator\" align=\"center\">:<\/td>\n<td class=\"score\" align=\"left\">38<\/td>\n<td class=\"score\" align=\"right\">58<\/td>\n<td class=\"separator\" align=\"center\">:<\/td>\n<td class=\"score\" align=\"left\">82<\/td>\n<td class=\"score\" align=\"right\">2107<\/td>\n<td class=\"separator\" align=\"center\">:<\/td>\n<td class=\"score\" align=\"left\">2340<\/td>\n<\/tr>\n<tr>\n<td class=\"standingsrank\">5<\/td>\n<td><a target=\"_blank\" href=\"http:\/\/turnier.de\/sport\/team.aspx?id=202E29D6-0A3A-4769-9CCC-3F540EB6D56F&#038;team=205\">TuS Schwanheim S1<\/a><\/td>\n<td align=\"center\">8<\/td>\n<td class=\"score\" align=\"right\">0<\/td>\n<td class=\"separator\" align=\"center\">:<\/td>\n<td class=\"score\" align=\"left\">16<\/td>\n<td align=\"center\">0<\/td>\n<td align=\"center\">0<\/td>\n<td align=\"center\">8<\/td>\n<td class=\"score\" align=\"right\">8<\/td>\n<td class=\"separator\" align=\"center\">:<\/td>\n<td class=\"score\" align=\"left\">56<\/td>\n<td class=\"score\" align=\"right\">22<\/td>\n<td class=\"separator\" align=\"center\">:<\/td>\n<td class=\"score\" align=\"left\">117<\/td>\n<td class=\"score\" align=\"right\">1606<\/td>\n<td class=\"separator\" align=\"center\">:<\/td>\n<td class=\"score\" align=\"left\">2832<\/td>\n<\/tr>\n<tr>\n<td class=\"standingsrank\">7<\/td>\n<td><a target=\"_blank\" href=\"http:\/\/turnier.de\/sport\/team.aspx?id=202E29D6-0A3A-4769-9CCC-3F540EB6D56F&#038;team=200\"><s>SV Fun-Ball Dortelweil S2<\/s><\/a><\/td>\n<td align=\"center\">0<\/td>\n<td class=\"score\" align=\"right\">0<\/td>\n<td class=\"separator\" align=\"center\">:<\/td>\n<td class=\"score\" align=\"left\">0<\/td>\n<td align=\"center\">0<\/td>\n<td align=\"center\">0<\/td>\n<td align=\"center\">0<\/td>\n<td class=\"score\" align=\"right\">0<\/td>\n<td class=\"separator\" align=\"center\">:<\/td>\n<td class=\"score\" align=\"left\">0<\/td>\n<td class=\"score\" align=\"right\">0<\/td>\n<td class=\"separator\" align=\"center\">:<\/td>\n<td class=\"score\" align=\"left\">0<\/td>\n<td class=\"score\" align=\"right\">0<\/td>\n<td class=\"separator\" align=\"center\">:<\/td>\n<td class=\"score\" align=\"left\">0<\/td>\n<\/tr>\n<tr>\n<td class=\"standingsrank\">7<\/td>\n<td><a target=\"_blank\" href=\"http:\/\/turnier.de\/sport\/team.aspx?id=202E29D6-0A3A-4769-9CCC-3F540EB6D56F&#038;team=203\"><s>SG Kelkheim S1<\/s><\/a><\/td>\n<td align=\"center\">0<\/td>\n<td class=\"score\" align=\"right\">0<\/td>\n<td class=\"separator\" align=\"center\">:<\/td>\n<td class=\"score\" align=\"left\">0<\/td>\n<td align=\"center\">0<\/td>\n<td align=\"center\">0<\/td>\n<td align=\"center\">0<\/td>\n<td class=\"score\" align=\"right\">0<\/td>\n<td class=\"separator\" align=\"center\">:<\/td>\n<td class=\"score\" align=\"left\">0<\/td>\n<td class=\"score\" align=\"right\">0<\/td>\n<td class=\"separator\" align=\"center\">:<\/td>\n<td class=\"score\" align=\"left\">0<\/td>\n<td class=\"score\" align=\"right\">0<\/td>\n<td class=\"separator\" align=\"center\">:<\/td>\n<td class=\"score\" align=\"left\">0<\/td>\n<\/tr>\n<\/tbody>\n<\/table>\n<\/div>\n<div id=\"mannschaft_spiele\" class=\"bvg_block\">\n<h1>Spiele<\/h1>\n<table class=\"ruler matches\">\n<thead>\n<tr>\n<td><\/td>\n<td>Spieltermin<\/td>\n<td>Spieltag<\/td>\n<td>Runde<\/td>\n<td>Nr<\/td>\n<td align=\"right\">Heim<\/td>\n<td>&#8211;<\/td>\n<td>Gast<\/td>\n<td>Ergebnis<\/td>\n<\/tr>\n<\/thead>\n<tbody>\n<tr>\n<td><\/td>\n<td class=\"plannedtime\" align=\"right\"><s>So 13.09.2015 <span class=\"time\">10:00<\/span><\/s><\/td>\n<td align=\"right\">1<\/td>\n<td align=\"right\">H<\/td>\n<td>1<\/td>\n<td class=\"nowrap\" align=\"right\"><a class=\"teamname\" target=\"_blank\" href=\"http:\/\/turnier.de\/teammatch.aspx?id=202E29D6-0A3A-4769-9CCC-3F540EB6D56F&amp;match=1624\"><s>SV Fun-Ball Dortelweil S2<\/s><\/a><\/td>\n<td align=\"center\">&#8211;<\/td>\n<td class=\"nowrap\"><a class=\"teamname highlighted\" target=\"_blank\" href=\"http:\/\/turnier.de\/teammatch.aspx?id=202E29D6-0A3A-4769-9CCC-3F540EB6D56F&amp;match=1624\">BV G.-Goldbach\/Laufach S1<\/a><\/td>\n<td><s><\/s><\/td>\n<td><\/td>\n<td><\/td>\n<td><\/td>\n<\/tr>\n<tr>\n<td><\/td>\n<td class=\"plannedtime\" align=\"right\">Sa 19.09.2015 <span class=\"time\">12:30<\/span><\/td>\n<td align=\"right\">2<\/td>\n<td align=\"right\">H<\/td>\n<td>4<\/td>\n<td class=\"nowrap\" align=\"right\"><a class=\"teamname highlighted\" target=\"_blank\" href=\"http:\/\/turnier.de\/teammatch.aspx?id=202E29D6-0A3A-4769-9CCC-3F540EB6D56F&amp;match=1631\">BV G.-Goldbach\/Laufach S1<\/a><\/td>\n<td align=\"center\">&#8211;<\/td>\n<td class=\"nowrap\"><strong><a class=\"teamname\" target=\"_blank\" href=\"http:\/\/turnier.de\/teammatch.aspx?id=202E29D6-0A3A-4769-9CCC-3F540EB6D56F&amp;match=1631\">SG TGU\/TG H&ouml;chst S1<\/a><\/strong><\/td>\n<td><span class=\"score\"><span>1-7<\/span><\/span><\/td>\n<td><\/td>\n<td><\/td>\n<td><\/td>\n<\/tr>\n<tr>\n<td><\/td>\n<td class=\"plannedtime\" align=\"right\">So 20.09.2015 <span class=\"time\">10:00<\/span><\/td>\n<td align=\"right\">3<\/td>\n<td align=\"right\">H<\/td>\n<td>8<\/td>\n<td class=\"nowrap\" align=\"right\"><a class=\"teamname\" target=\"_blank\" href=\"http:\/\/turnier.de\/teammatch.aspx?id=202E29D6-0A3A-4769-9CCC-3F540EB6D56F&amp;match=1627\">SG Anspach S1<\/a><\/td>\n<td align=\"center\">&#8211;<\/td>\n<td class=\"nowrap\"><strong><a class=\"teamname highlighted\" target=\"_blank\" href=\"http:\/\/turnier.de\/teammatch.aspx?id=202E29D6-0A3A-4769-9CCC-3F540EB6D56F&amp;match=1627\">BV G.-Goldbach\/Laufach S1<\/a><\/strong><\/td>\n<td><span class=\"score\"><span>3-5<\/span><\/span><\/td>\n<td><\/td>\n<td><\/td>\n<td><\/td>\n<\/tr>\n<tr>\n<td><\/td>\n<td class=\"plannedtime\" align=\"right\">So 04.10.2015 <span class=\"time\">13:00<\/span><\/td>\n<td align=\"right\">4<\/td>\n<td align=\"right\">H<\/td>\n<td>11<\/td>\n<td class=\"nowrap\" align=\"right\"><strong><a class=\"teamname highlighted\" target=\"_blank\" href=\"http:\/\/turnier.de\/teammatch.aspx?id=202E29D6-0A3A-4769-9CCC-3F540EB6D56F&amp;match=1655\">BV G.-Goldbach\/Laufach S1<\/a><\/strong><\/td>\n<td align=\"center\">&#8211;<\/td>\n<td class=\"nowrap\"><a class=\"teamname\" target=\"_blank\" href=\"http:\/\/turnier.de\/teammatch.aspx?id=202E29D6-0A3A-4769-9CCC-3F540EB6D56F&amp;match=1655\">TV Hofheim S2<\/a><\/td>\n<td><span class=\"score\"><span>5-3<\/span><\/span><\/td>\n<td><\/td>\n<td><\/td>\n<td><\/td>\n<\/tr>\n<tr>\n<td><\/td>\n<td class=\"plannedtime\" align=\"right\"><s>Sa 21.11.2015<\/s><\/td>\n<td align=\"right\">6<\/td>\n<td align=\"right\">H<\/td>\n<td>17<\/td>\n<td class=\"nowrap\" align=\"right\"><a class=\"teamname highlighted\" target=\"_blank\" href=\"http:\/\/turnier.de\/teammatch.aspx?id=202E29D6-0A3A-4769-9CCC-3F540EB6D56F&amp;match=1637\">BV G.-Goldbach\/Laufach S1<\/a><\/td>\n<td align=\"center\">&#8211;<\/td>\n<td class=\"nowrap\"><a class=\"teamname\" target=\"_blank\" href=\"http:\/\/turnier.de\/teammatch.aspx?id=202E29D6-0A3A-4769-9CCC-3F540EB6D56F&amp;match=1637\"><s>SG Kelkheim S1<\/s><\/a><\/td>\n<td><s><\/s><\/td>\n<td><\/td>\n<td><\/td>\n<td><\/td>\n<\/tr>\n<tr>\n<td><\/td>\n<td class=\"plannedtime\" align=\"right\">So 22.11.2015 <span class=\"time\">12:00<\/span><\/td>\n<td align=\"right\">7<\/td>\n<td align=\"right\">H<\/td>\n<td>21<\/td>\n<td class=\"nowrap\" align=\"right\"><a class=\"teamname\" target=\"_blank\" href=\"http:\/\/turnier.de\/teammatch.aspx?id=202E29D6-0A3A-4769-9CCC-3F540EB6D56F&amp;match=1628\">TuS Schwanheim S1<\/a><\/td>\n<td align=\"center\">&#8211;<\/td>\n<td class=\"nowrap\"><strong><a class=\"teamname highlighted\" target=\"_blank\" href=\"http:\/\/turnier.de\/teammatch.aspx?id=202E29D6-0A3A-4769-9CCC-3F540EB6D56F&amp;match=1628\">BV G.-Goldbach\/Laufach S1<\/a><\/strong><\/td>\n<td><span class=\"score\"><span>2-6<\/span><\/span><\/td>\n<td><\/td>\n<td><\/td>\n<td><\/td>\n<\/tr>\n<tr>\n<td><\/td>\n<td class=\"plannedtime\" align=\"right\"><s>So 17.01.2016 <span class=\"time\">10:00<\/span><\/s><\/td>\n<td align=\"right\">8<\/td>\n<td align=\"right\">R<\/td>\n<td>22<\/td>\n<td class=\"nowrap\" align=\"right\"><a class=\"teamname highlighted\" target=\"_blank\" href=\"http:\/\/turnier.de\/teammatch.aspx?id=202E29D6-0A3A-4769-9CCC-3F540EB6D56F&amp;match=1618\">BV G.-Goldbach\/Laufach S1<\/a><\/td>\n<td align=\"center\">&#8211;<\/td>\n<td class=\"nowrap\"><a class=\"teamname\" target=\"_blank\" href=\"http:\/\/turnier.de\/teammatch.aspx?id=202E29D6-0A3A-4769-9CCC-3F540EB6D56F&amp;match=1618\"><s>SV Fun-Ball Dortelweil S2<\/s><\/a><\/td>\n<td><s><\/s><\/td>\n<td><\/td>\n<td><\/td>\n<td><\/td>\n<\/tr>\n<tr>\n<td><\/td>\n<td class=\"plannedtime\" align=\"right\">So 24.01.2016 <span class=\"time\">11:30<\/span><\/td>\n<td align=\"right\">9<\/td>\n<td align=\"right\">R<\/td>\n<td>25<\/td>\n<td class=\"nowrap\" align=\"right\"><strong><a class=\"teamname\" target=\"_blank\" href=\"http:\/\/turnier.de\/teammatch.aspx?id=202E29D6-0A3A-4769-9CCC-3F540EB6D56F&amp;match=1625\">SG TGU\/TG H&ouml;chst S1<\/a><\/strong><\/td>\n<td align=\"center\">&#8211;<\/td>\n<td class=\"nowrap\"><a class=\"teamname highlighted\" target=\"_blank\" href=\"http:\/\/turnier.de\/teammatch.aspx?id=202E29D6-0A3A-4769-9CCC-3F540EB6D56F&amp;match=1625\">BV G.-Goldbach\/Laufach S1<\/a><\/td>\n<td><span class=\"score\"><span>6-2<\/span><\/span><\/td>\n<td><\/td>\n<td><\/td>\n<td><\/td>\n<\/tr>\n<tr>\n<td><\/td>\n<td class=\"plannedtime\" align=\"right\">So 31.01.2016 <span class=\"time\">12:00<\/span><\/td>\n<td align=\"right\">10<\/td>\n<td align=\"right\">R<\/td>\n<td>29<\/td>\n<td class=\"nowrap\" align=\"right\"><strong><a class=\"teamname highlighted\" target=\"_blank\" href=\"http:\/\/turnier.de\/teammatch.aspx?id=202E29D6-0A3A-4769-9CCC-3F540EB6D56F&amp;match=1643\">BV G.-Goldbach\/Laufach S1<\/a><\/strong><\/td>\n<td align=\"center\">&#8211;<\/td>\n<td class=\"nowrap\"><a class=\"teamname\" target=\"_blank\" href=\"http:\/\/turnier.de\/teammatch.aspx?id=202E29D6-0A3A-4769-9CCC-3F540EB6D56F&amp;match=1643\">SG Anspach S1<\/a><\/td>\n<td><span class=\"score\"><span>7-1<\/span><\/span><\/td>\n<td><\/td>\n<td><\/td>\n<td><\/td>\n<\/tr>\n<tr>\n<td><\/td>\n<td class=\"plannedtime\" align=\"right\">So 14.02.2016 <span class=\"time\">10:00<\/span><\/td>\n<td align=\"right\">11<\/td>\n<td align=\"right\">R<\/td>\n<td>32<\/td>\n<td class=\"nowrap\" align=\"right\"><strong><a class=\"teamname\" target=\"_blank\" href=\"http:\/\/turnier.de\/teammatch.aspx?id=202E29D6-0A3A-4769-9CCC-3F540EB6D56F&amp;match=1629\">TV Hofheim S2<\/a><\/strong><\/td>\n<td align=\"center\">&#8211;<\/td>\n<td class=\"nowrap\"><a class=\"teamname highlighted\" target=\"_blank\" href=\"http:\/\/turnier.de\/teammatch.aspx?id=202E29D6-0A3A-4769-9CCC-3F540EB6D56F&amp;match=1629\">BV G.-Goldbach\/Laufach S1<\/a><\/td>\n<td><span class=\"score\"><span>5-3<\/span><\/span><\/td>\n<td><\/td>\n<td><\/td>\n<td><\/td>\n<\/tr>\n<tr>\n<td><\/td>\n<td class=\"plannedtime\" align=\"right\"><s>So 06.03.2016<\/s><\/td>\n<td align=\"right\">13<\/td>\n<td align=\"right\">R<\/td>\n<td>38<\/td>\n<td class=\"nowrap\" align=\"right\"><a class=\"teamname\" target=\"_blank\" href=\"http:\/\/turnier.de\/teammatch.aspx?id=202E29D6-0A3A-4769-9CCC-3F540EB6D56F&amp;match=1626\"><s>SG Kelkheim S1<\/s><\/a><\/td>\n<td align=\"center\">&#8211;<\/td>\n<td class=\"nowrap\"><a class=\"teamname highlighted\" target=\"_blank\" href=\"http:\/\/turnier.de\/teammatch.aspx?id=202E29D6-0A3A-4769-9CCC-3F540EB6D56F&amp;match=1626\">BV G.-Goldbach\/Laufach S1<\/a><\/td>\n<td><s><\/s><\/td>\n<td><\/td>\n<td><\/td>\n<td><\/td>\n<\/tr>\n<tr>\n<td><\/td>\n<td class=\"plannedtime\" align=\"right\">So 13.03.2016 <span class=\"time\">10:00<\/span><\/td>\n<td align=\"right\">14<\/td>\n<td align=\"right\">R<\/td>\n<td>42<\/td>\n<td class=\"nowrap\" align=\"right\"><strong><a class=\"teamname highlighted\" target=\"_blank\" href=\"http:\/\/turnier.de\/teammatch.aspx?id=202E29D6-0A3A-4769-9CCC-3F540EB6D56F&amp;match=1649\">BV G.-Goldbach\/Laufach S1<\/a><\/strong><\/td>\n<td align=\"center\">&#8211;<\/td>\n<td class=\"nowrap\"><a class=\"teamname\" target=\"_blank\" href=\"http:\/\/turnier.de\/teammatch.aspx?id=202E29D6-0A3A-4769-9CCC-3F540EB6D56F&amp;match=1649\">TuS Schwanheim S1<\/a><\/td>\n<td><span class=\"score\"><span>8-0<\/span><\/span><\/td>\n<td><\/td>\n<td><\/td>\n<td><\/td>\n<\/tr>\n<\/tbody>\n<\/table>\n<\/div>\n<div id=\"mannschaft_slideshow\" class=\"bvg_block hide\"><\/div>\n","protected":false},"excerpt":{"rendered":"<p>Saison 2015\/2016 Theresa Ru\u00dfmann, Marie Burggraf, Moritz Bergmann, Jens Philipp, Luca Wilzbach, Kai Philipp (von Links nach Rechts) Mannschaftsspieler Herren Philipp, Jens Wilzbach, Luca Bergmann, Moritz Philipp, Kai Aulbach, Tom Kl\u00f6ppel, Nicolai Platthaus, Tim Rauchalles, Steffen Schmidt, Pascal Damen Burggraf, Marie Ru\u00dfmann, Theresa John, Melissa HALBZEIT-BILANZ: Die 1. Sch\u00fclermannschaft erwischte einen schlechten Saisonstart gegen den [&hellip;]<\/p>\n","protected":false},"author":13,"featured_media":0,"parent":0,"menu_order":0,"comment_status":"closed","ping_status":"closed","template":"","meta":{"_acf_changed":false,"_monsterinsights_skip_tracking":false,"_monsterinsights_sitenote_active":false,"_monsterinsights_sitenote_note":"","_monsterinsights_sitenote_category":0,"ngg_post_thumbnail":0,"footnotes":""},"class_list":["post-1079","page","type-page","status-publish","hentry","post"],"acf":[],"_links":{"self":[{"href":"https:\/\/lignoplan.com\/wordpress_9\/wp-json\/wp\/v2\/pages\/1079","targetHints":{"allow":["GET"]}}],"collection":[{"href":"https:\/\/lignoplan.com\/wordpress_9\/wp-json\/wp\/v2\/pages"}],"about":[{"href":"https:\/\/lignoplan.com\/wordpress_9\/wp-json\/wp\/v2\/types\/page"}],"author":[{"embeddable":true,"href":"https:\/\/lignoplan.com\/wordpress_9\/wp-json\/wp\/v2\/users\/13"}],"replies":[{"embeddable":true,"href":"https:\/\/lignoplan.com\/wordpress_9\/wp-json\/wp\/v2\/comments?post=1079"}],"version-history":[{"count":3,"href":"https:\/\/lignoplan.com\/wordpress_9\/wp-json\/wp\/v2\/pages\/1079\/revisions"}],"predecessor-version":[{"id":1144,"href":"https:\/\/lignoplan.com\/wordpress_9\/wp-json\/wp\/v2\/pages\/1079\/revisions\/1144"}],"wp:attachment":[{"href":"https:\/\/lignoplan.com\/wordpress_9\/wp-json\/wp\/v2\/media?parent=1079"}],"curies":[{"name":"wp","href":"https:\/\/api.w.org\/{rel}","templated":true}]}}