{"id":1077,"date":"2016-04-25T09:20:04","date_gmt":"2016-04-25T09:20:04","guid":{"rendered":"http:\/\/lignoplan.com\/wordpress_d\/?page_id=1077"},"modified":"2016-04-25T09:20:04","modified_gmt":"2016-04-25T09:20:04","slug":"jugend-2-20152016","status":"publish","type":"page","link":"https:\/\/lignoplan.com\/wordpress_9\/jugend-2-20152016\/","title":{"rendered":"Jugend 2 2015\/2016"},"content":{"rendered":"<div id=\"mannschaft_allgemein\" class=\"bvg_block\">\n<h1>Saison 2015\/2016<\/h1>\n<div class=\"team_photo\"><a href=\"http:\/\/lignoplan.com\/wordpress_d\/wp-content\/uploads\/2015\/09\/15-Jugend-2-Web.jpg\" rel=\"attachment wp-att-760\"><img loading=\"lazy\" decoding=\"async\" class=\"alignnone size-medium wp-image-760\" src=\"http:\/\/lignoplan.com\/wordpress_d\/wp-content\/uploads\/2015\/09\/15-Jugend-2-Web-300x199.jpg\" alt=\"15 Jugend 2 Web\" width=\"300\" height=\"199\" srcset=\"https:\/\/lignoplan.com\/wordpress_9\/wp-content\/uploads\/2015\/09\/15-Jugend-2-Web-300x199.jpg 300w, https:\/\/lignoplan.com\/wordpress_9\/wp-content\/uploads\/2015\/09\/15-Jugend-2-Web.jpg 686w\" sizes=\"auto, (max-width: 300px) 100vw, 300px\" \/><\/a><\/div>\n<div id=\"team_photo_members\">BVG Jugend 2: v.l. Jens Philipp,\u00a0Felix Sommer,\u00a0Samira Maidhof, Anna Steiner, Maximilian Ru\u00dfmann, Lukas Heeg<\/div>\n<h2>Mannschaftsspieler<\/h2>\n<h3>Herren<\/h3>\n<ul>\n<li class=\"bvg_stamm\"><a target=\"_blank\" href=\"http:\/\/turnier.de\/player.aspx?id=202E29D6-0A3A-4769-9CCC-3F540EB6D56F&amp;player=6220\">Heeg, Lukas<\/a><\/li>\n<li class=\"bvg_stamm\"><a target=\"_blank\" href=\"http:\/\/turnier.de\/player.aspx?id=202E29D6-0A3A-4769-9CCC-3F540EB6D56F&amp;player=6219\">Ru\u00dfmann, Maximilian<\/a><\/li>\n<li class=\"bvg_stamm\"><a target=\"_blank\" href=\"http:\/\/turnier.de\/player.aspx?id=202E29D6-0A3A-4769-9CCC-3F540EB6D56F&amp;player=6229\">Wolf, Martin<\/a><\/li>\n<li class=\"bvg_stamm\"><a target=\"_blank\" href=\"http:\/\/turnier.de\/player.aspx?id=202E29D6-0A3A-4769-9CCC-3F540EB6D56F&amp;player=6222\">Kraus, Erik<\/a><\/li>\n<li class=\"bvg_ersatz\"><a target=\"_blank\" href=\"http:\/\/turnier.de\/player.aspx?id=202E29D6-0A3A-4769-9CCC-3F540EB6D56F&amp;player=6228\">Elsner, Christoph<\/a><\/li>\n<li class=\"bvg_ersatz\"><a target=\"_blank\" href=\"http:\/\/turnier.de\/player.aspx?id=202E29D6-0A3A-4769-9CCC-3F540EB6D56F&amp;player=6221\">Hugo, Leon<\/a><\/li>\n<li class=\"bvg_ersatz\"><a target=\"_blank\" href=\"http:\/\/turnier.de\/player.aspx?id=202E29D6-0A3A-4769-9CCC-3F540EB6D56F&amp;player=6236\">Philipp, Jens<\/a><\/li>\n<li class=\"bvg_ersatz\"><a target=\"_blank\" href=\"http:\/\/turnier.de\/player.aspx?id=202E29D6-0A3A-4769-9CCC-3F540EB6D56F&amp;player=6238\">Schmidt, Pascal<\/a><\/li>\n<li class=\"bvg_ersatz\"><a target=\"_blank\" href=\"http:\/\/turnier.de\/player.aspx?id=202E29D6-0A3A-4769-9CCC-3F540EB6D56F&amp;player=6226\">Sommer, Felix<\/a><\/li>\n<\/ul>\n<h3>Damen<\/h3>\n<ul>\n<li class=\"bvg_stamm\"><a target=\"_blank\" href=\"http:\/\/turnier.de\/player.aspx?id=202E29D6-0A3A-4769-9CCC-3F540EB6D56F&amp;player=6235\">Maidhof, Samira<\/a><\/li>\n<li class=\"bvg_stamm\"><a target=\"_blank\" href=\"http:\/\/turnier.de\/player.aspx?id=202E29D6-0A3A-4769-9CCC-3F540EB6D56F&amp;player=6232\">Steiner, Anna<\/a><\/li>\n<li class=\"bvg_ersatz\"><a target=\"_blank\" href=\"http:\/\/turnier.de\/player.aspx?id=202E29D6-0A3A-4769-9CCC-3F540EB6D56F&amp;player=6266\">John, Melissa<\/a><\/li>\n<li class=\"bvg_ersatz\"><a target=\"_blank\" href=\"http:\/\/turnier.de\/player.aspx?id=202E29D6-0A3A-4769-9CCC-3F540EB6D56F&amp;player=6233\">Krenz, Luisa<\/a><\/li>\n<li class=\"bvg_ersatz\"><a target=\"_blank\" href=\"http:\/\/turnier.de\/player.aspx?id=202E29D6-0A3A-4769-9CCC-3F540EB6D56F&amp;player=6259\">Ru\u00dfmann, Theresa<\/a><\/li>\n<\/ul>\n<\/div>\n<div id=\"mannschaft_berichte\" class=\"bvg_block\">HALBZEIT-BILANZ:<\/p>\n<p>Nach Abschluss der Vorrunde beleegt die 2. Jugendmannschaft einen mehr als verdienten 5. Platz. Der Abstand zu den Abstiegspl\u00e4tzen ist aber deutlich, so dass keine akute Abstiegsgefahr besteht. Vor allem kam das Team zum Ende der Vorrunde so richtig in Fahrt. Umso bedauerlicher, dass gerade da die TSG J\u00fcgesheim ihre Mannschaft zur\u00fcckgezogen hatte. Aber damit d\u00fcrfte auch das Thema Abstieg erledigt sein.<\/p><\/div>\n<div id=\"mannschaft_tabelle\" class=\"bvg_block\">\n<h1>Tabelle<\/h1>\n<h1><a target=\"_blank\" href=\"http:\/\/turnier.de\/draw.aspx?id=202E29D6-0A3A-4769-9CCC-3F540EB6D56F&#038;draw=29\">Jugend Grundklasse FR &#8211; Jugend Grundklasse FR 2<\/a><\/h1>\n<table class=\"ruler\">\n<thead>\n<tr class=\"poulestandings\">\n<td><\/td>\n<td><\/td>\n<td>gespielt<\/td>\n<td colspan=\"3\">Punkte<\/td>\n<td>GEW<\/td>\n<td>REM<\/td>\n<td>VER<\/td>\n<td colspan=\"3\">Spiele<\/td>\n<td colspan=\"3\">S\u00e4tze<\/td>\n<td colspan=\"3\">Spielpunkte<\/td>\n<\/tr>\n<\/thead>\n<tbody>\n<tr>\n<td class=\"standingsrank\">1<\/td>\n<td><a target=\"_blank\" href=\"http:\/\/turnier.de\/sport\/team.aspx?id=202E29D6-0A3A-4769-9CCC-3F540EB6D56F&#038;team=183\">TV Hofheim J2<\/a><\/td>\n<td align=\"center\">12<\/td>\n<td class=\"score\" align=\"right\">22<\/td>\n<td class=\"separator\" align=\"center\">:<\/td>\n<td class=\"score\" align=\"left\">2<\/td>\n<td align=\"center\">11<\/td>\n<td align=\"center\">0<\/td>\n<td align=\"center\">1<\/td>\n<td class=\"score\" align=\"right\">88<\/td>\n<td class=\"separator\" align=\"center\">:<\/td>\n<td class=\"score\" align=\"left\">8<\/td>\n<td class=\"score\" align=\"right\">176<\/td>\n<td class=\"separator\" align=\"center\">:<\/td>\n<td class=\"score\" align=\"left\">23<\/td>\n<td class=\"score\" align=\"right\">3945<\/td>\n<td class=\"separator\" align=\"center\">:<\/td>\n<td class=\"score\" align=\"left\">1644<\/td>\n<\/tr>\n<tr>\n<td class=\"standingsrank\">2<\/td>\n<td><a target=\"_blank\" href=\"http:\/\/turnier.de\/sport\/team.aspx?id=202E29D6-0A3A-4769-9CCC-3F540EB6D56F&#038;team=182\">SV Fun-Ball Dortelweil J2<\/a><\/td>\n<td align=\"center\">12<\/td>\n<td class=\"score\" align=\"right\">19<\/td>\n<td class=\"separator\" align=\"center\">:<\/td>\n<td class=\"score\" align=\"left\">5<\/td>\n<td align=\"center\">9<\/td>\n<td align=\"center\">1<\/td>\n<td align=\"center\">2<\/td>\n<td class=\"score\" align=\"right\">70<\/td>\n<td class=\"separator\" align=\"center\">:<\/td>\n<td class=\"score\" align=\"left\">26<\/td>\n<td class=\"score\" align=\"right\">145<\/td>\n<td class=\"separator\" align=\"center\">:<\/td>\n<td class=\"score\" align=\"left\">63<\/td>\n<td class=\"score\" align=\"right\">3675<\/td>\n<td class=\"separator\" align=\"center\">:<\/td>\n<td class=\"score\" align=\"left\">2979<\/td>\n<\/tr>\n<tr>\n<td class=\"standingsrank\">3<\/td>\n<td><a target=\"_blank\" href=\"http:\/\/turnier.de\/sport\/team.aspx?id=202E29D6-0A3A-4769-9CCC-3F540EB6D56F&#038;team=185\">1. BV Maintal J1<\/a><\/td>\n<td align=\"center\">12<\/td>\n<td class=\"score\" align=\"right\">17<\/td>\n<td class=\"separator\" align=\"center\">:<\/td>\n<td class=\"score\" align=\"left\">7<\/td>\n<td align=\"center\">8<\/td>\n<td align=\"center\">1<\/td>\n<td align=\"center\">3<\/td>\n<td class=\"score\" align=\"right\">61<\/td>\n<td class=\"separator\" align=\"center\">:<\/td>\n<td class=\"score\" align=\"left\">35<\/td>\n<td class=\"score\" align=\"right\">127<\/td>\n<td class=\"separator\" align=\"center\">:<\/td>\n<td class=\"score\" align=\"left\">81<\/td>\n<td class=\"score\" align=\"right\">3586<\/td>\n<td class=\"separator\" align=\"center\">:<\/td>\n<td class=\"score\" align=\"left\">3131<\/td>\n<\/tr>\n<tr class=\"selected\">\n<td class=\"standingsrank\">4<\/td>\n<td><a target=\"_blank\" href=\"http:\/\/turnier.de\/sport\/team.aspx?id=202E29D6-0A3A-4769-9CCC-3F540EB6D56F&#038;team=189\">BV G.-Goldbach\/Laufach J2<\/a><\/td>\n<td align=\"center\">12<\/td>\n<td class=\"score\" align=\"right\">9<\/td>\n<td class=\"separator\" align=\"center\">:<\/td>\n<td class=\"score\" align=\"left\">15<\/td>\n<td align=\"center\">4<\/td>\n<td align=\"center\">1<\/td>\n<td align=\"center\">7<\/td>\n<td class=\"score\" align=\"right\">36<\/td>\n<td class=\"separator\" align=\"center\">:<\/td>\n<td class=\"score\" align=\"left\">60<\/td>\n<td class=\"score\" align=\"right\">79<\/td>\n<td class=\"separator\" align=\"center\">:<\/td>\n<td class=\"score\" align=\"left\">127<\/td>\n<td class=\"score\" align=\"right\">2933<\/td>\n<td class=\"separator\" align=\"center\">:<\/td>\n<td class=\"score\" align=\"left\">3727<\/td>\n<\/tr>\n<tr>\n<td class=\"standingsrank\">5<\/td>\n<td><a target=\"_blank\" href=\"http:\/\/turnier.de\/sport\/team.aspx?id=202E29D6-0A3A-4769-9CCC-3F540EB6D56F&#038;team=186\">BV Stockstadt J1<\/a><\/td>\n<td align=\"center\">12<\/td>\n<td class=\"score\" align=\"right\">8<\/td>\n<td class=\"separator\" align=\"center\">:<\/td>\n<td class=\"score\" align=\"left\">16<\/td>\n<td align=\"center\">4<\/td>\n<td align=\"center\">0<\/td>\n<td align=\"center\">8<\/td>\n<td class=\"score\" align=\"right\">37<\/td>\n<td class=\"separator\" align=\"center\">:<\/td>\n<td class=\"score\" align=\"left\">57<\/td>\n<td class=\"score\" align=\"right\">79<\/td>\n<td class=\"separator\" align=\"center\">:<\/td>\n<td class=\"score\" align=\"left\">117<\/td>\n<td class=\"score\" align=\"right\">2600<\/td>\n<td class=\"separator\" align=\"center\">:<\/td>\n<td class=\"score\" align=\"left\">3398<\/td>\n<\/tr>\n<tr>\n<td class=\"standingsrank\">6<\/td>\n<td><a target=\"_blank\" href=\"http:\/\/turnier.de\/sport\/team.aspx?id=202E29D6-0A3A-4769-9CCC-3F540EB6D56F&#038;team=187\">SG Neu-Isenburg\/Dietzenbach J1<\/a><\/td>\n<td align=\"center\">12<\/td>\n<td class=\"score\" align=\"right\">6<\/td>\n<td class=\"separator\" align=\"center\">:<\/td>\n<td class=\"score\" align=\"left\">18<\/td>\n<td align=\"center\">2<\/td>\n<td align=\"center\">2<\/td>\n<td align=\"center\">8<\/td>\n<td class=\"score\" align=\"right\">21<\/td>\n<td class=\"separator\" align=\"center\">:<\/td>\n<td class=\"score\" align=\"left\">73<\/td>\n<td class=\"score\" align=\"right\">55<\/td>\n<td class=\"separator\" align=\"center\">:<\/td>\n<td class=\"score\" align=\"left\">148<\/td>\n<td class=\"score\" align=\"right\">2813<\/td>\n<td class=\"separator\" align=\"center\">:<\/td>\n<td class=\"score\" align=\"left\">3771<\/td>\n<\/tr>\n<tr>\n<td class=\"standingsrank\">7<\/td>\n<td><a target=\"_blank\" href=\"http:\/\/turnier.de\/sport\/team.aspx?id=202E29D6-0A3A-4769-9CCC-3F540EB6D56F&#038;team=188\">TG Hanau J1<\/a><\/td>\n<td align=\"center\">12<\/td>\n<td class=\"score\" align=\"right\">3<\/td>\n<td class=\"separator\" align=\"center\">:<\/td>\n<td class=\"score\" align=\"left\">21<\/td>\n<td align=\"center\">1<\/td>\n<td align=\"center\">1<\/td>\n<td align=\"center\">10<\/td>\n<td class=\"score\" align=\"right\">21<\/td>\n<td class=\"separator\" align=\"center\">:<\/td>\n<td class=\"score\" align=\"left\">75<\/td>\n<td class=\"score\" align=\"right\">53<\/td>\n<td class=\"separator\" align=\"center\">:<\/td>\n<td class=\"score\" align=\"left\">155<\/td>\n<td class=\"score\" align=\"right\">2769<\/td>\n<td class=\"separator\" align=\"center\">:<\/td>\n<td class=\"score\" align=\"left\">3671<\/td>\n<\/tr>\n<tr>\n<td class=\"standingsrank\">8<\/td>\n<td><a target=\"_blank\" href=\"http:\/\/turnier.de\/sport\/team.aspx?id=202E29D6-0A3A-4769-9CCC-3F540EB6D56F&#038;team=184\"><s>TGS J\u00fcgesheim J1<\/s><\/a><\/td>\n<td align=\"center\">0<\/td>\n<td class=\"score\" align=\"right\">0<\/td>\n<td class=\"separator\" align=\"center\">:<\/td>\n<td class=\"score\" align=\"left\">0<\/td>\n<td align=\"center\">0<\/td>\n<td align=\"center\">0<\/td>\n<td align=\"center\">0<\/td>\n<td class=\"score\" align=\"right\">0<\/td>\n<td class=\"separator\" align=\"center\">:<\/td>\n<td class=\"score\" align=\"left\">0<\/td>\n<td class=\"score\" align=\"right\">0<\/td>\n<td class=\"separator\" align=\"center\">:<\/td>\n<td class=\"score\" align=\"left\">0<\/td>\n<td class=\"score\" align=\"right\">0<\/td>\n<td class=\"separator\" align=\"center\">:<\/td>\n<td class=\"score\" align=\"left\">0<\/td>\n<\/tr>\n<\/tbody>\n<\/table>\n<\/div>\n<div id=\"mannschaft_spiele\" class=\"bvg_block\">\n<h1>Spiele<\/h1>\n<table class=\"ruler matches\">\n<thead>\n<tr>\n<td><\/td>\n<td>Spieltermin<\/td>\n<td>Spieltag<\/td>\n<td>Runde<\/td>\n<td>Nr<\/td>\n<td align=\"right\">Heim<\/td>\n<td>&#8211;<\/td>\n<td>Gast<\/td>\n<td>Ergebnis<\/td>\n<\/tr>\n<\/thead>\n<tbody>\n<tr>\n<td><\/td>\n<td class=\"plannedtime\" align=\"right\">So 13.09.2015 <span class=\"time\">10:00<\/span><\/td>\n<td align=\"right\">1<\/td>\n<td align=\"right\">H<\/td>\n<td>4<\/td>\n<td class=\"nowrap\" align=\"right\"><a class=\"teamname\" target=\"_blank\" href=\"http:\/\/turnier.de\/teammatch.aspx?id=202E29D6-0A3A-4769-9CCC-3F540EB6D56F&amp;match=1542\">TG Hanau J1<\/a><\/td>\n<td align=\"center\">&#8211;<\/td>\n<td class=\"nowrap\"><strong><a class=\"teamname highlighted\" target=\"_blank\" href=\"http:\/\/turnier.de\/teammatch.aspx?id=202E29D6-0A3A-4769-9CCC-3F540EB6D56F&amp;match=1542\">BV G.-Goldbach\/Laufach J2<\/a><\/strong><\/td>\n<td><span class=\"score\"><span>0-8<\/span><\/span><\/td>\n<td><\/td>\n<td><\/td>\n<td><\/td>\n<\/tr>\n<tr>\n<td><\/td>\n<td class=\"plannedtime\" align=\"right\">Sa 19.09.2015 <span class=\"time\">13:00<\/span><\/td>\n<td align=\"right\">2<\/td>\n<td align=\"right\">H<\/td>\n<td>8<\/td>\n<td class=\"nowrap\" align=\"right\"><a class=\"teamname highlighted\" target=\"_blank\" href=\"http:\/\/turnier.de\/teammatch.aspx?id=202E29D6-0A3A-4769-9CCC-3F540EB6D56F&amp;match=1493\">BV G.-Goldbach\/Laufach J2<\/a><\/td>\n<td align=\"center\">&#8211;<\/td>\n<td class=\"nowrap\"><strong><a class=\"teamname\" target=\"_blank\" href=\"http:\/\/turnier.de\/teammatch.aspx?id=202E29D6-0A3A-4769-9CCC-3F540EB6D56F&amp;match=1493\">SV Fun-Ball Dortelweil J2<\/a><\/strong><\/td>\n<td><span class=\"score\"><span>0-8<\/span><\/span><\/td>\n<td><\/td>\n<td><\/td>\n<td><\/td>\n<\/tr>\n<tr>\n<td><\/td>\n<td class=\"plannedtime\" align=\"right\">So 20.09.2015 <span class=\"time\">12:30<\/span><\/td>\n<td align=\"right\">3<\/td>\n<td align=\"right\">H<\/td>\n<td>12<\/td>\n<td class=\"nowrap\" align=\"right\"><strong><a class=\"teamname highlighted\" target=\"_blank\" href=\"http:\/\/turnier.de\/teammatch.aspx?id=202E29D6-0A3A-4769-9CCC-3F540EB6D56F&amp;match=1528\">BV G.-Goldbach\/Laufach J2<\/a><\/strong><\/td>\n<td align=\"center\">&#8211;<\/td>\n<td class=\"nowrap\"><strong><a class=\"teamname\" target=\"_blank\" href=\"http:\/\/turnier.de\/teammatch.aspx?id=202E29D6-0A3A-4769-9CCC-3F540EB6D56F&amp;match=1528\">SG Neu-Isenburg\/Dietzenbach J1<\/a><\/strong><\/td>\n<td><span class=\"score\"><span>4-4<\/span><\/span><\/td>\n<td><\/td>\n<td><\/td>\n<td><\/td>\n<\/tr>\n<tr>\n<td><\/td>\n<td class=\"plannedtime\" align=\"right\">So 04.10.2015 <span class=\"time\">09:30<\/span><\/td>\n<td align=\"right\">4<\/td>\n<td align=\"right\">H<\/td>\n<td>16<\/td>\n<td class=\"nowrap\" align=\"right\"><strong><a class=\"teamname\" target=\"_blank\" href=\"http:\/\/turnier.de\/teammatch.aspx?id=202E29D6-0A3A-4769-9CCC-3F540EB6D56F&amp;match=1539\">1. BV Maintal J1<\/a><\/strong><\/td>\n<td align=\"center\">&#8211;<\/td>\n<td class=\"nowrap\"><a class=\"teamname highlighted\" target=\"_blank\" href=\"http:\/\/turnier.de\/teammatch.aspx?id=202E29D6-0A3A-4769-9CCC-3F540EB6D56F&amp;match=1539\">BV G.-Goldbach\/Laufach J2<\/a><\/td>\n<td><span class=\"score\"><span>7-1<\/span><\/span><\/td>\n<td><\/td>\n<td><\/td>\n<td><\/td>\n<\/tr>\n<tr>\n<td><\/td>\n<td class=\"plannedtime\" align=\"right\">Fr 13.11.2015 <span class=\"time\">16:30<\/span><\/td>\n<td align=\"right\">5<\/td>\n<td align=\"right\">H<\/td>\n<td>20<\/td>\n<td class=\"nowrap\" align=\"right\"><a class=\"teamname highlighted\" target=\"_blank\" href=\"http:\/\/turnier.de\/teammatch.aspx?id=202E29D6-0A3A-4769-9CCC-3F540EB6D56F&amp;match=1500\">BV G.-Goldbach\/Laufach J2<\/a><\/td>\n<td align=\"center\">&#8211;<\/td>\n<td class=\"nowrap\"><strong><a class=\"teamname\" target=\"_blank\" href=\"http:\/\/turnier.de\/teammatch.aspx?id=202E29D6-0A3A-4769-9CCC-3F540EB6D56F&amp;match=1500\">TV Hofheim J2<\/a><\/strong><\/td>\n<td><span class=\"score\"><span>0-8<\/span><\/span><\/td>\n<td><\/td>\n<td><\/td>\n<td><\/td>\n<\/tr>\n<tr>\n<td><\/td>\n<td class=\"plannedtime\" align=\"right\">Mi 18.11.2015 <span class=\"time\">18:30<\/span><\/td>\n<td align=\"right\">6<\/td>\n<td align=\"right\">H<\/td>\n<td>24<\/td>\n<td class=\"nowrap\" align=\"right\"><a class=\"teamname\" target=\"_blank\" href=\"http:\/\/turnier.de\/teammatch.aspx?id=202E29D6-0A3A-4769-9CCC-3F540EB6D56F&amp;match=1540\">BV Stockstadt J1<\/a><\/td>\n<td align=\"center\">&#8211;<\/td>\n<td class=\"nowrap\"><strong><a class=\"teamname highlighted\" target=\"_blank\" href=\"http:\/\/turnier.de\/teammatch.aspx?id=202E29D6-0A3A-4769-9CCC-3F540EB6D56F&amp;match=1540\">BV G.-Goldbach\/Laufach J2<\/a><\/strong><\/td>\n<td><span class=\"score\"><span>3-5<\/span><\/span><\/td>\n<td><\/td>\n<td><\/td>\n<td><\/td>\n<\/tr>\n<tr>\n<td><\/td>\n<td class=\"plannedtime\" align=\"right\">So 22.11.2015 <span class=\"time\">10:00<\/span><\/td>\n<td align=\"right\">7<\/td>\n<td align=\"right\">H<\/td>\n<td>28<\/td>\n<td class=\"nowrap\" align=\"right\"><strong><a class=\"teamname highlighted\" target=\"_blank\" href=\"http:\/\/turnier.de\/teammatch.aspx?id=202E29D6-0A3A-4769-9CCC-3F540EB6D56F&amp;match=1507\">BV G.-Goldbach\/Laufach J2<\/a><\/strong><\/td>\n<td align=\"center\">&#8211;<\/td>\n<td class=\"nowrap\"><a class=\"teamname\" target=\"_blank\" href=\"http:\/\/turnier.de\/teammatch.aspx?id=202E29D6-0A3A-4769-9CCC-3F540EB6D56F&amp;match=1507\"><s>TGS J&uuml;gesheim J1<\/s><\/a><\/td>\n<td><s><span class=\"score\"><span>5-3<\/span><\/span><\/s><\/td>\n<td><\/td>\n<td><\/td>\n<td><\/td>\n<\/tr>\n<tr>\n<td><\/td>\n<td class=\"plannedtime\" align=\"right\">So 17.01.2016 <span class=\"time\">13:30<\/span><\/td>\n<td align=\"right\">8<\/td>\n<td align=\"right\">R<\/td>\n<td>32<\/td>\n<td class=\"nowrap\" align=\"right\"><strong><a class=\"teamname highlighted\" target=\"_blank\" href=\"http:\/\/turnier.de\/teammatch.aspx?id=202E29D6-0A3A-4769-9CCC-3F540EB6D56F&amp;match=1535\">BV G.-Goldbach\/Laufach J2<\/a><\/strong><\/td>\n<td align=\"center\">&#8211;<\/td>\n<td class=\"nowrap\"><a class=\"teamname\" target=\"_blank\" href=\"http:\/\/turnier.de\/teammatch.aspx?id=202E29D6-0A3A-4769-9CCC-3F540EB6D56F&amp;match=1535\">TG Hanau J1<\/a><\/td>\n<td><span class=\"score\"><span>7-1<\/span><\/span><\/td>\n<td><\/td>\n<td><\/td>\n<td><\/td>\n<\/tr>\n<tr>\n<td><\/td>\n<td class=\"plannedtime\" align=\"right\">So 24.01.2016 <span class=\"time\">12:00<\/span><\/td>\n<td align=\"right\">9<\/td>\n<td align=\"right\">R<\/td>\n<td>36<\/td>\n<td class=\"nowrap\" align=\"right\"><strong><a class=\"teamname\" target=\"_blank\" href=\"http:\/\/turnier.de\/teammatch.aspx?id=202E29D6-0A3A-4769-9CCC-3F540EB6D56F&amp;match=1536\">SV Fun-Ball Dortelweil J2<\/a><\/strong><\/td>\n<td align=\"center\">&#8211;<\/td>\n<td class=\"nowrap\"><a class=\"teamname highlighted\" target=\"_blank\" href=\"http:\/\/turnier.de\/teammatch.aspx?id=202E29D6-0A3A-4769-9CCC-3F540EB6D56F&amp;match=1536\">BV G.-Goldbach\/Laufach J2<\/a><\/td>\n<td><span class=\"score\"><span>7-1<\/span><\/span><\/td>\n<td><\/td>\n<td><\/td>\n<td><\/td>\n<\/tr>\n<tr>\n<td><\/td>\n<td class=\"plannedtime\" align=\"right\">Sa 30.01.2016 <span class=\"time\">18:00<\/span><\/td>\n<td align=\"right\">10<\/td>\n<td align=\"right\">R<\/td>\n<td>40<\/td>\n<td class=\"nowrap\" align=\"right\"><a class=\"teamname\" target=\"_blank\" href=\"http:\/\/turnier.de\/teammatch.aspx?id=202E29D6-0A3A-4769-9CCC-3F540EB6D56F&amp;match=1541\">SG Neu-Isenburg\/Dietzenbach J1<\/a><\/td>\n<td align=\"center\">&#8211;<\/td>\n<td class=\"nowrap\"><strong><a class=\"teamname highlighted\" target=\"_blank\" href=\"http:\/\/turnier.de\/teammatch.aspx?id=202E29D6-0A3A-4769-9CCC-3F540EB6D56F&amp;match=1541\">BV G.-Goldbach\/Laufach J2<\/a><\/strong><\/td>\n<td><span class=\"score\"><span>3-5<\/span><\/span><\/td>\n<td><\/td>\n<td><\/td>\n<td><\/td>\n<\/tr>\n<tr>\n<td><\/td>\n<td class=\"plannedtime\" align=\"right\">So 31.01.2016 <span class=\"time\">10:00<\/span><\/td>\n<td align=\"right\">11<\/td>\n<td align=\"right\">R<\/td>\n<td>44<\/td>\n<td class=\"nowrap\" align=\"right\"><a class=\"teamname highlighted\" target=\"_blank\" href=\"http:\/\/turnier.de\/teammatch.aspx?id=202E29D6-0A3A-4769-9CCC-3F540EB6D56F&amp;match=1514\">BV G.-Goldbach\/Laufach J2<\/a><\/td>\n<td align=\"center\">&#8211;<\/td>\n<td class=\"nowrap\"><strong><a class=\"teamname\" target=\"_blank\" href=\"http:\/\/turnier.de\/teammatch.aspx?id=202E29D6-0A3A-4769-9CCC-3F540EB6D56F&amp;match=1514\">1. BV Maintal J1<\/a><\/strong><\/td>\n<td><span class=\"score\"><span>2-6<\/span><\/span><\/td>\n<td><\/td>\n<td><\/td>\n<td><\/td>\n<\/tr>\n<tr>\n<td><\/td>\n<td class=\"plannedtime\" align=\"right\">Di 01.03.2016 <span class=\"time\">18:30<\/span><\/td>\n<td align=\"right\">12<\/td>\n<td align=\"right\">R<\/td>\n<td>48<\/td>\n<td class=\"nowrap\" align=\"right\"><strong><a class=\"teamname\" target=\"_blank\" href=\"http:\/\/turnier.de\/teammatch.aspx?id=202E29D6-0A3A-4769-9CCC-3F540EB6D56F&amp;match=1537\">TV Hofheim J2<\/a><\/strong><\/td>\n<td align=\"center\">&#8211;<\/td>\n<td class=\"nowrap\"><a class=\"teamname highlighted\" target=\"_blank\" href=\"http:\/\/turnier.de\/teammatch.aspx?id=202E29D6-0A3A-4769-9CCC-3F540EB6D56F&amp;match=1537\">BV G.-Goldbach\/Laufach J2<\/a><\/td>\n<td>[<span class=\"score\"><span>8-0<\/span>  o.K.<\/span>]<\/td>\n<td><\/td>\n<td><\/td>\n<td><\/td>\n<\/tr>\n<tr>\n<td><\/td>\n<td class=\"plannedtime\" align=\"right\">So 06.03.2016 <span class=\"time\">10:00<\/span><\/td>\n<td align=\"right\">13<\/td>\n<td align=\"right\">R<\/td>\n<td>52<\/td>\n<td class=\"nowrap\" align=\"right\"><a class=\"teamname highlighted\" target=\"_blank\" href=\"http:\/\/turnier.de\/teammatch.aspx?id=202E29D6-0A3A-4769-9CCC-3F540EB6D56F&amp;match=1521\">BV G.-Goldbach\/Laufach J2<\/a><\/td>\n<td align=\"center\">&#8211;<\/td>\n<td class=\"nowrap\"><strong><a class=\"teamname\" target=\"_blank\" href=\"http:\/\/turnier.de\/teammatch.aspx?id=202E29D6-0A3A-4769-9CCC-3F540EB6D56F&amp;match=1521\">BV Stockstadt J1<\/a><\/strong><\/td>\n<td><span class=\"score\"><span>3-5<\/span><\/span><\/td>\n<td><\/td>\n<td><\/td>\n<td><\/td>\n<\/tr>\n<tr>\n<td><\/td>\n<td class=\"plannedtime\" align=\"right\"><s>So 13.03.2016 <span class=\"time\">10:00<\/span><\/s><\/td>\n<td align=\"right\">14<\/td>\n<td align=\"right\">R<\/td>\n<td>56<\/td>\n<td class=\"nowrap\" align=\"right\"><a class=\"teamname\" target=\"_blank\" href=\"http:\/\/turnier.de\/teammatch.aspx?id=202E29D6-0A3A-4769-9CCC-3F540EB6D56F&amp;match=1538\"><s>TGS J&uuml;gesheim J1<\/s><\/a><\/td>\n<td align=\"center\">&#8211;<\/td>\n<td class=\"nowrap\"><a class=\"teamname highlighted\" target=\"_blank\" href=\"http:\/\/turnier.de\/teammatch.aspx?id=202E29D6-0A3A-4769-9CCC-3F540EB6D56F&amp;match=1538\">BV G.-Goldbach\/Laufach J2<\/a><\/td>\n<td><s><\/s><\/td>\n<td><\/td>\n<td><\/td>\n<td><\/td>\n<\/tr>\n<\/tbody>\n<\/table>\n<\/div>\n<div id=\"mannschaft_slideshow\" class=\"bvg_block hide\"><\/div>\n","protected":false},"excerpt":{"rendered":"<p>Saison 2015\/2016 BVG Jugend 2: v.l. Jens Philipp,\u00a0Felix Sommer,\u00a0Samira Maidhof, Anna Steiner, Maximilian Ru\u00dfmann, Lukas Heeg Mannschaftsspieler Herren Heeg, Lukas Ru\u00dfmann, Maximilian Wolf, Martin Kraus, Erik Elsner, Christoph Hugo, Leon Philipp, Jens Schmidt, Pascal Sommer, Felix Damen Maidhof, Samira Steiner, Anna John, Melissa Krenz, Luisa Ru\u00dfmann, Theresa HALBZEIT-BILANZ: Nach Abschluss der Vorrunde beleegt die 2. [&hellip;]<\/p>\n","protected":false},"author":13,"featured_media":0,"parent":0,"menu_order":0,"comment_status":"closed","ping_status":"closed","template":"","meta":{"_acf_changed":false,"_monsterinsights_skip_tracking":false,"_monsterinsights_sitenote_active":false,"_monsterinsights_sitenote_note":"","_monsterinsights_sitenote_category":0,"ngg_post_thumbnail":0,"footnotes":""},"class_list":["post-1077","page","type-page","status-publish","hentry","post"],"acf":[],"_links":{"self":[{"href":"https:\/\/lignoplan.com\/wordpress_9\/wp-json\/wp\/v2\/pages\/1077","targetHints":{"allow":["GET"]}}],"collection":[{"href":"https:\/\/lignoplan.com\/wordpress_9\/wp-json\/wp\/v2\/pages"}],"about":[{"href":"https:\/\/lignoplan.com\/wordpress_9\/wp-json\/wp\/v2\/types\/page"}],"author":[{"embeddable":true,"href":"https:\/\/lignoplan.com\/wordpress_9\/wp-json\/wp\/v2\/users\/13"}],"replies":[{"embeddable":true,"href":"https:\/\/lignoplan.com\/wordpress_9\/wp-json\/wp\/v2\/comments?post=1077"}],"version-history":[{"count":7,"href":"https:\/\/lignoplan.com\/wordpress_9\/wp-json\/wp\/v2\/pages\/1077\/revisions"}],"predecessor-version":[{"id":1143,"href":"https:\/\/lignoplan.com\/wordpress_9\/wp-json\/wp\/v2\/pages\/1077\/revisions\/1143"}],"wp:attachment":[{"href":"https:\/\/lignoplan.com\/wordpress_9\/wp-json\/wp\/v2\/media?parent=1077"}],"curies":[{"name":"wp","href":"https:\/\/api.w.org\/{rel}","templated":true}]}}