{"id":1074,"date":"2016-04-25T09:19:18","date_gmt":"2016-04-25T09:19:18","guid":{"rendered":"http:\/\/lignoplan.com\/wordpress_d\/?page_id=1074"},"modified":"2016-04-25T09:19:18","modified_gmt":"2016-04-25T09:19:18","slug":"jugend-1-20152016","status":"publish","type":"page","link":"https:\/\/lignoplan.com\/wordpress_9\/jugend-1-20152016\/","title":{"rendered":"Jugend 1 2015\/2016"},"content":{"rendered":"<div id=\"mannschaft_allgemein\" class=\"bvg_block\">\n<h1>Saison 2015\/2016<\/h1>\n<div class=\"team_photo\"><a href=\"http:\/\/lignoplan.com\/wordpress_d\/wp-content\/uploads\/2016\/01\/15-Jugend-1-Web.jpg\" rel=\"attachment wp-att-641\"><img loading=\"lazy\" decoding=\"async\" class=\"wp-image-721 size-medium\" src=\"http:\/\/lignoplan.com\/wordpress_d\/wp-content\/uploads\/2016\/01\/15-Jugend-1-Web-300x254.jpg\" alt=\"\" width=\"300\" height=\"254\" srcset=\"https:\/\/lignoplan.com\/wordpress_9\/wp-content\/uploads\/2016\/01\/15-Jugend-1-Web-300x254.jpg 300w, https:\/\/lignoplan.com\/wordpress_9\/wp-content\/uploads\/2016\/01\/15-Jugend-1-Web.jpg 397w\" sizes=\"auto, (max-width: 300px) 100vw, 300px\" \/><\/a><\/div>\n<div id=\"team_photo_members\">Jugend 1, v.l. Luca Neidhardt, Jessica Becker, Marco Bozem, Hanna Zentgraf, Noah Eizenh\u00f6fer, Jonas H\u00e4user<\/div>\n<h2>Mannschaftsspieler<\/h2>\n<h3>Herren<\/h3>\n<ul>\n<li class=\"bvg_stamm\"><a href=\"http:\/\/turnier.de\/player.aspx?id=202E29D6-0A3A-4769-9CCC-3F540EB6D56F&amp;player=6216\">Eizenh\u00f6fer, Noah<\/a><\/li>\n<li class=\"bvg_stamm\"><a href=\"http:\/\/turnier.de\/player.aspx?id=202E29D6-0A3A-4769-9CCC-3F540EB6D56F&amp;player=6215\">Neidhardt, Luca<\/a><\/li>\n<li class=\"bvg_stamm\"><a href=\"http:\/\/turnier.de\/player.aspx?id=202E29D6-0A3A-4769-9CCC-3F540EB6D56F&amp;player=6217\">Bozem, Marco<\/a><\/li>\n<li class=\"bvg_stamm\"><a href=\"http:\/\/turnier.de\/player.aspx?id=202E29D6-0A3A-4769-9CCC-3F540EB6D56F&amp;player=6218\">H\u00e4user, Jonas<\/a><\/li>\n<li class=\"bvg_ersatz\"><a href=\"http:\/\/turnier.de\/player.aspx?id=202E29D6-0A3A-4769-9CCC-3F540EB6D56F&amp;player=6188\">H\u00e4user, Nick<\/a><\/li>\n<li class=\"bvg_ersatz\"><a href=\"http:\/\/turnier.de\/player.aspx?id=202E29D6-0A3A-4769-9CCC-3F540EB6D56F&amp;player=6236\">Philipp, Jens<\/a><\/li>\n<li class=\"bvg_ersatz\"><a href=\"http:\/\/turnier.de\/player.aspx?id=202E29D6-0A3A-4769-9CCC-3F540EB6D56F&amp;player=6219\">Ru\u00dfmann, Maximilian<\/a><\/li>\n<\/ul>\n<h3>Damen<\/h3>\n<ul>\n<li class=\"bvg_stamm\"><a href=\"http:\/\/turnier.de\/player.aspx?id=202E29D6-0A3A-4769-9CCC-3F540EB6D56F&amp;player=6170\">Becker, Jessica<\/a><\/li>\n<li class=\"bvg_stamm\"><a href=\"http:\/\/turnier.de\/player.aspx?id=202E29D6-0A3A-4769-9CCC-3F540EB6D56F&amp;player=6231\">Zentgraf, Hanna<\/a><\/li>\n<li class=\"bvg_ersatz\"><a href=\"http:\/\/turnier.de\/player.aspx?id=202E29D6-0A3A-4769-9CCC-3F540EB6D56F&amp;player=6233\">Krenz, Luisa<\/a><\/li>\n<li class=\"bvg_ersatz\"><a href=\"http:\/\/turnier.de\/player.aspx?id=202E29D6-0A3A-4769-9CCC-3F540EB6D56F&amp;player=6235\">Maidhof, Samira<\/a><\/li>\n<li class=\"bvg_ersatz\"><a href=\"http:\/\/turnier.de\/player.aspx?id=202E29D6-0A3A-4769-9CCC-3F540EB6D56F&amp;player=6211\">Meecham, Julia<\/a><\/li>\n<li class=\"bvg_ersatz\"><a href=\"http:\/\/turnier.de\/player.aspx?id=202E29D6-0A3A-4769-9CCC-3F540EB6D56F&amp;player=6259\">Ru\u00dfmann, Theresa<\/a><\/li>\n<li class=\"bvg_ersatz\"><a href=\"http:\/\/turnier.de\/player.aspx?id=202E29D6-0A3A-4769-9CCC-3F540EB6D56F&amp;player=6232\">Steiner, Anna<\/a><\/li>\n<\/ul>\n<\/div>\n<div id=\"mannschaft_berichte\" class=\"bvg_block \">HALBZEIT-BILANZ:<\/p>\n<p>Eine Top-Vorrunde spielte die 1. Jugendmannschaft in ihrer ersten Saison in der Frankfurter-Grundklasse. Als einziger Konkurrent war bisher der TV Hofheim 2 auf Augenh\u00f6he. Beide Teams trennten sich mit einem Leistungsgerechten 4:4 im Top-Spiel. Alle anderen Matches holte sich die BVG mit 8:0 oder 7:1. Allerdings gilt es seit November Stammspielerin Jessica BEcker zu ersetzen. Jessica zog sich bei den Bezirksmeisterschaften einen Kreuzbandriss zu. Dennoch d\u00fcrfte das Team gut ger\u00fcstet sein, f\u00fcr das entscheidenden Duell mit Hofheim in der R\u00fcckrunde.<\/p>\n<p>&nbsp;<\/p>\n<p><a href=\"http:\/\/lignoplan.com\/wordpress_d\/wp-content\/uploads\/2016\/01\/15-Jugend-Mixed-Hanna-Luca.jpg\" rel=\"attachment wp-att-707\"><img loading=\"lazy\" decoding=\"async\" class=\"alignnone size-medium wp-image-707\" src=\"http:\/\/lignoplan.com\/wordpress_d\/wp-content\/uploads\/2016\/01\/15-Jugend-Mixed-Hanna-Luca-300x204.jpg\" alt=\"15 Jugend Mixed Hanna Luca\" width=\"300\" height=\"204\" srcset=\"https:\/\/lignoplan.com\/wordpress_9\/wp-content\/uploads\/2016\/01\/15-Jugend-Mixed-Hanna-Luca-300x204.jpg 300w, https:\/\/lignoplan.com\/wordpress_9\/wp-content\/uploads\/2016\/01\/15-Jugend-Mixed-Hanna-Luca.jpg 448w\" sizes=\"auto, (max-width: 300px) 100vw, 300px\" \/><\/a><\/p>\n<p>Luca und Hanna<\/p>\n<p><a href=\"http:\/\/lignoplan.com\/wordpress_d\/wp-content\/uploads\/2016\/01\/15-Jugend-Einzel-Jonas.jpg\" rel=\"attachment wp-att-706\"><img loading=\"lazy\" decoding=\"async\" class=\"alignnone size-medium wp-image-706\" src=\"http:\/\/lignoplan.com\/wordpress_d\/wp-content\/uploads\/2016\/01\/15-Jugend-Einzel-Jonas-300x205.jpg\" alt=\"15 Jugend Einzel Jonas\" width=\"300\" height=\"205\" srcset=\"https:\/\/lignoplan.com\/wordpress_9\/wp-content\/uploads\/2016\/01\/15-Jugend-Einzel-Jonas-300x205.jpg 300w, https:\/\/lignoplan.com\/wordpress_9\/wp-content\/uploads\/2016\/01\/15-Jugend-Einzel-Jonas.jpg 448w\" sizes=\"auto, (max-width: 300px) 100vw, 300px\" \/><\/a><\/p>\n<p>Jonas<\/p>\n<p><a href=\"http:\/\/lignoplan.com\/wordpress_d\/wp-content\/uploads\/2016\/01\/15-Jugend-Doppel-Noah-Luca.jpg\" rel=\"attachment wp-att-705\"><img loading=\"lazy\" decoding=\"async\" class=\"alignnone size-medium wp-image-705\" src=\"http:\/\/lignoplan.com\/wordpress_d\/wp-content\/uploads\/2016\/01\/15-Jugend-Doppel-Noah-Luca-300x196.jpg\" alt=\"15 Jugend Doppel Noah Luca\" width=\"300\" height=\"196\" srcset=\"https:\/\/lignoplan.com\/wordpress_9\/wp-content\/uploads\/2016\/01\/15-Jugend-Doppel-Noah-Luca-300x196.jpg 300w, https:\/\/lignoplan.com\/wordpress_9\/wp-content\/uploads\/2016\/01\/15-Jugend-Doppel-Noah-Luca.jpg 448w\" sizes=\"auto, (max-width: 300px) 100vw, 300px\" \/><\/a><\/p>\n<p>Luca und Noah<\/p>\n<p><a href=\"http:\/\/lignoplan.com\/wordpress_d\/wp-content\/uploads\/2016\/01\/15-Jugend-Begr\u00fcssung-Web.jpg\" rel=\"attachment wp-att-704\"><img loading=\"lazy\" decoding=\"async\" class=\"alignnone size-medium wp-image-704\" src=\"http:\/\/lignoplan.com\/wordpress_d\/wp-content\/uploads\/2016\/01\/15-Jugend-Begr\u00fcssung-Web-300x183.jpg\" alt=\"15 Jugend Begr\u00fcssung Web\" width=\"300\" height=\"183\" srcset=\"https:\/\/lignoplan.com\/wordpress_9\/wp-content\/uploads\/2016\/01\/15-Jugend-Begr\u00fcssung-Web-300x183.jpg 300w, https:\/\/lignoplan.com\/wordpress_9\/wp-content\/uploads\/2016\/01\/15-Jugend-Begr\u00fcssung-Web.jpg 448w\" sizes=\"auto, (max-width: 300px) 100vw, 300px\" \/><\/a><\/p>\n<p>Begr\u00fc\u00dfung, Jugendspiel<\/p><\/div>\n<div id=\"mannschaft_tabelle\" class=\"bvg_block\">\n<h1>Tabelle<\/h1>\n<h1><a href=\"http:\/\/turnier.de\/draw.aspx?id=202E29D6-0A3A-4769-9CCC-3F540EB6D56F&#038;draw=28\">Jugend Grundklasse FR &#8211; Jugend Grundklasse FR 1 <\/a><\/h1>\n<table class=\"ruler\">\n<thead>\n<tr class=\"poulestandings\">\n<td><\/td>\n<td><\/td>\n<td>gespielt<\/td>\n<td colspan=\"3\">Punkte<\/td>\n<td>GEW<\/td>\n<td>REM<\/td>\n<td>VER<\/td>\n<td colspan=\"3\">Spiele<\/td>\n<td colspan=\"3\">S\u00e4tze<\/td>\n<td colspan=\"3\">Spielpunkte<\/td>\n<\/tr>\n<\/thead>\n<tbody>\n<tr class=\"selected\">\n<td class=\"standingsrank\">1<\/td>\n<td><a href=\"http:\/\/turnier.de\/\/sport\/team.aspx?id=202E29D6-0A3A-4769-9CCC-3F540EB6D56F&#038;team=181\">BV G.-Goldbach\/Laufach J1<\/a><\/td>\n<td align=\"center\">12<\/td>\n<td class=\"score\" align=\"right\">22<\/td>\n<td class=\"separator\" align=\"center\">:<\/td>\n<td class=\"score\" align=\"left\">2<\/td>\n<td align=\"center\">10<\/td>\n<td align=\"center\">2<\/td>\n<td align=\"center\">0<\/td>\n<td class=\"score\" align=\"right\">83<\/td>\n<td class=\"separator\" align=\"center\">:<\/td>\n<td class=\"score\" align=\"left\">13<\/td>\n<td class=\"score\" align=\"right\">166<\/td>\n<td class=\"separator\" align=\"center\">:<\/td>\n<td class=\"score\" align=\"left\">39<\/td>\n<td class=\"score\" align=\"right\">4117<\/td>\n<td class=\"separator\" align=\"center\">:<\/td>\n<td class=\"score\" align=\"left\">2718<\/td>\n<\/tr>\n<tr>\n<td class=\"standingsrank\">2<\/td>\n<td><a href=\"http:\/\/turnier.de\/\/sport\/team.aspx?id=202E29D6-0A3A-4769-9CCC-3F540EB6D56F&#038;team=174\">TV Hofheim J3<\/a><\/td>\n<td align=\"center\">12<\/td>\n<td class=\"score\" align=\"right\">21<\/td>\n<td class=\"separator\" align=\"center\">:<\/td>\n<td class=\"score\" align=\"left\">3<\/td>\n<td align=\"center\">9<\/td>\n<td align=\"center\">3<\/td>\n<td align=\"center\">0<\/td>\n<td class=\"score\" align=\"right\">76<\/td>\n<td class=\"separator\" align=\"center\">:<\/td>\n<td class=\"score\" align=\"left\">20<\/td>\n<td class=\"score\" align=\"right\">159<\/td>\n<td class=\"separator\" align=\"center\">:<\/td>\n<td class=\"score\" align=\"left\">47<\/td>\n<td class=\"score\" align=\"right\">3988<\/td>\n<td class=\"separator\" align=\"center\">:<\/td>\n<td class=\"score\" align=\"left\">2654<\/td>\n<\/tr>\n<tr>\n<td class=\"standingsrank\">3<\/td>\n<td><a href=\"http:\/\/turnier.de\/\/sport\/team.aspx?id=202E29D6-0A3A-4769-9CCC-3F540EB6D56F&#038;team=175\">TV Hofheim J4<\/a><\/td>\n<td align=\"center\">12<\/td>\n<td class=\"score\" align=\"right\">15<\/td>\n<td class=\"separator\" align=\"center\">:<\/td>\n<td class=\"score\" align=\"left\">9<\/td>\n<td align=\"center\">7<\/td>\n<td align=\"center\">1<\/td>\n<td align=\"center\">4<\/td>\n<td class=\"score\" align=\"right\">54<\/td>\n<td class=\"separator\" align=\"center\">:<\/td>\n<td class=\"score\" align=\"left\">42<\/td>\n<td class=\"score\" align=\"right\">118<\/td>\n<td class=\"separator\" align=\"center\">:<\/td>\n<td class=\"score\" align=\"left\">97<\/td>\n<td class=\"score\" align=\"right\">3843<\/td>\n<td class=\"separator\" align=\"center\">:<\/td>\n<td class=\"score\" align=\"left\">3486<\/td>\n<\/tr>\n<tr>\n<td class=\"standingsrank\">4<\/td>\n<td><a href=\"http:\/\/turnier.de\/\/sport\/team.aspx?id=202E29D6-0A3A-4769-9CCC-3F540EB6D56F&#038;team=176\">SG TGU\/TG H\u00f6chst J1<\/a><\/td>\n<td align=\"center\">12<\/td>\n<td class=\"score\" align=\"right\">14<\/td>\n<td class=\"separator\" align=\"center\">:<\/td>\n<td class=\"score\" align=\"left\">10<\/td>\n<td align=\"center\">6<\/td>\n<td align=\"center\">2<\/td>\n<td align=\"center\">4<\/td>\n<td class=\"score\" align=\"right\">58<\/td>\n<td class=\"separator\" align=\"center\">:<\/td>\n<td class=\"score\" align=\"left\">38<\/td>\n<td class=\"score\" align=\"right\">126<\/td>\n<td class=\"separator\" align=\"center\">:<\/td>\n<td class=\"score\" align=\"left\">84<\/td>\n<td class=\"score\" align=\"right\">3880<\/td>\n<td class=\"separator\" align=\"center\">:<\/td>\n<td class=\"score\" align=\"left\">3398<\/td>\n<\/tr>\n<tr>\n<td class=\"standingsrank\">5<\/td>\n<td><a href=\"http:\/\/turnier.de\/\/sport\/team.aspx?id=202E29D6-0A3A-4769-9CCC-3F540EB6D56F&#038;team=180\">BV Friedrichsdorf J1<\/a><\/td>\n<td align=\"center\">12<\/td>\n<td class=\"score\" align=\"right\">5<\/td>\n<td class=\"separator\" align=\"center\">:<\/td>\n<td class=\"score\" align=\"left\">19<\/td>\n<td align=\"center\">1<\/td>\n<td align=\"center\">3<\/td>\n<td align=\"center\">8<\/td>\n<td class=\"score\" align=\"right\">29<\/td>\n<td class=\"separator\" align=\"center\">:<\/td>\n<td class=\"score\" align=\"left\">67<\/td>\n<td class=\"score\" align=\"right\">67<\/td>\n<td class=\"separator\" align=\"center\">:<\/td>\n<td class=\"score\" align=\"left\">138<\/td>\n<td class=\"score\" align=\"right\">2659<\/td>\n<td class=\"separator\" align=\"center\">:<\/td>\n<td class=\"score\" align=\"left\">3831<\/td>\n<\/tr>\n<tr>\n<td class=\"standingsrank\">6<\/td>\n<td><a href=\"http:\/\/turnier.de\/\/sport\/team.aspx?id=202E29D6-0A3A-4769-9CCC-3F540EB6D56F&#038;team=179\">TSG Oberursel J1<\/a><\/td>\n<td align=\"center\">12<\/td>\n<td class=\"score\" align=\"right\">5<\/td>\n<td class=\"separator\" align=\"center\">:<\/td>\n<td class=\"score\" align=\"left\">19<\/td>\n<td align=\"center\">1<\/td>\n<td align=\"center\">3<\/td>\n<td align=\"center\">8<\/td>\n<td class=\"score\" align=\"right\">20<\/td>\n<td class=\"separator\" align=\"center\">:<\/td>\n<td class=\"score\" align=\"left\">76<\/td>\n<td class=\"score\" align=\"right\">52<\/td>\n<td class=\"separator\" align=\"center\">:<\/td>\n<td class=\"score\" align=\"left\">156<\/td>\n<td class=\"score\" align=\"right\">3002<\/td>\n<td class=\"separator\" align=\"center\">:<\/td>\n<td class=\"score\" align=\"left\">3992<\/td>\n<\/tr>\n<tr>\n<td class=\"standingsrank\">7<\/td>\n<td><a href=\"http:\/\/turnier.de\/\/sport\/team.aspx?id=202E29D6-0A3A-4769-9CCC-3F540EB6D56F&#038;team=178\">TV Sindlingen J1<\/a><\/td>\n<td align=\"center\">12<\/td>\n<td class=\"score\" align=\"right\">2<\/td>\n<td class=\"separator\" align=\"center\">:<\/td>\n<td class=\"score\" align=\"left\">22<\/td>\n<td align=\"center\">0<\/td>\n<td align=\"center\">2<\/td>\n<td align=\"center\">10<\/td>\n<td class=\"score\" align=\"right\">16<\/td>\n<td class=\"separator\" align=\"center\">:<\/td>\n<td class=\"score\" align=\"left\">80<\/td>\n<td class=\"score\" align=\"right\">40<\/td>\n<td class=\"separator\" align=\"center\">:<\/td>\n<td class=\"score\" align=\"left\">167<\/td>\n<td class=\"score\" align=\"right\">2715<\/td>\n<td class=\"separator\" align=\"center\">:<\/td>\n<td class=\"score\" align=\"left\">4125<\/td>\n<\/tr>\n<tr>\n<td class=\"standingsrank\">8<\/td>\n<td><a href=\"http:\/\/turnier.de\/\/sport\/team.aspx?id=202E29D6-0A3A-4769-9CCC-3F540EB6D56F&#038;team=177\"><s>SG Kelkheim J1<\/s><\/a><\/td>\n<td align=\"center\">0<\/td>\n<td class=\"score\" align=\"right\">0<\/td>\n<td class=\"separator\" align=\"center\">:<\/td>\n<td class=\"score\" align=\"left\">0<\/td>\n<td align=\"center\">0<\/td>\n<td align=\"center\">0<\/td>\n<td align=\"center\">0<\/td>\n<td class=\"score\" align=\"right\">0<\/td>\n<td class=\"separator\" align=\"center\">:<\/td>\n<td class=\"score\" align=\"left\">0<\/td>\n<td class=\"score\" align=\"right\">0<\/td>\n<td class=\"separator\" align=\"center\">:<\/td>\n<td class=\"score\" align=\"left\">0<\/td>\n<td class=\"score\" align=\"right\">0<\/td>\n<td class=\"separator\" align=\"center\">:<\/td>\n<td class=\"score\" align=\"left\">0<\/td>\n<\/tr>\n<\/tbody>\n<\/table>\n<\/div>\n<div id=\"mannschaft_spiele\" class=\"bvg_block\">\n<h1>Spiele<\/h1>\n<table class=\"ruler matches\">\n<thead>\n<tr>\n<td><\/td>\n<td>Spieltermin<\/td>\n<td>Spieltag<\/td>\n<td>Runde<\/td>\n<td>Nr<\/td>\n<td align=\"right\">Heim<\/td>\n<td>&#8211;<\/td>\n<td>Gast<\/td>\n<td>Ergebnis<\/td>\n<\/tr>\n<\/thead>\n<tbody>\n<tr>\n<td><\/td>\n<td class=\"plannedtime\" align=\"right\">So 13.09.2015 <span class=\"time\">13:00<\/span><\/td>\n<td align=\"right\">1<\/td>\n<td align=\"right\">H<\/td>\n<td>4<\/td>\n<td class=\"nowrap\" align=\"right\"><strong><a class=\"teamname highlighted\" href=\"http:\/\/turnier.de\/teammatch.aspx?id=202E29D6-0A3A-4769-9CCC-3F540EB6D56F&amp;match=1478\">BV G.-Goldbach\/Laufach J1<\/a><\/strong><\/td>\n<td align=\"center\">&#8211;<\/td>\n<td class=\"nowrap\"><a class=\"teamname\" href=\"http:\/\/turnier.de\/teammatch.aspx?id=202E29D6-0A3A-4769-9CCC-3F540EB6D56F&amp;match=1478\">BV Friedrichsdorf J1<\/a><\/td>\n<td><span class=\"score\"><span>8-0<\/span><\/span><\/td>\n<td><\/td>\n<td><\/td>\n<td><\/td>\n<\/tr>\n<tr>\n<td><\/td>\n<td class=\"plannedtime\" align=\"right\">Sa 19.09.2015 <span class=\"time\">13:00<\/span><\/td>\n<td align=\"right\">2<\/td>\n<td align=\"right\">H<\/td>\n<td>8<\/td>\n<td class=\"nowrap\" align=\"right\"><strong><a class=\"teamname highlighted\" href=\"http:\/\/turnier.de\/teammatch.aspx?id=202E29D6-0A3A-4769-9CCC-3F540EB6D56F&amp;match=1429\">BV G.-Goldbach\/Laufach J1<\/a><\/strong><\/td>\n<td align=\"center\">&#8211;<\/td>\n<td class=\"nowrap\"><strong><a class=\"teamname\" href=\"http:\/\/turnier.de\/teammatch.aspx?id=202E29D6-0A3A-4769-9CCC-3F540EB6D56F&amp;match=1429\">TV Hofheim J3<\/a><\/strong><\/td>\n<td><span class=\"score\"><span>4-4<\/span><\/span><\/td>\n<td><\/td>\n<td><\/td>\n<td><\/td>\n<\/tr>\n<tr>\n<td><\/td>\n<td class=\"plannedtime\" align=\"right\">So 20.09.2015 <span class=\"time\">12:30<\/span><\/td>\n<td align=\"right\">3<\/td>\n<td align=\"right\">H<\/td>\n<td>12<\/td>\n<td class=\"nowrap\" align=\"right\"><strong><a class=\"teamname highlighted\" href=\"http:\/\/turnier.de\/teammatch.aspx?id=202E29D6-0A3A-4769-9CCC-3F540EB6D56F&amp;match=1464\">BV G.-Goldbach\/Laufach J1<\/a><\/strong><\/td>\n<td align=\"center\">&#8211;<\/td>\n<td class=\"nowrap\"><a class=\"teamname\" href=\"http:\/\/turnier.de\/teammatch.aspx?id=202E29D6-0A3A-4769-9CCC-3F540EB6D56F&amp;match=1464\">TSG Oberursel J1<\/a><\/td>\n<td><span class=\"score\"><span>8-0<\/span><\/span><\/td>\n<td><\/td>\n<td><\/td>\n<td><\/td>\n<\/tr>\n<tr>\n<td><\/td>\n<td class=\"plannedtime\" align=\"right\"><s>So 04.10.2015 <span class=\"time\">09:30<\/span><\/s><\/td>\n<td align=\"right\">4<\/td>\n<td align=\"right\">H<\/td>\n<td>16<\/td>\n<td class=\"nowrap\" align=\"right\"><a class=\"teamname\" href=\"http:\/\/turnier.de\/teammatch.aspx?id=202E29D6-0A3A-4769-9CCC-3F540EB6D56F&amp;match=1475\"><s>SG Kelkheim J1<\/s><\/a><\/td>\n<td align=\"center\">&#8211;<\/td>\n<td class=\"nowrap\"><a class=\"teamname highlighted\" href=\"http:\/\/turnier.de\/teammatch.aspx?id=202E29D6-0A3A-4769-9CCC-3F540EB6D56F&amp;match=1475\">BV G.-Goldbach\/Laufach J1<\/a><\/td>\n<td><s><\/s><\/td>\n<td><\/td>\n<td><\/td>\n<td><\/td>\n<\/tr>\n<tr>\n<td><\/td>\n<td class=\"plannedtime\" align=\"right\">So 08.11.2015 <span class=\"time\">10:00<\/span><\/td>\n<td align=\"right\">5<\/td>\n<td align=\"right\">H<\/td>\n<td>20<\/td>\n<td class=\"nowrap\" align=\"right\"><strong><a class=\"teamname highlighted\" href=\"http:\/\/turnier.de\/teammatch.aspx?id=202E29D6-0A3A-4769-9CCC-3F540EB6D56F&amp;match=1436\">BV G.-Goldbach\/Laufach J1<\/a><\/strong><\/td>\n<td align=\"center\">&#8211;<\/td>\n<td class=\"nowrap\"><a class=\"teamname\" href=\"http:\/\/turnier.de\/teammatch.aspx?id=202E29D6-0A3A-4769-9CCC-3F540EB6D56F&amp;match=1436\">TV Hofheim J4<\/a><\/td>\n<td><span class=\"score\"><span>8-0<\/span><\/span><\/td>\n<td><\/td>\n<td><\/td>\n<td><\/td>\n<\/tr>\n<tr>\n<td><\/td>\n<td class=\"plannedtime\" align=\"right\">Sa 21.11.2015 <span class=\"time\">15:00<\/span><\/td>\n<td align=\"right\">6<\/td>\n<td align=\"right\">H<\/td>\n<td>24<\/td>\n<td class=\"nowrap\" align=\"right\"><a class=\"teamname\" href=\"http:\/\/turnier.de\/teammatch.aspx?id=202E29D6-0A3A-4769-9CCC-3F540EB6D56F&amp;match=1476\">TV Sindlingen J1<\/a><\/td>\n<td align=\"center\">&#8211;<\/td>\n<td class=\"nowrap\"><strong><a class=\"teamname highlighted\" href=\"http:\/\/turnier.de\/teammatch.aspx?id=202E29D6-0A3A-4769-9CCC-3F540EB6D56F&amp;match=1476\">BV G.-Goldbach\/Laufach J1<\/a><\/strong><\/td>\n<td><span class=\"score\"><span>0-8<\/span><\/span><\/td>\n<td><\/td>\n<td><\/td>\n<td><\/td>\n<\/tr>\n<tr>\n<td><\/td>\n<td class=\"plannedtime\" align=\"right\">So 22.11.2015 <span class=\"time\">10:00<\/span><\/td>\n<td align=\"right\">7<\/td>\n<td align=\"right\">H<\/td>\n<td>28<\/td>\n<td class=\"nowrap\" align=\"right\"><strong><a class=\"teamname highlighted\" href=\"http:\/\/turnier.de\/teammatch.aspx?id=202E29D6-0A3A-4769-9CCC-3F540EB6D56F&amp;match=1443\">BV G.-Goldbach\/Laufach J1<\/a><\/strong><\/td>\n<td align=\"center\">&#8211;<\/td>\n<td class=\"nowrap\"><a class=\"teamname\" href=\"http:\/\/turnier.de\/teammatch.aspx?id=202E29D6-0A3A-4769-9CCC-3F540EB6D56F&amp;match=1443\">SG TGU\/TG H&ouml;chst J1<\/a><\/td>\n<td><span class=\"score\"><span>7-1<\/span><\/span><\/td>\n<td><\/td>\n<td><\/td>\n<td><\/td>\n<\/tr>\n<tr>\n<td><\/td>\n<td class=\"plannedtime\" align=\"right\">So 17.01.2016 <span class=\"time\">13:00<\/span><\/td>\n<td align=\"right\">8<\/td>\n<td align=\"right\">R<\/td>\n<td>32<\/td>\n<td class=\"nowrap\" align=\"right\"><a class=\"teamname\" href=\"http:\/\/turnier.de\/teammatch.aspx?id=202E29D6-0A3A-4769-9CCC-3F540EB6D56F&amp;match=1471\">BV Friedrichsdorf J1<\/a><\/td>\n<td align=\"center\">&#8211;<\/td>\n<td class=\"nowrap\"><strong><a class=\"teamname highlighted\" href=\"http:\/\/turnier.de\/teammatch.aspx?id=202E29D6-0A3A-4769-9CCC-3F540EB6D56F&amp;match=1471\">BV G.-Goldbach\/Laufach J1<\/a><\/strong><\/td>\n<td><span class=\"score\"><span>0-8<\/span><\/span><\/td>\n<td><\/td>\n<td><\/td>\n<td><\/td>\n<\/tr>\n<tr>\n<td><\/td>\n<td class=\"plannedtime\" align=\"right\">So 24.01.2016 <span class=\"time\">11:30<\/span><\/td>\n<td align=\"right\">9<\/td>\n<td align=\"right\">R<\/td>\n<td>36<\/td>\n<td class=\"nowrap\" align=\"right\"><strong><a class=\"teamname\" href=\"http:\/\/turnier.de\/teammatch.aspx?id=202E29D6-0A3A-4769-9CCC-3F540EB6D56F&amp;match=1472\">TV Hofheim J3<\/a><\/strong><\/td>\n<td align=\"center\">&#8211;<\/td>\n<td class=\"nowrap\"><strong><a class=\"teamname highlighted\" href=\"http:\/\/turnier.de\/teammatch.aspx?id=202E29D6-0A3A-4769-9CCC-3F540EB6D56F&amp;match=1472\">BV G.-Goldbach\/Laufach J1<\/a><\/strong><\/td>\n<td><span class=\"score\"><span>4-4<\/span><\/span><\/td>\n<td><\/td>\n<td><\/td>\n<td><\/td>\n<\/tr>\n<tr>\n<td><\/td>\n<td class=\"plannedtime\" align=\"right\">Sa 30.01.2016 <span class=\"time\">15:00<\/span><\/td>\n<td align=\"right\">10<\/td>\n<td align=\"right\">R<\/td>\n<td>40<\/td>\n<td class=\"nowrap\" align=\"right\"><a class=\"teamname\" href=\"http:\/\/turnier.de\/teammatch.aspx?id=202E29D6-0A3A-4769-9CCC-3F540EB6D56F&amp;match=1477\">TSG Oberursel J1<\/a><\/td>\n<td align=\"center\">&#8211;<\/td>\n<td class=\"nowrap\"><strong><a class=\"teamname highlighted\" href=\"http:\/\/turnier.de\/teammatch.aspx?id=202E29D6-0A3A-4769-9CCC-3F540EB6D56F&amp;match=1477\">BV G.-Goldbach\/Laufach J1<\/a><\/strong><\/td>\n<td><span class=\"score\"><span>0-8<\/span><\/span><\/td>\n<td><\/td>\n<td><\/td>\n<td><\/td>\n<\/tr>\n<tr>\n<td><\/td>\n<td class=\"plannedtime\" align=\"right\"><s>So 31.01.2016 <span class=\"time\">11:30<\/span><\/s><\/td>\n<td align=\"right\">11<\/td>\n<td align=\"right\">R<\/td>\n<td>44<\/td>\n<td class=\"nowrap\" align=\"right\"><a class=\"teamname highlighted\" href=\"http:\/\/turnier.de\/teammatch.aspx?id=202E29D6-0A3A-4769-9CCC-3F540EB6D56F&amp;match=1450\">BV G.-Goldbach\/Laufach J1<\/a><\/td>\n<td align=\"center\">&#8211;<\/td>\n<td class=\"nowrap\"><a class=\"teamname\" href=\"http:\/\/turnier.de\/teammatch.aspx?id=202E29D6-0A3A-4769-9CCC-3F540EB6D56F&amp;match=1450\"><s>SG Kelkheim J1<\/s><\/a><\/td>\n<td><s><\/s><\/td>\n<td><\/td>\n<td><\/td>\n<td><\/td>\n<\/tr>\n<tr>\n<td><\/td>\n<td class=\"plannedtime\" align=\"right\">Sa 05.03.2016 <span class=\"time\">18:00<\/span><\/td>\n<td align=\"right\">12<\/td>\n<td align=\"right\">R<\/td>\n<td>48<\/td>\n<td class=\"nowrap\" align=\"right\"><a class=\"teamname\" href=\"http:\/\/turnier.de\/teammatch.aspx?id=202E29D6-0A3A-4769-9CCC-3F540EB6D56F&amp;match=1473\">TV Hofheim J4<\/a><\/td>\n<td align=\"center\">&#8211;<\/td>\n<td class=\"nowrap\"><strong><a class=\"teamname highlighted\" href=\"http:\/\/turnier.de\/teammatch.aspx?id=202E29D6-0A3A-4769-9CCC-3F540EB6D56F&amp;match=1473\">BV G.-Goldbach\/Laufach J1<\/a><\/strong><\/td>\n<td><span class=\"score\"><span>1-7<\/span><\/span><\/td>\n<td><\/td>\n<td><\/td>\n<td><\/td>\n<\/tr>\n<tr>\n<td><\/td>\n<td class=\"plannedtime\" align=\"right\">So 06.03.2016 <span class=\"time\">11:30<\/span><\/td>\n<td align=\"right\">13<\/td>\n<td align=\"right\">R<\/td>\n<td>52<\/td>\n<td class=\"nowrap\" align=\"right\"><strong><a class=\"teamname highlighted\" href=\"http:\/\/turnier.de\/teammatch.aspx?id=202E29D6-0A3A-4769-9CCC-3F540EB6D56F&amp;match=1457\">BV G.-Goldbach\/Laufach J1<\/a><\/strong><\/td>\n<td align=\"center\">&#8211;<\/td>\n<td class=\"nowrap\"><a class=\"teamname\" href=\"http:\/\/turnier.de\/teammatch.aspx?id=202E29D6-0A3A-4769-9CCC-3F540EB6D56F&amp;match=1457\">TV Sindlingen J1<\/a><\/td>\n<td><span class=\"score\"><span>7-1<\/span><\/span><\/td>\n<td><\/td>\n<td><\/td>\n<td><\/td>\n<\/tr>\n<tr>\n<td><\/td>\n<td class=\"plannedtime\" align=\"right\">So 13.03.2016 <span class=\"time\">10:00<\/span><\/td>\n<td align=\"right\">14<\/td>\n<td align=\"right\">R<\/td>\n<td>56<\/td>\n<td class=\"nowrap\" align=\"right\"><a class=\"teamname\" href=\"http:\/\/turnier.de\/teammatch.aspx?id=202E29D6-0A3A-4769-9CCC-3F540EB6D56F&amp;match=1474\">SG TGU\/TG H&ouml;chst J1<\/a><\/td>\n<td align=\"center\">&#8211;<\/td>\n<td class=\"nowrap\"><strong><a class=\"teamname highlighted\" href=\"http:\/\/turnier.de\/teammatch.aspx?id=202E29D6-0A3A-4769-9CCC-3F540EB6D56F&amp;match=1474\">BV G.-Goldbach\/Laufach J1<\/a><\/strong><\/td>\n<td><span class=\"score\"><span>2-6<\/span><\/span><\/td>\n<td><\/td>\n<td><\/td>\n<td><\/td>\n<\/tr>\n<\/tbody>\n<\/table>\n<\/div>\n<div id=\"mannschaft_slideshow\" class=\"bvg_block hide\"><\/div>\n","protected":false},"excerpt":{"rendered":"<p>Saison 2015\/2016 Jugend 1, v.l. Luca Neidhardt, Jessica Becker, Marco Bozem, Hanna Zentgraf, Noah Eizenh\u00f6fer, Jonas H\u00e4user Mannschaftsspieler Herren Eizenh\u00f6fer, Noah Neidhardt, Luca Bozem, Marco H\u00e4user, Jonas H\u00e4user, Nick Philipp, Jens Ru\u00dfmann, Maximilian Damen Becker, Jessica Zentgraf, Hanna Krenz, Luisa Maidhof, Samira Meecham, Julia Ru\u00dfmann, Theresa Steiner, Anna HALBZEIT-BILANZ: Eine Top-Vorrunde spielte die 1. Jugendmannschaft [&hellip;]<\/p>\n","protected":false},"author":13,"featured_media":0,"parent":0,"menu_order":0,"comment_status":"closed","ping_status":"closed","template":"","meta":{"_acf_changed":false,"_monsterinsights_skip_tracking":false,"_monsterinsights_sitenote_active":false,"_monsterinsights_sitenote_note":"","_monsterinsights_sitenote_category":0,"ngg_post_thumbnail":0,"footnotes":""},"class_list":["post-1074","page","type-page","status-publish","hentry","post"],"acf":[],"_links":{"self":[{"href":"https:\/\/lignoplan.com\/wordpress_9\/wp-json\/wp\/v2\/pages\/1074","targetHints":{"allow":["GET"]}}],"collection":[{"href":"https:\/\/lignoplan.com\/wordpress_9\/wp-json\/wp\/v2\/pages"}],"about":[{"href":"https:\/\/lignoplan.com\/wordpress_9\/wp-json\/wp\/v2\/types\/page"}],"author":[{"embeddable":true,"href":"https:\/\/lignoplan.com\/wordpress_9\/wp-json\/wp\/v2\/users\/13"}],"replies":[{"embeddable":true,"href":"https:\/\/lignoplan.com\/wordpress_9\/wp-json\/wp\/v2\/comments?post=1074"}],"version-history":[{"count":7,"href":"https:\/\/lignoplan.com\/wordpress_9\/wp-json\/wp\/v2\/pages\/1074\/revisions"}],"predecessor-version":[{"id":1140,"href":"https:\/\/lignoplan.com\/wordpress_9\/wp-json\/wp\/v2\/pages\/1074\/revisions\/1140"}],"wp:attachment":[{"href":"https:\/\/lignoplan.com\/wordpress_9\/wp-json\/wp\/v2\/media?parent=1074"}],"curies":[{"name":"wp","href":"https:\/\/api.w.org\/{rel}","templated":true}]}}