{"id":1067,"date":"2016-04-25T11:05:48","date_gmt":"2016-04-25T11:05:48","guid":{"rendered":"http:\/\/lignoplan.com\/wordpress_d\/?page_id=1067"},"modified":"2021-01-02T17:19:03","modified_gmt":"2021-01-02T17:19:03","slug":"links","status":"publish","type":"page","link":"https:\/\/lignoplan.com\/wordpress_9\/links\/","title":{"rendered":"Links"},"content":{"rendered":"<div class=\"bvg_block widget_bvg-block\">\n<h1><a name=\"links_news\"><\/a>News \/ Infos<\/h1>\n<ul>\n<li><a href=\"https:\/\/hbv-badminton.liga.nu\/cgi-bin\/WebObjects\/nuLigaBADDE.woa\/wa\/clubInfoDisplay?club=15434\" target=\"_blank\" rel=\"noopener\">BVG auf Liga.nu<\/a><\/li>\n<li><a href=\"http:\/\/www.tv-goldbach.de\/\" target=\"_blank\" rel=\"noopener\">TV Goldbach Webseite<\/a><\/li>\n<li><a href=\"http:\/\/www.tv-laufach.de\/\" target=\"_blank\" rel=\"noopener\">TV Laufach Webseite<\/a><\/li>\n<li><a href=\"https:\/\/hbv-badminton.liga.nu\/\" target=\"_blank\" rel=\"noopener\">Liga.nu<\/a><span class=\"link_beschreibung\">die aktuelle Webseite mit Live Informationen \u00fcber die Meisterchaften, Turniere, Vereine&#8230;<\/span><\/li>\n<li><a href=\"http:\/\/turnier.de\" target=\"_blank\" rel=\"noopener\">Turnier.de<\/a><span class=\"link_beschreibung\">die alte (bis 2015\/2016) Webseite mit Live Informationen \u00fcber die Meisterchaften, Turniere, Vereine&#8230;<\/span><\/li>\n<li><a href=\"http:\/\/www.turnier.de\/sport\/clubmatches.aspx?id=202E29D6-0A3A-4769-9CCC-3F540EB6D56F&amp;cid=163\" target=\"_blank\" rel=\"noopener\">BVG auf Turnier.de<\/a><\/li>\n<li><a href=\"http:\/\/badminton.de\" target=\"_blank\" rel=\"noopener\">Deutscher Badminton-Verband<\/a><span class=\"link_beschreibung\">Alle Infos \u00fcber die Nationalmannschaften, Meisterschaften, Landesverb\u00e4nde und mehr&#8230;<\/span><\/li>\n<li><a href=\"http:\/\/bwfbadminton.org\/\" target=\"_blank\" rel=\"noopener\">Badminton World Federation<\/a><span class=\"link_beschreibung\">auf Englisch, alle Badminton Infos Weltweit&#8230;<\/span><\/li>\n<li><a href=\"http:\/\/www.hessischer-badminton-verband.de\/\" target=\"_blank\" rel=\"noopener\">Hessischer Badminton-Verband<\/a><span class=\"link_beschreibung\">Offizielle Website des Hessischen Badminton-Verbands &#8211; Informationen rund um den Badmintonsport in Hessen &#8211; Bezirke: Darmstadt, Frankfurt, Kassel, Wetzlar, Wiesbaden<\/span><\/li>\n<li><a href=\"http:\/\/badminton-bbv.de\/\" target=\"_blank\" rel=\"noopener\">Bayerischer Badminton-Verband<\/a><span class=\"link_beschreibung\">Offizielle Website des Bayerischen Badminton-Verband &#8211; Informationen rund um den Badmintonsport in Bayern<\/span><\/li>\n<li class=\"hide\"><\/li>\n<\/ul>\n<\/div>\n<div class=\"bvg_block widget_bvg-block\">\n<h1><a name=\"links_turniere\"><\/a>Turniere finden<\/h1>\n<ul>\n<li><a href=\"http:\/\/www.turnier.de\/tournamentlist.aspx?id=2\" target=\"_blank\" rel=\"noopener\">Turnier.de<\/a><span class=\"link_beschreibung\">Seite um aktuelle oder zukunftliche Turniere zu finden&#8230;<\/span><\/li>\n<li><a href=\"http:\/\/www.badminton-hotspots.de\/turniere\" target=\"_blank\" rel=\"noopener\">Badminton Hotspots<\/a><span class=\"link_beschreibung\">Turnier finden&#8230;<\/span><\/li>\n<li><a href=\"http:\/\/badmintonfreunde.de\/\" target=\"_blank\" rel=\"noopener\">Badminton Freunde<\/a><span class=\"link_beschreibung\">Eine Badminton Turnierdatenbank von Spielern,f\u00fcr Spieler. Nat\u00fcrlich v\u00f6llig kostenfrei und unverbindlich!<\/span><\/li>\n<li><a href=\"http:\/\/tv-badminton.de\/\" target=\"_blank\" rel=\"noopener\">Tv Badminton.de<\/a><span class=\"link_beschreibung\">alles \u00fcber den Badmintonsport in und um Gro\u00df-Zimmern, Dieburg und Reinheim<\/span><\/li>\n<\/ul>\n<\/div>\n","protected":false},"excerpt":{"rendered":"<p>News \/ Infos BVG auf Liga.nu TV Goldbach Webseite TV Laufach Webseite Liga.nudie aktuelle Webseite mit Live Informationen \u00fcber die Meisterchaften, Turniere, Vereine&#8230; Turnier.dedie alte (bis 2015\/2016) Webseite mit Live Informationen \u00fcber die Meisterchaften, Turniere, Vereine&#8230; BVG auf Turnier.de Deutscher Badminton-VerbandAlle Infos \u00fcber die Nationalmannschaften, Meisterschaften, Landesverb\u00e4nde und mehr&#8230; Badminton World Federationauf Englisch, alle Badminton [&hellip;]<\/p>\n","protected":false},"author":13,"featured_media":0,"parent":0,"menu_order":0,"comment_status":"closed","ping_status":"closed","template":"","meta":{"_acf_changed":false,"_monsterinsights_skip_tracking":false,"_monsterinsights_sitenote_active":false,"_monsterinsights_sitenote_note":"","_monsterinsights_sitenote_category":0,"ngg_post_thumbnail":0,"footnotes":""},"class_list":["post-1067","page","type-page","status-publish","hentry","post"],"acf":[],"_links":{"self":[{"href":"https:\/\/lignoplan.com\/wordpress_9\/wp-json\/wp\/v2\/pages\/1067","targetHints":{"allow":["GET"]}}],"collection":[{"href":"https:\/\/lignoplan.com\/wordpress_9\/wp-json\/wp\/v2\/pages"}],"about":[{"href":"https:\/\/lignoplan.com\/wordpress_9\/wp-json\/wp\/v2\/types\/page"}],"author":[{"embeddable":true,"href":"https:\/\/lignoplan.com\/wordpress_9\/wp-json\/wp\/v2\/users\/13"}],"replies":[{"embeddable":true,"href":"https:\/\/lignoplan.com\/wordpress_9\/wp-json\/wp\/v2\/comments?post=1067"}],"version-history":[{"count":33,"href":"https:\/\/lignoplan.com\/wordpress_9\/wp-json\/wp\/v2\/pages\/1067\/revisions"}],"predecessor-version":[{"id":5760,"href":"https:\/\/lignoplan.com\/wordpress_9\/wp-json\/wp\/v2\/pages\/1067\/revisions\/5760"}],"wp:attachment":[{"href":"https:\/\/lignoplan.com\/wordpress_9\/wp-json\/wp\/v2\/media?parent=1067"}],"curies":[{"name":"wp","href":"https:\/\/api.w.org\/{rel}","templated":true}]}}