{"id":1026,"date":"2016-04-25T11:05:33","date_gmt":"2016-04-25T11:05:33","guid":{"rendered":"http:\/\/lignoplan.com\/wordpress_d\/?page_id=1026"},"modified":"2023-05-01T10:09:43","modified_gmt":"2023-05-01T10:09:43","slug":"bvg-medien","status":"publish","type":"page","link":"https:\/\/lignoplan.com\/wordpress_9\/bvg-medien\/","title":{"rendered":"BVG Medien"},"content":{"rendered":"<p><a href=\"http:\/\/lignoplan.com\/wordpress_d\/wp-content\/uploads\/2016\/04\/bvg1.png\"><img loading=\"lazy\" decoding=\"async\" class=\"alignnone size-full wp-image-1072\" src=\"http:\/\/lignoplan.com\/wordpress_d\/wp-content\/uploads\/2016\/04\/bvg1.png\" alt=\"bvg1\" width=\"597\" height=\"398\" srcset=\"https:\/\/lignoplan.com\/wordpress_9\/wp-content\/uploads\/2016\/04\/bvg1.png 597w, https:\/\/lignoplan.com\/wordpress_9\/wp-content\/uploads\/2016\/04\/bvg1-300x200.png 300w, https:\/\/lignoplan.com\/wordpress_9\/wp-content\/uploads\/2016\/04\/bvg1-272x182.png 272w\" sizes=\"auto, (max-width: 597px) 100vw, 597px\" \/><\/a><\/p>\n<p><a href=\"https:\/\/lignoplan.com\/wordpress_9\/badminton-allgemein-medien\/\">Badminton Allgemein Videos<\/a><\/p>\n<div class=\"bvg_block widget_bvg-block\">\n<h3>Videoaktion Corona 2020<\/h3>\n<p>Die BVG Goldbach\/Laufach ist es ja gewohnt, dass im Bayerisch-Hessischen Grenzbetrieb unterschiedliche Regelung in beiden Bundesl\u00e4ndern gelten.<br \/>\nDas betrifft u.a unterschiedliche Verwaltungsregelungen, aber auch differenzierte Regelungen im Sportbetrieb.<br \/>\nSo galten lange Zeit auch unterschiedliche Aufstellungsregelungen im Badminton-Mannschaftsbetrieb im HBV und BBV.<\/p>\n<p>Nun darf man auch mit unterschiedlichen Verordnungen in der Corona-Zeit umgehen. W\u00e4hrend in Hessen Bau-und Gartenm\u00e4rkte, wie auch Blumenl\u00e4den weiter noch offen sind, sind diese in Bayern durch die kommunizierte vorl\u00e4ufige Ausgangsbeschr\u00e4nkung schon geschlossen. Ministerpr\u00e4sident Markus S\u00f6der spricht von einer \u201eHistorischen Bew\u00e4hrungsprobe f\u00fcr Bayern\u201c und ruft den Katastrophenfall aus. In Hessen sind die Abiturpr\u00fcfungen schon fast durch, Bayern hat die Abiturpr\u00fcfungen vorerst verschoben.<\/p>\n<p>&#8230;<\/p>\n<p><span style=\"cursor: pointer; color: yellow !important;\">\u00dcber die Video- Spendeaktion mehr erfahren !<\/span><\/p>\n<div id=\"videoaktion\" style=\"display: none;\">Dem Virus sind diese unterschiedliche Regelungen im \u201eGrenzgebiet\u201c egal und sorgt f\u00fcr Einstellung des Spielbetriebes in Hessen und Bayern (wie auch Deutschlandweit), sowie f\u00fcr die Einschr\u00e4nkung sozialer (Vereins-)Kontakte.BVG-Mitglied Laurent Dorier fand eine L\u00f6sung, um dieses Problem \u201ezu umgehen\u201c.<br \/>\nEr rief seine Vereinskolleg*innen zu einer Videoaktion auf. Erfreulicherweise nahmen fast 50 Mitglieder*innen an dieser Aktion teil.<br \/>\nNeben den Kindern des DBV-Talentnestes, schickten BVG\u2019ler*innen von 1 \u2013 67 Jahren ihr \u201eHeim\u201c-Video, das L.Dorier zu einem Vereinsvideo zusammenfasste.<\/p>\n<p>Aus der BVG-Vorstandschaft wurde diese Idee zus\u00e4tzlich noch mit einer Spendenaktion verbunden. Gemeinsam mit einem weiteren Mitglied spendet L.Dorier je 5 \u20ac pro Videoteilnehmer.<br \/>\nDazu kommen noch einige \u00dcbungsleiterpauschalen f\u00fcr den Monat M\u00e4rz. Weiterhin stockte die Badminton Vereinsgemeinschaft (BVG) den Spendenbetrag noch auf, in dem man alle geplanten Wettkampfausgaben f\u00fcr den Monat M\u00e4rz ebenfalls zur Verf\u00fcgung stellte.<\/p>\n<p>Die insgesamt \u00fcber 2000 \u20ac werden dem \u201eCafe Grenzenlos\u201c in Aschaffenburg gespendet, eine Organisation, die sich um Obdachlose in Aschaffenburg k\u00fcmmert.<br \/>\nOrganisationschef Harry Kimmich berichtete erst k\u00fcrzlich in der regionalen Zeitung, dass das Cafe bisher immer seine Nahrungsmittel aus Lebensmittelm\u00e4rkten bekam, die \u201e\u00fcbersch\u00fcssige\u201c Nahrungsmittel spendeten.<br \/>\nDiese M\u00f6glichkeit gibt es nun nicht mehr, da Deutschland mit dem \u201eHamstern\u201c ein neues Lieblingshobby entdeckt hat und die M\u00e4rkte keine \u00fcbersch\u00fcssige Wer mehr haben, bzw. nur noch in ganz begrenztem Umfang (was auch die ganzen Klopapier-Challenges hinterfragen l\u00e4sst). Die Grenzenlos-Organisation muss nun die Nahrungsmittel einkaufen. Dazu m\u00f6chte die BVG nun ihren Beitrag mit der Spende leisten.<\/p>\n<p>Da auch im Monat April der Spielbetrieb in Hessen ruhen wird \u2013 die BVG Goldbach\/Laufach geh\u00f6rt seit der Saison 2015\/16 dem Hessischen Badmintonverband an \u2013 plant die BVG eine weitere Spende zum Ende des Monats.<\/p>\n<p>Wir w\u00fcrden uns freuen, wenn wir mit dieser Aktion weitere Badmintonvereine zu \u00e4hnlichen Aktionen animieren k\u00f6nnen.<br \/>\nIn vielen St\u00e4dten haben die Tafeln f\u00fcr Obdachlose \u00e4hnliche Probleme.<\/p>\n<p>F\u00fcr die Vorstandschaft der BVG Goldbach \/ Laufach<br \/>\nMartin K\u00f6hler<\/p>\n<\/div>\n<p><iframe loading=\"lazy\" src=\"https:\/\/www.youtube.com\/embed\/pe-ctzRtS7A\" width=\"560\" height=\"315\" frameborder=\"0\" allowfullscreen=\"allowfullscreen\"><\/iframe><\/p>\n<\/div>\n<div class=\"bvg_block widget_bvg-block\">\n<h1>Veranstaltungen<\/h1>\n<h3>Regionalliga Aufstiegsrunde 2023<\/h3>\nngg_shortcode_0_placeholder\n<h3>Neujahrsfeier 2023<\/h3>\nngg_shortcode_1_placeholder\n<h3>Neujahrsfeier 2022<\/h3>\nngg_shortcode_2_placeholder\n<h3>Neujahrsfeier 2020<\/h3>\nngg_shortcode_3_placeholder\n<h3>Neujahrsfeier 2019<\/h3>\nngg_shortcode_4_placeholder\n<h3>Neujahrsfeier 2017<\/h3>\nngg_shortcode_5_placeholder<\/div>\n<div class=\"bvg_block widget_bvg-block\">\n<h1>Spa\u00df am Training<\/h1>\n<h3>Trainingsgruppe am Freitag&#8230;<\/h3>\n<p><iframe loading=\"lazy\" src=\"https:\/\/www.youtube.com\/embed\/7SZqi-qX-hk\" width=\"560\" height=\"315\" frameborder=\"0\" allowfullscreen=\"allowfullscreen\"><\/iframe><\/p>\n<\/div>\n<div class=\"bvg_block widget_bvg-block\">\n<h1>Turniere<\/h1>\n<h3><a name=\"bzkm2017\"><\/a>Bezirksmeisterschaft U13-U15 2017<\/h3>\nngg_shortcode_6_placeholder\n<h3><a name=\"kot2017\"><\/a>KOTurnier<\/h3>\n<p><iframe loading=\"lazy\" src=\"https:\/\/www.youtube.com\/embed\/GVAeZZcZnuA\" width=\"560\" height=\"315\" frameborder=\"0\" allowfullscreen=\"allowfullscreen\"><\/iframe><\/p>\n<h3><a name=\"4sp2016\"><\/a>4.Spessart Pokal 2016<\/h3>\nngg_shortcode_7_placeholder\n<h3><a name=\"2brl2015\"><\/a>2.Bezirksrangliste Frankfurt O19 2015<\/h3>\nngg_shortcode_8_placeholder\n<h3><a name=\"hbvm2016\"><\/a>HBV Meisterschaften O35-O70 2016 Dortelweil<\/h3>\nngg_shortcode_9_placeholder<\/div>\n<p><a href=\"https:\/\/lignoplan.com\/wordpress_9\/badminton-allgemein-medien\/\">Badminton Allgemein Videos<\/a><\/p>\n","protected":false},"excerpt":{"rendered":"<p>Badminton Allgemein Videos Videoaktion Corona 2020 Die BVG Goldbach\/Laufach ist es ja gewohnt, dass im Bayerisch-Hessischen Grenzbetrieb unterschiedliche Regelung in beiden Bundesl\u00e4ndern gelten. Das betrifft u.a unterschiedliche Verwaltungsregelungen, aber auch differenzierte Regelungen im Sportbetrieb. So galten lange Zeit auch unterschiedliche Aufstellungsregelungen im Badminton-Mannschaftsbetrieb im HBV und BBV. Nun darf man auch mit unterschiedlichen Verordnungen in [&hellip;]<\/p>\n","protected":false},"author":13,"featured_media":0,"parent":0,"menu_order":0,"comment_status":"closed","ping_status":"closed","template":"","meta":{"_acf_changed":false,"_monsterinsights_skip_tracking":false,"_monsterinsights_sitenote_active":false,"_monsterinsights_sitenote_note":"","_monsterinsights_sitenote_category":0,"ngg_post_thumbnail":0,"footnotes":""},"class_list":["post-1026","page","type-page","status-publish","hentry","post"],"acf":[],"_links":{"self":[{"href":"https:\/\/lignoplan.com\/wordpress_9\/wp-json\/wp\/v2\/pages\/1026","targetHints":{"allow":["GET"]}}],"collection":[{"href":"https:\/\/lignoplan.com\/wordpress_9\/wp-json\/wp\/v2\/pages"}],"about":[{"href":"https:\/\/lignoplan.com\/wordpress_9\/wp-json\/wp\/v2\/types\/page"}],"author":[{"embeddable":true,"href":"https:\/\/lignoplan.com\/wordpress_9\/wp-json\/wp\/v2\/users\/13"}],"replies":[{"embeddable":true,"href":"https:\/\/lignoplan.com\/wordpress_9\/wp-json\/wp\/v2\/comments?post=1026"}],"version-history":[{"count":26,"href":"https:\/\/lignoplan.com\/wordpress_9\/wp-json\/wp\/v2\/pages\/1026\/revisions"}],"predecessor-version":[{"id":7152,"href":"https:\/\/lignoplan.com\/wordpress_9\/wp-json\/wp\/v2\/pages\/1026\/revisions\/7152"}],"wp:attachment":[{"href":"https:\/\/lignoplan.com\/wordpress_9\/wp-json\/wp\/v2\/media?parent=1026"}],"curies":[{"name":"wp","href":"https:\/\/api.w.org\/{rel}","templated":true}]}}