{"id":766,"date":"2015-02-22T18:59:18","date_gmt":"2015-02-22T17:59:18","guid":{"rendered":"http:\/\/vihoesbach.bplaced.net\/wordpress\/?page_id=766"},"modified":"2015-02-22T18:59:18","modified_gmt":"2015-02-22T17:59:18","slug":"impressum","status":"publish","type":"page","link":"https:\/\/lignoplan.com\/wordpress_7\/impressum\/","title":{"rendered":"Impressum"},"content":{"rendered":"<p><a href=\"http:\/\/twitter.com\/share?url=https%3A%2F%2Flignoplan.com%2Fwordpress_7%2Fimpressum%2F&amp;count=none&amp;lang=de&amp;via=https%3A%2F%2Ftwitter.com%2Fvihinfo&amp;related=vihinfo:Verkehrs-Initiative+H%C3%B6sbach&amp;text=Impressum - VI H\u00f6sbach e.V.\" class=\"twitter-share-button\">Tweet<\/a><\/p><p>Verkehrs-Initiative H\u00f6sbach e.V.<br \/>\nHauptstra\u00dfe 5<br \/>\nD-63768 H\u00f6sbach<\/p>\n<p>Inhaltlich Verantwortlicher gem\u00e4\u00df \u00a7 10 Absatz 3 MDStV: Hans-Peter Schmitt<\/p>\n<p>Wir weisen darauf hin, dass die Verkehrs Initiative H\u00f6sbach f\u00fcr Gestaltung und Inhalt von Internet-Seiten anderer Anbieter nicht verantwortlich sind. Wir distanzieren uns ausdr\u00fccklich von den Inhalten aller gelinkten Seiten auf dieser gesamten Website inkl. aller Unterseiten. Diese Erkl\u00e4rung gilt auch f\u00fcr ausgebrachte gestaltete Banner, sowie aller Inhalte der Seiten, zu denen diese Banner f\u00fchren.<\/p>\n","protected":false},"excerpt":{"rendered":"<p>TweetVerkehrs-Initiative H\u00f6sbach e.V. Hauptstra\u00dfe 5 D-63768 H\u00f6sbach Inhaltlich Verantwortlicher gem\u00e4\u00df \u00a7 10 Absatz 3 MDStV: Hans-Peter Schmitt Wir weisen darauf hin, dass die Verkehrs Initiative H\u00f6sbach f\u00fcr Gestaltung und Inhalt von Internet-Seiten anderer Anbieter nicht verantwortlich sind. Wir distanzieren uns ausdr\u00fccklich von den Inhalten aller gelinkten Seiten auf dieser gesamten Website inkl. aller Unterseiten. Diese &hellip; <a href=\"https:\/\/lignoplan.com\/wordpress_7\/impressum\/\" class=\"more-link\"><span class=\"screen-reader-text\">Impressum<\/span> weiterlesen <span class=\"meta-nav\">&rarr;<\/span><\/a><\/p>\n","protected":false},"author":2,"featured_media":0,"parent":0,"menu_order":0,"comment_status":"closed","ping_status":"closed","template":"","meta":{"ngg_post_thumbnail":0,"footnotes":""},"class_list":["post-766","page","type-page","status-publish","hentry"],"_links":{"self":[{"href":"https:\/\/lignoplan.com\/wordpress_7\/wp-json\/wp\/v2\/pages\/766","targetHints":{"allow":["GET"]}}],"collection":[{"href":"https:\/\/lignoplan.com\/wordpress_7\/wp-json\/wp\/v2\/pages"}],"about":[{"href":"https:\/\/lignoplan.com\/wordpress_7\/wp-json\/wp\/v2\/types\/page"}],"author":[{"embeddable":true,"href":"https:\/\/lignoplan.com\/wordpress_7\/wp-json\/wp\/v2\/users\/2"}],"replies":[{"embeddable":true,"href":"https:\/\/lignoplan.com\/wordpress_7\/wp-json\/wp\/v2\/comments?post=766"}],"version-history":[{"count":0,"href":"https:\/\/lignoplan.com\/wordpress_7\/wp-json\/wp\/v2\/pages\/766\/revisions"}],"wp:attachment":[{"href":"https:\/\/lignoplan.com\/wordpress_7\/wp-json\/wp\/v2\/media?parent=766"}],"curies":[{"name":"wp","href":"https:\/\/api.w.org\/{rel}","templated":true}]}}