{"id":744,"date":"2015-02-21T20:24:14","date_gmt":"2015-02-21T19:24:14","guid":{"rendered":"http:\/\/vihoesbach.bplaced.net\/wordpress\/?page_id=744"},"modified":"2015-02-21T20:24:14","modified_gmt":"2015-02-21T19:24:14","slug":"politik-und-behoerden","status":"publish","type":"page","link":"https:\/\/lignoplan.com\/wordpress_7\/politik-und-behoerden\/","title":{"rendered":"Politik und Beh\u00f6rden"},"content":{"rendered":"<p><a href=\"http:\/\/twitter.com\/share?url=https%3A%2F%2Flignoplan.com%2Fwordpress_7%2Fpolitik-und-behoerden%2F&amp;count=none&amp;lang=de&amp;via=https%3A%2F%2Ftwitter.com%2Fvihinfo&amp;related=vihinfo:Verkehrs-Initiative+H%C3%B6sbach&amp;text=Politik und Beh\u00f6rden - VI H\u00f6sbach e.V.\" class=\"twitter-share-button\">Tweet<\/a><\/p><ul>\n<li>Landtag<br \/>\n<table>\n<tbody>\n<tr>\n<td valign=\"top\" width=\"100\">6.08.2012<\/td>\n<td align=\"right\" valign=\"top\" width=\"60\">436 KB<\/td>\n<td align=\"left\"><a href=\"http:\/\/lignoplan.com\/vih\/pdfs\/petition_6_8_12.pdf\" target=\"_blank\">Antwort des Umweltausschusses<\/a><\/td>\n<\/tr>\n<tr>\n<td valign=\"top\" width=\"100\">21.12.2010<\/td>\n<td align=\"right\" valign=\"top\" width=\"60\">98 KB<\/td>\n<td align=\"left\"><a href=\"http:\/\/lignoplan.com\/vih\/pdfs\/Petition_21_12_10.pdf\" target=\"_blank\">2. Petition der Verkehrs-Initiative<\/a><\/td>\n<\/tr>\n<tr>\n<td valign=\"top\" width=\"100\">6.01.2005<\/td>\n<td align=\"right\" valign=\"top\" width=\"60\">372 KB<\/td>\n<td align=\"left\"><a href=\"http:\/\/lignoplan.com\/vih\/pdfs\/landtag_nov2004sc.pdf\" target=\"_blank\">Informationen aus dem Umweltausschu\u00df zu Luftreinhaltung<\/a><\/td>\n<\/tr>\n<tr>\n<td valign=\"top\" width=\"100\">9.05.2004<\/td>\n<td align=\"right\" valign=\"top\" width=\"60\">96 KB<\/td>\n<td align=\"left\"><a href=\"http:\/\/lignoplan.com\/vih\/pdfs\/Durchfahrtverbot.pdf\" target=\"_blank\">Schreiben an Landtagsabgeordnete und Beh\u00f6rden<\/a><\/td>\n<\/tr>\n<tr>\n<td valign=\"top\" width=\"100\">04.12.2003<\/td>\n<td align=\"right\" valign=\"top\" width=\"60\">24 KB<\/td>\n<td align=\"left\"><a href=\"http:\/\/lignoplan.com\/vih\/pdfs\/landtag1.pdf\" target=\"_blank\">Stellungnahme und Beschlu\u00df des Landtags zur Petition der VIH<\/a><\/td>\n<\/tr>\n<tr>\n<td valign=\"top\" width=\"100\">16.11.2003<\/td>\n<td align=\"right\" valign=\"top\" width=\"60\">1500 KB<\/td>\n<td align=\"left\"><a href=\"http:\/\/lignoplan.com\/vih\/pdfs\/Stellungnahme_petition.pdf\" target=\"_blank\">Stellungnahmen des Innenministeriums und des Landratsamts<\/a><\/td>\n<\/tr>\n<tr>\n<td valign=\"top\" width=\"100\">28.01.2003<\/td>\n<td align=\"right\" valign=\"top\" width=\"60\">176 KB<\/td>\n<td align=\"left\"><a href=\"http:\/\/lignoplan.com\/vih\/pdfs\/Petition.pdf\" target=\"_blank\">Petition an den Beschwerdeausschu\u00df im Maximilianeum<\/a><\/td>\n<\/tr>\n<tr>\n<td valign=\"top\" width=\"100\">04.11.2002<\/td>\n<td align=\"right\" valign=\"top\" width=\"60\">55 KB<\/td>\n<td align=\"left\"><a href=\"http:\/\/lignoplan.com\/vih\/pdfs\/hauptst.pdf\" target=\"_blank\">Informationsschreiben an die Landtags- und Bundestagsabgeordneten<\/a><\/td>\n<\/tr>\n<\/tbody>\n<\/table>\n<\/li>\n<li>Innenministerium<br \/>\n<table>\n<tbody>\n<tr>\n<td valign=\"top\" width=\"100\">27.08.2004<\/td>\n<td align=\"right\" valign=\"top\" width=\"60\">23 KB<\/td>\n<td align=\"left\"><a href=\"http:\/\/lignoplan.com\/vih\/pdfs\/innenmist27_8_04.pdf\">Antwortschreiben des Innenministeriums auf eine Anfrage von MDL M\u00fctze bez\u00fcglich LKW Durchfahrtsverbot in W\u00fcrzburg und in H\u00f6sbach<\/a><\/td>\n<\/tr>\n<tr>\n<td valign=\"top\" width=\"100\">19.07.2004<\/td>\n<td align=\"right\" valign=\"top\" width=\"60\">17 KB<\/td>\n<td align=\"left\"><a href=\"http:\/\/lignoplan.com\/vih\/pdfs\/innenmist30_6_04sc.pdf\" target=\"_blank\">Antwortschreiben des Innenministeriums auf eine Anfrage vom 1.5.04 der VIH bez\u00fcglich LKW Durchfahrtsverbot<\/a><\/td>\n<\/tr>\n<\/tbody>\n<\/table>\n<\/li>\n<li>Regierung von Unterfranken<br \/>\n<table>\n<tbody>\n<tr>\n<td valign=\"top\" width=\"100\">3.04.2008<\/td>\n<td align=\"right\" valign=\"top\" width=\"60\">74 KB<\/td>\n<td align=\"left\"><a href=\"http:\/\/lignoplan.com\/vih\/pdfs\/reg_13_3_08.pdf\" target=\"_blank\">Schreiben der VIH an die Regierung von Unterfranken bez\u00fcglich Luftreinhalteplan<\/a><\/td>\n<\/tr>\n<tr>\n<td valign=\"top\" width=\"100\">21.04.2005<\/td>\n<td align=\"right\" valign=\"top\" width=\"60\">138 KB<\/td>\n<td align=\"left\"><a href=\"http:\/\/lignoplan.com\/vih\/pdfs\/reg_20_4_05.pdf\" target=\"_blank\">Zwischennachricht der Regierung von Unterfranken bez\u00fcglich Luftreinhalteplan<\/a><\/td>\n<\/tr>\n<tr>\n<td valign=\"top\" width=\"100\">30.05.2005<\/td>\n<td align=\"right\" valign=\"top\" width=\"60\">96 KB<\/td>\n<td align=\"left\"><a href=\"http:\/\/lignoplan.com\/vih\/pdfs\/reg_19_3_05.pdf\" target=\"_blank\">Schreiben der VIH an die Regierung von Unterfranken bez\u00fcglich Luftreinhalteplan<\/a><\/td>\n<\/tr>\n<tr>\n<td valign=\"top\" width=\"100\">22.05.2004<\/td>\n<td align=\"right\" valign=\"top\" width=\"60\">46 KB<\/td>\n<td align=\"left\"><a href=\"http:\/\/lignoplan.com\/vih\/pdfs\/reg_27_4_04.pdf\" target=\"_blank\">Antwortschreiben der Regierung auf eine Anfrage von MDL Pranghofer<\/a><\/td>\n<\/tr>\n<\/tbody>\n<\/table>\n<\/li>\n<li>Landratsamt<br \/>\n<table>\n<tbody>\n<tr>\n<td valign=\"top\" width=\"100\">15.12.2004<\/td>\n<td align=\"right\" valign=\"top\" width=\"60\">71 KB<\/td>\n<td align=\"left\"><a href=\"http:\/\/lignoplan.com\/vih\/pdfs\/2_12_04.pdf\" target=\"_blank\">Erfahrungen und Anregungen zu Tempo 30, Schreiben der VIH an das Stra\u00dfenbauamt <\/a><\/td>\n<\/tr>\n<tr>\n<td valign=\"top\" width=\"100\">03.08.2004<\/td>\n<td align=\"right\" valign=\"top\" width=\"60\">32 KB<\/td>\n<td align=\"left\"><a href=\"http:\/\/lignoplan.com\/vih\/pdfs\/la_14_7_04sc.pdf\" target=\"_blank\">Ablehnung des Landratsamt Tempo 30 nachts in der Hauptstra\u00dfe<\/a><\/td>\n<\/tr>\n<tr>\n<td valign=\"top\" width=\"100\">07.04.2004<\/td>\n<td align=\"right\" valign=\"top\" width=\"60\">83 KB<\/td>\n<td align=\"left\"><a href=\"http:\/\/lignoplan.com\/vih\/pdfs\/skp.pdf\" target=\"_blank\">Ablehnung des Landratsamt Tempo 30 in der Sch\u00f6llkrippener Stra\u00dfe<\/a><\/td>\n<\/tr>\n<\/tbody>\n<\/table>\n<\/li>\n<li>Gemeinde<br \/>\n<table>\n<tbody>\n<tr>\n<td valign=\"top\" width=\"100\">03.04.2008<\/td>\n<td align=\"right\" valign=\"top\" width=\"60\">79 KB<\/td>\n<td align=\"left\"><a href=\"http:\/\/lignoplan.com\/vih\/pdfs\/mg_hoesbach_28_3_08.pdf\" target=\"_blank\">Schreiben VIH an B\u00fcrgermeister wegen Immissionsmessung<\/a><\/td>\n<\/tr>\n<tr>\n<td valign=\"top\" width=\"100\">06.01.2005<\/td>\n<td align=\"right\" valign=\"top\" width=\"60\">142 KB<\/td>\n<td align=\"left\"><a href=\"http:\/\/lignoplan.com\/vih\/pdfs\/bessenbachsc.pdf\" target=\"_blank\">Schreiben B\u00fcrgermeister an Autobahndirektion<\/a><\/td>\n<\/tr>\n<tr>\n<td valign=\"top\" width=\"100\">27.8.2004<\/td>\n<td align=\"right\" valign=\"top\" width=\"60\">43 KB<\/td>\n<td align=\"left\"><a href=\"http:\/\/lignoplan.com\/vih\/pdfs\/ziegelei08_04.pdf\" target=\"_blank\">erneute Stellungnahme und Unterschriftenliste zum Baugebiet Ziegelei<\/a><\/td>\n<\/tr>\n<tr>\n<td valign=\"top\" width=\"100\">3.08.2004<\/td>\n<td align=\"right\" valign=\"top\" width=\"60\">41 KB<\/td>\n<td align=\"left\"><a href=\"http:\/\/lignoplan.com\/vih\/pdfs\/gem_21_7_04sc.pdf\" target=\"_blank\">Antwortschreiben des Marktes H\u00f6sbach auf die Ablehnung von Tempo 30 nachts in der Hauptstra\u00dfe<\/a><\/td>\n<\/tr>\n<tr>\n<td valign=\"top\" width=\"100\">10.06.2004<\/td>\n<td align=\"right\" valign=\"top\" width=\"60\">26 KB<\/td>\n<td align=\"left\"><a href=\"http:\/\/lignoplan.com\/vih\/pdfs\/gem_3_6_04.pdf\" target=\"_blank\">Antwortschreiben des Marktes H\u00f6sbach auf unten stehendes Schreiben<\/a><\/td>\n<\/tr>\n<tr>\n<td valign=\"top\" width=\"100\">9.05.2004<\/td>\n<td align=\"right\" valign=\"top\" width=\"60\">69 KB<\/td>\n<td align=\"left\"><a href=\"http:\/\/lignoplan.com\/vih\/pdfs\/bgm6_5_04.pdf\" target=\"_blank\">Schreiben an den Markt H\u00f6sbach zur aktuellen Situation<\/a><\/td>\n<\/tr>\n<tr>\n<td valign=\"top\" width=\"100\">24.10.2003<\/td>\n<td align=\"right\" valign=\"top\" width=\"60\">359 KB<\/td>\n<td align=\"left\"><a href=\"http:\/\/lignoplan.com\/vih\/pdfs\/ziegelei.pdf\" target=\"_blank\">Stellungnahme und Unterschriftenliste zum Baugebiet Ziegelei<\/a><\/td>\n<\/tr>\n<tr>\n<td valign=\"top\" width=\"100\">29.11.2002<\/td>\n<td align=\"right\" valign=\"top\" width=\"60\">21 KB<\/td>\n<td align=\"left\"><a href=\"http:\/\/lignoplan.com\/vih\/pdfs\/mail29_11.pdf\" target=\"_blank\">Antwortmail der Verkehrs Initiative H\u00f6sbach<\/a><\/td>\n<\/tr>\n<tr>\n<td valign=\"top\" width=\"100\">26.11.2002<\/td>\n<td align=\"right\" valign=\"top\" width=\"60\">131 KB<\/td>\n<td align=\"left\"><a href=\"http:\/\/lignoplan.com\/vih\/pdfs\/Gem26_11.pdf\" target=\"_blank\">Antwortschreiben der Gemeinde auf den Vorschlag fachanwaltlicher Unterst\u00fctzung und einer B\u00fcrgerversammlung<\/a><\/td>\n<\/tr>\n<tr>\n<td valign=\"top\" width=\"100\">20.11.2002<\/td>\n<td align=\"right\" valign=\"top\" width=\"60\">37 KB<\/td>\n<td align=\"left\"><a href=\"http:\/\/lignoplan.com\/vih\/pdfs\/StellungnahmeZiegelei.pdf\" target=\"_blank\">Stellungnahme der VIH bez\u00fcglich der Planung eines neuen Baugebiets<\/a><\/td>\n<\/tr>\n<tr>\n<td valign=\"top\" width=\"100\">19.11.2002<\/td>\n<td align=\"right\" valign=\"top\" width=\"60\">68 KB<\/td>\n<td align=\"left\"><a href=\"http:\/\/lignoplan.com\/vih\/pdfs\/Resolution.pdf\" target=\"_blank\">Resolution der VIH an die Gemeinde bez\u00fcglich juristischer Unterst\u00fctzung<\/a><\/td>\n<\/tr>\n<tr>\n<td valign=\"top\" width=\"100\">04.11.2002<\/td>\n<td align=\"right\" valign=\"top\" width=\"60\">177 KB<\/td>\n<td align=\"left\"><a href=\"http:\/\/lignoplan.com\/vih\/pdfs\/Gem4_11.pdf\" target=\"_blank\">Schreiben der Marktgemeinde zu den Aktivit\u00e4ten der VIH<\/a><\/td>\n<\/tr>\n<tr>\n<td valign=\"top\" width=\"100\">03.11.2002<\/td>\n<td align=\"right\" valign=\"top\" width=\"60\">51 KB<\/td>\n<td align=\"left\"><a href=\"http:\/\/lignoplan.com\/vih\/pdfs\/bgm3_11.pdf\" target=\"_blank\">Nachfrage bez\u00fcglich einer B\u00fcrgerversammlung.<\/a><\/td>\n<\/tr>\n<tr>\n<td valign=\"top\" width=\"100\">16.10.2002<\/td>\n<td align=\"right\" valign=\"top\" width=\"60\">57 KB<\/td>\n<td align=\"left\"><a href=\"http:\/\/lignoplan.com\/vih\/pdfs\/gem16_11.pdf\" target=\"_blank\">Informationsschreiben an die Gemeindeverwaltung anl\u00e4sslich des Gespr\u00e4chs mit der Regierung von Unterfranken<\/a><\/td>\n<\/tr>\n<tr>\n<td valign=\"top\" width=\"100\">27.09.2002<\/td>\n<td align=\"right\" valign=\"top\" width=\"60\">22 KB<\/td>\n<td align=\"left\"><a href=\"http:\/\/lignoplan.com\/vih\/pdfs\/bgm27_9.pdf\" target=\"_blank\">In diesem Schreiben wird eine B\u00fcrgerversammlung zur Verkehrs- und Schadstoffproblematik vorgeschlagen<\/a><\/td>\n<\/tr>\n<\/tbody>\n<\/table>\n<\/li>\n<\/ul>\n","protected":false},"excerpt":{"rendered":"<p>Tweet Landtag 6.08.2012 436 KB Antwort des Umweltausschusses 21.12.2010 98 KB 2. Petition der Verkehrs-Initiative 6.01.2005 372 KB Informationen aus dem Umweltausschu\u00df zu Luftreinhaltung 9.05.2004 96 KB Schreiben an Landtagsabgeordnete und Beh\u00f6rden 04.12.2003 24 KB Stellungnahme und Beschlu\u00df des Landtags zur Petition der VIH 16.11.2003 1500 KB Stellungnahmen des Innenministeriums und des Landratsamts 28.01.2003 176 &hellip; <a href=\"https:\/\/lignoplan.com\/wordpress_7\/politik-und-behoerden\/\" class=\"more-link\"><span class=\"screen-reader-text\">Politik und Beh\u00f6rden<\/span> weiterlesen <span class=\"meta-nav\">&rarr;<\/span><\/a><\/p>\n","protected":false},"author":2,"featured_media":0,"parent":0,"menu_order":0,"comment_status":"closed","ping_status":"closed","template":"","meta":{"ngg_post_thumbnail":0,"footnotes":""},"class_list":["post-744","page","type-page","status-publish","hentry"],"_links":{"self":[{"href":"https:\/\/lignoplan.com\/wordpress_7\/wp-json\/wp\/v2\/pages\/744","targetHints":{"allow":["GET"]}}],"collection":[{"href":"https:\/\/lignoplan.com\/wordpress_7\/wp-json\/wp\/v2\/pages"}],"about":[{"href":"https:\/\/lignoplan.com\/wordpress_7\/wp-json\/wp\/v2\/types\/page"}],"author":[{"embeddable":true,"href":"https:\/\/lignoplan.com\/wordpress_7\/wp-json\/wp\/v2\/users\/2"}],"replies":[{"embeddable":true,"href":"https:\/\/lignoplan.com\/wordpress_7\/wp-json\/wp\/v2\/comments?post=744"}],"version-history":[{"count":0,"href":"https:\/\/lignoplan.com\/wordpress_7\/wp-json\/wp\/v2\/pages\/744\/revisions"}],"wp:attachment":[{"href":"https:\/\/lignoplan.com\/wordpress_7\/wp-json\/wp\/v2\/media?parent=744"}],"curies":[{"name":"wp","href":"https:\/\/api.w.org\/{rel}","templated":true}]}}