{"id":734,"date":"2015-02-21T18:57:31","date_gmt":"2015-02-21T17:57:31","guid":{"rendered":"http:\/\/vihoesbach.bplaced.net\/wordpress\/?page_id=734"},"modified":"2015-02-21T18:57:31","modified_gmt":"2015-02-21T17:57:31","slug":"presse","status":"publish","type":"page","link":"https:\/\/lignoplan.com\/wordpress_7\/presse\/","title":{"rendered":"Presse"},"content":{"rendered":"<p><a href=\"http:\/\/twitter.com\/share?url=https%3A%2F%2Flignoplan.com%2Fwordpress_7%2Fpresse%2F&amp;count=none&amp;lang=de&amp;via=https%3A%2F%2Ftwitter.com%2Fvihinfo&amp;related=vihinfo:Verkehrs-Initiative+H%C3%B6sbach&amp;text=Presse - VI H\u00f6sbach e.V.\" class=\"twitter-share-button\">Tweet<\/a><\/p>\n<li>Main Echo<br \/>\n<table>\n<tbody>\n<tr>\n<td valign=\"top\" width=\"100\">15.12.2004<\/td>\n<td align=\"right\" valign=\"top\" width=\"60\">8 KB<\/td>\n<td align=\"left\"><a target=\"_blank\" href=\"http:\/\/www.lignoplan.com\/vih\/pdfs\/leserbrief_12_04.pdf\">Leserbrief zu Main-Echo Artikel<\/a><\/td>\n<\/tr>\n<tr>\n<td valign=\"top\" width=\"100\">25.06.2003<\/td>\n<td align=\"right\" valign=\"top\" width=\"60\">90 KB<\/td>\n<td align=\"left\"><a target=\"_blank\" href=\"http:\/\/www.lignoplan.com\/vih\/pdfs\/Leserbrief_2003_06_25.pdf\">Offener Brief wegen der j\u00fcngsten Autobahnsperrung (bisher durch das Main-Echo leider noch nicht ver\u00f6ffentlicht) <\/a><\/td>\n<\/tr>\n<tr>\n<td valign=\"top\" width=\"100\">02.04.2003<\/td>\n<td align=\"right\" valign=\"top\" width=\"60\">77 KB<\/td>\n<td align=\"left\"><a target=\"_blank\" href=\"http:\/\/www.lignoplan.com\/vih\/pdfs\/2_4_03.PDF\">Leserbrief zu dem Main-Echo Artikel vom 28.3.03 \u00fcber die Rechtsexpertise<\/a><\/td>\n<\/tr>\n<tr>\n<td valign=\"top\" width=\"100\">10.10.2002<\/td>\n<td align=\"right\" valign=\"top\" width=\"60\">32 KB<\/td>\n<td align=\"left\"><a target=\"_blank\" href=\"http:\/\/www.lignoplan.com\/vih\/pdfs\/10_10.pdf\">Leserbrief anl\u00e4\u00dflich der These des MDL Kaul Bayern sei Spitze im Umweltschutz<\/a><\/td>\n<\/tr>\n<tr>\n<td valign=\"top\" width=\"100\">18.10.2002<\/td>\n<td align=\"right\" valign=\"top\" width=\"60\">1231 KB<\/td>\n<td align=\"left\"><a target=\"_blank\" href=\"http:\/\/www.lignoplan.com\/vih\/pdfs\/Baumann1.pdf\">Reaktion auf den Leserbrief vom 10.10.02 eines Mein-Echo Lesers. Der nachfolgende Antwortbrief konnte nicht zugestellt werden, da offensichtlich der Name oder die Adresse des Absenders falsch angegeben war<\/a><\/td>\n<\/tr>\n<tr>\n<td valign=\"top\" width=\"100\">28.10.2002<\/td>\n<td align=\"right\" valign=\"top\" width=\"60\">125 KB<\/td>\n<td align=\"left\"><a target=\"_blank\" href=\"http:\/\/www.lignoplan.com\/vih\/pdfs\/baumann.pdf\">Antwort auf vorstehendes Schreiben. Das Schreiben konnte durch die Post nicht zugestellt werden.<\/a><\/td>\n<\/tr>\n<tr>\n<td valign=\"top\" width=\"100\">14.09.2002<\/td>\n<td align=\"right\" valign=\"top\" width=\"60\">5 KB<\/td>\n<td align=\"left\"><a target=\"_blank\" href=\"http:\/\/www.lignoplan.com\/vih\/pdfs\/14_9.pdf\" target=\"_self\">Leserbrief anl\u00e4\u00dflich der Marktgemeinderatssitzung, in der die \u00fcberschrittenen Schadstoffgrenzwerte festgestellt wurden <\/a><\/td>\n<\/tr>\n<\/tbody>\n<\/table>\n<\/li>\n<li>H\u00f6sbacher Nachrichten<br \/>\n<table>\n<tbody>\n<tr>\n<td valign=\"top\" width=\"100\">KW49 2002<\/td>\n<td align=\"right\" valign=\"top\" width=\"60\">10 KB<\/td>\n<td align=\"left\"><a target=\"_blank\" href=\"http:\/\/www.lignoplan.com\/vih\/pdfs\/bilz3_12.PDF\">Geplante Ver\u00f6ffentlichung in den H\u00f6sbacher Nachrichten<\/a><\/td>\n<\/tr>\n<tr>\n<td valign=\"top\" width=\"100\">KW45 2002<\/td>\n<td align=\"right\" valign=\"top\" width=\"60\">47 KB<\/td>\n<td align=\"left\"><a target=\"_blank\" href=\"http:\/\/www.lignoplan.com\/vih\/pdfs\/bilz5_11.pdf\">Diese Ver\u00f6ffentlchung wurde durch die Gemeindeverwaltung verhindert, da sie nicht den Redaktionsrichtlinien entsprach. Die angegebenen Links der Abgeordnteten und Beh\u00f6rdernvertreter in dem PDF -Dokument sind aktiviert, d.h. durch Anklicken k\u00f6nnen Sie Ihre Meinung auf direktem Weg per email loswerden<\/a><\/td>\n<\/tr>\n<tr>\n<td valign=\"top\" width=\"100\">KW43 2002<\/td>\n<td align=\"right\" valign=\"top\" width=\"60\">14 KB<\/td>\n<td align=\"left\"><a target=\"_blank\" href=\"http:\/\/www.lignoplan.com\/vih\/pdfs\/bilz9_10.pdf\">Unsere Ver\u00f6ffentlichung aus den H\u00f6sbacher Nachrichten<\/a><\/td>\n<\/tr>\n<\/tbody>\n<\/table>\n<\/li>\n<li>S\u00fcddeutsche Zeitung<br \/>\n<table>\n<tbody>\n<tr>\n<td valign=\"top\" width=\"100\">KW 1 2005<\/td>\n<td align=\"right\" valign=\"top\" width=\"60\">279 KB<\/td>\n<td align=\"left\"><a target=\"_blank\" href=\"http:\/\/www.lignoplan.com\/vih\/bilder\/sz.jpg\" target=\"_blank\">Artikel vom 22.12.2004 \u00fcber die Einhausung<\/a><\/td>\n<\/tr>\n<\/tbody>\n<\/table>\n<\/li>\n<li>N\u00fcrnberger Nachrichten<br \/>\n<table>\n<tbody>\n<tr>\n<td valign=\"top\" width=\"100\">KW 6 2005<\/td>\n<td align=\"right\" valign=\"top\" width=\"60\">148 KB<\/td>\n<td align=\"left\"><a target=\"_blank\" href=\"http:\/\/www.lignoplan.com\/vih\/bilder\/nn.jpg\" target=\"_blank\">Artikel vom 1.2.2005 \u00fcber die Einhausung<\/a><\/td>\n<td><\/td>\n<\/tr>\n<\/tbody>\n<\/table>\n<\/li>\n","protected":false},"excerpt":{"rendered":"<p>Tweet Main Echo 15.12.2004 8 KB Leserbrief zu Main-Echo Artikel 25.06.2003 90 KB Offener Brief wegen der j\u00fcngsten Autobahnsperrung (bisher durch das Main-Echo leider noch nicht ver\u00f6ffentlicht) 02.04.2003 77 KB Leserbrief zu dem Main-Echo Artikel vom 28.3.03 \u00fcber die Rechtsexpertise 10.10.2002 32 KB Leserbrief anl\u00e4\u00dflich der These des MDL Kaul Bayern sei Spitze im Umweltschutz &hellip; <a href=\"https:\/\/lignoplan.com\/wordpress_7\/presse\/\" class=\"more-link\"><span class=\"screen-reader-text\">Presse<\/span> weiterlesen <span class=\"meta-nav\">&rarr;<\/span><\/a><\/p>\n","protected":false},"author":2,"featured_media":0,"parent":0,"menu_order":0,"comment_status":"closed","ping_status":"closed","template":"","meta":{"ngg_post_thumbnail":0,"footnotes":""},"class_list":["post-734","page","type-page","status-publish","hentry"],"_links":{"self":[{"href":"https:\/\/lignoplan.com\/wordpress_7\/wp-json\/wp\/v2\/pages\/734","targetHints":{"allow":["GET"]}}],"collection":[{"href":"https:\/\/lignoplan.com\/wordpress_7\/wp-json\/wp\/v2\/pages"}],"about":[{"href":"https:\/\/lignoplan.com\/wordpress_7\/wp-json\/wp\/v2\/types\/page"}],"author":[{"embeddable":true,"href":"https:\/\/lignoplan.com\/wordpress_7\/wp-json\/wp\/v2\/users\/2"}],"replies":[{"embeddable":true,"href":"https:\/\/lignoplan.com\/wordpress_7\/wp-json\/wp\/v2\/comments?post=734"}],"version-history":[{"count":0,"href":"https:\/\/lignoplan.com\/wordpress_7\/wp-json\/wp\/v2\/pages\/734\/revisions"}],"wp:attachment":[{"href":"https:\/\/lignoplan.com\/wordpress_7\/wp-json\/wp\/v2\/media?parent=734"}],"curies":[{"name":"wp","href":"https:\/\/api.w.org\/{rel}","templated":true}]}}