{"id":722,"date":"2015-02-21T18:20:09","date_gmt":"2015-02-21T17:20:09","guid":{"rendered":"http:\/\/vihoesbach.bplaced.net\/wordpress\/?page_id=722"},"modified":"2015-02-21T18:20:09","modified_gmt":"2015-02-21T17:20:09","slug":"vih","status":"publish","type":"page","link":"https:\/\/lignoplan.com\/wordpress_7\/vih\/","title":{"rendered":"VIH"},"content":{"rendered":"<p><a href=\"http:\/\/twitter.com\/share?url=https%3A%2F%2Flignoplan.com%2Fwordpress_7%2Fvih%2F&amp;count=none&amp;lang=de&amp;via=https%3A%2F%2Ftwitter.com%2Fvihinfo&amp;related=vihinfo:Verkehrs-Initiative+H%C3%B6sbach&amp;text=VIH - VI H\u00f6sbach e.V.\" class=\"twitter-share-button\">Tweet<\/a><\/p><ul>\n<li>Satzung<br \/>\n<table>\n<tbody>\n<tr>\n<td valign=\"top\" width=\"100\">28.01.2004<\/td>\n<td align=\"right\" valign=\"top\" width=\"60\">17 KB<\/td>\n<td align=\"left\"><a href=\"http:\/\/www.lignoplan.com\/vih\/pdfs\/Satzung.pdf\" target=\"_blank\">Originaltext der Satzung der VIH<\/a><\/td>\n<\/tr>\n<\/tbody>\n<\/table>\n<\/li>\n<\/ul>\n<ul>\n<li>Flyer<br \/>\n<table>\n<tbody>\n<tr>\n<td valign=\"top\" width=\"100\">28.01.2004<\/td>\n<td align=\"right\" valign=\"top\" width=\"60\">47 KB<\/td>\n<td align=\"left\"><a href=\"http:\/\/www.lignoplan.com\/vih\/pdfs\/flyer.pdf\" target=\"_blank\">Flyer zu den Zielen der VIH<\/a><\/td>\n<\/tr>\n<\/tbody>\n<\/table>\n<\/li>\n<\/ul>\n<ul>\n<li>Beitrittserkl\u00e4rung<br \/>\n<table>\n<tbody>\n<tr>\n<td valign=\"top\" width=\"100\">28.01.2004<\/td>\n<td align=\"right\" valign=\"top\" width=\"60\">23 KB<\/td>\n<td align=\"left\"><a href=\"http:\/\/www.lignoplan.com\/vih\/pdfs\/beitritt.pdf\" target=\"_blank\">Beitrittserkl\u00e4rung zur VIH<\/a><\/td>\n<\/tr>\n<tr>\n<td valign=\"top\" width=\"100\">30.10.2014<\/td>\n<td align=\"right\" valign=\"top\" width=\"60\">240 KB<\/td>\n<td align=\"left\"><a href=\"http:\/\/www.lignoplan.com\/vih\/pdfs\/vih_sepa.pdf\" target=\"_blank\">Sepa Einzugserm\u00e4chtigung<\/a><\/td>\n<\/tr>\n<\/tbody>\n<\/table>\n<\/li>\n<\/ul>\n<ul>\n<li>VIH-Plakate<br \/>\n<table>\n<tbody>\n<tr>\n<td valign=\"top\" width=\"100\">28.09.2007<\/td>\n<td align=\"right\" valign=\"top\" width=\"60\">254 KB<\/td>\n<td align=\"left\"><a href=\"http:\/\/www.lignoplan.com\/vih\/pdfs\/plakatflyer_farbig.pdf\" target=\"_blank\">Plakatflyer<\/a><\/td>\n<\/tr>\n<tr>\n<td valign=\"top\" width=\"100\">28.09.2007<\/td>\n<td align=\"right\" valign=\"top\" width=\"60\">493 KB<\/td>\n<td align=\"left\"><a href=\"http:\/\/www.lignoplan.com\/vih\/pdfs\/p001.pdf\" target=\"_blank\">Plakat No 1<\/a><\/td>\n<\/tr>\n<tr>\n<td valign=\"top\" width=\"100\">28.09.2007<\/td>\n<td align=\"right\" valign=\"top\" width=\"60\">493 KB<\/td>\n<td align=\"left\"><a href=\"http:\/\/www.lignoplan.com\/vih\/pdfs\/p002.pdf\" target=\"_blank\">Plakat No 2<\/a><\/td>\n<\/tr>\n<tr>\n<td valign=\"top\" width=\"100\">28.09.2007<\/td>\n<td align=\"right\" valign=\"top\" width=\"60\">493 KB<\/td>\n<td align=\"left\"><a href=\"http:\/\/www.lignoplan.com\/vih\/pdfs\/p003.pdf\" target=\"_blank\">Plakat No 3<\/a><\/td>\n<\/tr>\n<tr>\n<td valign=\"top\" width=\"100\">28.09.2007<\/td>\n<td align=\"right\" valign=\"top\" width=\"60\">493 KB<\/td>\n<td align=\"left\"><a href=\"http:\/\/www.lignoplan.com\/vih\/pdfs\/p004.pdf\" target=\"_blank\">Plakat No 4<\/a><\/td>\n<\/tr>\n<tr>\n<td valign=\"top\" width=\"100\">28.09.2007<\/td>\n<td align=\"right\" valign=\"top\" width=\"60\">493 KB<\/td>\n<td align=\"left\"><a href=\"http:\/\/www.lignoplan.com\/vih\/pdfs\/p005.pdf\" target=\"_blank\">Plakat No 5<\/a><\/td>\n<\/tr>\n<tr>\n<td valign=\"top\" width=\"100\">28.09.2007<\/td>\n<td align=\"right\" valign=\"top\" width=\"60\">493 KB<\/td>\n<td align=\"left\"><a href=\"http:\/\/www.lignoplan.com\/vih\/pdfs\/p006.pdf\" target=\"_blank\">Plakat No 6<\/a><\/td>\n<\/tr>\n<tr>\n<td valign=\"top\" width=\"100\">28.09.2007<\/td>\n<td align=\"right\" valign=\"top\" width=\"60\">493 KB<\/td>\n<td align=\"left\"><a href=\"http:\/\/www.lignoplan.com\/vih\/pdfs\/p007.pdf\" target=\"_blank\">Plakat No 7<\/a><\/td>\n<\/tr>\n<tr>\n<td valign=\"top\" width=\"100\">28.09.2007<\/td>\n<td align=\"right\" valign=\"top\" width=\"60\">493 KB<\/td>\n<td align=\"left\"><a href=\"http:\/\/www.lignoplan.com\/vih\/pdfs\/p008.pdf\" target=\"_blank\">Plakat No 8<\/a><\/td>\n<\/tr>\n<tr>\n<td valign=\"top\" width=\"100\">28.09.2007<\/td>\n<td align=\"right\" valign=\"top\" width=\"60\">493 KB<\/td>\n<td align=\"left\"><a href=\"http:\/\/www.lignoplan.com\/vih\/pdfs\/p009.pdf\" target=\"_blank\">Plakat No 9<\/a><\/td>\n<\/tr>\n<tr>\n<td valign=\"top\" width=\"100\">28.09.2007<\/td>\n<td align=\"right\" valign=\"top\" width=\"60\">493 KB<\/td>\n<td align=\"left\"><a href=\"http:\/\/www.lignoplan.com\/vih\/pdfs\/p010.pdf\" target=\"_blank\">Plakat No 10<\/a><\/td>\n<\/tr>\n<tr>\n<td valign=\"top\" width=\"100\">28.09.2007<\/td>\n<td align=\"right\" valign=\"top\" width=\"60\">493 KB<\/td>\n<td align=\"left\"><a href=\"http:\/\/www.lignoplan.com\/vih\/pdfs\/p011.pdf\" target=\"_blank\">Plakat No 11<\/a><\/td>\n<\/tr>\n<tr>\n<td valign=\"top\" width=\"100\">28.09.2007<\/td>\n<td align=\"right\" valign=\"top\" width=\"60\">493 KB<\/td>\n<td align=\"left\"><a href=\"http:\/\/www.lignoplan.com\/vih\/pdfs\/p012.pdf\" target=\"_blank\">Plakat No 12<\/a><\/td>\n<\/tr>\n<tr>\n<td valign=\"top\" width=\"100\">28.09.2007<\/td>\n<td align=\"right\" valign=\"top\" width=\"60\">493 KB<\/td>\n<td align=\"left\"><a href=\"http:\/\/www.lignoplan.com\/vih\/pdfs\/p013.pdf\" target=\"_blank\">Plakat No 13<\/a><\/td>\n<\/tr>\n<tr>\n<td valign=\"top\" width=\"100\">28.09.2007<\/td>\n<td align=\"right\" valign=\"top\" width=\"60\">493 KB<\/td>\n<td align=\"left\"><a href=\"http:\/\/www.lignoplan.com\/vih\/pdfs\/p014.pdf\" target=\"_blank\">Plakat No 14<\/a><\/td>\n<\/tr>\n<tr>\n<td valign=\"top\" width=\"100\">28.09.2007<\/td>\n<td align=\"right\" valign=\"top\" width=\"60\">493 KB<\/td>\n<td align=\"left\"><a href=\"http:\/\/www.lignoplan.com\/vih\/pdfs\/p015.pdf\" target=\"_blank\">Plakat No 15<\/a><\/td>\n<\/tr>\n<tr>\n<td valign=\"top\" width=\"100\">28.09.2007<\/td>\n<td align=\"right\" valign=\"top\" width=\"60\">493 KB<\/td>\n<td align=\"left\"><a href=\"http:\/\/www.lignoplan.com\/vih\/pdfs\/p016.pdf\" target=\"_blank\">Plakat No 16<\/a><\/td>\n<\/tr>\n<tr>\n<td valign=\"top\" width=\"100\">28.09.2007<\/td>\n<td align=\"right\" valign=\"top\" width=\"60\">493 KB<\/td>\n<td align=\"left\"><a href=\"http:\/\/www.lignoplan.com\/vih\/pdfs\/p017.pdf\" target=\"_blank\">Plakat No 18<\/a><\/td>\n<\/tr>\n<tr>\n<td valign=\"top\" width=\"100\">28.09.2007<\/td>\n<td align=\"right\" valign=\"top\" width=\"60\">493 KB<\/td>\n<td align=\"left\"><a href=\"http:\/\/www.lignoplan.com\/vih\/pdfs\/p019.pdf\" target=\"_blank\">Plakat No 19<\/a><\/td>\n<\/tr>\n<tr>\n<td valign=\"top\" width=\"100\">28.09.2007<\/td>\n<td align=\"right\" valign=\"top\" width=\"60\">493 KB<\/td>\n<td align=\"left\"><a href=\"http:\/\/www.lignoplan.com\/vih\/pdfs\/p020.pdf\" target=\"_blank\">Plakat No 20<\/a><\/td>\n<\/tr>\n<\/tbody>\n<\/table>\n<\/li>\n<\/ul>\n","protected":false},"excerpt":{"rendered":"<p>Tweet Satzung 28.01.2004 17 KB Originaltext der Satzung der VIH Flyer 28.01.2004 47 KB Flyer zu den Zielen der VIH Beitrittserkl\u00e4rung 28.01.2004 23 KB Beitrittserkl\u00e4rung zur VIH 30.10.2014 240 KB Sepa Einzugserm\u00e4chtigung VIH-Plakate 28.09.2007 254 KB Plakatflyer 28.09.2007 493 KB Plakat No 1 28.09.2007 493 KB Plakat No 2 28.09.2007 493 KB Plakat No 3 &hellip; <a href=\"https:\/\/lignoplan.com\/wordpress_7\/vih\/\" class=\"more-link\"><span class=\"screen-reader-text\">VIH<\/span> weiterlesen <span class=\"meta-nav\">&rarr;<\/span><\/a><\/p>\n","protected":false},"author":2,"featured_media":0,"parent":0,"menu_order":0,"comment_status":"closed","ping_status":"closed","template":"","meta":{"ngg_post_thumbnail":0,"footnotes":""},"class_list":["post-722","page","type-page","status-publish","hentry"],"_links":{"self":[{"href":"https:\/\/lignoplan.com\/wordpress_7\/wp-json\/wp\/v2\/pages\/722","targetHints":{"allow":["GET"]}}],"collection":[{"href":"https:\/\/lignoplan.com\/wordpress_7\/wp-json\/wp\/v2\/pages"}],"about":[{"href":"https:\/\/lignoplan.com\/wordpress_7\/wp-json\/wp\/v2\/types\/page"}],"author":[{"embeddable":true,"href":"https:\/\/lignoplan.com\/wordpress_7\/wp-json\/wp\/v2\/users\/2"}],"replies":[{"embeddable":true,"href":"https:\/\/lignoplan.com\/wordpress_7\/wp-json\/wp\/v2\/comments?post=722"}],"version-history":[{"count":0,"href":"https:\/\/lignoplan.com\/wordpress_7\/wp-json\/wp\/v2\/pages\/722\/revisions"}],"wp:attachment":[{"href":"https:\/\/lignoplan.com\/wordpress_7\/wp-json\/wp\/v2\/media?parent=722"}],"curies":[{"name":"wp","href":"https:\/\/api.w.org\/{rel}","templated":true}]}}