{"id":670,"date":"2015-02-20T14:24:31","date_gmt":"2015-02-20T13:24:31","guid":{"rendered":"http:\/\/vihoesbach.bplaced.net\/wordpress\/?page_id=670"},"modified":"2015-02-20T14:24:31","modified_gmt":"2015-02-20T13:24:31","slug":"bilder-4","status":"publish","type":"page","link":"https:\/\/lignoplan.com\/wordpress_7\/bilder-4\/","title":{"rendered":"Bilder"},"content":{"rendered":"<p><a href=\"http:\/\/twitter.com\/share?url=https%3A%2F%2Flignoplan.com%2Fwordpress_7%2Fbilder-4%2F&amp;count=none&amp;lang=de&amp;via=https%3A%2F%2Ftwitter.com%2Fvihinfo&amp;related=vihinfo:Verkehrs-Initiative+H%C3%B6sbach&amp;text=Bilder - VI H\u00f6sbach e.V.\" class=\"twitter-share-button\">Tweet<\/a><\/p><p>Einige Beispiele aus dem H\u00f6sbacher Verkehrsgeschehen (Bilderserie im Men\u00fc ausw\u00e4hlen)<\/p>\n","protected":false},"excerpt":{"rendered":"<p>TweetEinige Beispiele aus dem H\u00f6sbacher Verkehrsgeschehen (Bilderserie im Men\u00fc ausw\u00e4hlen)<\/p>\n","protected":false},"author":2,"featured_media":0,"parent":0,"menu_order":0,"comment_status":"closed","ping_status":"closed","template":"","meta":{"ngg_post_thumbnail":0,"footnotes":""},"class_list":["post-670","page","type-page","status-publish","hentry"],"_links":{"self":[{"href":"https:\/\/lignoplan.com\/wordpress_7\/wp-json\/wp\/v2\/pages\/670","targetHints":{"allow":["GET"]}}],"collection":[{"href":"https:\/\/lignoplan.com\/wordpress_7\/wp-json\/wp\/v2\/pages"}],"about":[{"href":"https:\/\/lignoplan.com\/wordpress_7\/wp-json\/wp\/v2\/types\/page"}],"author":[{"embeddable":true,"href":"https:\/\/lignoplan.com\/wordpress_7\/wp-json\/wp\/v2\/users\/2"}],"replies":[{"embeddable":true,"href":"https:\/\/lignoplan.com\/wordpress_7\/wp-json\/wp\/v2\/comments?post=670"}],"version-history":[{"count":1,"href":"https:\/\/lignoplan.com\/wordpress_7\/wp-json\/wp\/v2\/pages\/670\/revisions"}],"predecessor-version":[{"id":10343,"href":"https:\/\/lignoplan.com\/wordpress_7\/wp-json\/wp\/v2\/pages\/670\/revisions\/10343"}],"wp:attachment":[{"href":"https:\/\/lignoplan.com\/wordpress_7\/wp-json\/wp\/v2\/media?parent=670"}],"curies":[{"name":"wp","href":"https:\/\/api.w.org\/{rel}","templated":true}]}}