{"id":632,"date":"2015-02-20T13:01:43","date_gmt":"2015-02-20T12:01:43","guid":{"rendered":"http:\/\/vihoesbach.bplaced.net\/wordpress\/?page_id=632"},"modified":"2015-06-07T10:08:57","modified_gmt":"2015-06-07T10:08:57","slug":"start","status":"publish","type":"page","link":"https:\/\/lignoplan.com\/wordpress_7\/start\/","title":{"rendered":"VIH"},"content":{"rendered":"<p><a href=\"http:\/\/twitter.com\/share?url=https%3A%2F%2Flignoplan.com%2Fwordpress_7%2Fstart%2F&amp;count=none&amp;lang=de&amp;via=https%3A%2F%2Ftwitter.com%2Fvihinfo&amp;related=vihinfo:Verkehrs-Initiative+H%C3%B6sbach&amp;text=VIH - VI H\u00f6sbach e.V.\" class=\"twitter-share-button\">Tweet<\/a><\/p><p><strong><span style=\"color: #000080;\">Die Verkehrsinitiative H\u00f6sbach e.V. versteht sich als eine Vereinigung engagierter B\u00fcrgerinnen und B\u00fcrger, die zur Verbesserung der Verkehrsverh\u00e4ltnisse im Markt H\u00f6sbach inklusive der Ortsteile einen wesentlichen Beitrag leisten und einen lebenswerten Ort mitgestalten wollen. Seit 2003 setzen wir uns f\u00fcr folgende Ziele ein:<\/span><\/strong><\/p>\n<ul>\n<li>Einhaltung der gesetzlichen Grenzwerte f\u00fcr Luftschadstoffe in allen Ortsteilen H\u00f6sbachs<\/li>\n<li>Wirksame Ma\u00dfnahmen zur Senkung der verkehrsbedingten L\u00e4rmemissionen in allen Ortsteilen H\u00f6sbachs<\/li>\n<li>Wirksame Ma\u00dfnahmen zur Vermeidung verkehrsbedingter Ersch\u00fctterungen in allen Ortsteilen H\u00f6sbachs<\/li>\n<li>Verkehrssicherheit nicht nur f\u00fcr PKWs und LKWs, sondern auch f\u00fcr Fu\u00dfg\u00e4nger und Radfahrer in allen Ortsteilen H\u00f6sbachs<\/li>\n<li>Ortsplanung die den Namen verdient und keine Durchfahrtstra\u00dfen in Wohngebieten zul\u00e4\u00dft<\/li>\n<\/ul>\n<p><strong><span style=\"color: #000080;\">Unsere Forderungen<\/span><\/strong><\/p>\n<ul>\n<li>Durchfahrtverbot f\u00fcr LKWs innerhalb H\u00f6sbachs<\/li>\n<li>Verkehrslenkende Ma\u00dfnahmen zur Entlastung H\u00f6sbachs vom Durchgangsverkehr<\/li>\n<li>Tempo 30 im Bereich der Wohnbebauung in der Hauptstra\u00dfe<\/li>\n<li>Erstellung eines umfasssenden Verkehrskonzeptes<\/li>\n<li>Umsetzung des integrierten st\u00e4dtebaulichen Entwicklungskonzepts<\/li>\n<\/ul>\n<p>&nbsp;<\/p>\n","protected":false},"excerpt":{"rendered":"<p>TweetDie Verkehrsinitiative H\u00f6sbach e.V. versteht sich als eine Vereinigung engagierter B\u00fcrgerinnen und B\u00fcrger, die zur Verbesserung der Verkehrsverh\u00e4ltnisse im Markt H\u00f6sbach inklusive der Ortsteile einen wesentlichen Beitrag leisten und einen lebenswerten Ort mitgestalten wollen. Seit 2003 setzen wir uns f\u00fcr folgende Ziele ein: Einhaltung der gesetzlichen Grenzwerte f\u00fcr Luftschadstoffe in allen Ortsteilen H\u00f6sbachs Wirksame Ma\u00dfnahmen &hellip; <a href=\"https:\/\/lignoplan.com\/wordpress_7\/start\/\" class=\"more-link\"><span class=\"screen-reader-text\">VIH<\/span> weiterlesen <span class=\"meta-nav\">&rarr;<\/span><\/a><\/p>\n","protected":false},"author":2,"featured_media":0,"parent":0,"menu_order":0,"comment_status":"closed","ping_status":"closed","template":"","meta":{"ngg_post_thumbnail":0,"footnotes":""},"class_list":["post-632","page","type-page","status-publish","hentry"],"_links":{"self":[{"href":"https:\/\/lignoplan.com\/wordpress_7\/wp-json\/wp\/v2\/pages\/632","targetHints":{"allow":["GET"]}}],"collection":[{"href":"https:\/\/lignoplan.com\/wordpress_7\/wp-json\/wp\/v2\/pages"}],"about":[{"href":"https:\/\/lignoplan.com\/wordpress_7\/wp-json\/wp\/v2\/types\/page"}],"author":[{"embeddable":true,"href":"https:\/\/lignoplan.com\/wordpress_7\/wp-json\/wp\/v2\/users\/2"}],"replies":[{"embeddable":true,"href":"https:\/\/lignoplan.com\/wordpress_7\/wp-json\/wp\/v2\/comments?post=632"}],"version-history":[{"count":3,"href":"https:\/\/lignoplan.com\/wordpress_7\/wp-json\/wp\/v2\/pages\/632\/revisions"}],"predecessor-version":[{"id":2241,"href":"https:\/\/lignoplan.com\/wordpress_7\/wp-json\/wp\/v2\/pages\/632\/revisions\/2241"}],"wp:attachment":[{"href":"https:\/\/lignoplan.com\/wordpress_7\/wp-json\/wp\/v2\/media?parent=632"}],"curies":[{"name":"wp","href":"https:\/\/api.w.org\/{rel}","templated":true}]}}