{"id":3839,"date":"2017-09-17T18:42:51","date_gmt":"2017-09-17T16:42:51","guid":{"rendered":"http:\/\/lignoplan.com\/wordpress_7\/?page_id=3839"},"modified":"2021-01-03T21:46:04","modified_gmt":"2021-01-03T19:46:04","slug":"feinstaubarchiv","status":"publish","type":"page","link":"https:\/\/lignoplan.com\/wordpress_7\/feinstaubarchiv\/","title":{"rendered":"Feinstaubdaten"},"content":{"rendered":"<p><a href=\"http:\/\/twitter.com\/share?url=https%3A%2F%2Flignoplan.com%2Fwordpress_7%2Ffeinstaubarchiv%2F&amp;count=none&amp;lang=de&amp;via=https%3A%2F%2Ftwitter.com%2Fvihinfo&amp;related=vihinfo:Verkehrs-Initiative+H%C3%B6sbach&amp;text=Feinstaubdaten - VI H\u00f6sbach e.V.\" class=\"twitter-share-button\">Tweet<\/a><\/p>\n<h4 class=\"wp-block-heading\">Hauptstra\u00dfe West (zus\u00e4tzlich mit Verkehrsdaten)<\/h4>\n\n\n\n<figure class=\"wp-block-table\"><table><tbody><tr><td><\/td><td><strong><a href=\"https:\/\/lignoplan.com\/wordpress_7\/wp-content\/uploads\/2018\/02\/Feinstaub_Verkehr_01_18.jpg\">Jan 2018<\/a><\/strong><\/td><td><a href=\"https:\/\/lignoplan.com\/wordpress_7\/wp-content\/uploads\/2019\/03\/Feinstaub_Verkehr_01_19.jpg\"><strong>Jan 2019<\/strong><\/a><\/td><td><a href=\"https:\/\/lignoplan.com\/wordpress_7\/wp-content\/uploads\/2021\/01\/Feinstaub_Verkehr_01_20.jpg\"><strong>Jan 2020<\/strong><\/a><\/td><\/tr><tr><td><\/td><td><strong><a href=\"https:\/\/lignoplan.com\/wordpress_7\/wp-content\/uploads\/2018\/03\/Feinstaub_Verkehr_02_18.jpg\">Feb 2018<\/a><\/strong> <\/td><td><a href=\"https:\/\/lignoplan.com\/wordpress_7\/wp-content\/uploads\/2019\/03\/Feinstaub_Verkehr_02_19.jpg\"><strong>Feb 2019<\/strong><\/a><\/td><td><a href=\"https:\/\/lignoplan.com\/wordpress_7\/wp-content\/uploads\/2021\/01\/Feinstaub_Verkehr_02_20.jpg\"><strong>Feb 2020<\/strong><\/a><\/td><\/tr><tr><td><\/td><td><strong><a href=\"https:\/\/lignoplan.com\/wordpress_7\/wp-content\/uploads\/2018\/04\/Feinstaub_Verkehr_03_18.jpg\">M\u00e4r 2018<\/a><\/strong> <\/td><td> <a href=\"https:\/\/lignoplan.com\/wordpress_7\/wp-content\/uploads\/2019\/12\/Feinstaub_Verkehr_03_19.jpg\"><strong>M\u00e4r 2019<\/strong><\/a> <\/td><td><a href=\"https:\/\/lignoplan.com\/wordpress_7\/wp-content\/uploads\/2021\/01\/Feinstaub_Verkehr_03_20.jpg\"><strong>M\u00e4r 2020<\/strong><\/a><\/td><\/tr><tr><td><\/td><td><strong><a href=\"https:\/\/lignoplan.com\/wordpress_7\/wp-content\/uploads\/2018\/05\/Feinstaub_Verkehr_04_18.jpg\">Apr 2018<\/a><\/strong> <\/td><td> <a href=\"https:\/\/lignoplan.com\/wordpress_7\/wp-content\/uploads\/2019\/12\/Feinstaub_Verkehr_04_19.jpg\"><strong>Apr 2019<\/strong><\/a> <\/td><td><a href=\"https:\/\/lignoplan.com\/wordpress_7\/wp-content\/uploads\/2021\/01\/Feinstaub_Verkehr_04_20.jpg\"><strong>Apr 2020<\/strong><\/a><\/td><\/tr><tr><td><\/td><td> <strong><a href=\"https:\/\/lignoplan.com\/wordpress_7\/wp-content\/uploads\/2018\/06\/Feinstaub_Verkehr_05_18.jpg\">Mai 2018<\/a><\/strong> <\/td><td> <a href=\"https:\/\/lignoplan.com\/wordpress_7\/wp-content\/uploads\/2019\/12\/Feinstaub_Verkehr_05_19.jpg\"><strong>Mai 2019<\/strong><\/a> <\/td><td><a href=\"https:\/\/lignoplan.com\/wordpress_7\/wp-content\/uploads\/2021\/01\/Feinstaub_Verkehr_05_20.jpg\" data-type=\"URL\"><strong>Mai 2020<\/strong><\/a><\/td><\/tr><tr><td><\/td><td><strong><a href=\"https:\/\/lignoplan.com\/wordpress_7\/wp-content\/uploads\/2018\/07\/Feinstaub_Verkehr_06_18.jpg\">Jun 2018<\/a><\/strong> <\/td><td> <a href=\"https:\/\/lignoplan.com\/wordpress_7\/wp-content\/uploads\/2019\/12\/Feinstaub_Verkehr_06_19.jpg\"><strong>Jun 2019<\/strong><\/a> <\/td><td><a href=\"https:\/\/lignoplan.com\/wordpress_7\/wp-content\/uploads\/2021\/01\/Feinstaub_Verkehr_06_20.jpg\"><strong>Jun 2020<\/strong><\/a><\/td><\/tr><tr><td><\/td><td><strong><a href=\"https:\/\/lignoplan.com\/wordpress_7\/wp-content\/uploads\/2018\/10\/Feinstaub_Verkehr_07_18.jpg\">Jul 2018<\/a><\/strong> <\/td><td> <a href=\"https:\/\/lignoplan.com\/wordpress_7\/wp-content\/uploads\/2019\/12\/Feinstaub_Verkehr_07_19.jpg\"><strong>Jul 2019<\/strong><\/a> <\/td><td><a href=\"https:\/\/lignoplan.com\/wordpress_7\/wp-content\/uploads\/2021\/01\/Feinstaub_Verkehr_07_20.jpg\"><strong>Jul 2020<\/strong><\/a><\/td><\/tr><tr><td><\/td><td><strong><a href=\"https:\/\/lignoplan.com\/wordpress_7\/wp-content\/uploads\/2018\/10\/Feinstaub_Verkehr_08_18.jpg\">Aug 2018<\/a><\/strong> <\/td><td> <a href=\"https:\/\/lignoplan.com\/wordpress_7\/wp-content\/uploads\/2019\/12\/Feinstaub_Verkehr_08_19.jpg\"><strong>Aug 2019<\/strong><\/a> <\/td><td><a href=\"https:\/\/lignoplan.com\/wordpress_7\/wp-content\/uploads\/2021\/01\/Feinstaub_Verkehr_08_20.jpg\"><strong>Aug 2020<\/strong><\/a><\/td><\/tr><tr><td><strong><a href=\"https:\/\/lignoplan.com\/wordpress_7\/wp-content\/uploads\/2017\/12\/Feinstaub_Verkehr_09_17.jpg\">Sep 2017<\/a><\/strong><a href=\"https:\/\/lignoplan.com\/wordpress_7\/wp-content\/uploads\/2017\/12\/Feinstaub_Verkehr_09_17.jpg\"> <\/a><\/td><td><strong><a href=\"https:\/\/lignoplan.com\/wordpress_7\/wp-content\/uploads\/2018\/10\/Feinstaub_Verkehr_09_18.jpg\">Sep 2018<\/a><\/strong> <\/td><td> <a href=\"https:\/\/lignoplan.com\/wordpress_7\/wp-content\/uploads\/2019\/12\/Feinstaub_Verkehr_09_19.jpg\"><strong>Sep 2019<\/strong><\/a> <\/td><td><a href=\"https:\/\/lignoplan.com\/wordpress_7\/wp-content\/uploads\/2021\/01\/Feinstaub_Verkehr_09_20.jpg\"><strong>Sep 2020<\/strong><\/a><\/td><\/tr><tr><td><strong><a href=\"https:\/\/lignoplan.com\/wordpress_7\/wp-content\/uploads\/2017\/12\/Feinstaub_Verkehr_10_17.jpg\">Okt 2017<\/a><\/strong> <\/td><td><strong><a href=\"https:\/\/lignoplan.com\/wordpress_7\/wp-content\/uploads\/2019\/02\/Feinstaub_Verkehr_10_18.jpg\">Okt 2018<\/a><\/strong>  <\/td><td> <a href=\"https:\/\/lignoplan.com\/wordpress_7\/wp-content\/uploads\/2019\/12\/Feinstaub_Verkehr_10_19.jpg\"><strong>Okt 2019<\/strong><\/a> <\/td><td><a href=\"https:\/\/lignoplan.com\/wordpress_7\/wp-content\/uploads\/2021\/01\/Feinstaub_Verkehr_10_20.jpg\"><strong>Okt 2020<\/strong><\/a><\/td><\/tr><tr><td><strong><a href=\"https:\/\/lignoplan.com\/wordpress_7\/wp-content\/uploads\/2017\/12\/Feinstaub_Verkehr_11_17.jpg\">Nov 2017<\/a><\/strong> <\/td><td><strong><a href=\"https:\/\/lignoplan.com\/wordpress_7\/wp-content\/uploads\/2019\/02\/Feinstaub_Verkehr_11_18.jpg\">Nov 2018<\/a><\/strong>  <\/td><td> <a href=\"https:\/\/lignoplan.com\/wordpress_7\/wp-content\/uploads\/2019\/12\/Feinstaub_Verkehr_11_19.jpg\"><strong>Nov 2019<\/strong><\/a> <\/td><td><a href=\"https:\/\/lignoplan.com\/wordpress_7\/wp-content\/uploads\/2021\/01\/Feinstaub_Verkehr_11_20.jpg\"><strong>Nov 2020<\/strong><\/a><\/td><\/tr><tr><td><strong><a href=\"https:\/\/lignoplan.com\/wordpress_7\/wp-content\/uploads\/2018\/01\/Feinstaub_Verkehr_12_17.jpg\"> Dez 2017<\/a><\/strong> <\/td><td><strong><a href=\"https:\/\/lignoplan.com\/wordpress_7\/wp-content\/uploads\/2019\/02\/Feinstaub_Verkehr_12_18.jpg\">Dez 2018<\/a><\/strong> <\/td><td> <a href=\"https:\/\/lignoplan.com\/wordpress_7\/wp-content\/uploads\/2020\/01\/Feinstaub_Verkehr_12_19.jpg\"><strong>Dez 2019<\/strong><\/a> <\/td><td><a href=\"https:\/\/lignoplan.com\/wordpress_7\/wp-content\/uploads\/2021\/01\/Feinstaub_Verkehr_12_20.jpg\"><strong>Dez 2020<\/strong><\/a><\/td><\/tr><\/tbody><\/table><\/figure>\n\n\n\n<h4 class=\"wp-block-heading\">Hauptstra\u00dfe Friedhof<\/h4>\n\n\n\n<figure class=\"wp-block-table\"><table><tbody><tr><td><strong><a href=\"https:\/\/lignoplan.com\/wordpress_7\/wp-content\/uploads\/2018\/02\/Feinstaub_Verkehr_01_18_Friedhof.jpg\">Jan 2018<\/a><\/strong><a href=\"https:\/\/lignoplan.com\/wordpress_7\/wp-content\/uploads\/2018\/02\/Feinstaub_Verkehr_01_18_Friedhof.jpg\"> <\/a><\/td><td><a href=\"https:\/\/lignoplan.com\/wordpress_7\/wp-content\/uploads\/2019\/03\/Feinstaub_Verkehr_01_19_Friedhof.jpg\"><strong>Jan 2019<\/strong><\/a><\/td><td><\/td><td><\/td><\/tr><tr><td><strong><a href=\"https:\/\/lignoplan.com\/wordpress_7\/wp-content\/uploads\/2018\/03\/Feinstaub_Verkehr_02_18_Friedhof.jpg\">Feb 2018<\/a><\/strong> <\/td><td><a href=\"https:\/\/lignoplan.com\/wordpress_7\/wp-content\/uploads\/2019\/03\/Feinstaub_Verkehr_02_19_Friedhof.jpg\"><strong>Feb 2019<\/strong><\/a><\/td><td><\/td><td><\/td><\/tr><tr><td><strong><a href=\"https:\/\/lignoplan.com\/wordpress_7\/wp-content\/uploads\/2018\/04\/Feinstaub_Verkehr_03_18_Friedhof.jpg\">M\u00e4r 2018<\/a><\/strong> <\/td><td> <strong><a href=\"https:\/\/lignoplan.com\/wordpress_7\/wp-content\/uploads\/2019\/12\/Feinstaub_Verkehr_03_19_Friedhof.jpg\">M\u00e4r 2019<\/a><\/strong><\/td><td><\/td><td><\/td><\/tr><tr><td> <strong><a href=\"https:\/\/lignoplan.com\/wordpress_7\/wp-content\/uploads\/2018\/05\/Feinstaub_Verkehr_04_18_Friedhof.jpg\">Apr  2018<\/a><\/strong> <\/td><td> <a href=\"https:\/\/lignoplan.com\/wordpress_7\/wp-content\/uploads\/2019\/12\/Feinstaub_Verkehr_04_19_Friedhof.jpg\"><strong>Apr 2019<\/strong><\/a> <\/td><td><\/td><td><\/td><\/tr><tr><td><strong><a href=\"https:\/\/lignoplan.com\/wordpress_7\/wp-content\/uploads\/2018\/06\/Feinstaub_Verkehr_05_18_Friedhof.jpg\">Mai 2018<\/a><\/strong> <\/td><td> <a href=\"https:\/\/lignoplan.com\/wordpress_7\/wp-content\/uploads\/2019\/12\/Feinstaub_Verkehr_05_19_Friedhof.jpg\"><strong>Mai 2019<\/strong><\/a> <\/td><td><\/td><td><\/td><\/tr><tr><td> <strong><a href=\"https:\/\/lignoplan.com\/wordpress_7\/wp-content\/uploads\/2018\/07\/Feinstaub_Verkehr_06_18_Friedhof.jpg\">Jun 2018<\/a><\/strong> <\/td><td> <a href=\"https:\/\/lignoplan.com\/wordpress_7\/wp-content\/uploads\/2019\/12\/Feinstaub_Verkehr_06_19_Friedhof.jpg\"><strong>Jun 2019<\/strong><\/a> <\/td><td><\/td><td><\/td><\/tr><tr><td><strong><a href=\"https:\/\/lignoplan.com\/wordpress_7\/wp-content\/uploads\/2018\/10\/Feinstaub_Verkehr_07_18_Friedhof.jpg\">Jul 2018<\/a><\/strong> <\/td><td> <a href=\"https:\/\/lignoplan.com\/wordpress_7\/wp-content\/uploads\/2019\/12\/Feinstaub_Verkehr_07_19_Friedhof.jpg\"><strong>Jul 2019<\/strong><\/a> <\/td><td><\/td><td><\/td><\/tr><tr><td><strong><a href=\"https:\/\/lignoplan.com\/wordpress_7\/wp-content\/uploads\/2018\/10\/Feinstaub_Verkehr_08_18_Friedhof.jpg\">Aug 2018<\/a><\/strong> <\/td><td> <a href=\"https:\/\/lignoplan.com\/wordpress_7\/wp-content\/uploads\/2019\/12\/Feinstaub_Verkehr_08_19_Friedhof.jpg\"><strong>Aug 2019<\/strong><\/a> <\/td><td><\/td><td><\/td><\/tr><tr><td><strong><a href=\"https:\/\/lignoplan.com\/wordpress_7\/wp-content\/uploads\/2018\/10\/Feinstaub_Verkehr_09_18_Friedhof.jpg\">Sep 2018<\/a><\/strong><a href=\"https:\/\/lignoplan.com\/wordpress_7\/wp-content\/uploads\/2018\/10\/Feinstaub_Verkehr_09_18_Friedhof.jpg\"> <\/a><\/td><td> <a href=\"https:\/\/lignoplan.com\/wordpress_7\/wp-content\/uploads\/2019\/12\/Feinstaub_Verkehr_09_19_Friedhof.jpg\"><strong>Sep 2019<\/strong><\/a> <\/td><td><\/td><td><\/td><\/tr><tr><td><strong><a href=\"https:\/\/lignoplan.com\/wordpress_7\/wp-content\/uploads\/2019\/02\/Feinstaub_Verkehr_10_18_Friedhof.jpg\">Okt 2018<\/a><\/strong> <\/td><td> <a href=\"https:\/\/lignoplan.com\/wordpress_7\/wp-content\/uploads\/2019\/12\/Feinstaub_Verkehr_10_19_Friedhof.jpg\"><strong>Okt 2019<\/strong><\/a> <\/td><td><\/td><td><\/td><\/tr><tr><td><strong><a href=\"https:\/\/lignoplan.com\/wordpress_7\/wp-content\/uploads\/2019\/02\/Feinstaub_Verkehr_11_18_Friedhof.jpg\">Nov 2018<\/a><\/strong>  <\/td><td> <a href=\"https:\/\/lignoplan.com\/wordpress_7\/wp-content\/uploads\/2019\/12\/Feinstaub_Verkehr_11_19_Friedhof.jpg\"><strong>Nov 2019<\/strong><\/a> <\/td><td><\/td><td><\/td><\/tr><tr><td><strong><a href=\"https:\/\/lignoplan.com\/wordpress_7\/wp-content\/uploads\/2019\/02\/Feinstaub_Verkehr_12_18_Friedhof.jpg\">Dez 2018<\/a><\/strong>  <\/td><td>  <a href=\"https:\/\/lignoplan.com\/wordpress_7\/wp-content\/uploads\/2020\/01\/Feinstaub_Verkehr_12_19_Friedhof.jpg\"><strong>Dez 2019<\/strong><\/a>  <\/td><td><\/td><td><\/td><\/tr><\/tbody><\/table><\/figure>\n\n\n\n<h4 class=\"wp-block-heading\">Kirchenstra\u00dfe<\/h4>\n\n\n\n<figure class=\"wp-block-table\"><table><tbody><tr><td><\/td><td><a href=\"https:\/\/lignoplan.com\/wordpress_7\/wp-content\/uploads\/2019\/03\/Feinstaub_Verkehr_01_19_Kirchenstr.jpg\">J<strong>an 2019<\/strong><\/a><\/td><td><\/td><\/tr><tr><td><\/td><td><a href=\"https:\/\/lignoplan.com\/wordpress_7\/wp-content\/uploads\/2020\/01\/Feinstaub_Verkehr_02_19_Kirchenstr.jpg\"><strong>Feb 2019<\/strong><\/a><\/td><td><\/td><\/tr><tr><td> <strong><a href=\"https:\/\/lignoplan.com\/wordpress_7\/wp-content\/uploads\/2018\/04\/Feinstaub_Verkehr_03_18_Obstkeller.jpg\">M\u00e4r 2018<\/a><\/strong> <\/td><td> <a href=\"https:\/\/lignoplan.com\/wordpress_7\/wp-content\/uploads\/2020\/01\/Feinstaub_Verkehr_03_19_Kirchenstr.jpg\"><strong>M\u00e4r 2019<\/strong><\/a> <\/td><td><\/td><\/tr><tr><td><strong><a href=\"https:\/\/lignoplan.com\/wordpress_7\/wp-content\/uploads\/2018\/05\/Feinstaub_Verkehr_04_18_Obstkeller.jpg\">Apr 2018<\/a><\/strong> <\/td><td> <a href=\"https:\/\/lignoplan.com\/wordpress_7\/wp-content\/uploads\/2020\/01\/Feinstaub_Verkehr_04_19_Kirchenstr.jpg\"><strong>Apr 2019<\/strong><\/a> <\/td><td><\/td><\/tr><tr><td> <strong><a href=\"https:\/\/lignoplan.com\/wordpress_7\/wp-content\/uploads\/2018\/06\/Feinstaub_Verkehr_05_18_Obstkeller.jpg\">Mai 2018<\/a><\/strong> <\/td><td> <a href=\"https:\/\/lignoplan.com\/wordpress_7\/wp-content\/uploads\/2020\/01\/Feinstaub_Verkehr_05_19_Kirchenstr.jpg\"><strong>Mai  2019<\/strong><\/a> <\/td><td><\/td><\/tr><tr><td> <strong><a href=\"https:\/\/lignoplan.com\/wordpress_7\/wp-content\/uploads\/2018\/07\/Feinstaub_Verkehr_06_18_Obstkeller.jpg\">Jun 2018<\/a><\/strong> <\/td><td> <a href=\"https:\/\/lignoplan.com\/wordpress_7\/wp-content\/uploads\/2020\/01\/Feinstaub_Verkehr_06_19_Kirchenstr.jpg\"><strong>Jun 2019<\/strong><\/a> <\/td><td><\/td><\/tr><tr><td><strong><a href=\"https:\/\/lignoplan.com\/wordpress_7\/wp-content\/uploads\/2018\/10\/Feinstaub_Verkehr_07_18_Obstkeller.jpg\">Jul 2018<\/a><\/strong> <\/td><td> <a href=\"https:\/\/lignoplan.com\/wordpress_7\/wp-content\/uploads\/2020\/01\/Feinstaub_Verkehr_07_19_Kirchenstr.jpg\"><strong>Jul 2019<\/strong><\/a> <\/td><td><\/td><\/tr><tr><td> <strong><a href=\"https:\/\/lignoplan.com\/wordpress_7\/wp-content\/uploads\/2018\/10\/Feinstaub_Verkehr_08_18_Obstkeller.jpg\">Aug 2018<\/a><\/strong> <\/td><td> <a href=\"https:\/\/lignoplan.com\/wordpress_7\/wp-content\/uploads\/2020\/01\/Feinstaub_Verkehr_08_19_Kirchenstr.jpg\"><strong>Aug 2019<\/strong><\/a> <\/td><td><\/td><\/tr><tr><td> <strong><a href=\"https:\/\/lignoplan.com\/wordpress_7\/wp-content\/uploads\/2018\/10\/Feinstaub_Verkehr_09_18_Obstkeller.jpg\"> Sep 2018<\/a><\/strong> <\/td><td> <a href=\"https:\/\/lignoplan.com\/wordpress_7\/wp-content\/uploads\/2020\/01\/Feinstaub_Verkehr_09_19_Kirchenstr.jpg\"><strong>Sep 2019<\/strong><\/a> <\/td><td><\/td><\/tr><tr><td><strong><a href=\"https:\/\/lignoplan.com\/wordpress_7\/wp-content\/uploads\/2019\/02\/Feinstaub_Verkehr_10_18_Obstkeller.jpg\">Okt 2018<\/a><\/strong> <\/td><td> <a href=\"https:\/\/lignoplan.com\/wordpress_7\/wp-content\/uploads\/2020\/01\/Feinstaub_Verkehr_10_19_Kirchenstr.jpg\"><strong>Okt 2019<\/strong><\/a> <\/td><td><\/td><\/tr><tr><td><strong><a href=\"https:\/\/lignoplan.com\/wordpress_7\/wp-content\/uploads\/2019\/02\/Feinstaub_Verkehr_11_18_Obstkeller.jpg\"> Nov 2018<\/a><\/strong>  <\/td><td> <a href=\"https:\/\/lignoplan.com\/wordpress_7\/wp-content\/uploads\/2020\/01\/Feinstaub_Verkehr_11_19_Kirchenstr.jpg\"><strong>Nov 2019<\/strong><\/a> <\/td><td><\/td><\/tr><tr><td> <strong><a href=\"https:\/\/lignoplan.com\/wordpress_7\/wp-content\/uploads\/2019\/02\/Feinstaub_Verkehr_12_18_Obstkeller.jpg\">Dez 2018<\/a><\/strong>  <\/td><td> <a href=\"https:\/\/lignoplan.com\/wordpress_7\/wp-content\/uploads\/2020\/01\/Feinstaub_Verkehr_12_19_Kirchenstr.jpg\"><strong>Dez 2019<\/strong><\/a> <\/td><td><\/td><\/tr><\/tbody><\/table><\/figure>\n\n\n\n<h4 class=\"wp-block-heading\" id=\"mce_59\">Spessartstra\u00dfe<\/h4>\n\n\n\n<figure class=\"wp-block-table\"><table><tbody><tr><td><\/td><td><\/td><td><\/td><\/tr><tr><td><a href=\"https:\/\/lignoplan.com\/wordpress_7\/wp-content\/uploads\/2019\/03\/Feinstaub_Verkehr_02_19_Spessartstr.jpg\"><strong>Feb 2019<\/strong><\/a><\/td><td><\/td><td><\/td><\/tr><tr><td> <a href=\"https:\/\/lignoplan.com\/wordpress_7\/wp-content\/uploads\/2020\/01\/Feinstaub_Verkehr_03_19_Spessartstr.jpg\"><strong>M\u00e4r 2019<\/strong><\/a> <\/td><td><\/td><td><\/td><\/tr><tr><td> <a href=\"https:\/\/lignoplan.com\/wordpress_7\/wp-content\/uploads\/2020\/01\/Feinstaub_Verkehr_04_19_Spessartstr.jpg\"><strong>Apr  2019<\/strong><\/a> <\/td><td><\/td><td><\/td><\/tr><tr><td> <a href=\"https:\/\/lignoplan.com\/wordpress_7\/wp-content\/uploads\/2020\/01\/Feinstaub_Verkehr_05_19_Spessartstr.jpg\"><strong>Mai 2019<\/strong><\/a> <\/td><td><\/td><td><\/td><\/tr><tr><td> <a href=\"https:\/\/lignoplan.com\/wordpress_7\/wp-content\/uploads\/2020\/01\/Feinstaub_Verkehr_06_19_Spessartstr.jpg\"><strong>Jun 2019<\/strong><\/a> <\/td><td><\/td><td><\/td><\/tr><tr><td>seit Juli ist der Sensor in der N\u00e4he der Goldbacher Spessartstr nicht mehr aktiv<\/td><td><\/td><td><\/td><\/tr><tr><td><\/td><td><\/td><td><\/td><\/tr><tr><td><\/td><td><\/td><td><\/td><\/tr><tr><td><\/td><td><\/td><td><\/td><\/tr><tr><td><\/td><td><\/td><td><\/td><\/tr><tr><td><\/td><td><\/td><td><\/td><\/tr><\/tbody><\/table><\/figure>\n","protected":false},"excerpt":{"rendered":"<p>Tweet Hauptstra\u00dfe West (zus\u00e4tzlich mit Verkehrsdaten) Jan 2018 Jan 2019 Jan 2020 Feb 2018 Feb 2019 Feb 2020 M\u00e4r 2018 M\u00e4r 2019 M\u00e4r 2020 Apr 2018 Apr 2019 Apr 2020 Mai 2018 Mai 2019 Mai 2020 Jun 2018 Jun 2019 Jun 2020 Jul 2018 Jul 2019 Jul 2020 Aug 2018 Aug 2019 Aug 2020 Sep &hellip; <a href=\"https:\/\/lignoplan.com\/wordpress_7\/feinstaubarchiv\/\" class=\"more-link\"><span class=\"screen-reader-text\">Feinstaubdaten<\/span> weiterlesen <span class=\"meta-nav\">&rarr;<\/span><\/a><\/p>\n","protected":false},"author":2,"featured_media":0,"parent":0,"menu_order":0,"comment_status":"closed","ping_status":"closed","template":"","meta":{"ngg_post_thumbnail":0,"footnotes":""},"class_list":["post-3839","page","type-page","status-publish","hentry"],"_links":{"self":[{"href":"https:\/\/lignoplan.com\/wordpress_7\/wp-json\/wp\/v2\/pages\/3839","targetHints":{"allow":["GET"]}}],"collection":[{"href":"https:\/\/lignoplan.com\/wordpress_7\/wp-json\/wp\/v2\/pages"}],"about":[{"href":"https:\/\/lignoplan.com\/wordpress_7\/wp-json\/wp\/v2\/types\/page"}],"author":[{"embeddable":true,"href":"https:\/\/lignoplan.com\/wordpress_7\/wp-json\/wp\/v2\/users\/2"}],"replies":[{"embeddable":true,"href":"https:\/\/lignoplan.com\/wordpress_7\/wp-json\/wp\/v2\/comments?post=3839"}],"version-history":[{"count":31,"href":"https:\/\/lignoplan.com\/wordpress_7\/wp-json\/wp\/v2\/pages\/3839\/revisions"}],"predecessor-version":[{"id":10934,"href":"https:\/\/lignoplan.com\/wordpress_7\/wp-json\/wp\/v2\/pages\/3839\/revisions\/10934"}],"wp:attachment":[{"href":"https:\/\/lignoplan.com\/wordpress_7\/wp-json\/wp\/v2\/media?parent=3839"}],"curies":[{"name":"wp","href":"https:\/\/api.w.org\/{rel}","templated":true}]}}