{"id":2832,"date":"2016-04-17T15:52:25","date_gmt":"2016-04-17T13:52:25","guid":{"rendered":"http:\/\/lignoplan.com\/wordpress_7\/?page_id=2832"},"modified":"2016-04-17T16:57:28","modified_gmt":"2016-04-17T14:57:28","slug":"defizite-im-nahverkehr","status":"publish","type":"page","link":"https:\/\/lignoplan.com\/wordpress_7\/defizite-im-nahverkehr\/","title":{"rendered":"Defizite im Nahverkehr"},"content":{"rendered":"<p><a href=\"http:\/\/twitter.com\/share?url=https%3A%2F%2Flignoplan.com%2Fwordpress_7%2Fdefizite-im-nahverkehr%2F&amp;count=none&amp;lang=de&amp;via=https%3A%2F%2Ftwitter.com%2Fvihinfo&amp;related=vihinfo:Verkehrs-Initiative+H%C3%B6sbach&amp;text=Defizite im Nahverkehr - VI H\u00f6sbach e.V.\" class=\"twitter-share-button\">Tweet<\/a><\/p><p>Verbesserungen sind in H\u00f6sbach und seinen Ortsteilen in folgenden Bereichen m\u00f6glich:<\/p>\n<h3>H\u00f6sbach Ort<\/h3>\n<p>Im Stadtumlandbereich sollte nach dem Nahverkehrsplan ein 15 min Takt f\u00fcr Busse herrschen. Tats\u00e4chlich fahren mehrere Linien kurz hintereinander durch den Ort, dann besteht f\u00fcr 45 min keine Verbindung nach Aschaffenburg. Dicht besiedelte Wohngebiete sind nicht im Umkreis von 300m mit \u00d6PNV versorgt, ebenso Teile des Industriegebiets. Die Fahrtrouten zum Schulzentrum f\u00fchren ausschlie\u00dflich \u00fcber die Sch\u00f6llkrippener Stra\u00dfe.<\/p>\n<h3><a href=\"https:\/\/lignoplan.com\/wordpress_7\/wp-content\/uploads\/2016\/01\/Bushaltestellenabdeckung-Ort.jpg\" rel=\"attachment wp-att-2831\"><img loading=\"lazy\" decoding=\"async\" class=\"size-medium wp-image-2831 aligncenter\" src=\"https:\/\/lignoplan.com\/wordpress_7\/wp-content\/uploads\/2016\/01\/Bushaltestellenabdeckung-Ort-300x240.jpg\" alt=\"Bushaltestellenabdeckung Ort\" width=\"300\" height=\"240\" srcset=\"https:\/\/lignoplan.com\/wordpress_7\/wp-content\/uploads\/2016\/01\/Bushaltestellenabdeckung-Ort-300x240.jpg 300w, https:\/\/lignoplan.com\/wordpress_7\/wp-content\/uploads\/2016\/01\/Bushaltestellenabdeckung-Ort-768x614.jpg 768w, https:\/\/lignoplan.com\/wordpress_7\/wp-content\/uploads\/2016\/01\/Bushaltestellenabdeckung-Ort-1024x819.jpg 1024w, https:\/\/lignoplan.com\/wordpress_7\/wp-content\/uploads\/2016\/01\/Bushaltestellenabdeckung-Ort.jpg 1600w\" sizes=\"auto, (max-width: 300px) 100vw, 300px\" \/><\/a>H\u00f6sbach Bahnhof<\/h3>\n<p>In H\u00f6sbach Bahnhof sind ebenfalls gr\u00f6\u00dfere Wohngebiete nur mit gr\u00f6\u00dferen Wegstrecken als 300m zu erreichen. Durch den Bahnhof w\u00e4re hier ein optimale Schnittstelle f\u00fcr \u00d6PNV und auch Car-Sharing gegeben. F\u00fcr Fu\u00dfg\u00e4nger ist keine sichere Stra\u00dfen\u00fcberquerung zum Bahnhof vorgesehen. Bahnhof und Staatsstra\u00dfe sind nicht in die Verkehrsuntersuchung H\u00f6sbach-Bahnhof einbezogen.<\/p>\n<h3><a href=\"https:\/\/lignoplan.com\/wordpress_7\/wp-content\/uploads\/2016\/01\/Bushaltestellen-H-Bf.jpg\" rel=\"attachment wp-att-2825\"><img loading=\"lazy\" decoding=\"async\" class=\"size-medium wp-image-2825 aligncenter\" src=\"https:\/\/lignoplan.com\/wordpress_7\/wp-content\/uploads\/2016\/01\/Bushaltestellen-H-Bf-300x240.jpg\" alt=\"Bushaltestellen H-Bf\" width=\"300\" height=\"240\" srcset=\"https:\/\/lignoplan.com\/wordpress_7\/wp-content\/uploads\/2016\/01\/Bushaltestellen-H-Bf-300x240.jpg 300w, https:\/\/lignoplan.com\/wordpress_7\/wp-content\/uploads\/2016\/01\/Bushaltestellen-H-Bf-768x614.jpg 768w, https:\/\/lignoplan.com\/wordpress_7\/wp-content\/uploads\/2016\/01\/Bushaltestellen-H-Bf-1024x819.jpg 1024w, https:\/\/lignoplan.com\/wordpress_7\/wp-content\/uploads\/2016\/01\/Bushaltestellen-H-Bf.jpg 1600w\" sizes=\"auto, (max-width: 300px) 100vw, 300px\" \/><\/a>Winzenhohl<\/h3>\n<p>Die n\u00e4chste Bushaltestelle liegt in Schmerlenbach.<\/p>\n<h3><a href=\"https:\/\/lignoplan.com\/wordpress_7\/wp-content\/uploads\/2016\/01\/Bushaltestellen-WiH.jpg\" rel=\"attachment wp-att-2827\"><img loading=\"lazy\" decoding=\"async\" class=\"size-medium wp-image-2827 aligncenter\" src=\"https:\/\/lignoplan.com\/wordpress_7\/wp-content\/uploads\/2016\/01\/Bushaltestellen-WiH-300x240.jpg\" alt=\"Bushaltestellen WiH\" width=\"300\" height=\"240\" srcset=\"https:\/\/lignoplan.com\/wordpress_7\/wp-content\/uploads\/2016\/01\/Bushaltestellen-WiH-300x240.jpg 300w, https:\/\/lignoplan.com\/wordpress_7\/wp-content\/uploads\/2016\/01\/Bushaltestellen-WiH-768x614.jpg 768w, https:\/\/lignoplan.com\/wordpress_7\/wp-content\/uploads\/2016\/01\/Bushaltestellen-WiH-1024x819.jpg 1024w, https:\/\/lignoplan.com\/wordpress_7\/wp-content\/uploads\/2016\/01\/Bushaltestellen-WiH.jpg 1600w\" sizes=\"auto, (max-width: 300px) 100vw, 300px\" \/><\/a>Rottenberg-Feldkahl<\/h3>\n<p>Das H\u00f6sbacher Freibad ist nur mit l\u00e4ngeren Fu\u00dfwegen als 300m mit dem Bus zu erreichen.<\/p>\n<h3><a href=\"https:\/\/lignoplan.com\/wordpress_7\/wp-content\/uploads\/2016\/01\/Bushaltestellen-FK-R.jpg\" rel=\"attachment wp-att-2824\"><img loading=\"lazy\" decoding=\"async\" class=\"size-medium wp-image-2824 aligncenter\" src=\"https:\/\/lignoplan.com\/wordpress_7\/wp-content\/uploads\/2016\/01\/Bushaltestellen-FK-R-300x240.jpg\" alt=\"Bushaltestellen FK-R\" width=\"300\" height=\"240\" srcset=\"https:\/\/lignoplan.com\/wordpress_7\/wp-content\/uploads\/2016\/01\/Bushaltestellen-FK-R-300x240.jpg 300w, https:\/\/lignoplan.com\/wordpress_7\/wp-content\/uploads\/2016\/01\/Bushaltestellen-FK-R-768x614.jpg 768w, https:\/\/lignoplan.com\/wordpress_7\/wp-content\/uploads\/2016\/01\/Bushaltestellen-FK-R-1024x819.jpg 1024w, https:\/\/lignoplan.com\/wordpress_7\/wp-content\/uploads\/2016\/01\/Bushaltestellen-FK-R.jpg 1600w\" sizes=\"auto, (max-width: 300px) 100vw, 300px\" \/><\/a>Wenigh\u00f6sbach<\/h3>\n<p>Hier gibt es ebenfalls Bereiche mit l\u00e4ngeren Wegen als 300m zur n\u00e4chsten Bushaltestelle.<\/p>\n<p><a href=\"https:\/\/lignoplan.com\/wordpress_7\/wp-content\/uploads\/2016\/01\/Bushaltestellen-WH.jpg\" rel=\"attachment wp-att-2826\"><img loading=\"lazy\" decoding=\"async\" class=\"size-medium wp-image-2826 aligncenter\" src=\"https:\/\/lignoplan.com\/wordpress_7\/wp-content\/uploads\/2016\/01\/Bushaltestellen-WH-300x240.jpg\" alt=\"Bushaltestellen WH\" width=\"300\" height=\"240\" srcset=\"https:\/\/lignoplan.com\/wordpress_7\/wp-content\/uploads\/2016\/01\/Bushaltestellen-WH-300x240.jpg 300w, https:\/\/lignoplan.com\/wordpress_7\/wp-content\/uploads\/2016\/01\/Bushaltestellen-WH-768x614.jpg 768w, https:\/\/lignoplan.com\/wordpress_7\/wp-content\/uploads\/2016\/01\/Bushaltestellen-WH-1024x819.jpg 1024w, https:\/\/lignoplan.com\/wordpress_7\/wp-content\/uploads\/2016\/01\/Bushaltestellen-WH.jpg 1600w\" sizes=\"auto, (max-width: 300px) 100vw, 300px\" \/><\/a><\/p>\n","protected":false},"excerpt":{"rendered":"<p>TweetVerbesserungen sind in H\u00f6sbach und seinen Ortsteilen in folgenden Bereichen m\u00f6glich: H\u00f6sbach Ort Im Stadtumlandbereich sollte nach dem Nahverkehrsplan ein 15 min Takt f\u00fcr Busse herrschen. Tats\u00e4chlich fahren mehrere Linien kurz hintereinander durch den Ort, dann besteht f\u00fcr 45 min keine Verbindung nach Aschaffenburg. Dicht besiedelte Wohngebiete sind nicht im Umkreis von 300m mit \u00d6PNV &hellip; <a href=\"https:\/\/lignoplan.com\/wordpress_7\/defizite-im-nahverkehr\/\" class=\"more-link\"><span class=\"screen-reader-text\">Defizite im Nahverkehr<\/span> weiterlesen <span class=\"meta-nav\">&rarr;<\/span><\/a><\/p>\n","protected":false},"author":2,"featured_media":0,"parent":0,"menu_order":0,"comment_status":"closed","ping_status":"closed","template":"","meta":{"ngg_post_thumbnail":0,"footnotes":""},"class_list":["post-2832","page","type-page","status-publish","hentry"],"_links":{"self":[{"href":"https:\/\/lignoplan.com\/wordpress_7\/wp-json\/wp\/v2\/pages\/2832","targetHints":{"allow":["GET"]}}],"collection":[{"href":"https:\/\/lignoplan.com\/wordpress_7\/wp-json\/wp\/v2\/pages"}],"about":[{"href":"https:\/\/lignoplan.com\/wordpress_7\/wp-json\/wp\/v2\/types\/page"}],"author":[{"embeddable":true,"href":"https:\/\/lignoplan.com\/wordpress_7\/wp-json\/wp\/v2\/users\/2"}],"replies":[{"embeddable":true,"href":"https:\/\/lignoplan.com\/wordpress_7\/wp-json\/wp\/v2\/comments?post=2832"}],"version-history":[{"count":9,"href":"https:\/\/lignoplan.com\/wordpress_7\/wp-json\/wp\/v2\/pages\/2832\/revisions"}],"predecessor-version":[{"id":2948,"href":"https:\/\/lignoplan.com\/wordpress_7\/wp-json\/wp\/v2\/pages\/2832\/revisions\/2948"}],"wp:attachment":[{"href":"https:\/\/lignoplan.com\/wordpress_7\/wp-json\/wp\/v2\/media?parent=2832"}],"curies":[{"name":"wp","href":"https:\/\/api.w.org\/{rel}","templated":true}]}}