{"id":2725,"date":"2016-01-03T13:02:18","date_gmt":"2016-01-03T11:02:18","guid":{"rendered":"http:\/\/lignoplan.com\/wordpress_7\/?page_id=2725"},"modified":"2018-02-11T11:24:40","modified_gmt":"2018-02-11T09:24:40","slug":"mobil-mit-dem-bus","status":"publish","type":"page","link":"https:\/\/lignoplan.com\/wordpress_7\/mobil-mit-dem-bus\/","title":{"rendered":"Mobil mit dem Bus"},"content":{"rendered":"<p><a href=\"http:\/\/twitter.com\/share?url=https%3A%2F%2Flignoplan.com%2Fwordpress_7%2Fmobil-mit-dem-bus%2F&amp;count=none&amp;lang=de&amp;via=https%3A%2F%2Ftwitter.com%2Fvihinfo&amp;related=vihinfo:Verkehrs-Initiative+H%C3%B6sbach&amp;text=Mobil mit dem Bus - VI H\u00f6sbach e.V.\" class=\"twitter-share-button\">Tweet<\/a><\/p><p>Durch H\u00f6sbach verlaufen insgesamt 9 Buslinien. Eine Karte mit bezeichneten Bushaltestellen gibt es weder auf dem interaktiven Stadtplan des Markt H\u00f6sbach, noch auf den Seiten der regionalen Busbetriebe. Um die Suche zu erleichtern, hier die entsprechenden Ausschnitte aus einer weltweiten \u00d6PNV Karte, auf der die Bushaltestellen verzeichnet sind:<\/p>\n<h3>\u00d6PNV-Karte<\/h3>\n<p><a href=\"http:\/\/www.\u00f6pnvkarte.de\/?zoom=17&amp;lat=50.00288&amp;lon=9.20193&amp;layers=TBTTT\" target=\"_blank\" rel=\"noopener\">Bushaltestellen H\u00f6sbach Ort<\/a><\/p>\n<p><a href=\"http:\/\/www.\u00f6pnvkarte.de\/?zoom=17&amp;lat=49.9969&amp;lon=9.23021&amp;layers=TBTTT\" target=\"_blank\" rel=\"noopener\">Bushaltestellen H\u00f6sbach-Bahnhof<\/a><\/p>\n<p><a href=\"http:\/\/www.\u00f6pnvkarte.de\/?zoom=16&amp;lat=50.02588&amp;lon=9.19695&amp;layers=TBTTT\" target=\"_blank\" rel=\"noopener\">Bushaltestellen Wenigh\u00f6sbach<\/a><\/p>\n<p><a href=\"http:\/\/www.\u00f6pnvkarte.de\/?zoom=17&amp;lat=50.03788&amp;lon=9.23249&amp;layers=TBTTT\" target=\"_blank\" rel=\"noopener\">Bushaltestellen Rottenberg<\/a><\/p>\n<p><a href=\"http:\/\/www.\u00f6pnvkarte.de\/?zoom=17&amp;lat=50.04069&amp;lon=9.20961&amp;layers=TBTTT\" target=\"_blank\" rel=\"noopener\">Bushaltestellen Feldkahl<\/a><\/p>\n<p><a href=\"http:\/\/www.\u00f6pnvkarte.de\/?zoom=17&amp;lat=49.98508&amp;lon=9.23093&amp;layers=TBT\" target=\"_blank\" rel=\"noopener\">Bushaltestellen Winzenhohl<\/a><\/p>\n<h3>Busfahrpl\u00e4ne:<\/h3>\n<p>Aschaffenburg -Sch\u00f6llkrippen: <a href=\"http:\/\/www.vab-info.de\/eigene_dateien\/pdf-download\/2018_landkreis_ab_ab2017-12-10\/20_beide_1718.pdf\" target=\"_blank\" rel=\"noopener\">Linie 20<\/a><\/p>\n<p>Aschaffenburg-Unterafferbach:<a href=\"http:\/\/www.vab-info.de\/eigene_dateien\/pdf-download\/2018_landkreis_ab_ab2017-12-10\/21_beide_1718.pdf\" target=\"_blank\" rel=\"noopener\">Linie 21<\/a><\/p>\n<p>Aschaffenburg-Feldkahl: <a href=\"http:\/\/www.vab-info.de\/eigene_dateien\/pdf-download\/2018_landkreis_ab_ab2017-12-10\/23_beide_1718.pdf\" target=\"_blank\" rel=\"noopener\">Linie 23<\/a><\/p>\n<p>Aschaffenburg-H\u00f6sbach-Bahnhof:&nbsp; <a href=\"http:\/\/www.vab-info.de\/eigene_dateien\/pdf-download\/2018_landkreis_ab2018-01-01\/41_2018.pdf\" target=\"_blank\" rel=\"noopener\">Linie 41<\/a><\/p>\n<p>Aschaffenburg-Weibersbrunn: <a href=\"http:\/\/www.vab-info.de\/eigene_dateien\/pdf-download\/2018_landkreis_ab2018-01-01\/42_2018.pdf\" target=\"_blank\" rel=\"noopener\">Linie 42<\/a><\/p>\n<p>Aschaffenburg-Rothenbuch: <a href=\"http:\/\/www.vab-info.de\/eigene_dateien\/pdf-download\/2018_landkreis_ab2018-01-01\/43_2018.pdf\" target=\"_blank\" rel=\"noopener\">Linie 43<\/a><\/p>\n<p>Aschaffenburg-Hain: <a href=\"http:\/\/www.vab-info.de\/eigene_dateien\/pdf-download\/2018_landkreis_ab2018-01-01\/44_2018.pdf\" target=\"_blank\" rel=\"noopener\">Linie 44<\/a><\/p>\n<p>Aschaffenburg -Eichenberg: <a href=\"http:\/\/www.vab-info.de\/eigene_dateien\/pdf-download\/2018_landkreis_ab2018-01-01\/45_2018.pdf\" target=\"_blank\" rel=\"noopener\">Linie 45<\/a><\/p>\n<p>Wochenendverkehr Hochspessart: <a href=\"http:\/\/www.vab-info.de\/eigene_dateien\/pdf-download\/2018_landkreis_ab2018-01-01\/47_2018.pdf\" target=\"_blank\" rel=\"noopener\">Linie 47<\/a><\/p>\n<h3>DB Fahrplanauskunft:<\/h3>\n<p>Bus und Bahnverbindungen: <a href=\"https:\/\/reiseauskunft.bahn.de\/\/bin\/query.exe\/d\" target=\"_blank\" rel=\"noopener\">Fahrplanauskunft<\/a><\/p>\n","protected":false},"excerpt":{"rendered":"<p>TweetDurch H\u00f6sbach verlaufen insgesamt 9 Buslinien. Eine Karte mit bezeichneten Bushaltestellen gibt es weder auf dem interaktiven Stadtplan des Markt H\u00f6sbach, noch auf den Seiten der regionalen Busbetriebe. Um die Suche zu erleichtern, hier die entsprechenden Ausschnitte aus einer weltweiten \u00d6PNV Karte, auf der die Bushaltestellen verzeichnet sind: \u00d6PNV-Karte Bushaltestellen H\u00f6sbach Ort Bushaltestellen H\u00f6sbach-Bahnhof Bushaltestellen &hellip; <a href=\"https:\/\/lignoplan.com\/wordpress_7\/mobil-mit-dem-bus\/\" class=\"more-link\"><span class=\"screen-reader-text\">Mobil mit dem Bus<\/span> weiterlesen <span class=\"meta-nav\">&rarr;<\/span><\/a><\/p>\n","protected":false},"author":2,"featured_media":0,"parent":0,"menu_order":0,"comment_status":"closed","ping_status":"closed","template":"","meta":{"ngg_post_thumbnail":0,"footnotes":""},"class_list":["post-2725","page","type-page","status-publish","hentry"],"_links":{"self":[{"href":"https:\/\/lignoplan.com\/wordpress_7\/wp-json\/wp\/v2\/pages\/2725","targetHints":{"allow":["GET"]}}],"collection":[{"href":"https:\/\/lignoplan.com\/wordpress_7\/wp-json\/wp\/v2\/pages"}],"about":[{"href":"https:\/\/lignoplan.com\/wordpress_7\/wp-json\/wp\/v2\/types\/page"}],"author":[{"embeddable":true,"href":"https:\/\/lignoplan.com\/wordpress_7\/wp-json\/wp\/v2\/users\/2"}],"replies":[{"embeddable":true,"href":"https:\/\/lignoplan.com\/wordpress_7\/wp-json\/wp\/v2\/comments?post=2725"}],"version-history":[{"count":18,"href":"https:\/\/lignoplan.com\/wordpress_7\/wp-json\/wp\/v2\/pages\/2725\/revisions"}],"predecessor-version":[{"id":4146,"href":"https:\/\/lignoplan.com\/wordpress_7\/wp-json\/wp\/v2\/pages\/2725\/revisions\/4146"}],"wp:attachment":[{"href":"https:\/\/lignoplan.com\/wordpress_7\/wp-json\/wp\/v2\/media?parent=2725"}],"curies":[{"name":"wp","href":"https:\/\/api.w.org\/{rel}","templated":true}]}}