{"id":2721,"date":"2016-01-03T13:38:23","date_gmt":"2016-01-03T11:38:23","guid":{"rendered":"http:\/\/lignoplan.com\/wordpress_7\/?page_id=2721"},"modified":"2016-01-03T13:38:23","modified_gmt":"2016-01-03T11:38:23","slug":"nachhaltige-mobilitaet","status":"publish","type":"page","link":"https:\/\/lignoplan.com\/wordpress_7\/nachhaltige-mobilitaet\/","title":{"rendered":"Nachhaltige Mobilit\u00e4t"},"content":{"rendered":"<p><a href=\"http:\/\/twitter.com\/share?url=https%3A%2F%2Flignoplan.com%2Fwordpress_7%2Fnachhaltige-mobilitaet%2F&amp;count=none&amp;lang=de&amp;via=https%3A%2F%2Ftwitter.com%2Fvihinfo&amp;related=vihinfo:Verkehrs-Initiative+H%C3%B6sbach&amp;text=Nachhaltige Mobilit\u00e4t - VI H\u00f6sbach e.V.\" class=\"twitter-share-button\">Tweet<\/a><\/p><p>Am 12.11.2015 fand aufgrund einen Antrags aus dem Marktgemeinderat ein Sondierungsgespr\u00e4ch zu Sammeltaxis und \u00f6ffentlichem Nahverkehr im H\u00f6sbacher Rathaus statt. Bei diesem Gespr\u00e4ch wurde deutlich, dass noch viel Aufkl\u00e4rungs- und Informationsbedarf zum Thema zukunftsf\u00e4hige Mobilit\u00e4t, speziell im Blick auf die H\u00f6sbacher Verkehrsprobleme und Verkehrsbelastungen, notwendig ist. Dazu sollen die Informationen auf dieser Seite beitragen.<\/p>\n","protected":false},"excerpt":{"rendered":"<p>TweetAm 12.11.2015 fand aufgrund einen Antrags aus dem Marktgemeinderat ein Sondierungsgespr\u00e4ch zu Sammeltaxis und \u00f6ffentlichem Nahverkehr im H\u00f6sbacher Rathaus statt. Bei diesem Gespr\u00e4ch wurde deutlich, dass noch viel Aufkl\u00e4rungs- und Informationsbedarf zum Thema zukunftsf\u00e4hige Mobilit\u00e4t, speziell im Blick auf die H\u00f6sbacher Verkehrsprobleme und Verkehrsbelastungen, notwendig ist. Dazu sollen die Informationen auf dieser Seite beitragen.<\/p>\n","protected":false},"author":2,"featured_media":0,"parent":0,"menu_order":0,"comment_status":"closed","ping_status":"closed","template":"","meta":{"ngg_post_thumbnail":0,"footnotes":""},"class_list":["post-2721","page","type-page","status-publish","hentry"],"_links":{"self":[{"href":"https:\/\/lignoplan.com\/wordpress_7\/wp-json\/wp\/v2\/pages\/2721","targetHints":{"allow":["GET"]}}],"collection":[{"href":"https:\/\/lignoplan.com\/wordpress_7\/wp-json\/wp\/v2\/pages"}],"about":[{"href":"https:\/\/lignoplan.com\/wordpress_7\/wp-json\/wp\/v2\/types\/page"}],"author":[{"embeddable":true,"href":"https:\/\/lignoplan.com\/wordpress_7\/wp-json\/wp\/v2\/users\/2"}],"replies":[{"embeddable":true,"href":"https:\/\/lignoplan.com\/wordpress_7\/wp-json\/wp\/v2\/comments?post=2721"}],"version-history":[{"count":5,"href":"https:\/\/lignoplan.com\/wordpress_7\/wp-json\/wp\/v2\/pages\/2721\/revisions"}],"predecessor-version":[{"id":2739,"href":"https:\/\/lignoplan.com\/wordpress_7\/wp-json\/wp\/v2\/pages\/2721\/revisions\/2739"}],"wp:attachment":[{"href":"https:\/\/lignoplan.com\/wordpress_7\/wp-json\/wp\/v2\/media?parent=2721"}],"curies":[{"name":"wp","href":"https:\/\/api.w.org\/{rel}","templated":true}]}}