{"id":2625,"date":"2015-11-16T09:40:16","date_gmt":"2015-11-16T07:40:16","guid":{"rendered":"http:\/\/lignoplan.com\/wordpress_7\/?page_id=2625"},"modified":"2017-02-28T22:22:56","modified_gmt":"2017-02-28T20:22:56","slug":"verkehrsdaten","status":"publish","type":"page","link":"https:\/\/lignoplan.com\/wordpress_7\/verkehrsdaten\/","title":{"rendered":"Verkehrsdaten"},"content":{"rendered":"<p><a href=\"http:\/\/twitter.com\/share?url=https%3A%2F%2Flignoplan.com%2Fwordpress_7%2Fverkehrsdaten%2F&amp;count=none&amp;lang=de&amp;via=https%3A%2F%2Ftwitter.com%2Fvihinfo&amp;related=vihinfo:Verkehrs-Initiative+H%C3%B6sbach&amp;text=Verkehrsdaten - VI H\u00f6sbach e.V.\" class=\"twitter-share-button\">Tweet<\/a><\/p><p>&nbsp;Die aktuellen Daten der Verkehrsbelastungen in H\u00f6sbachs Stra\u00dfen wurden in der interaktive Karte grafisch aufbereitet. Nach dem Ausw\u00e4hlen der einzelnen Z\u00e4hlstellen werden die Messergebnisse angezeigt. Datengrundlage sind die Messungen des Markt H\u00f6sbach (orange) und die amtliche Stra\u00dfenverkehrsz\u00e4hlung (blau). Die Daten der automatischen Z\u00e4hlstellen (lila) stammen von der <a href=\"http:\/\/www.bast.de\/DE\/Verkehrstechnik\/Fachthemen\/v2-verkehrszaehlung\/zaehl_node.html\">Bundesanstalt f\u00fcr Stra\u00dfenwesen.<\/a><\/p>\n<h2><a href=\"https:\/\/drive.google.com\/open?id=1IGHTzKZPla6cHy-N6MAKSVVG628&amp;usp=sharing\" target=\"_blank\">Verkehrsbelastungskarte H\u00f6sbach<\/a><\/h2>\n<p>Nachfolgend einige Daten zur Verkehrs- und Umleitungssituation in der Albert-Schweitzer Stra\u00dfe. Unter dem nachfolgenden link &#8222;Verkehrsdaten Albert -Schweitzer Str &#8220; eine Zusammenfassung der Verkehrsmengen und Geschwindigkeits\u00fcberschreitungen vor und w\u00e4hrend der Baustelle Lebensader. Die Detailauswertungen zeigen die Daten nach Sperrung des westlichen Ortseingangs H\u00f6sbachs.<\/p>\n<h2><a href=\"https:\/\/docs.google.com\/spreadsheets\/d\/12ABV73PCLGx34CFCW8mN4XmPFQmwnhWDlYEHoVhxNjM\/edit?usp=sharing\">Verkehrsdaten Albert -Schweitzer Str <\/a><\/h2>\n<h3>Anzahl Fahrzeuge<\/h3>\n<p><a href=\"https:\/\/lignoplan.com\/wordpress_7\/wp-content\/uploads\/2015\/11\/9_11_15_anz.pdf\" target=\"_blank\">9.11.15<\/a><\/p>\n<p><a href=\"https:\/\/lignoplan.com\/wordpress_7\/wp-content\/uploads\/2015\/11\/10_11_15_anz.pdf\" target=\"_blank\">10.11.15<\/a><\/p>\n<p><a href=\"https:\/\/lignoplan.com\/wordpress_7\/wp-content\/uploads\/2015\/11\/11_11_15_anz.pdf\" target=\"_blank\">11.11.15<\/a><\/p>\n<p><a href=\"https:\/\/lignoplan.com\/wordpress_7\/wp-content\/uploads\/2015\/11\/12_11_15_anz.pdf\" target=\"_blank\">12.11.15<\/a><\/p>\n<p><a href=\"https:\/\/lignoplan.com\/wordpress_7\/wp-content\/uploads\/2015\/11\/13_11_15_anz.pdf\" target=\"_blank\">13.11.15<\/a><\/p>\n<p><a href=\"https:\/\/lignoplan.com\/wordpress_7\/wp-content\/uploads\/2015\/11\/14_11_15_anz.pdf\" target=\"_blank\">14.11.15<\/a><\/p>\n<h3>Maximalgeschwindigkeit<\/h3>\n<p><a href=\"https:\/\/lignoplan.com\/wordpress_7\/wp-content\/uploads\/2015\/11\/9_11_15_vmax.pdf\" target=\"_blank\">9.11.15<\/a><\/p>\n<p><a href=\"https:\/\/lignoplan.com\/wordpress_7\/wp-content\/uploads\/2015\/11\/10_11_15_vmax.pdf\" target=\"_blank\">10.11.15<\/a><\/p>\n<p><a href=\"https:\/\/lignoplan.com\/wordpress_7\/wp-content\/uploads\/2015\/11\/11_11_15_vmax.pdf\" target=\"_blank\">11.11.15<\/a><\/p>\n<p><a href=\"https:\/\/lignoplan.com\/wordpress_7\/wp-content\/uploads\/2015\/11\/12_11_15_vmax.pdf\" target=\"_blank\">12.11.15<\/a><\/p>\n<p><a href=\"https:\/\/lignoplan.com\/wordpress_7\/wp-content\/uploads\/2015\/11\/13_11_15_vmax.pdf\" target=\"_blank\">13.11.15<\/a><\/p>\n<p><a href=\"https:\/\/lignoplan.com\/wordpress_7\/wp-content\/uploads\/2015\/11\/14_11_15_vmax.pdf\" target=\"_blank\">14.11.15<\/a><\/p>\n<h3>V 85<\/h3>\n<p><a href=\"https:\/\/lignoplan.com\/wordpress_7\/wp-content\/uploads\/2015\/11\/9_11_15_v85.pdf\" target=\"_blank\">9.11.15<\/a><\/p>\n<p><a href=\"https:\/\/lignoplan.com\/wordpress_7\/wp-content\/uploads\/2015\/11\/10_11_15_v85.pdf\" target=\"_blank\">10.11.15<\/a><\/p>\n<p><a href=\"https:\/\/lignoplan.com\/wordpress_7\/wp-content\/uploads\/2015\/11\/11_11_15_v85.pdf\" target=\"_blank\">11.11.15<\/a><\/p>\n<p><a href=\"https:\/\/lignoplan.com\/wordpress_7\/wp-content\/uploads\/2015\/11\/12_11_15_v85.pdf\" target=\"_blank\">12.11.15<\/a><\/p>\n<p><a href=\"https:\/\/lignoplan.com\/wordpress_7\/wp-content\/uploads\/2015\/11\/13_11_15_v85.pdf\" target=\"_blank\">13.11.15<\/a><\/p>\n<p><a href=\"https:\/\/lignoplan.com\/wordpress_7\/wp-content\/uploads\/2015\/11\/14_11_15_v85.pdf\" target=\"_blank\">14.11.15<\/a><\/p>\n<p>Unter dem nachfolgenden link &#8222;Verkehrsdaten H\u00f6sbach Ost &#8220; eine Zusammenfassung der Verkehrsmengen und Geschwindigkeits\u00fcberschreitungen vor und w\u00e4hrend der Baustelle Lebensader.<\/p>\n<h2><a href=\"https:\/\/docs.google.com\/spreadsheets\/d\/1id4BpOXuBeFZYN5YfD6mMdiBQmBFO85I7mzLzOimCJg\/edit?usp=sharing\">Verkehrsdaten H\u00f6sbach Ost<\/a><\/h2>\n<h2><a href=\"https:\/\/docs.google.com\/spreadsheets\/d\/13vwUs7Zgo7xjTcCYBYk0ipOJA40ufJyLeOew63WqJyQ\/edit#gid=119578776\">Verkehrsdaten H\u00f6sbach West<\/a><\/h2>\n<p>&nbsp;<\/p>\n<p>&nbsp;<\/p>\n","protected":false},"excerpt":{"rendered":"<p>Tweet&nbsp;Die aktuellen Daten der Verkehrsbelastungen in H\u00f6sbachs Stra\u00dfen wurden in der interaktive Karte grafisch aufbereitet. Nach dem Ausw\u00e4hlen der einzelnen Z\u00e4hlstellen werden die Messergebnisse angezeigt. Datengrundlage sind die Messungen des Markt H\u00f6sbach (orange) und die amtliche Stra\u00dfenverkehrsz\u00e4hlung (blau). Die Daten der automatischen Z\u00e4hlstellen (lila) stammen von der Bundesanstalt f\u00fcr Stra\u00dfenwesen. Verkehrsbelastungskarte H\u00f6sbach Nachfolgend einige Daten &hellip; <a href=\"https:\/\/lignoplan.com\/wordpress_7\/verkehrsdaten\/\" class=\"more-link\"><span class=\"screen-reader-text\">Verkehrsdaten<\/span> weiterlesen <span class=\"meta-nav\">&rarr;<\/span><\/a><\/p>\n","protected":false},"author":2,"featured_media":0,"parent":0,"menu_order":0,"comment_status":"closed","ping_status":"closed","template":"","meta":{"ngg_post_thumbnail":0,"footnotes":""},"class_list":["post-2625","page","type-page","status-publish","hentry"],"_links":{"self":[{"href":"https:\/\/lignoplan.com\/wordpress_7\/wp-json\/wp\/v2\/pages\/2625","targetHints":{"allow":["GET"]}}],"collection":[{"href":"https:\/\/lignoplan.com\/wordpress_7\/wp-json\/wp\/v2\/pages"}],"about":[{"href":"https:\/\/lignoplan.com\/wordpress_7\/wp-json\/wp\/v2\/types\/page"}],"author":[{"embeddable":true,"href":"https:\/\/lignoplan.com\/wordpress_7\/wp-json\/wp\/v2\/users\/2"}],"replies":[{"embeddable":true,"href":"https:\/\/lignoplan.com\/wordpress_7\/wp-json\/wp\/v2\/comments?post=2625"}],"version-history":[{"count":17,"href":"https:\/\/lignoplan.com\/wordpress_7\/wp-json\/wp\/v2\/pages\/2625\/revisions"}],"predecessor-version":[{"id":3240,"href":"https:\/\/lignoplan.com\/wordpress_7\/wp-json\/wp\/v2\/pages\/2625\/revisions\/3240"}],"wp:attachment":[{"href":"https:\/\/lignoplan.com\/wordpress_7\/wp-json\/wp\/v2\/media?parent=2625"}],"curies":[{"name":"wp","href":"https:\/\/api.w.org\/{rel}","templated":true}]}}