{"id":1567,"date":"2015-04-08T10:11:07","date_gmt":"2015-04-08T08:11:07","guid":{"rendered":"http:\/\/vihoesbach.bplaced.net\/wordpress\/?page_id=1567"},"modified":"2016-10-28T18:41:14","modified_gmt":"2016-10-28T16:41:14","slug":"steuerung-lichtsignalanlagen","status":"publish","type":"page","link":"https:\/\/lignoplan.com\/wordpress_7\/steuerung-lichtsignalanlagen\/","title":{"rendered":"Lichtsignalanlagen"},"content":{"rendered":"<p><a href=\"http:\/\/twitter.com\/share?url=https%3A%2F%2Flignoplan.com%2Fwordpress_7%2Fsteuerung-lichtsignalanlagen%2F&amp;count=none&amp;lang=de&amp;via=https%3A%2F%2Ftwitter.com%2Fvihinfo&amp;related=vihinfo:Verkehrs-Initiative+H%C3%B6sbach&amp;text=Lichtsignalanlagen - VI H\u00f6sbach e.V.\" class=\"twitter-share-button\">Tweet<\/a><\/p><p>8.4.2015&nbsp;&nbsp;&nbsp;&nbsp;&nbsp;&nbsp; 5MB &nbsp; &nbsp; &nbsp; <a title=\"Verbesserung der Bedingungen f\u00fcr Fu\u00dfg\u00e4nger an Lichtsignalanlagen\" href=\"https:\/\/lignoplan.com\/wordpress_7\/wp-content\/uploads\/2016\/10\/V217b.pdf\" target=\"_blank\">Verbesserung der Bedingungen f\u00fcr Fu\u00dfg\u00e4nger an Lichtsignalanlagen<\/a><\/p>\n","protected":false},"excerpt":{"rendered":"<p>Tweet8.4.2015&nbsp;&nbsp;&nbsp;&nbsp;&nbsp;&nbsp; 5MB &nbsp; &nbsp; &nbsp; Verbesserung der Bedingungen f\u00fcr Fu\u00dfg\u00e4nger an Lichtsignalanlagen<\/p>\n","protected":false},"author":2,"featured_media":0,"parent":0,"menu_order":0,"comment_status":"closed","ping_status":"closed","template":"","meta":{"ngg_post_thumbnail":0,"footnotes":""},"class_list":["post-1567","page","type-page","status-publish","hentry"],"_links":{"self":[{"href":"https:\/\/lignoplan.com\/wordpress_7\/wp-json\/wp\/v2\/pages\/1567","targetHints":{"allow":["GET"]}}],"collection":[{"href":"https:\/\/lignoplan.com\/wordpress_7\/wp-json\/wp\/v2\/pages"}],"about":[{"href":"https:\/\/lignoplan.com\/wordpress_7\/wp-json\/wp\/v2\/types\/page"}],"author":[{"embeddable":true,"href":"https:\/\/lignoplan.com\/wordpress_7\/wp-json\/wp\/v2\/users\/2"}],"replies":[{"embeddable":true,"href":"https:\/\/lignoplan.com\/wordpress_7\/wp-json\/wp\/v2\/comments?post=1567"}],"version-history":[{"count":1,"href":"https:\/\/lignoplan.com\/wordpress_7\/wp-json\/wp\/v2\/pages\/1567\/revisions"}],"predecessor-version":[{"id":3253,"href":"https:\/\/lignoplan.com\/wordpress_7\/wp-json\/wp\/v2\/pages\/1567\/revisions\/3253"}],"wp:attachment":[{"href":"https:\/\/lignoplan.com\/wordpress_7\/wp-json\/wp\/v2\/media?parent=1567"}],"curies":[{"name":"wp","href":"https:\/\/api.w.org\/{rel}","templated":true}]}}