{"id":1093,"date":"2015-03-01T19:02:02","date_gmt":"2015-03-01T18:02:02","guid":{"rendered":"http:\/\/vihoesbach.bplaced.net\/wordpress\/?page_id=1093"},"modified":"2018-05-10T11:47:32","modified_gmt":"2018-05-10T09:47:32","slug":"laerm-fakten","status":"publish","type":"page","link":"https:\/\/lignoplan.com\/wordpress_7\/laerm-fakten\/","title":{"rendered":"L\u00e4rm-Fakten"},"content":{"rendered":"<p><a href=\"http:\/\/twitter.com\/share?url=https%3A%2F%2Flignoplan.com%2Fwordpress_7%2Flaerm-fakten%2F&amp;count=none&amp;lang=de&amp;via=https%3A%2F%2Ftwitter.com%2Fvihinfo&amp;related=vihinfo:Verkehrs-Initiative+H%C3%B6sbach&amp;text=L\u00e4rm-Fakten - VI H\u00f6sbach e.V.\" class=\"twitter-share-button\">Tweet<\/a><\/p><h2>L\u00e4rm<\/h2>\n<h4>Orientierende Messungen in H\u00f6sbach anl\u00e4sslich der L\u00e4rm-Messwoche von 22.7-28.7.2015<\/h4>\n<h6>Messung : 22.7. von 3:45-4:45 Hauptstra\u00dfe 5<\/h6>\n<p>Hintergrundl\u00e4rm liegt bei ca. 40 db, Pegelspitzen bei PKWs je nach Geschwindigkeit zwischen 65 und 70 db, Mopeds und LKWs bis 80 db. Bahnl\u00e4rm (G\u00fcterz\u00fcge): bis 50 db<\/p>\n<p><a href=\"https:\/\/lignoplan.com\/wordpress_7\/wp-content\/uploads\/2015\/07\/l\u00e4rm22_7_15_1.png\"><img loading=\"lazy\" decoding=\"async\" class=\"alignnone size-medium wp-image-2343\" src=\"https:\/\/lignoplan.com\/wordpress_7\/wp-content\/uploads\/2015\/07\/l\u00e4rm22_7_15_1-300x193.png\" alt=\"l\u00e4rm22_7_15_1\" width=\"300\" height=\"193\" srcset=\"https:\/\/lignoplan.com\/wordpress_7\/wp-content\/uploads\/2015\/07\/l\u00e4rm22_7_15_1-300x193.png 300w, https:\/\/lignoplan.com\/wordpress_7\/wp-content\/uploads\/2015\/07\/l\u00e4rm22_7_15_1-1024x659.png 1024w, https:\/\/lignoplan.com\/wordpress_7\/wp-content\/uploads\/2015\/07\/l\u00e4rm22_7_15_1.png 1290w\" sizes=\"auto, (max-width: 300px) 100vw, 300px\" \/><\/a><a href=\"https:\/\/lignoplan.com\/wordpress_7\/wp-content\/uploads\/2015\/07\/l\u00e4rm22_7_15_2.png\"><img loading=\"lazy\" decoding=\"async\" class=\"alignnone size-medium wp-image-2344\" src=\"https:\/\/lignoplan.com\/wordpress_7\/wp-content\/uploads\/2015\/07\/l\u00e4rm22_7_15_2-300x194.png\" alt=\"l\u00e4rm22_7_15_2\" width=\"300\" height=\"194\" srcset=\"https:\/\/lignoplan.com\/wordpress_7\/wp-content\/uploads\/2015\/07\/l\u00e4rm22_7_15_2-300x194.png 300w, https:\/\/lignoplan.com\/wordpress_7\/wp-content\/uploads\/2015\/07\/l\u00e4rm22_7_15_2-1024x661.png 1024w, https:\/\/lignoplan.com\/wordpress_7\/wp-content\/uploads\/2015\/07\/l\u00e4rm22_7_15_2.png 1290w\" sizes=\"auto, (max-width: 300px) 100vw, 300px\" \/><\/a><a href=\"https:\/\/lignoplan.com\/wordpress_7\/wp-content\/uploads\/2015\/07\/l\u00e4rm22_7_15_3.png\"><img loading=\"lazy\" decoding=\"async\" class=\"alignnone size-medium wp-image-2345\" src=\"https:\/\/lignoplan.com\/wordpress_7\/wp-content\/uploads\/2015\/07\/l\u00e4rm22_7_15_3-300x194.png\" alt=\"l\u00e4rm22_7_15_3\" width=\"300\" height=\"194\" srcset=\"https:\/\/lignoplan.com\/wordpress_7\/wp-content\/uploads\/2015\/07\/l\u00e4rm22_7_15_3-300x194.png 300w, https:\/\/lignoplan.com\/wordpress_7\/wp-content\/uploads\/2015\/07\/l\u00e4rm22_7_15_3-1024x663.png 1024w, https:\/\/lignoplan.com\/wordpress_7\/wp-content\/uploads\/2015\/07\/l\u00e4rm22_7_15_3.png 1287w\" sizes=\"auto, (max-width: 300px) 100vw, 300px\" \/><\/a><a href=\"https:\/\/lignoplan.com\/wordpress_7\/wp-content\/uploads\/2015\/07\/l\u00e4rm22_7_15_4.png\"><img loading=\"lazy\" decoding=\"async\" class=\"alignnone size-medium wp-image-2346\" src=\"https:\/\/lignoplan.com\/wordpress_7\/wp-content\/uploads\/2015\/07\/l\u00e4rm22_7_15_4-300x195.png\" alt=\"l\u00e4rm22_7_15_4\" width=\"300\" height=\"195\" srcset=\"https:\/\/lignoplan.com\/wordpress_7\/wp-content\/uploads\/2015\/07\/l\u00e4rm22_7_15_4-300x195.png 300w, https:\/\/lignoplan.com\/wordpress_7\/wp-content\/uploads\/2015\/07\/l\u00e4rm22_7_15_4-1024x666.png 1024w, https:\/\/lignoplan.com\/wordpress_7\/wp-content\/uploads\/2015\/07\/l\u00e4rm22_7_15_4.png 1289w\" sizes=\"auto, (max-width: 300px) 100vw, 300px\" \/><\/a><\/p>\n<h6>Messung : 24.7. von 13:30-14:00 Hauptstra\u00dfe 5<\/h6>\n<p><a href=\"https:\/\/lignoplan.com\/wordpress_7\/wp-content\/uploads\/2015\/07\/L\u00e4rm_24_7_15_13_30.png\"><img loading=\"lazy\" decoding=\"async\" class=\"alignnone size-medium wp-image-2369\" src=\"https:\/\/lignoplan.com\/wordpress_7\/wp-content\/uploads\/2015\/07\/L\u00e4rm_24_7_15_13_30-300x194.png\" alt=\"L\u00e4rm_24_7_15_13_30\" width=\"300\" height=\"194\" srcset=\"https:\/\/lignoplan.com\/wordpress_7\/wp-content\/uploads\/2015\/07\/L\u00e4rm_24_7_15_13_30-300x194.png 300w, https:\/\/lignoplan.com\/wordpress_7\/wp-content\/uploads\/2015\/07\/L\u00e4rm_24_7_15_13_30-1024x662.png 1024w, https:\/\/lignoplan.com\/wordpress_7\/wp-content\/uploads\/2015\/07\/L\u00e4rm_24_7_15_13_30.png 1291w\" sizes=\"auto, (max-width: 300px) 100vw, 300px\" \/><\/a><a href=\"https:\/\/lignoplan.com\/wordpress_7\/wp-content\/uploads\/2015\/07\/L\u00e4rm_24_7_15_13_45.png\"><img loading=\"lazy\" decoding=\"async\" class=\"alignnone size-medium wp-image-2370\" src=\"https:\/\/lignoplan.com\/wordpress_7\/wp-content\/uploads\/2015\/07\/L\u00e4rm_24_7_15_13_45-300x193.png\" alt=\"L\u00e4rm_24_7_15_13_45\" width=\"300\" height=\"193\" srcset=\"https:\/\/lignoplan.com\/wordpress_7\/wp-content\/uploads\/2015\/07\/L\u00e4rm_24_7_15_13_45-300x193.png 300w, https:\/\/lignoplan.com\/wordpress_7\/wp-content\/uploads\/2015\/07\/L\u00e4rm_24_7_15_13_45-1024x660.png 1024w, https:\/\/lignoplan.com\/wordpress_7\/wp-content\/uploads\/2015\/07\/L\u00e4rm_24_7_15_13_45.png 1294w\" sizes=\"auto, (max-width: 300px) 100vw, 300px\" \/><\/a><\/p>\n<p>Messung im Hof ca. 20 m Entfernung von der Stra\u00dfe<\/p>\n<p>&nbsp;<\/p>\n<h6>Messung : 24.7. von 15:30-16:00 Sch\u00f6llkrippener Stra\u00dfe 53<\/h6>\n<p><a href=\"https:\/\/lignoplan.com\/wordpress_7\/wp-content\/uploads\/2015\/07\/L\u00e4rm_24_7_15_13_30_Dia1.png\"><img loading=\"lazy\" decoding=\"async\" class=\"alignnone size-medium wp-image-2361\" src=\"https:\/\/lignoplan.com\/wordpress_7\/wp-content\/uploads\/2015\/07\/L\u00e4rm_24_7_15_13_30_Dia1-300x193.png\" alt=\"L\u00e4rm_24_7_15_13_30_Dia1\" width=\"300\" height=\"193\" srcset=\"https:\/\/lignoplan.com\/wordpress_7\/wp-content\/uploads\/2015\/07\/L\u00e4rm_24_7_15_13_30_Dia1-300x193.png 300w, https:\/\/lignoplan.com\/wordpress_7\/wp-content\/uploads\/2015\/07\/L\u00e4rm_24_7_15_13_30_Dia1-1024x660.png 1024w, https:\/\/lignoplan.com\/wordpress_7\/wp-content\/uploads\/2015\/07\/L\u00e4rm_24_7_15_13_30_Dia1.png 1290w\" sizes=\"auto, (max-width: 300px) 100vw, 300px\" \/><\/a><a href=\"https:\/\/lignoplan.com\/wordpress_7\/wp-content\/uploads\/2015\/07\/L\u00e4rm_24_7_15_13_30_Dia2.png\"><img loading=\"lazy\" decoding=\"async\" class=\"alignnone size-medium wp-image-2362\" src=\"https:\/\/lignoplan.com\/wordpress_7\/wp-content\/uploads\/2015\/07\/L\u00e4rm_24_7_15_13_30_Dia2-300x193.png\" alt=\"L\u00e4rm_24_7_15_13_30_Dia2\" width=\"300\" height=\"193\" srcset=\"https:\/\/lignoplan.com\/wordpress_7\/wp-content\/uploads\/2015\/07\/L\u00e4rm_24_7_15_13_30_Dia2-300x193.png 300w, https:\/\/lignoplan.com\/wordpress_7\/wp-content\/uploads\/2015\/07\/L\u00e4rm_24_7_15_13_30_Dia2-1024x659.png 1024w, https:\/\/lignoplan.com\/wordpress_7\/wp-content\/uploads\/2015\/07\/L\u00e4rm_24_7_15_13_30_Dia2.png 1292w\" sizes=\"auto, (max-width: 300px) 100vw, 300px\" \/><\/a><\/p>\n<p>Messung Fassadenpegel, LkW gr\u00f6\u00dfte L\u00e4rmbelastung<\/p>\n<h6>Messung : 25.7. von 15:30-16:00 Hauptstra\u00dfe 124-128<\/h6>\n<p><a href=\"https:\/\/lignoplan.com\/wordpress_7\/wp-content\/uploads\/2015\/07\/L\u00e4rm-25_7_10_30.png\"><img loading=\"lazy\" decoding=\"async\" class=\"alignnone size-medium wp-image-2354\" src=\"https:\/\/lignoplan.com\/wordpress_7\/wp-content\/uploads\/2015\/07\/L\u00e4rm-25_7_10_30-300x194.png\" alt=\"L\u00e4rm 25_7_10_30\" width=\"300\" height=\"194\" srcset=\"https:\/\/lignoplan.com\/wordpress_7\/wp-content\/uploads\/2015\/07\/L\u00e4rm-25_7_10_30-300x194.png 300w, https:\/\/lignoplan.com\/wordpress_7\/wp-content\/uploads\/2015\/07\/L\u00e4rm-25_7_10_30-1024x664.png 1024w, https:\/\/lignoplan.com\/wordpress_7\/wp-content\/uploads\/2015\/07\/L\u00e4rm-25_7_10_30.png 1288w\" sizes=\"auto, (max-width: 300px) 100vw, 300px\" \/><\/a><a href=\"https:\/\/lignoplan.com\/wordpress_7\/wp-content\/uploads\/2015\/07\/L\u00e4rm-25_7_10_45.png\"><img loading=\"lazy\" decoding=\"async\" class=\"alignnone size-medium wp-image-2355\" src=\"https:\/\/lignoplan.com\/wordpress_7\/wp-content\/uploads\/2015\/07\/L\u00e4rm-25_7_10_45-300x194.png\" alt=\"L\u00e4rm 25_7_10_45\" width=\"300\" height=\"194\" srcset=\"https:\/\/lignoplan.com\/wordpress_7\/wp-content\/uploads\/2015\/07\/L\u00e4rm-25_7_10_45-300x194.png 300w, https:\/\/lignoplan.com\/wordpress_7\/wp-content\/uploads\/2015\/07\/L\u00e4rm-25_7_10_45-1024x662.png 1024w, https:\/\/lignoplan.com\/wordpress_7\/wp-content\/uploads\/2015\/07\/L\u00e4rm-25_7_10_45.png 1288w\" sizes=\"auto, (max-width: 300px) 100vw, 300px\" \/><\/a><a href=\"https:\/\/lignoplan.com\/wordpress_7\/wp-content\/uploads\/2015\/07\/L\u00e4rm-25_7_11_15.png\"><img loading=\"lazy\" decoding=\"async\" class=\"alignnone size-medium wp-image-2356\" src=\"https:\/\/lignoplan.com\/wordpress_7\/wp-content\/uploads\/2015\/07\/L\u00e4rm-25_7_11_15-300x194.png\" alt=\"L\u00e4rm 25_7_11_15\" width=\"300\" height=\"194\" srcset=\"https:\/\/lignoplan.com\/wordpress_7\/wp-content\/uploads\/2015\/07\/L\u00e4rm-25_7_11_15-300x194.png 300w, https:\/\/lignoplan.com\/wordpress_7\/wp-content\/uploads\/2015\/07\/L\u00e4rm-25_7_11_15-1024x662.png 1024w, https:\/\/lignoplan.com\/wordpress_7\/wp-content\/uploads\/2015\/07\/L\u00e4rm-25_7_11_15.png 1291w\" sizes=\"auto, (max-width: 300px) 100vw, 300px\" \/><\/a><a href=\"https:\/\/lignoplan.com\/wordpress_7\/wp-content\/uploads\/2015\/07\/L\u00e4rm-25_7_12_45.png\"><img loading=\"lazy\" decoding=\"async\" class=\"alignnone size-medium wp-image-2360\" src=\"https:\/\/lignoplan.com\/wordpress_7\/wp-content\/uploads\/2015\/07\/L\u00e4rm-25_7_12_45-300x194.png\" alt=\"L\u00e4rm 25_7_12_15\" width=\"300\" height=\"194\" srcset=\"https:\/\/lignoplan.com\/wordpress_7\/wp-content\/uploads\/2015\/07\/L\u00e4rm-25_7_12_45-300x194.png 300w, https:\/\/lignoplan.com\/wordpress_7\/wp-content\/uploads\/2015\/07\/L\u00e4rm-25_7_12_45-1024x662.png 1024w, https:\/\/lignoplan.com\/wordpress_7\/wp-content\/uploads\/2015\/07\/L\u00e4rm-25_7_12_45.png 1290w\" sizes=\"auto, (max-width: 300px) 100vw, 300px\" \/><\/a><a href=\"https:\/\/lignoplan.com\/wordpress_7\/wp-content\/uploads\/2015\/07\/L\u00e4rm-25_7_12_30.png\"><img loading=\"lazy\" decoding=\"async\" class=\"alignnone size-medium wp-image-2359\" src=\"https:\/\/lignoplan.com\/wordpress_7\/wp-content\/uploads\/2015\/07\/L\u00e4rm-25_7_12_30-300x195.png\" alt=\"L\u00e4rm 25_7_12_30\" width=\"300\" height=\"195\" srcset=\"https:\/\/lignoplan.com\/wordpress_7\/wp-content\/uploads\/2015\/07\/L\u00e4rm-25_7_12_30-300x195.png 300w, https:\/\/lignoplan.com\/wordpress_7\/wp-content\/uploads\/2015\/07\/L\u00e4rm-25_7_12_30-1024x665.png 1024w, https:\/\/lignoplan.com\/wordpress_7\/wp-content\/uploads\/2015\/07\/L\u00e4rm-25_7_12_30.png 1288w\" sizes=\"auto, (max-width: 300px) 100vw, 300px\" \/><\/a><\/p>\n<p>Normaler Samstag, ruhiger Verkehr<\/p>\n<h6>Messung : 25.7. von 15:30-16:00 Hauptstra\u00dfe 99<\/h6>\n<p><a href=\"https:\/\/lignoplan.com\/wordpress_7\/wp-content\/uploads\/2015\/07\/L\u00e4rm-25_7_11_30.png\"><img loading=\"lazy\" decoding=\"async\" class=\"alignnone size-medium wp-image-2366\" src=\"https:\/\/lignoplan.com\/wordpress_7\/wp-content\/uploads\/2015\/07\/L\u00e4rm-25_7_11_30-300x194.png\" alt=\"L\u00e4rm 25_7_11_30\" width=\"300\" height=\"194\" srcset=\"https:\/\/lignoplan.com\/wordpress_7\/wp-content\/uploads\/2015\/07\/L\u00e4rm-25_7_11_30-300x194.png 300w, https:\/\/lignoplan.com\/wordpress_7\/wp-content\/uploads\/2015\/07\/L\u00e4rm-25_7_11_30-1024x663.png 1024w, https:\/\/lignoplan.com\/wordpress_7\/wp-content\/uploads\/2015\/07\/L\u00e4rm-25_7_11_30.png 1292w\" sizes=\"auto, (max-width: 300px) 100vw, 300px\" \/><\/a><a href=\"https:\/\/lignoplan.com\/wordpress_7\/wp-content\/uploads\/2015\/07\/L\u00e4rm-25_7_11_45.png\"><img loading=\"lazy\" decoding=\"async\" class=\"alignnone size-medium wp-image-2367\" src=\"https:\/\/lignoplan.com\/wordpress_7\/wp-content\/uploads\/2015\/07\/L\u00e4rm-25_7_11_45-300x194.png\" alt=\"L\u00e4rm 25_7_11_45\" width=\"300\" height=\"194\" srcset=\"https:\/\/lignoplan.com\/wordpress_7\/wp-content\/uploads\/2015\/07\/L\u00e4rm-25_7_11_45-300x194.png 300w, https:\/\/lignoplan.com\/wordpress_7\/wp-content\/uploads\/2015\/07\/L\u00e4rm-25_7_11_45-1024x664.png 1024w, https:\/\/lignoplan.com\/wordpress_7\/wp-content\/uploads\/2015\/07\/L\u00e4rm-25_7_11_45.png 1287w\" sizes=\"auto, (max-width: 300px) 100vw, 300px\" \/><\/a><\/p>\n<p>Hier wurden die h\u00f6chsten Spitzenpegel, verursacht durch LkW und Kleinkraftr\u00e4der gemessen. Hoher Hintergrundpegel durch abbremsende und anfahrende Fahrzeuge.<\/p>\n<h4>Kartierung nach dem L\u00e4rmbelastungskataster Bayern<\/h4>\n<p>Die nachfolgenden Karten zeigen die L\u00e4rmbelastung in H\u00f6sbach bei Tag (oben) und bei Nacht (unten) <b> durch die BAB 3, die Eisenbahnstrecke<\/b> und die <strong>Hauptstra\u00dfe<\/strong> und <strong>Aschaffenburger Stra\u00dfe <\/strong>in<strong> H\u00f6sbach Bahnhof<\/strong>.<\/p>\n<p>Schon durch den Autobahnl\u00e4rm und den Eisenbahnl\u00e4rm zeigt sich, dass tags\u00fcber 1200 H\u00f6sbacher mit einem Schallpegel \u00fcber 55 dB(A) und 200 B\u00fcrger mit einem Pegel \u00fcber 60 db(A)leben m\u00fcssen. Nachts gibt es 700 Betroffene \u00fcber 50 db(A) und 100 Betroffene \u00fcber 55 db(A). Die Regierung von Unterfranken sieht keine Veranlassung f\u00fcr L\u00e4rmminderungsma\u00dfnahmen aufgrund der Belastung durch den Autobahnl\u00e4rm. Zur Minderung des Eisenbahnl\u00e4rms liegt ein<a title=\"L\u00e4rmaktionsplan H\u00f6sbach\" href=\"https:\/\/www.regierung.unterfranken.bayern.de\/assets\/6\/1\/laermaktionsplan_schiene_markt_hoesbach.pdf\" target=\"_blank\" rel=\"noopener\"><strong> L\u00e4rmaktionsplan f\u00fcr H\u00f6sbach<\/strong> <\/a>vor.<\/p>\n<p>Nochmals deutlich h\u00f6her ist die Belastung and den Hauptverkehrsstra\u00dfen durch H\u00f6sbach. Die Ausl\u00f6seschwelle f\u00fcr aktive L\u00e4rmminderungsma\u00dfnahmen ist \u00fcberschritten. Nach dem Beschluss des Gemeinderats sollen planunabh\u00e4ngige Ma\u00dfnahmen ergriffen werden.<br \/>\nWeitere Informationen zum <b>bayerischen L\u00e4rmbelastungskataster <\/b>finden sich <a href=\"http:\/\/www.umweltatlas.bayern.de\/mapapps\/resources\/apps\/lfu_laerm_ftz\/index.html?lang=de\" target=\"_blank\" rel=\"noopener\"><b>hier. <\/b><\/a><br \/>\n<a href=\"http:\/\/laermkartierung1.eisenbahn-bundesamt.de\/mb3\/app.php\/application\/eba\" target=\"_blank\" rel=\"noopener\"><b>Hier <\/b><\/a> gehts zur<br \/>\nL\u00e4rmkartierung des Eisenbahnbundesamts.<\/p>\n<p>Die <b>Neuberechnung des Autobahnl\u00e4rms<\/b> am \u00f6stlichen Ortseingang,<b> mittlerer Pegel tags,abends,nachts <\/b><\/p>\n<p><img decoding=\"async\" src=\"http:\/\/www.lignoplan.com\/vih\/diagramm\/lden.png\" alt=\"\" width=\"640\" border=\"0\"><\/p>\n<p>Die <b>Neuberechnung des Autobahnl\u00e4rms<\/b> am \u00f6stlichen Ortseingang <b>mittlerer Pegel nachts <\/b><\/p>\n<p><img decoding=\"async\" src=\"http:\/\/www.lignoplan.com\/vih\/diagramm\/lnight.png\" alt=\"\" width=\"640\" border=\"0\"><\/p>\n<p>Der <b>Eisenbahnl\u00e4rm<\/b> in H\u00f6sbach <b>mittlerer Pegel tags,abends,nachts <\/b><\/p>\n<p><img decoding=\"async\" src=\"http:\/\/www.lignoplan.com\/vih\/diagramm\/e_lden.png\" alt=\"\" width=\"640\" border=\"0\"><\/p>\n<p>Der <b>Eisenbahnl\u00e4rm<\/b> in H\u00f6sbach <b>mittlerer Pegel nachts <\/b><\/p>\n<p><img decoding=\"async\" src=\"http:\/\/www.lignoplan.com\/vih\/diagramm\/e_lnight.png\" alt=\"\" width=\"640\" border=\"0\"><\/p>\n<p><strong>L\u00e4rmpegel nachts&nbsp; an der Hauptstra\u00dfe in H\u00f6sbach<\/strong> (an der gelben Linie herrscht ein Schallpegel von 57 dB(A), die gelben H\u00e4user sind von \u00fcberm\u00e4\u00dfigem L\u00e4rm betroffen, die Zahlen geben die Anzahl der L\u00e4rmbetroffenen wieder)<\/p>\n<p><a href=\"https:\/\/lignoplan.com\/wordpress_7\/wp-content\/uploads\/2015\/03\/L\u00e4rmbetroffene-West.png\"><img loading=\"lazy\" decoding=\"async\" class=\"aligncenter size-full wp-image-1107\" src=\"https:\/\/lignoplan.com\/wordpress_7\/wp-content\/uploads\/2015\/03\/L\u00e4rmbetroffene-West.png\" alt=\"L\u00e4rmbetroffene West\" width=\"1078\" height=\"595\"><\/a>L\u00e4rm und L\u00e4rmbetroffene nachts Hauptstra\u00dfe (West), Quelle: LFU<\/p>\n<p>&nbsp;<\/p>\n<p><a href=\"https:\/\/lignoplan.com\/wordpress_7\/wp-content\/uploads\/2015\/03\/L\u00e4rmbetroffene-Mitte.png\"><img loading=\"lazy\" decoding=\"async\" class=\"aligncenter size-full wp-image-1105\" src=\"https:\/\/lignoplan.com\/wordpress_7\/wp-content\/uploads\/2015\/03\/L\u00e4rmbetroffene-Mitte.png\" alt=\"L\u00e4rmbetroffene Mitte\" width=\"1382\" height=\"471\"><\/a>L\u00e4rm und L\u00e4rmbetroffene nachts Hauptstra\u00dfe (Mitte), Quelle: LFU<\/p>\n<p>&nbsp;<\/p>\n<p><a href=\"https:\/\/lignoplan.com\/wordpress_7\/wp-content\/uploads\/2015\/03\/L\u00e4rmbetroffene-Ost.png\"><img loading=\"lazy\" decoding=\"async\" class=\"aligncenter size-full wp-image-1106\" src=\"https:\/\/lignoplan.com\/wordpress_7\/wp-content\/uploads\/2015\/03\/L\u00e4rmbetroffene-Ost.png\" alt=\"L\u00e4rmbetroffene Ost\" width=\"1578\" height=\"596\"><\/a>L\u00e4rm und L\u00e4rmbetroffene nachts Hauptstra\u00dfe (Ost), Quelle: LFU<\/p>\n<p>&nbsp;<\/p>\n<p><a href=\"https:\/\/lignoplan.com\/wordpress_7\/wp-content\/uploads\/2015\/03\/H\u00f6sbach-Bahnhof-west.png\"><img loading=\"lazy\" decoding=\"async\" class=\"aligncenter size-full wp-image-1111\" src=\"https:\/\/lignoplan.com\/wordpress_7\/wp-content\/uploads\/2015\/03\/H\u00f6sbach-Bahnhof-west.png\" alt=\"H\u00f6sbach Bahnhof west\" width=\"806\" height=\"629\"><\/a>L\u00e4rm und L\u00e4rmbetroffene nachts&nbsp; H\u00f6sbach Bahnhof (West), Quelle: LFU<\/p>\n<p>&nbsp;<\/p>\n<p><a href=\"https:\/\/lignoplan.com\/wordpress_7\/wp-content\/uploads\/2015\/03\/H\u00f6sbach-Bahnhof-Ost.png\"><img loading=\"lazy\" decoding=\"async\" class=\"aligncenter size-full wp-image-1110\" src=\"https:\/\/lignoplan.com\/wordpress_7\/wp-content\/uploads\/2015\/03\/H\u00f6sbach-Bahnhof-Ost.png\" alt=\"H\u00f6sbach Bahnhof Ost\" width=\"955\" height=\"794\"><\/a>L\u00e4rm und L\u00e4rmbetroffene nachts H\u00f6sbach Bahnhof (West), Quelle: LFU<\/p>\n<h5>&nbsp;Immissionsprognose f\u00fcr das Baugebiet H\u00f6sbach West<\/h5>\n<p>Die Schallberechnung zum Bebauungsplan H\u00f6sbach West. Trotz falscher Randbedingungen (westlich der Robert-Kochststr gilt Tempo 50) werden die Ausl\u00f6sewerte f\u00fcr L\u00e4rmsanierungen \u00fcberschritten.<\/p>\n<p><strong><a href=\"https:\/\/lignoplan.com\/wordpress_7\/wp-content\/uploads\/2015\/03\/Immissionsprognose-H\u00f6sbach-West.pdf\" target=\"-blank\">Immissionsprognose H\u00f6sbach West<\/a><\/strong><\/p>\n<p><strong><a href=\"https:\/\/lignoplan.com\/wordpress_7\/wp-content\/uploads\/2015\/03\/Anhang-Immissionsprognose.pdf\" target=\"_blank\" rel=\"noopener\">Anhang Immissionsprognose<\/a><\/strong><\/p>\n<h5>Norah L\u00e4rmstudie<\/h5>\n<p>Die bislang umfassendste Studie zu sch\u00e4dlichen Wirkungen des Verkehrsl\u00e4rms im Rhein-Main-Gebiet<\/p>\n<p><a href=\"http:\/\/www.laermstudie.de\/\"><strong>Projektwebseite<\/strong><\/a><\/p>\n<p>&nbsp;<\/p>\n","protected":false},"excerpt":{"rendered":"<p>TweetL\u00e4rm Orientierende Messungen in H\u00f6sbach anl\u00e4sslich der L\u00e4rm-Messwoche von 22.7-28.7.2015 Messung : 22.7. von 3:45-4:45 Hauptstra\u00dfe 5 Hintergrundl\u00e4rm liegt bei ca. 40 db, Pegelspitzen bei PKWs je nach Geschwindigkeit zwischen 65 und 70 db, Mopeds und LKWs bis 80 db. Bahnl\u00e4rm (G\u00fcterz\u00fcge): bis 50 db Messung : 24.7. von 13:30-14:00 Hauptstra\u00dfe 5 Messung im Hof &hellip; <a href=\"https:\/\/lignoplan.com\/wordpress_7\/laerm-fakten\/\" class=\"more-link\"><span class=\"screen-reader-text\">L\u00e4rm-Fakten<\/span> weiterlesen <span class=\"meta-nav\">&rarr;<\/span><\/a><\/p>\n","protected":false},"author":2,"featured_media":0,"parent":0,"menu_order":0,"comment_status":"closed","ping_status":"closed","template":"","meta":{"ngg_post_thumbnail":0,"footnotes":""},"class_list":["post-1093","page","type-page","status-publish","hentry"],"_links":{"self":[{"href":"https:\/\/lignoplan.com\/wordpress_7\/wp-json\/wp\/v2\/pages\/1093","targetHints":{"allow":["GET"]}}],"collection":[{"href":"https:\/\/lignoplan.com\/wordpress_7\/wp-json\/wp\/v2\/pages"}],"about":[{"href":"https:\/\/lignoplan.com\/wordpress_7\/wp-json\/wp\/v2\/types\/page"}],"author":[{"embeddable":true,"href":"https:\/\/lignoplan.com\/wordpress_7\/wp-json\/wp\/v2\/users\/2"}],"replies":[{"embeddable":true,"href":"https:\/\/lignoplan.com\/wordpress_7\/wp-json\/wp\/v2\/comments?post=1093"}],"version-history":[{"count":20,"href":"https:\/\/lignoplan.com\/wordpress_7\/wp-json\/wp\/v2\/pages\/1093\/revisions"}],"predecessor-version":[{"id":4221,"href":"https:\/\/lignoplan.com\/wordpress_7\/wp-json\/wp\/v2\/pages\/1093\/revisions\/4221"}],"wp:attachment":[{"href":"https:\/\/lignoplan.com\/wordpress_7\/wp-json\/wp\/v2\/media?parent=1093"}],"curies":[{"name":"wp","href":"https:\/\/api.w.org\/{rel}","templated":true}]}}