{"id":1044,"date":"2015-02-27T18:14:37","date_gmt":"2015-02-27T17:14:37","guid":{"rendered":"http:\/\/vihoesbach.bplaced.net\/wordpress\/?page_id=1044"},"modified":"2015-05-29T18:28:07","modified_gmt":"2015-05-29T18:28:07","slug":"verschiedenes-2","status":"publish","type":"page","link":"https:\/\/lignoplan.com\/wordpress_7\/verschiedenes-2\/","title":{"rendered":"Gesetze-Urteile-Studien"},"content":{"rendered":"<p><a href=\"http:\/\/twitter.com\/share?url=https%3A%2F%2Flignoplan.com%2Fwordpress_7%2Fverschiedenes-2%2F&amp;count=none&amp;lang=de&amp;via=https%3A%2F%2Ftwitter.com%2Fvihinfo&amp;related=vihinfo:Verkehrs-Initiative+H%C3%B6sbach&amp;text=Gesetze-Urteile-Studien - VI H\u00f6sbach e.V.\" class=\"twitter-share-button\">Tweet<\/a><\/p><ul>\n<li>Gesetze<br \/>\n<table>\n<tbody>\n<tr>\n<td valign=\"top\" width=\"100\">5.03.2015<\/td>\n<td align=\"right\" valign=\"top\" width=\"60\">277 KB<\/td>\n<td align=\"left\"><a target=\"_blank\" href=\"https:\/\/lignoplan.com\/wordpress_7\/wp-content\/uploads\/2015\/03\/vlschr97.pdf\">Verkehrsl\u00e4rmschutzrichtlinie 97<\/a><\/td>\n<\/tr>\n<tr>\n<td valign=\"top\" width=\"100\">10.08.2010<\/td>\n<td align=\"right\" valign=\"top\" width=\"60\">277 KB<\/td>\n<td align=\"left\"><a target=\"_blank\" href=\"http:\/\/lignoplan.com\/vih\/pdfs\/39_bimschv.pdf\" target=\"_blank\">Text der 39. Bundesimmissionsschutzverordnung vom 2.8.2010<\/a><\/td>\n<\/tr>\n<tr>\n<td valign=\"top\" width=\"100\">29.10.2004<\/td>\n<td align=\"right\" valign=\"top\" width=\"60\">431 KB<\/td>\n<td align=\"left\"><a href=\"http:\/\/lignoplan.com\/vih\/pdfs\/1503782.pdf\" target=\"_blank\">Gesetzentwurf zur Umsetzung der EU-Umgebungsl\u00e4rmrichtlinie<\/a><\/td>\n<\/tr>\n<tr>\n<td valign=\"top\" width=\"100\">27.08.2004<\/td>\n<td align=\"right\" valign=\"top\" width=\"60\">279 KB<\/td>\n<td align=\"left\"><a href=\"http:\/\/lignoplan.com\/vih\/pdfs\/eulaerm.pdf\" target=\"_blank\">Text der EU-Umgebungsl\u00e4rmrichtlinie<\/a><\/td>\n<\/tr>\n<\/tbody>\n<\/table>\n<\/li>\n<li>Urteile<br \/>\n<table>\n<tbody>\n<tr>\n<td valign=\"top\" width=\"100\">9.05.2004<\/td>\n<td align=\"right\" valign=\"top\" width=\"60\">20 KB<\/td>\n<td align=\"left\"><a href=\"http:\/\/lignoplan.com\/vih\/pdfs\/c320_1.pdf\" target=\"_blank\">Beschluss des EUGH vom 27.4.04 zu LKW Fahrverbot auf der Inntalautobahn<\/a><\/td>\n<\/tr>\n<tr>\n<td valign=\"top\" width=\"100\">23.01.2004<\/td>\n<td align=\"right\" valign=\"top\" width=\"60\">46 KB<\/td>\n<td align=\"left\"><a href=\"http:\/\/lignoplan.com\/vih\/pdfs\/c320.pdf\" target=\"_blank\">Beschluss des EUGH vom 2.10.03 zu LKW Fahrverbot auf der Inntalautobahn<\/a><\/td>\n<\/tr>\n<\/tbody>\n<\/table>\n<\/li>\n<li>Schadstoffberichte + Studien<br \/>\n<table>\n<tbody>\n<tr>\n<td valign=\"top\" width=\"100\">29.11.2010<\/td>\n<td align=\"right\" valign=\"top\" width=\"60\">3404 KB<\/td>\n<td align=\"left\"><a href=\"http:\/\/lignoplan.com\/vih\/pdfs\/lfu_bericht_25_5_10.pdf \" target=\"_blank\"> Immissionsbericht 2010 des Landesamts f\u00fcr Umweltschutz<\/a><\/td>\n<\/tr>\n<tr>\n<td valign=\"top\" width=\"100\">12.3.2008<\/td>\n<td align=\"right\" valign=\"top\" width=\"60\">7950 KB<\/td>\n<td align=\"left\"><a href=\"http:\/\/lignoplan.com\/vih\/pdfs\/immission2007.pdf \" target=\"_blank\"> Immissionsbericht 2008 des Landesamts f\u00fcr Umweltschutz<\/a><\/td>\n<\/tr>\n<tr>\n<td valign=\"top\" width=\"100\">19.11.2004<\/td>\n<td align=\"right\" valign=\"top\" width=\"60\">532 KB<\/td>\n<td align=\"left\"><a href=\"http:\/\/lignoplan.com\/vih\/pdfs\/adac.pdf\" target=\"_blank\"> Vortrag von Dr. habil. Uwe Lahl Ministerialdirektor Bundesministerium f\u00fcr Umwelt, Naturschutz und Reaktorsicherheit zur ADAC-Fachtagung\u201e Dicke Luft im Ballungsraum \u2013 Wege zur vern\u00fcnftigen Umsetzung der EU-Luftreinhalte-Richtlinien\u201c<\/a><\/td>\n<\/tr>\n<tr>\n<td valign=\"top\" width=\"100\">15.02.2003<\/td>\n<td align=\"right\" valign=\"top\" width=\"60\">1776 KB<\/td>\n<td align=\"left\"><a href=\"http:\/\/lignoplan.com\/vih\/pdfs\/Grundlagenseminar.pdf\" target=\"_blank\">Ver\u00f6ffentlichung von Dr. Gerd Rudel \/Peter Gack (Petra-Kelly-Stiftung) <\/a><\/td>\n<\/tr>\n<tr>\n<td valign=\"top\" width=\"100\">09.05.2003<\/td>\n<td align=\"right\" valign=\"top\" width=\"60\">1743 KB<\/td>\n<td align=\"left\"><a href=\"http:\/\/lignoplan.com\/vih\/pdfs\/messbericht_2001_2002.pdf\" target=\"_blank\">Amtlicher Me\u00dfbericht des Landesamts f\u00fcr Umweltschutz \u00fcber Luftschadstoffe im Raum Aschaffenburg<\/a><\/td>\n<\/tr>\n<tr>\n<td valign=\"top\" width=\"100\">11.9.2003<\/td>\n<td align=\"right\" valign=\"top\" width=\"60\">4879 KB<\/td>\n<td align=\"left\"><a href=\"http:\/\/lignoplan.com\/vih\/pdfs\/mobilitaet.pdf\" target=\"_blank\">Tagungunterlagen zum Seminar Mobilit\u00e4t nach Ma\u00df der Petra-Kelly-Stiftung mit interessanten Beitr\u00e4gen zu einer zukunftsf\u00e4higen Verkehrspolitik<\/a><\/td>\n<\/tr>\n<tr>\n<td valign=\"top\" width=\"100\">01.06.2003<\/td>\n<td align=\"right\" valign=\"top\" width=\"60\">745 KB<\/td>\n<td align=\"left\"><a href=\"http:\/\/lignoplan.com\/vih\/pdfs\/luftreinhalteplaene.pdf\" target=\"_blank\">Fachtagungsunterlagen zu Lufreinhaltepl\u00e4nen mit Studie zu Tempo 30 <\/a><\/td>\n<\/tr>\n<tr>\n<td valign=\"top\" width=\"100\">12.03.2004<\/td>\n<td align=\"right\" valign=\"top\" width=\"60\">513 KB<\/td>\n<td align=\"left\"><a href=\"http:\/\/lignoplan.com\/vih\/pdfs\/laermplanung.pdf\" target=\"_blank\">VCD Tagungsunterlagen L\u00e4rmbek\u00e4mpfung durch Stadt- und Verkehrsplanung, Hamburg 7.3.03 <\/a><\/td>\n<\/tr>\n<tr>\n<td valign=\"top\" width=\"100\">12.03.2004<\/td>\n<td align=\"right\" valign=\"top\" width=\"60\">2639 KB<\/td>\n<td align=\"left\"><a href=\"http:\/\/lignoplan.com\/vih\/pdfs\/laermplanung.pdf\" target=\"_blank\">VCD Abschlussbericht Ma\u00dfnahmen gegen Verkehrsl\u00e4rm, Berlin 16.1.04 <\/a><\/td>\n<\/tr>\n<tr>\n<td valign=\"top\" width=\"100\">08.04.2004<\/td>\n<td align=\"right\" valign=\"top\" width=\"60\">132 KB<\/td>\n<td align=\"left\"><a href=\"http:\/\/lignoplan.com\/vih\/pdfs\/fairkehr2_2004.pdf\" target=\"_blank\">Artikel aus der VCD Zeitschrift fairkehr 2\/2004 zum Thema Bundes-Immissionsschutzgesetz<\/a><\/td>\n<\/tr>\n<tr>\n<td valign=\"top\" width=\"100\">08.04.2004<\/td>\n<td align=\"right\" valign=\"top\" width=\"60\">115 KB<\/td>\n<td align=\"left\"><a href=\"http:\/\/lignoplan.com\/vih\/pdfs\/atmensiefrischeluft.pdf\" target=\"_blank\">VCD Informationsblatt zum Thema verkehrsbedingte Luftschadstoffe<\/a><\/td>\n<\/tr>\n<tr>\n<td valign=\"top\" width=\"100\">09.05.2004<\/td>\n<td align=\"right\" valign=\"top\" width=\"60\">1711 KB<\/td>\n<td align=\"left\"><a href=\"http:\/\/lignoplan.com\/vih\/pdfs\/feinstaub.pdf\" target=\"_blank\">Tagungsunterlagen des LFU zu PM10 Emissionen<\/a><\/td>\n<\/tr>\n<tr>\n<td valign=\"top\" width=\"100\">09.05.2004<\/td>\n<td align=\"right\" valign=\"top\" width=\"60\">13 MB<\/td>\n<td align=\"left\"><a href=\"http:\/\/www.umweltbundesamt.de\/uba-info-medien\/mysql-media-detail.php3?Kennummer=2640\" target=\"_blank\">Bericht des UBA-Workshops zu PM10 Emissionen<\/a><\/td>\n<\/tr>\n<tr>\n<td valign=\"top\" width=\"100\">20.10.2004<\/td>\n<td align=\"right\" valign=\"top\" width=\"60\">1429 KB<\/td>\n<td align=\"left\"><a href=\"http:\/\/lignoplan.com\/vih\/pdfs\/auto_2004.pdf\" target=\"_blank\">Tagungsunterlagen des LFU zu Auto und Umweltschutz<\/a><\/td>\n<\/tr>\n<tr>\n<td valign=\"top\" width=\"100\">15.12.2004<\/td>\n<td align=\"right\" valign=\"top\" width=\"60\">794 KB<\/td>\n<td align=\"left\"><a href=\"http:\/\/lignoplan.com\/vih\/pdfs\/spiegel1.pdf\" target=\"blank\">Artikel aus &#8222;Der Spiegel&#8220; Ausgabe 50\/2004<\/a><\/td>\n<\/tr>\n<\/tbody>\n<\/table>\n<\/li>\n<\/ul>\n","protected":false},"excerpt":{"rendered":"<p>Tweet Gesetze 5.03.2015 277 KB Verkehrsl\u00e4rmschutzrichtlinie 97 10.08.2010 277 KB Text der 39. Bundesimmissionsschutzverordnung vom 2.8.2010 29.10.2004 431 KB Gesetzentwurf zur Umsetzung der EU-Umgebungsl\u00e4rmrichtlinie 27.08.2004 279 KB Text der EU-Umgebungsl\u00e4rmrichtlinie Urteile 9.05.2004 20 KB Beschluss des EUGH vom 27.4.04 zu LKW Fahrverbot auf der Inntalautobahn 23.01.2004 46 KB Beschluss des EUGH vom 2.10.03 zu LKW &hellip; <a href=\"https:\/\/lignoplan.com\/wordpress_7\/verschiedenes-2\/\" class=\"more-link\"><span class=\"screen-reader-text\">Gesetze-Urteile-Studien<\/span> weiterlesen <span class=\"meta-nav\">&rarr;<\/span><\/a><\/p>\n","protected":false},"author":2,"featured_media":0,"parent":0,"menu_order":0,"comment_status":"closed","ping_status":"closed","template":"","meta":{"ngg_post_thumbnail":0,"footnotes":""},"class_list":["post-1044","page","type-page","status-publish","hentry"],"_links":{"self":[{"href":"https:\/\/lignoplan.com\/wordpress_7\/wp-json\/wp\/v2\/pages\/1044","targetHints":{"allow":["GET"]}}],"collection":[{"href":"https:\/\/lignoplan.com\/wordpress_7\/wp-json\/wp\/v2\/pages"}],"about":[{"href":"https:\/\/lignoplan.com\/wordpress_7\/wp-json\/wp\/v2\/types\/page"}],"author":[{"embeddable":true,"href":"https:\/\/lignoplan.com\/wordpress_7\/wp-json\/wp\/v2\/users\/2"}],"replies":[{"embeddable":true,"href":"https:\/\/lignoplan.com\/wordpress_7\/wp-json\/wp\/v2\/comments?post=1044"}],"version-history":[{"count":2,"href":"https:\/\/lignoplan.com\/wordpress_7\/wp-json\/wp\/v2\/pages\/1044\/revisions"}],"predecessor-version":[{"id":2216,"href":"https:\/\/lignoplan.com\/wordpress_7\/wp-json\/wp\/v2\/pages\/1044\/revisions\/2216"}],"wp:attachment":[{"href":"https:\/\/lignoplan.com\/wordpress_7\/wp-json\/wp\/v2\/media?parent=1044"}],"curies":[{"name":"wp","href":"https:\/\/api.w.org\/{rel}","templated":true}]}}