{"id":89,"date":"2015-02-18T21:51:12","date_gmt":"2015-02-18T21:51:12","guid":{"rendered":"http:\/\/lignoplan.com\/wordpress\/?page_id=89"},"modified":"2021-01-02T18:06:58","modified_gmt":"2021-01-02T17:06:58","slug":"oeffentliche-und-nicht-wohngebaeude","status":"publish","type":"page","link":"https:\/\/lignoplan.com\/wordpress\/information\/energieeinsparverordnung\/oeffentliche-und-nicht-wohngebaeude\/","title":{"rendered":"&#8230; f\u00fcr \u00f6ffentliche Geb\u00e4ude und Nicht-Wohngeb\u00e4ude"},"content":{"rendered":"<h3 style=\"text-align: justify;\">Geb\u00e4udeenergiegesetz f\u00fcr \u00f6ffentliche und Nicht-Wohngeb\u00e4ude<\/h3>\n<p style=\"text-align: justify;\">Bei Nichtwohngeb\u00e4uden werden zus\u00e4tzlich zum Energiebedarf f\u00fcr Heizung und Warmwasser der Energie bedarf f\u00fcr Beleuchtung, L\u00fcftungs-und K\u00fchlanlagen bei der Berechnung des Prim\u00e4renergiebedarfs mitber\u00fccksichtigt. Die Berechnung des Prim\u00e4renergiebedarfs erfolgt nach einem anderen Verfahren als bei Wohngeb\u00e4uden und ist in DIN EN 18599 geregelt. Ein Ausweispflicht besteht auch f\u00fcr Nichtwohngeb\u00e4ude. F\u00fcr Geb\u00e4ude mit Publikumsverkehr besteht eine Aushangpflicht: bei Geb\u00e4uden \u00fcber 500 m\u00b2 Nutzfl\u00e4che (ab 8.7.2015 250 m\u00b2) muss dieser f\u00fcr die \u00d6ffentlichkeit gut sichtbar an dem Geb\u00e4ude angebracht werden.<\/p>\n<p style=\"text-align: justify;\"><strong>LIGNOPLAN findet mit Ihnen das richtige Energiekonzept und erstellt den erforderlichen \u00f6ffentlich-rechtlich Nachweis oder erstellt die Berechnung gem\u00e4\u00df DIN EN 18599 mit Ihrer individuellen Nutzung und ihren tats\u00e4chlichen Randbedingungen.<\/strong><\/p>\n<p style=\"text-align: justify;\">Nutzen Sie die F\u00f6rderung f\u00fcr Kommunale Energieeinsparkonzepte!<\/p>\n","protected":false},"excerpt":{"rendered":"<p>Geb\u00e4udeenergiegesetz f\u00fcr \u00f6ffentliche und Nicht-Wohngeb\u00e4ude Bei Nichtwohngeb\u00e4uden werden zus\u00e4tzlich zum Energiebedarf f\u00fcr Heizung und Warmwasser der Energie bedarf f\u00fcr Beleuchtung, L\u00fcftungs-und K\u00fchlanlagen bei der Berechnung des Prim\u00e4renergiebedarfs mitber\u00fccksichtigt. Die Berechnung des Prim\u00e4renergiebedarfs erfolgt nach einem anderen Verfahren als bei Wohngeb\u00e4uden und ist in DIN EN 18599 geregelt. Ein Ausweispflicht besteht auch f\u00fcr Nichtwohngeb\u00e4ude. F\u00fcr Geb\u00e4ude [&hellip;]<\/p>\n","protected":false},"author":2,"featured_media":0,"parent":41,"menu_order":7,"comment_status":"closed","ping_status":"closed","template":"","meta":{"footnotes":""},"_links":{"self":[{"href":"https:\/\/lignoplan.com\/wordpress\/wp-json\/wp\/v2\/pages\/89"}],"collection":[{"href":"https:\/\/lignoplan.com\/wordpress\/wp-json\/wp\/v2\/pages"}],"about":[{"href":"https:\/\/lignoplan.com\/wordpress\/wp-json\/wp\/v2\/types\/page"}],"author":[{"embeddable":true,"href":"https:\/\/lignoplan.com\/wordpress\/wp-json\/wp\/v2\/users\/2"}],"replies":[{"embeddable":true,"href":"https:\/\/lignoplan.com\/wordpress\/wp-json\/wp\/v2\/comments?post=89"}],"version-history":[{"count":7,"href":"https:\/\/lignoplan.com\/wordpress\/wp-json\/wp\/v2\/pages\/89\/revisions"}],"predecessor-version":[{"id":731,"href":"https:\/\/lignoplan.com\/wordpress\/wp-json\/wp\/v2\/pages\/89\/revisions\/731"}],"up":[{"embeddable":true,"href":"https:\/\/lignoplan.com\/wordpress\/wp-json\/wp\/v2\/pages\/41"}],"wp:attachment":[{"href":"https:\/\/lignoplan.com\/wordpress\/wp-json\/wp\/v2\/media?parent=89"}],"curies":[{"name":"wp","href":"https:\/\/api.w.org\/{rel}","templated":true}]}}