{"id":87,"date":"2015-02-18T21:48:39","date_gmt":"2015-02-18T21:48:39","guid":{"rendered":"http:\/\/lignoplan.com\/wordpress\/?page_id=87"},"modified":"2021-01-02T18:05:42","modified_gmt":"2021-01-02T17:05:42","slug":"vermieter","status":"publish","type":"page","link":"https:\/\/lignoplan.com\/wordpress\/information\/energieeinsparverordnung\/vermieter\/","title":{"rendered":"&#8230; f\u00fcr Vermieter"},"content":{"rendered":"\n<h3 class=\"wp-block-heading\">Energieeinsparverordnung f\u00fcr Vermieter<\/h3>\n\n\n\n<p>Gewerbliche oder private Vermieter von Geb\u00e4uden m\u00fcssen ebenfalls das Geb\u00e4udeenegiegesetz beachten. Es gelten f\u00fcr bestehende Geb\u00e4ude und Ver\u00e4nderungen an bestehenden Geb\u00e4uden die gleichen Anforderungen wie f\u00fcr privat genutzte Geb\u00e4ude.<\/p>\n\n\n\n<p>Auch f\u00fcr Nichtwohngeb\u00e4ude wurden Energieausweise verpflichtend eingef\u00fchrt . Bei Bau, Verkauf oder Vermietung muss dem K\u00e4ufer oder Mieter dann vom Eigent\u00fcmer ein Ausweis \u00fcber die Gesamtenergieeffizienz der Wohnung oder des Geb\u00e4udes vorgelegt werden.<\/p>\n\n\n\n<p>Angaben zu den wesentlichen Inhalten des Energieausweises sind in Immobilienanzeigen seit 01.05.2014 verpflichtend.<\/p>\n\n\n\n<p>Je nach Gegebenheit kann ein Bedarfsausweis oder ein Verbrauchsausweis erstellt werden.<\/p>\n\n\n\n<p><strong>LIGNOPLAN ber\u00e4t sie herstellerunabh\u00e4ngig bei der energetischen Sanierung und Modernisierung ihres bestehenden Geb\u00e4udes sowie bei der energetischen Planung Ihres Neubaus und erstellt alle <\/strong><strong>\u00f6ffentlich-rechtlich erforderlichen Nachweise (auch Nachweise f\u00fcr Kredit- und Zuschussprogramme) gezielt nach Ihren Bed\u00fcrfnissen oder im Rahmen einer Vor-Ort-Beratung.<\/strong><\/p>\n","protected":false},"excerpt":{"rendered":"<p>Energieeinsparverordnung f\u00fcr Vermieter Gewerbliche oder private Vermieter von Geb\u00e4uden m\u00fcssen ebenfalls das Geb\u00e4udeenegiegesetz beachten. Es gelten f\u00fcr bestehende Geb\u00e4ude und Ver\u00e4nderungen an bestehenden Geb\u00e4uden die gleichen Anforderungen wie f\u00fcr privat genutzte Geb\u00e4ude. Auch f\u00fcr Nichtwohngeb\u00e4ude wurden Energieausweise verpflichtend eingef\u00fchrt . Bei Bau, Verkauf oder Vermietung muss dem K\u00e4ufer oder Mieter dann vom Eigent\u00fcmer ein Ausweis [&hellip;]<\/p>\n","protected":false},"author":2,"featured_media":0,"parent":41,"menu_order":9,"comment_status":"closed","ping_status":"closed","template":"","meta":{"footnotes":""},"_links":{"self":[{"href":"https:\/\/lignoplan.com\/wordpress\/wp-json\/wp\/v2\/pages\/87"}],"collection":[{"href":"https:\/\/lignoplan.com\/wordpress\/wp-json\/wp\/v2\/pages"}],"about":[{"href":"https:\/\/lignoplan.com\/wordpress\/wp-json\/wp\/v2\/types\/page"}],"author":[{"embeddable":true,"href":"https:\/\/lignoplan.com\/wordpress\/wp-json\/wp\/v2\/users\/2"}],"replies":[{"embeddable":true,"href":"https:\/\/lignoplan.com\/wordpress\/wp-json\/wp\/v2\/comments?post=87"}],"version-history":[{"count":5,"href":"https:\/\/lignoplan.com\/wordpress\/wp-json\/wp\/v2\/pages\/87\/revisions"}],"predecessor-version":[{"id":730,"href":"https:\/\/lignoplan.com\/wordpress\/wp-json\/wp\/v2\/pages\/87\/revisions\/730"}],"up":[{"embeddable":true,"href":"https:\/\/lignoplan.com\/wordpress\/wp-json\/wp\/v2\/pages\/41"}],"wp:attachment":[{"href":"https:\/\/lignoplan.com\/wordpress\/wp-json\/wp\/v2\/media?parent=87"}],"curies":[{"name":"wp","href":"https:\/\/api.w.org\/{rel}","templated":true}]}}