{"id":50,"date":"2015-02-18T17:49:12","date_gmt":"2015-02-18T17:49:12","guid":{"rendered":"http:\/\/lignoplan.com\/wordpress\/?page_id=50"},"modified":"2022-02-03T21:06:58","modified_gmt":"2022-02-03T20:06:58","slug":"energiekostenrechner","status":"publish","type":"page","link":"https:\/\/lignoplan.com\/wordpress\/information\/energiekostenrechner\/","title":{"rendered":"Energiekostenrechner"},"content":{"rendered":"<h2><strong>Kosten pro kWh eingesparte Energie<\/strong><\/h2>\n<p style=\"text-align: justify;\">Um die Wirtschaftlichkeit einer energetischen Modernisierung nach betriebswirtschaftlichen Methoden beurteilen zu k\u00f6nnen, ben\u00f6tigen Sie die Kosten und die Energieeinsparung durch Ihre Investition.<\/p>\n<p style=\"text-align: justify;\"><!--more-->Weiterhin spielt der Zinssatz f\u00fcr Ihr eingesetzes Kapital und der Betrachtungszeitraum eine entscheidende Rolle. Eine M\u00f6glichkeit diese Zusammenh\u00e4nge darzustellen ist die Ermittlung der Kosten f\u00fcr die eingesparte kWh Endenergie. Dabei wird das Verh\u00e4ltnis der annuit\u00e4tischen Kosten Ihrer energetischen Modernisierungsma\u00dfnahmen zur Energieeinsparung ermittelt. Das Ergebnis k\u00f6nnen Sie mit den Kosten pro kWh Ihres Energielieferanten vergleichen. So k\u00f6nnen Sie einsch\u00e4tzen, ab welchem Energiebezugspreis Ihre Ma\u00dfnahmen rentabel sind.<\/p>\n<p style=\"text-align: justify;\"><strong>Hier geht es zum Rechner <\/strong><\/p>\n<p><a href=\"http:\/\/lignoplan.com\/php\/kwh\/kwh.php\" target=\"_blank\" rel=\"noopener\"><i class=\"fa fa-calculator fa-2x\"><\/i> Kosten pro eingesparte kWh Endenergie <\/a><\/p>\n<h2><strong>Rechenhilfe zur Ermittlung des mittleren Energiepreises<\/strong><\/h2>\n<p style=\"text-align: justify;\">Dieses Rechenhilfsmittel dient dazu, einen mittleren Energiepreis \u00fcber einen bestimmten Zeitraum zu berechnen. Der mittlere Energiepreis ist das Produkt aus dem momentanen Energiepreis und dem Mittelwertfaktor. Dieser h\u00e4ngt ab von der Steigerung der Energiekosten, dem Kalkulationszinssatz und dem betrachteten Zeitraum.<\/p>\n<p style=\"text-align: justify;\"><strong>Hier geht es zum Rechner <\/strong><\/p>\n<p><a href=\"http:\/\/lignoplan.com\/php\/kwh\/mittel.php\" target=\"_blank\" rel=\"noopener\"><i class=\"fa fa-calculator fa-2x\"><\/i> Ermittlung des mittleren Energiepreises<\/a><\/p>\n\n\n<h2 class=\"wp-block-heading\" id=\"rechenhilfe-zur-ermittlung-der-co2-kosten\"><strong>Rechenhilfe zur Ermittlung der CO2-Kosten<\/strong><\/h2>\n\n\n\n<p>Dieses Rechenhilfsmittel dient dazu, die Kosten f\u00fcr die CO2 Umlage nach dem Brennstoffemissionshandelsgesetz (BEHG) f\u00fcr den jeweiligen Heiz\u00f6l-oder Erdgasverbrauch f\u00fcr die Jahre 2021-2025  zu berechnen<\/p>\n\n\n\n<p><strong>Hier geht es zum Rechner<\/strong><\/p>\n\n\n\n<p><a href=\"http:\/\/lignoplan.com\/php\/co2\/co2.php\" target=\"_blank\" rel=\"noreferrer noopener\">  Kosten CO2 Umlage<\/a><\/p>\n","protected":false},"excerpt":{"rendered":"<p>Kosten pro kWh eingesparte Energie Um die Wirtschaftlichkeit einer energetischen Modernisierung nach betriebswirtschaftlichen Methoden beurteilen zu k\u00f6nnen, ben\u00f6tigen Sie die Kosten und die Energieeinsparung durch Ihre Investition.<\/p>\n","protected":false},"author":2,"featured_media":0,"parent":220,"menu_order":11,"comment_status":"closed","ping_status":"closed","template":"","meta":{"footnotes":""},"_links":{"self":[{"href":"https:\/\/lignoplan.com\/wordpress\/wp-json\/wp\/v2\/pages\/50"}],"collection":[{"href":"https:\/\/lignoplan.com\/wordpress\/wp-json\/wp\/v2\/pages"}],"about":[{"href":"https:\/\/lignoplan.com\/wordpress\/wp-json\/wp\/v2\/types\/page"}],"author":[{"embeddable":true,"href":"https:\/\/lignoplan.com\/wordpress\/wp-json\/wp\/v2\/users\/2"}],"replies":[{"embeddable":true,"href":"https:\/\/lignoplan.com\/wordpress\/wp-json\/wp\/v2\/comments?post=50"}],"version-history":[{"count":30,"href":"https:\/\/lignoplan.com\/wordpress\/wp-json\/wp\/v2\/pages\/50\/revisions"}],"predecessor-version":[{"id":757,"href":"https:\/\/lignoplan.com\/wordpress\/wp-json\/wp\/v2\/pages\/50\/revisions\/757"}],"up":[{"embeddable":true,"href":"https:\/\/lignoplan.com\/wordpress\/wp-json\/wp\/v2\/pages\/220"}],"wp:attachment":[{"href":"https:\/\/lignoplan.com\/wordpress\/wp-json\/wp\/v2\/media?parent=50"}],"curies":[{"name":"wp","href":"https:\/\/api.w.org\/{rel}","templated":true}]}}