{"id":41,"date":"2015-02-18T17:42:27","date_gmt":"2015-02-18T17:42:27","guid":{"rendered":"http:\/\/lignoplan.com\/wordpress\/?page_id=41"},"modified":"2021-01-02T18:08:00","modified_gmt":"2021-01-02T17:08:00","slug":"energieeinsparverordnung","status":"publish","type":"page","link":"https:\/\/lignoplan.com\/wordpress\/information\/energieeinsparverordnung\/","title":{"rendered":"Geb\u00e4ude-Energie-Gesetz"},"content":{"rendered":"\n<p>Private Wohngeb\u00e4ude<\/p>\n\n\n\n<p>Vermieter<\/p>\n\n\n\n<p>\u00d6ffentliche und Nicht-Wohngeb\u00e4ude<\/p>\n\n\n\n<p>Industrie und Gewerbe<\/p>\n","protected":false},"excerpt":{"rendered":"<p>Private Wohngeb\u00e4ude Vermieter \u00d6ffentliche und Nicht-Wohngeb\u00e4ude Industrie und Gewerbe<\/p>\n","protected":false},"author":2,"featured_media":0,"parent":220,"menu_order":5,"comment_status":"closed","ping_status":"closed","template":"","meta":{"footnotes":""},"_links":{"self":[{"href":"https:\/\/lignoplan.com\/wordpress\/wp-json\/wp\/v2\/pages\/41"}],"collection":[{"href":"https:\/\/lignoplan.com\/wordpress\/wp-json\/wp\/v2\/pages"}],"about":[{"href":"https:\/\/lignoplan.com\/wordpress\/wp-json\/wp\/v2\/types\/page"}],"author":[{"embeddable":true,"href":"https:\/\/lignoplan.com\/wordpress\/wp-json\/wp\/v2\/users\/2"}],"replies":[{"embeddable":true,"href":"https:\/\/lignoplan.com\/wordpress\/wp-json\/wp\/v2\/comments?post=41"}],"version-history":[{"count":2,"href":"https:\/\/lignoplan.com\/wordpress\/wp-json\/wp\/v2\/pages\/41\/revisions"}],"predecessor-version":[{"id":732,"href":"https:\/\/lignoplan.com\/wordpress\/wp-json\/wp\/v2\/pages\/41\/revisions\/732"}],"up":[{"embeddable":true,"href":"https:\/\/lignoplan.com\/wordpress\/wp-json\/wp\/v2\/pages\/220"}],"wp:attachment":[{"href":"https:\/\/lignoplan.com\/wordpress\/wp-json\/wp\/v2\/media?parent=41"}],"curies":[{"name":"wp","href":"https:\/\/api.w.org\/{rel}","templated":true}]}}