{"id":26,"date":"2015-02-18T17:03:09","date_gmt":"2015-02-18T17:03:09","guid":{"rendered":"http:\/\/lignoplan.com\/wordpress\/?page_id=26"},"modified":"2020-04-17T20:15:05","modified_gmt":"2020-04-17T19:15:05","slug":"kontakt","status":"publish","type":"page","link":"https:\/\/lignoplan.com\/wordpress\/kontakt\/","title":{"rendered":"Kontakt"},"content":{"rendered":"<p><iframe loading=\"lazy\" style=\"border: 1px solid black;\" src=\"https:\/\/www.openstreetmap.org\/export\/embed.html?bbox=9.176802635192873%2C49.9949811043258%2C9.212636947631838%2C50.00684262342671&amp;layer=mapnik&amp;marker=50.00091222969715%2C9.194719791412354\" width=\"425\" height=\"350\" frameborder=\"0\" marginwidth=\"0\" marginheight=\"0\" scrolling=\"no\"><span style=\"display: inline-block; width: 0px; overflow: hidden; line-height: 0;\" data-mce-type=\"bookmark\" class=\"mce_SELRES_start\">\ufeff<\/span><\/iframe><br \/>\n<small><a href=\"https:\/\/www.openstreetmap.org\/?mlat=50.0009&amp;mlon=9.1947#map=16\/50.0009\/9.1947\">Gr\u00f6\u00dfere Karte anzeigen<\/a><\/small><br \/>\n<strong>LIGNOPLAN<\/strong><br \/>\n<strong>Ingenieurb\u00fcro f\u00fcr Innenausbau + energieeffiziente Geb\u00e4udetechnik<\/strong><br \/>\nHans-Peter Schmitt<br \/>\nHauptstra\u00dfe 5<br \/>\n63768 H\u00f6sbach<br \/>\nDeutschland<\/p>\n<p>Tel: 06021 540116<\/p>\n<p><strong>email-Kontakt:<\/strong><\/p>\n<p>[contact-form-7 id=&#8220;707&#8243; title=&#8220;Kontaktformular 1&#8243;]<\/p>\n","protected":false},"excerpt":{"rendered":"<p>\ufeff Gr\u00f6\u00dfere Karte anzeigen LIGNOPLAN Ingenieurb\u00fcro f\u00fcr Innenausbau + energieeffiziente Geb\u00e4udetechnik Hans-Peter Schmitt Hauptstra\u00dfe 5 63768 H\u00f6sbach Deutschland Tel: 06021 540116 email-Kontakt: [contact-form-7 id=&#8220;707&#8243; title=&#8220;Kontaktformular 1&#8243;]<\/p>\n","protected":false},"author":2,"featured_media":34,"parent":0,"menu_order":14,"comment_status":"closed","ping_status":"closed","template":"","meta":{"footnotes":""},"_links":{"self":[{"href":"https:\/\/lignoplan.com\/wordpress\/wp-json\/wp\/v2\/pages\/26"}],"collection":[{"href":"https:\/\/lignoplan.com\/wordpress\/wp-json\/wp\/v2\/pages"}],"about":[{"href":"https:\/\/lignoplan.com\/wordpress\/wp-json\/wp\/v2\/types\/page"}],"author":[{"embeddable":true,"href":"https:\/\/lignoplan.com\/wordpress\/wp-json\/wp\/v2\/users\/2"}],"replies":[{"embeddable":true,"href":"https:\/\/lignoplan.com\/wordpress\/wp-json\/wp\/v2\/comments?post=26"}],"version-history":[{"count":15,"href":"https:\/\/lignoplan.com\/wordpress\/wp-json\/wp\/v2\/pages\/26\/revisions"}],"predecessor-version":[{"id":712,"href":"https:\/\/lignoplan.com\/wordpress\/wp-json\/wp\/v2\/pages\/26\/revisions\/712"}],"wp:featuredmedia":[{"embeddable":true,"href":"https:\/\/lignoplan.com\/wordpress\/wp-json\/wp\/v2\/media\/34"}],"wp:attachment":[{"href":"https:\/\/lignoplan.com\/wordpress\/wp-json\/wp\/v2\/media?parent=26"}],"curies":[{"name":"wp","href":"https:\/\/api.w.org\/{rel}","templated":true}]}}