{"id":223,"date":"2015-02-25T09:13:12","date_gmt":"2015-02-25T08:13:12","guid":{"rendered":"http:\/\/lignoplan.com\/wordpress\/?page_id=223"},"modified":"2020-04-18T19:40:35","modified_gmt":"2020-04-18T18:40:35","slug":"stecker-solargeraete","status":"publish","type":"page","link":"https:\/\/lignoplan.com\/wordpress\/information\/stecker-solargeraete\/","title":{"rendered":"Stecker-Solarger\u00e4te"},"content":{"rendered":"<p><strong>2 PV Module \u00e1 195 Wp und Modulwechselrichter mit ENS<\/strong><\/p>\n<p><a href=\"https:\/\/lignoplan.com\/wordpress\/wp-content\/uploads\/2015\/03\/solaranlage-006.jpg\"><img loading=\"lazy\" decoding=\"async\" class=\"alignnone size-medium wp-image-278\" src=\"https:\/\/lignoplan.com\/wordpress\/wp-content\/uploads\/2015\/03\/solaranlage-006-300x225.jpg\" alt=\"solaranlage 006\" width=\"300\" height=\"225\" srcset=\"https:\/\/lignoplan.com\/wordpress\/wp-content\/uploads\/2015\/03\/solaranlage-006-300x225.jpg 300w, https:\/\/lignoplan.com\/wordpress\/wp-content\/uploads\/2015\/03\/solaranlage-006-1024x769.jpg 1024w\" sizes=\"(max-width: 300px) 100vw, 300px\" \/><\/a><\/p>\n<p>So lassen sich mit einer Investition von weniger als 1000\u20ac in jedem Haushalt ca. 15% des j\u00e4hrlichen Strombedarfs erneuerbar decken, ohne weitere \u00f6ffentliche Infrastrukturkosten. Voraussetzung ist eine unverschattete Aufstell- oder Befestigungsm\u00f6glichkeit und eine Steckdose bzw. ein Anschluss an eine Elektroverteilung.<br \/>\n<a href=\"https:\/\/lignoplan.com\/wordpress\/wp-content\/uploads\/2015\/02\/Bezug-Ertrag-20141.jpg\"><img decoding=\"async\" class=\"alignnone size-medium wp-image-225\" src=\"https:\/\/lignoplan.com\/wordpress\/wp-content\/uploads\/2016\/06\/MPV-05_2013-06_2016.png\" \/><\/a><br \/>\nDie Einsparungen w\u00e4hrend der Sommermonate im Netzstrombezug werden im Verbrauchsdiagramm deutlich sichtbar.<\/p>\n<h3><a href=\"http:\/\/www.pvplug.de\" target=\"_blank\" rel=\"noopener noreferrer\">Infoportal der DGS zu Stecker-Solaranlagen<\/a><\/h3>\n","protected":false},"excerpt":{"rendered":"<p>2 PV Module \u00e1 195 Wp und Modulwechselrichter mit ENS So lassen sich mit einer Investition von weniger als 1000\u20ac in jedem Haushalt ca. 15% des j\u00e4hrlichen Strombedarfs erneuerbar decken, ohne weitere \u00f6ffentliche Infrastrukturkosten. Voraussetzung ist eine unverschattete Aufstell- oder Befestigungsm\u00f6glichkeit und eine Steckdose bzw. ein Anschluss an eine Elektroverteilung. Die Einsparungen w\u00e4hrend der Sommermonate [&hellip;]<\/p>\n","protected":false},"author":3,"featured_media":0,"parent":220,"menu_order":0,"comment_status":"closed","ping_status":"closed","template":"","meta":{"footnotes":""},"_links":{"self":[{"href":"https:\/\/lignoplan.com\/wordpress\/wp-json\/wp\/v2\/pages\/223"}],"collection":[{"href":"https:\/\/lignoplan.com\/wordpress\/wp-json\/wp\/v2\/pages"}],"about":[{"href":"https:\/\/lignoplan.com\/wordpress\/wp-json\/wp\/v2\/types\/page"}],"author":[{"embeddable":true,"href":"https:\/\/lignoplan.com\/wordpress\/wp-json\/wp\/v2\/users\/3"}],"replies":[{"embeddable":true,"href":"https:\/\/lignoplan.com\/wordpress\/wp-json\/wp\/v2\/comments?post=223"}],"version-history":[{"count":26,"href":"https:\/\/lignoplan.com\/wordpress\/wp-json\/wp\/v2\/pages\/223\/revisions"}],"predecessor-version":[{"id":720,"href":"https:\/\/lignoplan.com\/wordpress\/wp-json\/wp\/v2\/pages\/223\/revisions\/720"}],"up":[{"embeddable":true,"href":"https:\/\/lignoplan.com\/wordpress\/wp-json\/wp\/v2\/pages\/220"}],"wp:attachment":[{"href":"https:\/\/lignoplan.com\/wordpress\/wp-json\/wp\/v2\/media?parent=223"}],"curies":[{"name":"wp","href":"https:\/\/api.w.org\/{rel}","templated":true}]}}