{"id":20,"date":"2015-02-18T21:10:13","date_gmt":"2015-02-18T21:10:13","guid":{"rendered":"http:\/\/lignoplan.com\/wordpress\/?page_id=20"},"modified":"2015-02-24T21:33:06","modified_gmt":"2015-02-24T21:33:06","slug":"impressum","status":"publish","type":"page","link":"https:\/\/lignoplan.com\/wordpress\/impressum\/","title":{"rendered":"Impressum"},"content":{"rendered":"<p style=\"text-align: left;\"><strong>LIGNOPLAN &#8211; Ingenieurb\u00fcro f\u00fcr Innenausbau + energieeffiziente Geb\u00e4udetechnik<br \/>\n<\/strong>Hans-Peter Schmitt<br \/>\nHauptstra\u00dfe 5<br \/>\n63768 H\u00f6sbach<br \/>\nDeutschland<\/p>\n<p style=\"text-align: justify;\">Tel.: 06021\/540116<br \/>\nFax: 06021\/540149<br \/>\nE-Mail: info@lignoplan.de<\/p>\n<hr \/>\n<p style=\"text-align: left;\">LIGNOPLAN ist seit 1992 als Wort-\/Bildmarke unter der Nr. 2051099 beim Deutschen Patent- und Markenamt registriert.<\/p>\n<p style=\"text-align: left;\">Inhaltlich Verantwortlicher gem\u00e4\u00df \u00a7 10 Absatz 3 MDStV: Hans-Peter Schmitt.<\/p>\n<p style=\"text-align: left;\">Umsatzsteuer-Identifikationsnummer gem\u00e4\u00df \u00a727a Umsatzsteuergesetz: DE 152614301.<\/p>\n<hr \/>\n<p style=\"text-align: left;\"><strong>Haftungshinweis:<\/strong> Trotz sorgf\u00e4ltiger Kontrolle \u00fcbernehmen wir keine Haftung f\u00fcr die Inhalte externer Links. F\u00fcr den Inhalt gelinkter Seiten sind ausschlie\u00dflich deren Betreiber verantwortlich.<\/p>\n","protected":false},"excerpt":{"rendered":"<p>LIGNOPLAN &#8211; Ingenieurb\u00fcro f\u00fcr Innenausbau + energieeffiziente Geb\u00e4udetechnik Hans-Peter Schmitt Hauptstra\u00dfe 5 63768 H\u00f6sbach Deutschland Tel.: 06021\/540116 Fax: 06021\/540149 E-Mail: info@lignoplan.de LIGNOPLAN ist seit 1992 als Wort-\/Bildmarke unter der Nr. 2051099 beim Deutschen Patent- und Markenamt registriert. Inhaltlich Verantwortlicher gem\u00e4\u00df \u00a7 10 Absatz 3 MDStV: Hans-Peter Schmitt. Umsatzsteuer-Identifikationsnummer gem\u00e4\u00df \u00a727a Umsatzsteuergesetz: DE 152614301. Haftungshinweis: Trotz [&hellip;]<\/p>\n","protected":false},"author":2,"featured_media":0,"parent":0,"menu_order":13,"comment_status":"closed","ping_status":"closed","template":"","meta":{"footnotes":""},"_links":{"self":[{"href":"https:\/\/lignoplan.com\/wordpress\/wp-json\/wp\/v2\/pages\/20"}],"collection":[{"href":"https:\/\/lignoplan.com\/wordpress\/wp-json\/wp\/v2\/pages"}],"about":[{"href":"https:\/\/lignoplan.com\/wordpress\/wp-json\/wp\/v2\/types\/page"}],"author":[{"embeddable":true,"href":"https:\/\/lignoplan.com\/wordpress\/wp-json\/wp\/v2\/users\/2"}],"replies":[{"embeddable":true,"href":"https:\/\/lignoplan.com\/wordpress\/wp-json\/wp\/v2\/comments?post=20"}],"version-history":[{"count":10,"href":"https:\/\/lignoplan.com\/wordpress\/wp-json\/wp\/v2\/pages\/20\/revisions"}],"predecessor-version":[{"id":69,"href":"https:\/\/lignoplan.com\/wordpress\/wp-json\/wp\/v2\/pages\/20\/revisions\/69"}],"wp:attachment":[{"href":"https:\/\/lignoplan.com\/wordpress\/wp-json\/wp\/v2\/media?parent=20"}],"curies":[{"name":"wp","href":"https:\/\/api.w.org\/{rel}","templated":true}]}}