{"id":15,"date":"2015-02-18T21:18:33","date_gmt":"2015-02-18T21:18:33","guid":{"rendered":"http:\/\/lignoplan.com\/wordpress\/?page_id=15"},"modified":"2021-01-02T18:21:30","modified_gmt":"2021-01-02T17:21:30","slug":"llgnoplan","status":"publish","type":"page","link":"https:\/\/lignoplan.com\/wordpress\/llgnoplan\/","title":{"rendered":"LlGNOPLAN"},"content":{"rendered":"<p style=\"text-align: justify;\">Unter dem Markenzeichen LIGNOPLAN biete ich Dienstleistungen f\u00fcr die Innnenausbaubranche an. Ich verf\u00fcge \u00fcber 25 Jahre Erfahrung in der Konstruktion, Entwicklung und Projektierung von Boden-, Wand- und Deckenausbausystemen und in der individuellen Holzverarbeitung. Ich verstehe mich als Partner f\u00fcr moderne Firmen mit kostenbewusstem Management, f\u00fcr die Outsourcing kein Fremdwort ist. Zur Erg\u00e4nzung Ihrer eigenen Kapazit\u00e4t und zur Abdeckung Ihrer Auftragsspitzen biete ich Ihnen Dienstleistungen in diesen Bereichen an:<\/p>\n<p><i class=\"fa fa-arrow-circle-right\" style=\"color: #2645b0;\"><\/i> Ausarbeitung von Ausbaukonzepten<br \/>\n<i class=\"fa fa-arrow-circle-right\" style=\"color: #2645b0;\"><\/i> Konstruktion und Produktentwicklung<br \/>\n<i class=\"fa fa-arrow-circle-right\" style=\"color: #2645b0;\"><\/i> CAD Werkplanung<br \/>\n<i class=\"fa fa-arrow-circle-right\" style=\"color: #2645b0;\"><\/i> Fachplanung f\u00fcr versetzbare Schrank-und Trennw\u00e4nde<br \/>\n<i class=\"fa fa-arrow-circle-right\" style=\"color: #2645b0;\"><\/i> Fachplanung f\u00fcr abgeh\u00e4ngte Decken, Heiz- und K\u00fchldecken<br \/>\n<i class=\"fa fa-arrow-circle-right\" style=\"color: #2645b0;\"><\/i> Photorealistische Darstellungen<br \/>\n<i class=\"fa fa-arrow-circle-right\" style=\"color: #2645b0;\"><\/i> Produktberatung<\/p>\n<p style=\"text-align: justify;\">Die langj\u00e4hrige Praxis in der Innenausbaubranche und in der Geb\u00e4udemodernisierung setze ich auf dem Sektor der energetischen Geb\u00e4udesanierung fort. In diesem Bereich bietet LIGNOPLAN:<\/p>\n<p><i class=\"fa fa-arrow-circle-right\" style=\"color: #3b96af;\"><\/i> Energie-Ausweise<br \/>\n<i class=\"fa fa-arrow-circle-right\" style=\"color: #3b96af;\"><\/i> Energieberatung f\u00fcr die Verbraucherzentrale<br \/>\n<i class=\"fa fa-arrow-circle-right\" style=\"color: #3b96af;\"><\/i> Vor-Ort-Energieberatung<br \/>\n<i class=\"fa fa-arrow-circle-right\" style=\"color: #3b96af;\"><\/i> Baubegleitung bei energetischen Modernisierungen<br \/>\n<i class=\"fa fa-arrow-circle-right\" style=\"color: #3b96af;\"><\/i> Energiebilanzen und Energieausweise f\u00fcr Wohn- und Nichtwohngeb\u00e4ude<br \/>\n<i class=\"fa fa-arrow-circle-right\" style=\"color: #3b96af;\"><\/i> W\u00e4rmebr\u00fcckennachweise<br \/>\n<i class=\"fa fa-arrow-circle-right\" style=\"color: #3b96af;\"><\/i> Berechnungen zum hydraulischen Abgleich<br \/>\n<i class=\"fa fa-arrow-circle-right\" style=\"color: #3b96af;\"><\/i> Heizlastberechnungen<br \/>\n<i class=\"fa fa-arrow-circle-right\" style=\"color: #3b96af;\"><\/i> L\u00fcftungskonzepte und Nachweise<br \/>\n<i class=\"fa fa-arrow-circle-right\" style=\"color: #3b96af;\"><\/i> Anlagenkonzepte f\u00fcr erneuerbare Energien<br \/>\n<i class=\"fa fa-arrow-circle-right\" style=\"color: #3b96af;\"><\/i> Simulation von Solarthermieanlagen<br \/>\n<i class=\"fa fa-arrow-circle-right\" style=\"color: #3b96af;\"><\/i> Energieverbrauchsanalysen<br \/>\n<i class=\"fa fa-arrow-circle-right\" style=\"color: #3b96af;\"><\/i> Sanierungskonzepte zur Verbesserung des W\u00e4rmeschutzes<br \/>\n<i class=\"fa fa-arrow-circle-right\" style=\"color: #3b96af;\"><\/i> Wirtschaftlichkeitsberechnungen<br \/>\n<i class=\"fa fa-arrow-circle-right\" style=\"color: #3b96af;\"><\/i> Beratung zu F\u00f6rderprogrammen f\u00fcr Energieeffizienz und erneuerbare Energie<\/p>\n<p><strong>Testen Sie die Leistungsf\u00e4higkeit und Flexibilit\u00e4t von LIGNOPLAN!<\/strong><\/p>\n","protected":false},"excerpt":{"rendered":"<p>Unter dem Markenzeichen LIGNOPLAN biete ich Dienstleistungen f\u00fcr die Innnenausbaubranche an. Ich verf\u00fcge \u00fcber 25 Jahre Erfahrung in der Konstruktion, Entwicklung und Projektierung von Boden-, Wand- und Deckenausbausystemen und in der individuellen Holzverarbeitung. Ich verstehe mich als Partner f\u00fcr moderne Firmen mit kostenbewusstem Management, f\u00fcr die Outsourcing kein Fremdwort ist. Zur Erg\u00e4nzung Ihrer eigenen Kapazit\u00e4t [&hellip;]<\/p>\n","protected":false},"author":2,"featured_media":0,"parent":0,"menu_order":2,"comment_status":"closed","ping_status":"closed","template":"","meta":{"footnotes":""},"_links":{"self":[{"href":"https:\/\/lignoplan.com\/wordpress\/wp-json\/wp\/v2\/pages\/15"}],"collection":[{"href":"https:\/\/lignoplan.com\/wordpress\/wp-json\/wp\/v2\/pages"}],"about":[{"href":"https:\/\/lignoplan.com\/wordpress\/wp-json\/wp\/v2\/types\/page"}],"author":[{"embeddable":true,"href":"https:\/\/lignoplan.com\/wordpress\/wp-json\/wp\/v2\/users\/2"}],"replies":[{"embeddable":true,"href":"https:\/\/lignoplan.com\/wordpress\/wp-json\/wp\/v2\/comments?post=15"}],"version-history":[{"count":65,"href":"https:\/\/lignoplan.com\/wordpress\/wp-json\/wp\/v2\/pages\/15\/revisions"}],"predecessor-version":[{"id":736,"href":"https:\/\/lignoplan.com\/wordpress\/wp-json\/wp\/v2\/pages\/15\/revisions\/736"}],"wp:attachment":[{"href":"https:\/\/lignoplan.com\/wordpress\/wp-json\/wp\/v2\/media?parent=15"}],"curies":[{"name":"wp","href":"https:\/\/api.w.org\/{rel}","templated":true}]}}