{"id":131,"date":"2015-02-24T21:05:30","date_gmt":"2015-02-24T21:05:30","guid":{"rendered":"http:\/\/lignoplan.com\/wordpress\/?page_id=131"},"modified":"2015-04-18T19:40:57","modified_gmt":"2015-04-18T19:40:57","slug":"ausbausysteme","status":"publish","type":"page","link":"https:\/\/lignoplan.com\/wordpress\/leistungen\/ausbausysteme\/","title":{"rendered":"Ausbausysteme"},"content":{"rendered":"<div id=\"metaslider-id-384\" style=\"max-width: 700px;\" class=\"ml-slider-3-70-2 metaslider metaslider-nivo metaslider-384 ml-slider ms-theme-nivo-bar has-dots-nav\" role=\"region\" aria-roledescription=\"Slideshow\" aria-label=\"Ausbau\">\n    <div id=\"metaslider_container_384\">\n        <div class='slider-wrapper theme-default'><div class='ribbon'><\/div><div id='metaslider_384' class='nivoSlider'><img loading=\"lazy\" decoding=\"async\" width=\"1058\" height=\"595\" src=\"https:\/\/lignoplan.com\/wordpress\/wp-content\/uploads\/2015\/04\/D1.png\" class=\"slider-384 slide-385\" alt=\"\" data-caption=\"Rasterdecken\" data-thumb=\"\" title=\"\" rel=\"\" srcset=\"https:\/\/lignoplan.com\/wordpress\/wp-content\/uploads\/2015\/04\/D1.png 1058w, https:\/\/lignoplan.com\/wordpress\/wp-content\/uploads\/2015\/04\/D1-300x169.png 300w, https:\/\/lignoplan.com\/wordpress\/wp-content\/uploads\/2015\/04\/D1-1024x576.png 1024w\" sizes=\"(max-width: 1058px) 100vw, 1058px\" \/><img loading=\"lazy\" decoding=\"async\" width=\"1006\" height=\"566\" src=\"https:\/\/lignoplan.com\/wordpress\/wp-content\/uploads\/2015\/04\/d2.png\" class=\"slider-384 slide-386\" alt=\"\" data-caption=\"Detailschnitte\" data-thumb=\"\" title=\"\" rel=\"\" srcset=\"https:\/\/lignoplan.com\/wordpress\/wp-content\/uploads\/2015\/04\/d2.png 1006w, https:\/\/lignoplan.com\/wordpress\/wp-content\/uploads\/2015\/04\/d2-300x169.png 300w\" sizes=\"(max-width: 1006px) 100vw, 1006px\" \/><img loading=\"lazy\" decoding=\"async\" width=\"1376\" height=\"774\" src=\"https:\/\/lignoplan.com\/wordpress\/wp-content\/uploads\/2015\/04\/d3.png\" class=\"slider-384 slide-387\" alt=\"\" data-caption=\"K&uuml;hldecken\" data-thumb=\"\" title=\"\" rel=\"\" srcset=\"https:\/\/lignoplan.com\/wordpress\/wp-content\/uploads\/2015\/04\/d3.png 1376w, https:\/\/lignoplan.com\/wordpress\/wp-content\/uploads\/2015\/04\/d3-300x169.png 300w, https:\/\/lignoplan.com\/wordpress\/wp-content\/uploads\/2015\/04\/d3-1024x576.png 1024w\" sizes=\"(max-width: 1376px) 100vw, 1376px\" \/><img loading=\"lazy\" decoding=\"async\" width=\"1219\" height=\"686\" src=\"https:\/\/lignoplan.com\/wordpress\/wp-content\/uploads\/2015\/04\/d4.png\" class=\"slider-384 slide-388\" alt=\"\" data-caption=\"Holzdecken\" data-thumb=\"\" title=\"\" rel=\"\" srcset=\"https:\/\/lignoplan.com\/wordpress\/wp-content\/uploads\/2015\/04\/d4.png 1219w, https:\/\/lignoplan.com\/wordpress\/wp-content\/uploads\/2015\/04\/d4-300x169.png 300w, https:\/\/lignoplan.com\/wordpress\/wp-content\/uploads\/2015\/04\/d4-1024x576.png 1024w\" sizes=\"(max-width: 1219px) 100vw, 1219px\" \/><img loading=\"lazy\" decoding=\"async\" width=\"1089\" height=\"613\" src=\"https:\/\/lignoplan.com\/wordpress\/wp-content\/uploads\/2015\/04\/d5.png\" class=\"slider-384 slide-389\" alt=\"\" data-caption=\"Deckeneinbauten\" data-thumb=\"\" title=\"\" rel=\"\" srcset=\"https:\/\/lignoplan.com\/wordpress\/wp-content\/uploads\/2015\/04\/d5.png 1089w, https:\/\/lignoplan.com\/wordpress\/wp-content\/uploads\/2015\/04\/d5-300x169.png 300w, https:\/\/lignoplan.com\/wordpress\/wp-content\/uploads\/2015\/04\/d5-1024x576.png 1024w\" sizes=\"(max-width: 1089px) 100vw, 1089px\" \/><img loading=\"lazy\" decoding=\"async\" width=\"1536\" height=\"864\" src=\"https:\/\/lignoplan.com\/wordpress\/wp-content\/uploads\/2015\/04\/d6.png\" class=\"slider-384 slide-390\" alt=\"\" data-caption=\"Sonderdecken\" data-thumb=\"\" title=\"\" rel=\"\" srcset=\"https:\/\/lignoplan.com\/wordpress\/wp-content\/uploads\/2015\/04\/d6.png 1536w, https:\/\/lignoplan.com\/wordpress\/wp-content\/uploads\/2015\/04\/d6-300x169.png 300w, https:\/\/lignoplan.com\/wordpress\/wp-content\/uploads\/2015\/04\/d6-1024x576.png 1024w\" sizes=\"(max-width: 1536px) 100vw, 1536px\" \/><img loading=\"lazy\" decoding=\"async\" width=\"777\" height=\"437\" src=\"https:\/\/lignoplan.com\/wordpress\/wp-content\/uploads\/2015\/04\/d7.png\" class=\"slider-384 slide-391\" alt=\"\" data-caption=\"Beschichtungsaufbau\" data-thumb=\"\" title=\"\" rel=\"\" srcset=\"https:\/\/lignoplan.com\/wordpress\/wp-content\/uploads\/2015\/04\/d7.png 777w, https:\/\/lignoplan.com\/wordpress\/wp-content\/uploads\/2015\/04\/d7-300x169.png 300w\" sizes=\"(max-width: 777px) 100vw, 777px\" \/><img loading=\"lazy\" decoding=\"async\" width=\"902\" height=\"507\" src=\"https:\/\/lignoplan.com\/wordpress\/wp-content\/uploads\/2015\/04\/d8.png\" class=\"slider-384 slide-392\" alt=\"\" data-caption=\"Beschichtungsaufbau\" data-thumb=\"\" title=\"\" rel=\"\" srcset=\"https:\/\/lignoplan.com\/wordpress\/wp-content\/uploads\/2015\/04\/d8.png 902w, https:\/\/lignoplan.com\/wordpress\/wp-content\/uploads\/2015\/04\/d8-300x169.png 300w\" sizes=\"(max-width: 902px) 100vw, 902px\" \/><img loading=\"lazy\" decoding=\"async\" width=\"1100\" height=\"619\" src=\"https:\/\/lignoplan.com\/wordpress\/wp-content\/uploads\/2015\/04\/d9.png\" class=\"slider-384 slide-393\" alt=\"\" data-caption=\"Beschichtungsaufbau\" data-thumb=\"\" title=\"\" rel=\"\" srcset=\"https:\/\/lignoplan.com\/wordpress\/wp-content\/uploads\/2015\/04\/d9.png 1100w, https:\/\/lignoplan.com\/wordpress\/wp-content\/uploads\/2015\/04\/d9-300x169.png 300w, https:\/\/lignoplan.com\/wordpress\/wp-content\/uploads\/2015\/04\/d9-1024x576.png 1024w\" sizes=\"(max-width: 1100px) 100vw, 1100px\" \/><\/div><\/div>\n        \n    <\/div>\n<\/div>\n<h3>Systemdecken &#8211; Schrank- und Trennw\u00e4nde &#8211; Bodensysteme<\/h3>\n<ul>\n<li>Details<\/li>\n<li>St\u00fccklisten<\/li>\n<li>Konstruktion<\/li>\n<li>Ausf\u00fchrungspl\u00e4ne<\/li>\n<li>Positionspl\u00e4ne<\/li>\n<li>Dokumentation<\/li>\n<\/ul>\n<p>&nbsp;<\/p>\n","protected":false},"excerpt":{"rendered":"<p>Systemdecken &#8211; Schrank- und Trennw\u00e4nde &#8211; Bodensysteme Details St\u00fccklisten Konstruktion Ausf\u00fchrungspl\u00e4ne Positionspl\u00e4ne Dokumentation &nbsp;<\/p>\n","protected":false},"author":2,"featured_media":0,"parent":28,"menu_order":0,"comment_status":"closed","ping_status":"closed","template":"","meta":{"footnotes":""},"_links":{"self":[{"href":"https:\/\/lignoplan.com\/wordpress\/wp-json\/wp\/v2\/pages\/131"}],"collection":[{"href":"https:\/\/lignoplan.com\/wordpress\/wp-json\/wp\/v2\/pages"}],"about":[{"href":"https:\/\/lignoplan.com\/wordpress\/wp-json\/wp\/v2\/types\/page"}],"author":[{"embeddable":true,"href":"https:\/\/lignoplan.com\/wordpress\/wp-json\/wp\/v2\/users\/2"}],"replies":[{"embeddable":true,"href":"https:\/\/lignoplan.com\/wordpress\/wp-json\/wp\/v2\/comments?post=131"}],"version-history":[{"count":13,"href":"https:\/\/lignoplan.com\/wordpress\/wp-json\/wp\/v2\/pages\/131\/revisions"}],"predecessor-version":[{"id":395,"href":"https:\/\/lignoplan.com\/wordpress\/wp-json\/wp\/v2\/pages\/131\/revisions\/395"}],"up":[{"embeddable":true,"href":"https:\/\/lignoplan.com\/wordpress\/wp-json\/wp\/v2\/pages\/28"}],"wp:attachment":[{"href":"https:\/\/lignoplan.com\/wordpress\/wp-json\/wp\/v2\/media?parent=131"}],"curies":[{"name":"wp","href":"https:\/\/api.w.org\/{rel}","templated":true}]}}